{"id":10006,"date":"2025-11-06T10:45:54","date_gmt":"2025-11-06T07:45:54","guid":{"rendered":"https:\/\/solaroutlet.lt\/?post_type=product&#038;p=10006"},"modified":"2026-04-17T15:17:50","modified_gmt":"2026-04-17T12:17:50","slug":"gcl-450w-bifacial-saules-moduliai-stiklas-stiklas-nt12r48-gdf","status":"publish","type":"product","link":"https:\/\/solaroutlet.lt\/en\/produktas\/gcl-450w-bifacial-saules-moduliai-stiklas-stiklas-nt12r48-gdf\/","title":{"rendered":"GCL 450W Bifacial saul\u0117s moduliai, stiklas\/stiklas, NT12R48\/GDF"},"content":{"rendered":"<h3 data-start=\"178\" data-end=\"246\"><strong data-start=\"182\" data-end=\"246\">GCL 450W Bifacial stiklas\/stiklas saul\u0117s modulis NT12R48\/GDF<\/strong><\/h3>\n<hr data-start=\"684\" data-end=\"687\" \/>\n<h4 data-start=\"689\" data-end=\"721\"><strong data-start=\"694\" data-end=\"721\">Pagrindiniai privalumai<\/strong><\/h4>\n<p data-start=\"723\" data-end=\"1218\"><strong data-start=\"723\" data-end=\"788\">1. Dviej\u0173 pusi\u0173 stiklas \u2013 ilgaam\u017ei\u0161kumas ir patikimumas<\/strong><br data-start=\"788\" data-end=\"791\" \/>Modulis pagamintas naudojant <strong data-start=\"820\" data-end=\"839\">stiklas\/stiklas<\/strong> strukt\u016br\u0105, kurioje abu pavir\u0161iai \u2013 priekinis ir galinis \u2013 yra apsaugoti gr\u016bdintu, auk\u0161tos skaidrumo stiklu. \u017denkliai padidina atsparum\u0105 dr\u0117gmei, UV spinduliams, korozijai ir mechaniniams pa\u017eeidimams. Ji taip pat suma\u017eina mikro\u012ftr\u016bkim\u0173 rizik\u0105, u\u017etikrina ma\u017eesn\u012f degradacijos lyg\u012f ir leid\u017eia moduliui i\u0161laikyti auk\u0161t\u0105 na\u0161um\u0105 net po daugelio met\u0173 eksploatacijos.<\/p>\n<p data-start=\"1220\" data-end=\"1594\"><strong data-start=\"1220\" data-end=\"1277\">2. Didesnis energijos derlius \u2013 bifacial technologija<\/strong><br data-start=\"1277\" data-end=\"1280\" \/>Galin\u0117 modulio pus\u0117 taip pat generuoja elektros energij\u0105, panaudodama atspind\u0117t\u0105 \u0161vies\u0105 nuo \u017eem\u0117s, sniego ar \u0161viesi\u0173 pavir\u0161i\u0173.\u00a0 Priklausomai nuo aplinkos s\u0105lyg\u0173, energijos prieaugis gali siekti 5\u201325 %.<\/p>\n<p data-start=\"1596\" data-end=\"1947\"><strong data-start=\"1596\" data-end=\"1644\">3. Auk\u0161tas efektyvumas ir ma\u017eesni nuostoliai<\/strong><br data-start=\"1644\" data-end=\"1647\" \/>GCL 450W modulis pasi\u017eymi auk\u0161tu <strong data-start=\"1680\" data-end=\"1713\">modulio efektyvumu iki 22,52 %<\/strong>, o naudojami <strong data-start=\"1727\" data-end=\"1744\">PERC Half-Cut<\/strong> elementai leid\u017eia efektyviau dirbti net ir esant daliniam \u0161e\u0161\u0117liui. Ma\u017eesn\u0117s srov\u0117s per pus\u0119 padalintuose elementuose ma\u017eina energijos nuostolius d\u0117l \u0161iluminio poveikio bei pagerina modulio stabilum\u0105.<\/p>\n<p data-start=\"1949\" data-end=\"2316\"><strong data-start=\"1949\" data-end=\"1993\">4. Atsparumas ekstremalioms oro s\u0105lygoms<\/strong><br data-start=\"1993\" data-end=\"1996\" \/>Moduliai i\u0161laiko grie\u017etus <strong data-start=\"2022\" data-end=\"2048\">IEC 61215 ir IEC 61730<\/strong> sertifikavimo testus. Jie atlaiko <strong data-start=\"2083\" data-end=\"2111\">v\u0117jo apkrov\u0105 iki 2400 Pa<\/strong> ir <strong data-start=\"2115\" data-end=\"2145\">sniego apkrov\u0105 iki 5400 Pa<\/strong>, tod\u0117l yra tinkami naudoti tiek kar\u0161tuose, tiek \u0161altuose klimatuose.<\/p>\n<p data-start=\"2318\" data-end=\"2455\"><strong data-start=\"2318\" data-end=\"2361\">5. Ilga garantija ir patikimas veikimas<\/strong><br data-start=\"2361\" data-end=\"2364\" \/>Gamintojas <strong data-start=\"2375\" data-end=\"2401\">GCL System Integration<\/strong>, vienas pasaulio saul\u0117s energetikos lyderi\u0173, si\u016blo:<\/p>\n<ul data-start=\"2456\" data-end=\"2651\">\n<li data-start=\"2456\" data-end=\"2508\">\n<p data-start=\"2458\" data-end=\"2508\"><strong data-start=\"2458\" data-end=\"2487\">25 met\u0173 gaminio garantij\u0105<\/strong>;<\/p>\n<\/li>\n<li data-start=\"2509\" data-end=\"2651\">\n<p data-start=\"2511\" data-end=\"2651\"><strong data-start=\"2511\" data-end=\"2552\">30 met\u0173 linijin\u0119 efektyvumo garantij\u0105<\/strong>, u\u017etikrinan\u010di\u0105, kad po trij\u0173 de\u0161imtme\u010di\u0173 modulis vis dar i\u0161laikys bent 87,4 % nominalios galios.<\/p>\n<\/li>\n<\/ul>\n<hr data-start=\"3176\" data-end=\"3179\" \/>\n<h4 data-start=\"3181\" data-end=\"3230\"><strong data-start=\"3186\" data-end=\"3230\">Tinkamas sprendimas \u012fvairiems projektams<\/strong><\/h4>\n<p data-start=\"3232\" data-end=\"3531\">\u0160is GCL 450W bifacial modulis puikiai tinka tiek <strong data-start=\"3281\" data-end=\"3309\">dideliems saul\u0117s parkams<\/strong>, tiek <strong data-start=\"3316\" data-end=\"3364\">komercin\u0117ms saul\u0117s elektrin\u0117ms, tiek gyvenamiesiems namams<\/strong>. Jo tvirtumas, ilgas tarnavimo laikas ir auk\u0161tas na\u0161umas leid\u017eia pasiekti maksimal\u0173 investicij\u0173 gr\u0105\u017eos rodikl\u012f bei suma\u017einti elektros s\u0105naudas de\u0161imtme\u010diams \u012f priek\u012f.<\/p>\n<p><strong>TECHNINIAI DUOMENYS ATSISIUNTIMUI:<\/strong><\/p>\n<p><strong>\u27a1\ufe0f<a href=\"https:\/\/solaroutlet.lt\/wp-content\/uploads\/2025\/11\/GCL-NT12R48GDF-450W-.pdf\">Technini\u0173 specifikacij\u0173 dokumentas<\/a><\/strong><\/p>\n","protected":false},"excerpt":{"rendered":"<p data-start=\"248\" data-end=\"307\"><strong data-start=\"248\" data-end=\"307\">Auk\u0161\u010diausios kokyb\u0117s, patikimumo ir efektyvumo derinys.<\/strong><\/p>\n<p data-start=\"309\" data-end=\"682\"><strong data-start=\"309\" data-end=\"360\">GCL 450W Bifacial stiklas\/stiklas modulis (NT12R48\/GDF)<\/strong> \u2013 tai pa\u017eangus saul\u0117s modulis, sukurtas ilgaam\u017ei\u0161kumui ir maksimaliam energijos generavimui \u012fvairiomis oro s\u0105lygomis. Dviej\u0173 pusi\u0173 (bifacial) technologija leid\u017eia sugerti saul\u0117s \u0161vies\u0105 ne tik i\u0161 priekin\u0117s, bet ir i\u0161 galin\u0117s pus\u0117s, taip padidinant bendr\u0105 modulio efektyvum\u0105 iki 22.77 % daugiau nei tradicini\u0173 vienpusi\u0173 moduli\u0173.<\/p>\n","protected":false},"featured_media":10007,"comment_status":"open","ping_status":"closed","template":"","meta":{"_acf_changed":false,"om_disable_all_campaigns":false,"_uf_show_specific_survey":0,"_uf_disable_surveys":false},"pwb-brand":[363],"gamintojas":[364],"product_brand":[],"product_cat":[93],"product_tag":[],"class_list":{"0":"post-10006","1":"product","2":"type-product","3":"status-publish","4":"has-post-thumbnail","6":"pwb-brand-gcl","7":"gamintojas-gcl","8":"product_cat-moduliai","9":"product_shipping_class-f-pristatymo-klase","11":"first","12":"outofstock","13":"taxable","14":"shipping-taxable","15":"purchasable","16":"product-type-simple"},"acf":[],"aioseo_notices":[],"brands":[{"id":363,"name":"GCL","slug":"gcl"}],"_links":{"self":[{"href":"https:\/\/solaroutlet.lt\/en\/wp-json\/wp\/v2\/product\/10006","targetHints":{"allow":["GET"]}}],"collection":[{"href":"https:\/\/solaroutlet.lt\/en\/wp-json\/wp\/v2\/product"}],"about":[{"href":"https:\/\/solaroutlet.lt\/en\/wp-json\/wp\/v2\/types\/product"}],"replies":[{"embeddable":true,"href":"https:\/\/solaroutlet.lt\/en\/wp-json\/wp\/v2\/comments?post=10006"}],"wp:featuredmedia":[{"embeddable":true,"href":"https:\/\/solaroutlet.lt\/en\/wp-json\/wp\/v2\/media\/10007"}],"wp:attachment":[{"href":"https:\/\/solaroutlet.lt\/en\/wp-json\/wp\/v2\/media?parent=10006"}],"wp:term":[{"taxonomy":"pwb-brand","embeddable":true,"href":"https:\/\/solaroutlet.lt\/en\/wp-json\/wp\/v2\/pwb-brand?post=10006"},{"taxonomy":"gamintojas","embeddable":true,"href":"https:\/\/solaroutlet.lt\/en\/wp-json\/wp\/v2\/gamintojas?post=10006"},{"taxonomy":"product_brand","embeddable":true,"href":"https:\/\/solaroutlet.lt\/en\/wp-json\/wp\/v2\/product_brand?post=10006"},{"taxonomy":"product_cat","embeddable":true,"href":"https:\/\/solaroutlet.lt\/en\/wp-json\/wp\/v2\/product_cat?post=10006"},{"taxonomy":"product_tag","embeddable":true,"href":"https:\/\/solaroutlet.lt\/en\/wp-json\/wp\/v2\/product_tag?post=10006"}],"curies":[{"name":"wp","href":"https:\/\/api.w.org\/{rel}","templated":true}]}}