{"id":10012,"date":"2025-11-17T11:42:44","date_gmt":"2025-11-17T08:42:44","guid":{"rendered":"https:\/\/solaroutlet.lt\/?post_type=product&#038;p=10012"},"modified":"2025-11-17T11:42:44","modified_gmt":"2025-11-17T08:42:44","slug":"igarden-l30-ismanus-vejapjove-robotas","status":"publish","type":"product","link":"https:\/\/solaroutlet.lt\/en\/produktas\/igarden-l30-ismanus-vejapjove-robotas\/","title":{"rendered":"iGarden L30 i\u0161manus vejapjov\u0117 robotas"},"content":{"rendered":"<p><strong>iGarden L30 \u2013 tai kompakti\u0161kas, itin tylus, ir tikslus vejapjove &#8211; robotas sukurtas ma\u017eiems ir vidutinio dyd\u017eio sklypams.<\/strong> Prietaisas pad\u0117s puikiai pri\u017ei\u016brimos vejos vaizd\u0105 be vargo. Pa\u017eangi <strong>3D LiDAR navigacijos sistema<\/strong> leid\u017eia robotui savaranki\u0161kai orientuotis J\u016bs\u0173 kieme be joki\u0173 ribini\u0173 laid\u0173. Jums tereikia tiesiog \u012fjungti prietais\u0105, suplanuoti pjovimo srit\u012f naudojant mobili\u0105j\u0105 program\u0117l\u0119, ir m\u0117gautis idealiai nupjauta veja kasdien. Naudodamiesi <strong>mobili\u0105ja aplikacija<\/strong> galite visi\u0161kai kontroliuoti pjovimo formas \u2013 galite suplanuoti konkre\u010dius <strong>vejos pjovimo ra\u0161tus<\/strong>, raides, ar net logotipus, kuriuos vejapjov\u0117 tiksliai atkurs. Tokia funkcija suteikia galimyb\u0119 dar labiau suasmeninti savo vej\u0105, sukurti \u0161ventin\u012f dizain\u0105, i\u0161skirtin\u012f kiemo akcent\u0105, ar tiesiog dail\u0173 pjovimo model\u012f kasdieniam naudojimui.<\/p>\n<p>L30 modelis dirba iki 3 valand\u0173 ir gali nupjauti iki <strong>1000 m\u00b2<\/strong> vejos vienu \u012fkrovimu. Prietaise integruota pa\u017eangi, i\u0161manioji baterijos valdymo sistema; <strong>AI<\/strong> optimizuotas mar\u0161ruto planavimas; <strong>\u201eTurboSilence\u201c<\/strong> technologija \u2013 u\u017etikrina \u012frenginio tyl\u0173 bei itin ekonomi\u0161k\u0105 darb\u0105.<\/p>\n<p>Vejapjov\u0117 geba \u012fveikti iki<strong> 25\u00b0<\/strong> (46%) nuolyd\u017eius ir gali prava\u017eiuoti per vos 0,8 m plo\u010dio prava\u017eiavimus, tod\u0117l idealiai tinka ma\u017eiems kiemeliams ir siauriems takeliams<\/p>\n<p>Pagrindiniai privalumai:<\/p>\n<ul>\n<li>3D LiDAR ir IMU navigacija \u2013 \u012frenginys veikia be ribini\u0173 laid\u0173.<\/li>\n<li>1080P spalvota kamera ir integruotas dirbtinis intelektas leid\u017eia patikimai atpa\u017einti skirtingus objektus ir gyv\u016bnus, bei geba j\u0173 i\u0161vengti.<\/li>\n<li>\u201eTurboSilence\u201c technologija \u2013 vos 60 dB.<\/li>\n<li>IPX6 atsparumas vandeniui \u2013 \u012frengin\u012f galima plauti auk\u0161tu sl\u0117giu.<\/li>\n<li>Integruota apsauga nuo vagys\u010di\u0173.<\/li>\n<\/ul>\n<p>Techniniai duomenys:<\/p>\n<ul>\n<li>Darbo trukm\u0117: 3 valandos.<\/li>\n<li>Maksimalus plotas: 1000 m\u00b2.<\/li>\n<li>\u012ekrovimo laikas: 2.5 h.<\/li>\n<li>Pjovimo auk\u0161tis: 30-100 mm.<\/li>\n<li>Pjovimo plotis: 220 mm.<\/li>\n<li>Maksimalus nuolydis: 46%.<\/li>\n<li>Apsaugos klase: IPX6.<\/li>\n<li>Svoris: 17.5 kg.<\/li>\n<li>Matmenys: 684 x 486 x 301 mm.<\/li>\n<\/ul>\n","protected":false},"excerpt":{"rendered":"<ul>\n<li>3D LiDAR ir IMU navigacija \u2013 \u012frenginys veikia be ribini\u0173 laid\u0173.<\/li>\n<li>Dirba iki 3 valand\u0173 vienu \u012fkrovimu.<\/li>\n<li>1080P spalvota kamera ir integruotas dirbtinis intelektas leid\u017eia patikimai atpa\u017einti skirtingus objektus ir gyv\u016bnus, bei geba j\u0173 i\u0161vengti.<\/li>\n<li>\u201eTurboSilence\u201c technologija \u2013 vos 60 dB.<\/li>\n<li>IPX6 atsparumas vandeniui \u2013 \u012frengin\u012f galima plauti auk\u0161tu sl\u0117giu.<\/li>\n<li>Integruota apsauga nuo vagys\u010di\u0173.<\/li>\n<\/ul>\n","protected":false},"featured_media":10013,"comment_status":"open","ping_status":"closed","template":"","meta":{"_acf_changed":false,"om_disable_all_campaigns":false,"_uf_show_specific_survey":0,"_uf_disable_surveys":false},"pwb-brand":[368],"gamintojas":[],"product_brand":[],"product_cat":[365],"product_tag":[],"class_list":{"0":"post-10012","1":"product","2":"type-product","3":"status-publish","4":"has-post-thumbnail","6":"pwb-brand-fairland","7":"product_cat-vejos-robotai","8":"product_shipping_class-d-pristatymo-klase","10":"first","11":"onbackorder","12":"sale","13":"taxable","14":"shipping-taxable","15":"purchasable","16":"product-type-simple"},"acf":[],"aioseo_notices":[],"brands":[{"id":368,"name":"Fairland","slug":"fairland"}],"_links":{"self":[{"href":"https:\/\/solaroutlet.lt\/en\/wp-json\/wp\/v2\/product\/10012","targetHints":{"allow":["GET"]}}],"collection":[{"href":"https:\/\/solaroutlet.lt\/en\/wp-json\/wp\/v2\/product"}],"about":[{"href":"https:\/\/solaroutlet.lt\/en\/wp-json\/wp\/v2\/types\/product"}],"replies":[{"embeddable":true,"href":"https:\/\/solaroutlet.lt\/en\/wp-json\/wp\/v2\/comments?post=10012"}],"wp:featuredmedia":[{"embeddable":true,"href":"https:\/\/solaroutlet.lt\/en\/wp-json\/wp\/v2\/media\/10013"}],"wp:attachment":[{"href":"https:\/\/solaroutlet.lt\/en\/wp-json\/wp\/v2\/media?parent=10012"}],"wp:term":[{"taxonomy":"pwb-brand","embeddable":true,"href":"https:\/\/solaroutlet.lt\/en\/wp-json\/wp\/v2\/pwb-brand?post=10012"},{"taxonomy":"gamintojas","embeddable":true,"href":"https:\/\/solaroutlet.lt\/en\/wp-json\/wp\/v2\/gamintojas?post=10012"},{"taxonomy":"product_brand","embeddable":true,"href":"https:\/\/solaroutlet.lt\/en\/wp-json\/wp\/v2\/product_brand?post=10012"},{"taxonomy":"product_cat","embeddable":true,"href":"https:\/\/solaroutlet.lt\/en\/wp-json\/wp\/v2\/product_cat?post=10012"},{"taxonomy":"product_tag","embeddable":true,"href":"https:\/\/solaroutlet.lt\/en\/wp-json\/wp\/v2\/product_tag?post=10012"}],"curies":[{"name":"wp","href":"https:\/\/api.w.org\/{rel}","templated":true}]}}