{"id":10019,"date":"2025-11-17T11:43:51","date_gmt":"2025-11-17T08:43:51","guid":{"rendered":"https:\/\/solaroutlet.lt\/?post_type=product&#038;p=10019"},"modified":"2025-11-17T11:43:51","modified_gmt":"2025-11-17T08:43:51","slug":"igarden-l50-ismani-vejapjove-robotas","status":"publish","type":"product","link":"https:\/\/solaroutlet.lt\/en\/produktas\/igarden-l50-ismani-vejapjove-robotas\/","title":{"rendered":"iGarden L50 i\u0161mani vejapjov\u0117 robotas"},"content":{"rendered":"<p><strong>iGarden L50 \u2013 tai kompakti\u0161kas, itin tylus, ir tikslus robotas sukurtas vidutinio dyd\u017eio sklypams.<\/strong> Prietaisas pad\u0117s puikiai pri\u017ei\u016brimos vejos vaizd\u0105 be vargo. Pa\u017eangi <strong>3D LiDAR + IMU<\/strong> navigacijos sistema leid\u017eia robotui savaranki\u0161kai orientuotis J\u016bs\u0173 kieme be joki\u0173 ribini\u0173 laid\u0173. Jums tereikia tiesiog \u012fjungti prietais\u0105, suplanuoti pjovimo srit\u012f naudojant mobili\u0105j\u0105 program\u0117l\u0119, ir m\u0117gautis idealiai nupjauta veja kasdien. Naudodamiesi mobili\u0105ja aplikacija galite visi\u0161kai<strong> kontroliuoti pjovimo formas<\/strong> \u2013 galite suplanuoti konkre\u010dius vejos pjovimo ra\u0161tus, raides, ar net logotipus, kuriuos vejapjov\u0117 tiksliai atkurs. Tokia funkcija suteikia galimyb\u0119 dar labiau suasmeninti savo vej\u0105, sukurti \u0161ventin\u012f dizain\u0105, i\u0161skirtin\u012f kiemo akcent\u0105, ar tiesiog dail\u0173 pjovimo model\u012f kasdieniam naudojimui.<\/p>\n<p>L50 modelis dirba <strong>iki 5 valand\u0173<\/strong> ir gali nupjauti iki <strong>1800 m\u00b2<\/strong> vejos vienu \u012fkrovimu. Prietaise integruota pa\u017eangi, <strong>i\u0161manioji baterijos valdymo sistema<\/strong>, kuri paskirsto energij\u0105 pagal v\u0117jo s\u0105lygas, tad robotas dirba ilgiau ir tiksliau; AI optimizuotas mar\u0161ruto planavimas; <strong>\u201eTurboSilence\u201c<\/strong> technologija \u2013 u\u017etikrina \u012frenginio tyl\u0173 bei itin ekonomi\u0161k\u0105 darb\u0105.<\/p>\n<p>Vejapjov\u0117 geba \u012fveikti iki <strong>25\u00b0<\/strong> (46%) nuolyd\u017eius ir gali prava\u017eiuoti per vos 0,8 m plo\u010dio prava\u017eiavimus, tod\u0117l idealiai tinka ma\u017eiems kiemeliams ir siauriems takeliams<\/p>\n<p>Pagrindiniai privalumai:<\/p>\n<ul>\n<li>3D LiDAR ir IMU navigacija \u2013 \u012frenginys veikia be ribini\u0173 laid\u0173.<\/li>\n<li>1080P spalvota kamera ir integruotas dirbtinis intelektas leid\u017eia patikimai atpa\u017einti skirtingus objektus ir gyv\u016bnus, bei geba j\u0173 i\u0161vengti.<\/li>\n<li>\u201eTurboSilence\u201c technologija \u2013 vos 60 dB.<\/li>\n<li>IPX6 atsparumas vandeniui \u2013 \u012frengin\u012f galima plauti auk\u0161tu sl\u0117giu.<\/li>\n<li>Integruota apsauga nuo vagys\u010di\u0173.<\/li>\n<\/ul>\n<p>Techniniai duomenys:<\/p>\n<ul>\n<li>Darbo trukm\u0117: 5 valandos.<\/li>\n<li>Maksimalus plotas: 1800 m\u00b2.<\/li>\n<li>\u012ekrovimo laikas: 2.5 h.<\/li>\n<li>Pjovimo auk\u0161tis: 30-100 mm.<\/li>\n<li>Pjovimo plotis: 220 mm.<\/li>\n<li>Maksimalus nuolydis: 46%.<\/li>\n<li>Apsaugos klase: IPX6.<\/li>\n<li>Svoris: 17.9 kg.<\/li>\n<li>Matmenys: 684 x 486 x 301 mm.<\/li>\n<\/ul>\n","protected":false},"excerpt":{"rendered":"<ul>\n<li>3D LiDAR ir IMU navigacija \u2013 \u012frenginys veikia be ribini\u0173 laid\u0173.<\/li>\n<li>Robotas gali veikti iki 5 valand\u0173 ir nupjauti 1800 m\u00b2 vejos vienu \u012fkrovimu.<\/li>\n<li>1080P spalvota kamera ir integruotas dirbtinis intelektas leid\u017eia patikimai atpa\u017einti skirtingus objektus ir gyv\u016bnus, bei geba j\u0173 i\u0161vengti.<\/li>\n<li>\u201eTurboSilence\u201c technologija \u2013 vos 60 dB.<\/li>\n<li>IPX6 atsparumas vandeniui \u2013 \u012frengin\u012f galima plauti auk\u0161tu sl\u0117giu.<\/li>\n<li>Integruota apsauga nuo vagys\u010di\u0173.<\/li>\n<\/ul>\n","protected":false},"featured_media":10013,"comment_status":"open","ping_status":"closed","template":"","meta":{"_acf_changed":false,"om_disable_all_campaigns":false,"_uf_show_specific_survey":0,"_uf_disable_surveys":false},"pwb-brand":[368],"gamintojas":[374],"product_brand":[],"product_cat":[365],"product_tag":[],"class_list":{"0":"post-10019","1":"product","2":"type-product","3":"status-publish","4":"has-post-thumbnail","6":"pwb-brand-fairland","7":"gamintojas-fairland","8":"product_cat-vejos-robotai","9":"product_shipping_class-d-pristatymo-klase","11":"first","12":"onbackorder","13":"sale","14":"taxable","15":"shipping-taxable","16":"purchasable","17":"product-type-simple"},"acf":[],"aioseo_notices":[],"brands":[{"id":368,"name":"Fairland","slug":"fairland"}],"_links":{"self":[{"href":"https:\/\/solaroutlet.lt\/en\/wp-json\/wp\/v2\/product\/10019","targetHints":{"allow":["GET"]}}],"collection":[{"href":"https:\/\/solaroutlet.lt\/en\/wp-json\/wp\/v2\/product"}],"about":[{"href":"https:\/\/solaroutlet.lt\/en\/wp-json\/wp\/v2\/types\/product"}],"replies":[{"embeddable":true,"href":"https:\/\/solaroutlet.lt\/en\/wp-json\/wp\/v2\/comments?post=10019"}],"wp:featuredmedia":[{"embeddable":true,"href":"https:\/\/solaroutlet.lt\/en\/wp-json\/wp\/v2\/media\/10013"}],"wp:attachment":[{"href":"https:\/\/solaroutlet.lt\/en\/wp-json\/wp\/v2\/media?parent=10019"}],"wp:term":[{"taxonomy":"pwb-brand","embeddable":true,"href":"https:\/\/solaroutlet.lt\/en\/wp-json\/wp\/v2\/pwb-brand?post=10019"},{"taxonomy":"gamintojas","embeddable":true,"href":"https:\/\/solaroutlet.lt\/en\/wp-json\/wp\/v2\/gamintojas?post=10019"},{"taxonomy":"product_brand","embeddable":true,"href":"https:\/\/solaroutlet.lt\/en\/wp-json\/wp\/v2\/product_brand?post=10019"},{"taxonomy":"product_cat","embeddable":true,"href":"https:\/\/solaroutlet.lt\/en\/wp-json\/wp\/v2\/product_cat?post=10019"},{"taxonomy":"product_tag","embeddable":true,"href":"https:\/\/solaroutlet.lt\/en\/wp-json\/wp\/v2\/product_tag?post=10019"}],"curies":[{"name":"wp","href":"https:\/\/api.w.org\/{rel}","templated":true}]}}