{"id":10020,"date":"2025-11-06T11:54:31","date_gmt":"2025-11-06T08:54:31","guid":{"rendered":"https:\/\/solaroutlet.lt\/?post_type=product&#038;p=10020"},"modified":"2026-03-23T09:58:38","modified_gmt":"2026-03-23T06:58:38","slug":"gcl-500w-bifacial-saules-moduliai-stiklas-stiklas-nt12r-54gdf","status":"publish","type":"product","link":"https:\/\/solaroutlet.lt\/en\/produktas\/gcl-500w-bifacial-saules-moduliai-stiklas-stiklas-nt12r-54gdf\/","title":{"rendered":"GCL 500W Bifacial saul\u0117s moduliai, stiklas\/stiklas, NT12R\/54GDF"},"content":{"rendered":"<h3 data-start=\"227\" data-end=\"306\"><strong data-start=\"231\" data-end=\"306\">GCL 500W Bifacial Dual Glass Monocrystalline NT12R\/54GDF saul\u0117s modulis<\/strong><\/h3>\n<hr data-start=\"815\" data-end=\"818\" \/>\n<h4 data-start=\"820\" data-end=\"852\"><strong data-start=\"825\" data-end=\"852\">Pagrindiniai privalumai<\/strong><\/h4>\n<p data-start=\"854\" data-end=\"1312\"><strong data-start=\"854\" data-end=\"942\">1. Dvipus\u0117 (Bifacial) energijos gamyba \u2013 daugiau saul\u0117s energijos i\u0161 to paties ploto<\/strong><br data-start=\"942\" data-end=\"945\" \/>Skirtingai nuo tradicini\u0173 moduli\u0173, <strong data-start=\"980\" data-end=\"1001\">GCL 500W Bifacial<\/strong> gali sugerti \u0161vies\u0105 i\u0161 priekin\u0117s ir galin\u0117s pus\u0117s. Apatinis stiklas leid\u017eia panaudoti atspind\u0117t\u0105 \u0161vies\u0105 nuo \u017eem\u0117s, stogo ar kito pavir\u0161iaus, o tai padidina bendr\u0105 elektros energijos gamyb\u0105.<\/p>\n<p data-start=\"1314\" data-end=\"1848\"><strong data-start=\"1314\" data-end=\"1372\">2. Dviej\u0173 pusi\u0173 stiklas\u00a0 \u2013 ilgaam\u017ei\u0161kumas ir apsauga<\/strong><br data-start=\"1372\" data-end=\"1375\" \/>Modulis pagamintas naudojant\u00a0<strong data-start=\"820\" data-end=\"839\">stiklas\/stiklas<\/strong>\u00a0strukt\u016br\u0105, kurioje abu pavir\u0161iai \u2013 priekinis ir galinis \u2013 yra apsaugoti gr\u016bdintu, auk\u0161tos skaidrumo stiklu. \u017denkliai padidina atsparum\u0105 dr\u0117gmei, UV spinduliams, korozijai ir mechaniniams pa\u017eeidimams. Ji taip pat suma\u017eina mikro\u012ftr\u016bkim\u0173 rizik\u0105, u\u017etikrina ma\u017eesn\u012f degradacijos lyg\u012f ir leid\u017eia moduliui i\u0161laikyti auk\u0161t\u0105 na\u0161um\u0105 net po daugelio met\u0173 eksploatacijo<\/p>\n<p data-start=\"1850\" data-end=\"2250\"><strong data-start=\"1850\" data-end=\"1914\">3. Monokristalin\u0117 PERC technologija \u2013 maksimalus efektyvumas<\/strong><br data-start=\"1914\" data-end=\"1917\" \/>Naudojami <strong data-start=\"1927\" data-end=\"1970\">PERC (Passivated Emitter and Rear Cell)<\/strong> monokristaliniai elementai pasi\u017eymi auk\u0161tu \u0161viesos sug\u0117rimo lygiu ir ma\u017eesniais energijos nuostoliais. D\u0117l <strong data-start=\"2078\" data-end=\"2090\">Half-Cut<\/strong> dizaino (pusiniai elementai) suma\u017einamas \u0161iluminis poveikis ir \u0161e\u0161\u0117liavimo nuostoliai, tod\u0117l modulis i\u0161laiko auk\u0161t\u0105 efektyvum\u0105 net dalinai u\u017etemdytose vietose.<\/p>\n<p data-start=\"2252\" data-end=\"2672\"><strong data-start=\"2252\" data-end=\"2302\">4. Itin tvirtas ir atsparus aplinkos poveikiui<\/strong><br data-start=\"2302\" data-end=\"2305\" \/>Moduliai testuojami pagal grie\u017etus <strong data-start=\"2340\" data-end=\"2364\">IEC 61215, IEC 61730<\/strong> standartus, u\u017etikrinan\u010dius auk\u0161t\u0105 kokyb\u0119 ir patikimum\u0105. Jie atlaiko iki <strong data-start=\"2437\" data-end=\"2463\">5400 Pa sniego apkrov\u0105<\/strong> ir <strong data-start=\"2467\" data-end=\"2491\">2400 Pa v\u0117jo apkrov\u0105<\/strong>, tod\u0117l tinka naudoti tiek \u0161alto klimato \u0161alyse, tiek kar\u0161tose, dr\u0117gnose vietov\u0117se. IP68 jungtys ir auk\u0161tos kokyb\u0117s EVA sluoksniai suteikia maksimali\u0105 apsaug\u0105 nuo vandens ir dulki\u0173.<\/p>\n<p data-start=\"2674\" data-end=\"2814\"><strong data-start=\"2674\" data-end=\"2702\">5. Ilgalaik\u0117s garantijos<\/strong><br data-start=\"2702\" data-end=\"2705\" \/>Gamintojas <strong data-start=\"2716\" data-end=\"2742\">GCL System Integration<\/strong>, vienas did\u017eiausi\u0173 pasaulyje saul\u0117s technologij\u0173 gamintoj\u0173, suteikia:<\/p>\n<ul data-start=\"2815\" data-end=\"2990\">\n<li data-start=\"2815\" data-end=\"2869\">\n<p data-start=\"2817\" data-end=\"2869\"><strong data-start=\"2817\" data-end=\"2846\">25 met\u0173 gaminio garantij\u0105<\/strong>;<\/p>\n<\/li>\n<li data-start=\"2870\" data-end=\"2990\">\n<p data-start=\"2872\" data-end=\"2990\"><strong data-start=\"2872\" data-end=\"2909\">30 met\u0173 linijin\u0119 galios garantij\u0105<\/strong>, u\u017etikrinan\u010di\u0105 ne ma\u017eiau kaip 87,4 % galios po trij\u0173 de\u0161imtme\u010di\u0173 eksploatacijos.<\/p>\n<\/li>\n<\/ul>\n<hr data-start=\"3579\" data-end=\"3582\" \/>\n<h4 data-start=\"3584\" data-end=\"3642\"><strong data-start=\"3589\" data-end=\"3642\">Puikus pasirinkimas modernioms saul\u0117s elektrin\u0117ms<\/strong><\/h4>\n<p data-start=\"3644\" data-end=\"4002\"><strong data-start=\"3644\" data-end=\"3688\">GCL 500W Bifacial Dual Glass NT12R\/54GDF<\/strong> \u2013 idealus sprendimas <strong data-start=\"3710\" data-end=\"3738\">komercin\u0117ms, pramonin\u0117ms<\/strong> ir <strong data-start=\"3742\" data-end=\"3759\">gyvenam\u0173j\u0173 nam\u0173<\/strong>\u00a0saul\u0117s elektrin\u0117ms, kur svarbu maksimaliai i\u0161naudoti turim\u0105 plot\u0105 ir u\u017etikrinti ilgalaik\u012f na\u0161um\u0105. \u0160is modulis pasi\u017eymi ne tik dideliu efektyvumu, bet ir i\u0161skirtiniu patvarumu, tod\u0117l garantuoja stabil\u0173 energijos gamybos rezultat\u0105 de\u0161imtme\u010dius.<\/p>\n<p><strong>TECHNINIAI DUOMENYS ATSISIUNTIMUI:<\/strong><\/p>\n<p><strong>\u27a1\ufe0f<a href=\"https:\/\/solaroutlet.lt\/wp-content\/uploads\/2025\/11\/original.pdf\">Technini\u0173 sepcifikacij\u0173 dokumentas<\/a><\/strong><\/p>\n","protected":false},"excerpt":{"rendered":"<p data-start=\"308\" data-end=\"380\"><strong data-start=\"308\" data-end=\"380\">Did\u017eiausias na\u0161umas, ilgaam\u017ei\u0161kumas ir patikimumas viename modulyje.<\/strong><\/p>\n<p data-start=\"382\" data-end=\"813\"><strong data-start=\"382\" data-end=\"442\">GCL 500W NT12R\/54GDF Bifacial Dual Glass Monocrystalline<\/strong> \u2013 tai auk\u0161tos klas\u0117s saul\u0117s modulis, sukurtas siekiant u\u017etikrinti maksimali\u0105 energijos gamyb\u0105 net ir sud\u0117tingomis s\u0105lygomis. Naudojant pa\u017eangi\u0105 <strong data-start=\"597\" data-end=\"619\">bifacial (dvipus\u0119)<\/strong> ir <strong data-start=\"623\" data-end=\"655\">stiklas\/stiklas (Dual Glass)<\/strong> technologij\u0105, \u0161is modulis i\u0161naudoja \u0161vies\u0105 i\u0161 abiej\u0173 pusi\u0173.<\/p>\n","protected":false},"featured_media":10007,"comment_status":"open","ping_status":"closed","template":"","meta":{"_acf_changed":false,"om_disable_all_campaigns":false,"_uf_show_specific_survey":0,"_uf_disable_surveys":false},"pwb-brand":[363],"gamintojas":[364],"product_brand":[],"product_cat":[93],"product_tag":[],"class_list":{"0":"post-10020","1":"product","2":"type-product","3":"status-publish","4":"has-post-thumbnail","6":"pwb-brand-gcl","7":"gamintojas-gcl","8":"product_cat-moduliai","9":"product_shipping_class-f-pristatymo-klase","11":"first","12":"outofstock","13":"taxable","14":"shipping-taxable","15":"purchasable","16":"product-type-simple"},"acf":[],"aioseo_notices":[],"brands":[{"id":363,"name":"GCL","slug":"gcl"}],"_links":{"self":[{"href":"https:\/\/solaroutlet.lt\/en\/wp-json\/wp\/v2\/product\/10020","targetHints":{"allow":["GET"]}}],"collection":[{"href":"https:\/\/solaroutlet.lt\/en\/wp-json\/wp\/v2\/product"}],"about":[{"href":"https:\/\/solaroutlet.lt\/en\/wp-json\/wp\/v2\/types\/product"}],"replies":[{"embeddable":true,"href":"https:\/\/solaroutlet.lt\/en\/wp-json\/wp\/v2\/comments?post=10020"}],"wp:featuredmedia":[{"embeddable":true,"href":"https:\/\/solaroutlet.lt\/en\/wp-json\/wp\/v2\/media\/10007"}],"wp:attachment":[{"href":"https:\/\/solaroutlet.lt\/en\/wp-json\/wp\/v2\/media?parent=10020"}],"wp:term":[{"taxonomy":"pwb-brand","embeddable":true,"href":"https:\/\/solaroutlet.lt\/en\/wp-json\/wp\/v2\/pwb-brand?post=10020"},{"taxonomy":"gamintojas","embeddable":true,"href":"https:\/\/solaroutlet.lt\/en\/wp-json\/wp\/v2\/gamintojas?post=10020"},{"taxonomy":"product_brand","embeddable":true,"href":"https:\/\/solaroutlet.lt\/en\/wp-json\/wp\/v2\/product_brand?post=10020"},{"taxonomy":"product_cat","embeddable":true,"href":"https:\/\/solaroutlet.lt\/en\/wp-json\/wp\/v2\/product_cat?post=10020"},{"taxonomy":"product_tag","embeddable":true,"href":"https:\/\/solaroutlet.lt\/en\/wp-json\/wp\/v2\/product_tag?post=10020"}],"curies":[{"name":"wp","href":"https:\/\/api.w.org\/{rel}","templated":true}]}}