{"id":10026,"date":"2025-11-17T11:45:32","date_gmt":"2025-11-17T08:45:32","guid":{"rendered":"https:\/\/solaroutlet.lt\/?post_type=product&#038;p=10026"},"modified":"2026-02-23T09:38:51","modified_gmt":"2026-02-23T06:38:51","slug":"igarden-l-awd-80-profesionali-robotine-vejapjove","status":"publish","type":"product","link":"https:\/\/solaroutlet.lt\/en\/produktas\/igarden-l-awd-80-profesionali-robotine-vejapjove\/","title":{"rendered":"iGarden L AWD 80 profesionali robotin\u0117 vejapjov\u0117"},"content":{"rendered":"<p><strong>iGarden L AWD 80 \u2013 tai auk\u0161\u010diausios klas\u0117s, kompakti\u0161ka, itin tyli, ir galinga robotin\u0117 vejapjov\u0117, skirta dideliems plotams ir profesionaliam naudojimui.<\/strong> Prietaisas pad\u0117s puikiai pri\u017ei\u016brimos vejos vaizd\u0105 be vargo. Pa\u017eangi <strong>3D LiDAR + IMU<\/strong> navigacijos sistema, <strong>\u201evision\u201c<\/strong>, ir <strong>\u201ebumper\u201c<\/strong> jutikliai leid\u017eia robotui savaranki\u0161kai orientuotis J\u016bs\u0173 kieme be joki\u0173 ribini\u0173 laid\u0173. Jums tereikia tiesiog \u012fjungti prietais\u0105, suplanuoti pjovimo srit\u012f naudojant mobili\u0105j\u0105 program\u0117l\u0119, ir m\u0117gautis idealiai nupjauta veja kasdien. Naudodamiesi mobili\u0105ja aplikacija galite visi\u0161kai <strong>kontroliuoti pjovimo formas<\/strong> \u2013 galite suplanuoti konkre\u010dius vejos pjovimo ra\u0161tus, raides, ar net logotipus, kuriuos vejapjov\u0117 tiksliai atkurs. Tokia funkcija suteikia galimyb\u0119 dar labiau suasmeninti savo vej\u0105, sukurti \u0161ventin\u012f dizain\u0105, i\u0161skirtin\u012f kiemo akcent\u0105, ar tiesiog dail\u0173 pjovimo model\u012f kasdieniam naudojimui.<\/p>\n<p>L AWD 80 modelis dirba iki 8 valand\u0173 ir gali nupjauti iki <strong>3000 m\u00b2<\/strong> vejos vienu \u012fkrovimu. Prietaise integruota pa\u017eangi, i\u0161manioji baterijos valdymo sistema, kuri paskirsto energij\u0105 pagal v\u0117jo s\u0105lygas, tad robotas dirba ilgiau ir tiksliau; AI optimizuotas mar\u0161ruto planavimas; \u201eTurboSilence\u201c technologija \u2013 u\u017etikrina \u012frenginio tyl\u0173 bei itin ekonomi\u0161k\u0105 darb\u0105.<\/p>\n<p>Vis\u0173 varan\u010di\u0173j\u0173 rat\u0173 sistema (AWD) suteikia prietaisui puik\u0173 sukibim\u0105 ir leid\u017eia \u012fveikti iki <strong>35\u00b0<\/strong> (70%) nuolyd\u017eius ir gali prava\u017eiuoti per vos 0,8 m plo\u010dio prava\u017eiavimus, tod\u0117l idealiai tinka ma\u017eiems kiemeliams ir siauriems takeliams<\/p>\n<p>Pagrindiniai privalumai:<\/p>\n<ul>\n<li>AWD (4WD) pavara u\u017etikrina ger\u0105 sukibim\u0105.<\/li>\n<li>3D LiDAR ir IMU navigacija \u2013 \u012frenginys veikia be ribini\u0173 laid\u0173.<\/li>\n<li>\u201eVision\u201c ir \u201ebumper\u201c jutikliai.<\/li>\n<li>1080P spalvota kamera ir integruotas dirbtinis intelektas leid\u017eia patikimai atpa\u017einti skirtingus objektus ir gyv\u016bnus, bei geba j\u0173 i\u0161vengti.<\/li>\n<li>\u201eTurboSilence\u201c technologija \u2013 vos 60 dB.<\/li>\n<li>IPX6 atsparumas vandeniui \u2013 \u012frengin\u012f galima plauti auk\u0161tu sl\u0117giu.<\/li>\n<li>Integruota apsauga nuo vagys\u010di\u0173.<\/li>\n<\/ul>\n<p>Techniniai duomenys:<\/p>\n<ul>\n<li>Darbo trukm\u0117: 8 valandos.<\/li>\n<li>Maksimalus plotas: 3000 m\u00b2.<\/li>\n<li>\u012ekrovimo laikas: 3.5 h.<\/li>\n<li>Zonos valdymas: iki 50 zon\u0173.<\/li>\n<li>Pjovimo auk\u0161tis: 30-100 mm.<\/li>\n<li>Pjovimo plotis: 220 mm.<\/li>\n<li>Maksimalus nuolydis: 70%.<\/li>\n<li>Apsaugos klase: IPX6.<\/li>\n<li>Svoris: 19.9 kg.<\/li>\n<li>Matmenys: 684 x 486 x 301 mm.<\/li>\n<\/ul>\n","protected":false},"excerpt":{"rendered":"<ul>\n<li>AWD (4WD) pavara u\u017etikrina ger\u0105 sukibim\u0105.<\/li>\n<li>3D LiDAR ir IMU navigacija \u2013 \u012frenginys veikia be ribini\u0173 laid\u0173.<\/li>\n<li>\u201eVision\u201c ir \u201ebumper\u201c jutikliai.<\/li>\n<li>1080P spalvota kamera ir integruotas dirbtinis intelektas leid\u017eia patikimai atpa\u017einti skirtingus objektus ir gyv\u016bnus, bei geba j\u0173 i\u0161vengti.<\/li>\n<li>\u201eTurboSilence\u201c technologija \u2013 vos 60 dB.<\/li>\n<li>IPX6 atsparumas vandeniui \u2013 \u012frengin\u012f galima plauti auk\u0161tu sl\u0117giu.<\/li>\n<li>Integruota apsauga nuo vagys\u010di\u0173.<\/li>\n<\/ul>\n","protected":false},"featured_media":10013,"comment_status":"open","ping_status":"closed","template":"","meta":{"_acf_changed":false,"om_disable_all_campaigns":false,"_uf_show_specific_survey":0,"_uf_disable_surveys":false},"pwb-brand":[368],"gamintojas":[374],"product_brand":[],"product_cat":[365],"product_tag":[],"class_list":{"0":"post-10026","1":"product","2":"type-product","3":"status-publish","4":"has-post-thumbnail","6":"pwb-brand-fairland","7":"gamintojas-fairland","8":"product_cat-vejos-robotai","9":"product_shipping_class-d-pristatymo-klase","11":"first","12":"onbackorder","13":"sale","14":"taxable","15":"shipping-taxable","16":"purchasable","17":"product-type-simple"},"acf":[],"aioseo_notices":[],"brands":[{"id":368,"name":"Fairland","slug":"fairland"}],"_links":{"self":[{"href":"https:\/\/solaroutlet.lt\/en\/wp-json\/wp\/v2\/product\/10026","targetHints":{"allow":["GET"]}}],"collection":[{"href":"https:\/\/solaroutlet.lt\/en\/wp-json\/wp\/v2\/product"}],"about":[{"href":"https:\/\/solaroutlet.lt\/en\/wp-json\/wp\/v2\/types\/product"}],"replies":[{"embeddable":true,"href":"https:\/\/solaroutlet.lt\/en\/wp-json\/wp\/v2\/comments?post=10026"}],"wp:featuredmedia":[{"embeddable":true,"href":"https:\/\/solaroutlet.lt\/en\/wp-json\/wp\/v2\/media\/10013"}],"wp:attachment":[{"href":"https:\/\/solaroutlet.lt\/en\/wp-json\/wp\/v2\/media?parent=10026"}],"wp:term":[{"taxonomy":"pwb-brand","embeddable":true,"href":"https:\/\/solaroutlet.lt\/en\/wp-json\/wp\/v2\/pwb-brand?post=10026"},{"taxonomy":"gamintojas","embeddable":true,"href":"https:\/\/solaroutlet.lt\/en\/wp-json\/wp\/v2\/gamintojas?post=10026"},{"taxonomy":"product_brand","embeddable":true,"href":"https:\/\/solaroutlet.lt\/en\/wp-json\/wp\/v2\/product_brand?post=10026"},{"taxonomy":"product_cat","embeddable":true,"href":"https:\/\/solaroutlet.lt\/en\/wp-json\/wp\/v2\/product_cat?post=10026"},{"taxonomy":"product_tag","embeddable":true,"href":"https:\/\/solaroutlet.lt\/en\/wp-json\/wp\/v2\/product_tag?post=10026"}],"curies":[{"name":"wp","href":"https:\/\/api.w.org\/{rel}","templated":true}]}}