{"id":10028,"date":"2025-11-07T15:45:57","date_gmt":"2025-11-07T12:45:57","guid":{"rendered":"https:\/\/solaroutlet.lt\/?post_type=product&#038;p=10028"},"modified":"2025-11-07T15:46:49","modified_gmt":"2025-11-07T12:46:49","slug":"birdblocker-pazangus-sprendimas-apsauga-nuo-pauksciu-30-metru-rite","status":"publish","type":"product","link":"https:\/\/solaroutlet.lt\/en\/produktas\/birdblocker-pazangus-sprendimas-apsauga-nuo-pauksciu-30-metru-rite\/","title":{"rendered":"Birdblocker \u2013 pa\u017eangus sprendimas, apsauga nuo pauk\u0161\u010di\u0173, 30 metr\u0173 rit\u0117"},"content":{"rendered":"<p><strong>Tai naujausias \u201eBirdBlocker\u201c sprendimas, apsauga, specialiai sukurta apsaugoti saul\u0117s modulius nuo pauk\u0161\u010di\u0173.<\/strong> Pritaikyti naudojimui ant metalinio, gofruoto, ar \u017eemo tipo stogo. Sistema padeda apsaugoti nuo pauk\u0161\u010di\u0173 lizd\u0173 atsiradimo po saul\u0117s baterijomis, u\u017etikrina ger\u0105 ventiliacij\u0105 ir ilgalaik\u0119 J\u016bs\u0173 sistemos apsaug\u0105.<\/p>\n<p>Vienas i\u0161 kit\u0173 produkto privalum\u0173 \u2013 apsauga nuo garantini\u0173 gedim\u0173, kuriuos gali sukelti pauk\u0161\u010diai. Taip pat \u0161i apsauga nuo pauk\u0161\u010di\u0173 padeda laikytis Europos saugos ir draudimo norm\u0173.<\/p>\n<p>Pagrindiniai privalumai:<\/p>\n<ul>\n<li>Veiksminga apsauga nuo pauk\u0161\u010di\u0173 \u2013 neleid\u017eia pauk\u0161\u010diams patekti po saul\u0117s moduliais, tuo pa\u010diu metu, apsaugo nuo kabeli\u0173 pa\u017eeidimo bei u\u017esikim\u0161im\u0173.<\/li>\n<li>Pagerinta ventiliacija \u2013 padeda i\u0161laikyti tinkam\u0105 oro cirkuliacij\u0105, apsaugodamas nuo perkaitimo ir na\u0161umo praradimo.<\/li>\n<li>Didesn\u0117 apsauga nuo gaisro rizikos \u2013 ma\u017eiau dulki\u0173 ir joki\u0173 lizd\u0173 po moduliais.<\/li>\n<li>Ekologi\u0161kas sprendimas \u2013 produktas pagamintas i\u0161 perdirbamo, UV atsparaus HDPE plastiko, ir be joki\u0173 chemini\u0173 med\u017eiag\u0173.<\/li>\n<li>Universalus montavimas \u2013 tinka visiems \u012fprastiems saul\u0117s moduli\u0173 r\u0117mams.<\/li>\n<li>Lengvas montavimas \u2013 ant produkto i\u0161 kart pritvirtinti ner\u016bdijan\u010dio plieno spaustukai tad nereikia gr\u0119\u017eti ar klijuoti.<\/li>\n<li>Atsparumas aplinkos veiksniams \u2013 atsparus UV spinduliams, \u0161al\u010diui, ir kar\u0161\u010diui.<\/li>\n<li>Ilgaam\u017ei\u0161kumas \u2013 suteikiama 10 met\u0173 garantija.<\/li>\n<\/ul>\n<p>Nauda vartotojui:<\/p>\n<ul>\n<li>Pailgina saul\u0117s elektrin\u0117s tarnavimo laik\u0105.<\/li>\n<li>Padidina efektyvum\u0105 ir saugum\u0105.<\/li>\n<li>Suma\u017eina prie\u017ei\u016bros i\u0161laidas.<\/li>\n<li>Greitas, vienkartinis montavimas.<\/li>\n<li>Draugi\u0161kas aplinkai<\/li>\n<\/ul>\n<p>\u27a1\ufe0f<a href=\"https:\/\/drive.google.com\/drive\/folders\/1Rs7dHDCiAYkAtj-KpHriqu4RYo46lIxF\" target=\"_blank\" rel=\"noopener\">Daugiau informacijos \u010dia<\/a><\/p>\n","protected":false},"excerpt":{"rendered":"<ul>\n<li>Veiksminga apsauga nuo pauk\u0161\u010di\u0173 \u2013 neleid\u017eia pauk\u0161\u010diams patekti po saul\u0117s moduliais, tuo pa\u010diu metu, apsaugo nuo kabeli\u0173 pa\u017eeidimo bei u\u017esikim\u0161im\u0173.<\/li>\n<li>Pagerinta ventiliacija \u2013 padeda i\u0161laikyti tinkam\u0105 oro cirkuliacij\u0105, apsaugodamas nuo perkaitimo ir na\u0161umo praradimo.<\/li>\n<li>Didesn\u0117 apsauga nuo gaisro rizikos \u2013 ma\u017eiau dulki\u0173 ir joki\u0173 lizd\u0173 po moduliais.<\/li>\n<li>Ekologi\u0161kas sprendimas \u2013 produktas pagamintas i\u0161 perdirbamo, UV atsparaus HDPE plastiko, ir be joki\u0173 chemini\u0173 med\u017eiag\u0173.<\/li>\n<li>Universalus montavimas \u2013 tinka visiems \u012fprastiems saul\u0117s moduli\u0173 r\u0117mams.<\/li>\n<li>Lengvas montavimas \u2013 ant produkto i\u0161 kart pritvirtinti ner\u016bdijan\u010dio plieno spaustukai tad nereikia gr\u0119\u017eti ar klijuoti.<\/li>\n<li>Atsparumas aplinkos veiksniams \u2013 atsparus UV spinduliams, \u0161al\u010diui, ir kar\u0161\u010diui.<\/li>\n<li>Ilgaam\u017ei\u0161kumas \u2013 suteikiama 10 met\u0173 garantija.<\/li>\n<\/ul>\n","protected":false},"featured_media":10037,"comment_status":"open","ping_status":"closed","template":"","meta":{"_acf_changed":false,"om_disable_all_campaigns":false,"_uf_show_specific_survey":0,"_uf_disable_surveys":false},"pwb-brand":[],"gamintojas":[],"product_brand":[],"product_cat":[122],"product_tag":[],"class_list":{"0":"post-10028","1":"product","2":"type-product","3":"status-publish","4":"has-post-thumbnail","6":"product_cat-saules-elektriniu-priedai","7":"product_shipping_class-c-pristatymo-klase","9":"first","10":"instock","11":"taxable","12":"shipping-taxable","13":"purchasable","14":"product-type-variable"},"acf":[],"aioseo_notices":[],"brands":[],"_links":{"self":[{"href":"https:\/\/solaroutlet.lt\/en\/wp-json\/wp\/v2\/product\/10028","targetHints":{"allow":["GET"]}}],"collection":[{"href":"https:\/\/solaroutlet.lt\/en\/wp-json\/wp\/v2\/product"}],"about":[{"href":"https:\/\/solaroutlet.lt\/en\/wp-json\/wp\/v2\/types\/product"}],"replies":[{"embeddable":true,"href":"https:\/\/solaroutlet.lt\/en\/wp-json\/wp\/v2\/comments?post=10028"}],"wp:featuredmedia":[{"embeddable":true,"href":"https:\/\/solaroutlet.lt\/en\/wp-json\/wp\/v2\/media\/10037"}],"wp:attachment":[{"href":"https:\/\/solaroutlet.lt\/en\/wp-json\/wp\/v2\/media?parent=10028"}],"wp:term":[{"taxonomy":"pwb-brand","embeddable":true,"href":"https:\/\/solaroutlet.lt\/en\/wp-json\/wp\/v2\/pwb-brand?post=10028"},{"taxonomy":"gamintojas","embeddable":true,"href":"https:\/\/solaroutlet.lt\/en\/wp-json\/wp\/v2\/gamintojas?post=10028"},{"taxonomy":"product_brand","embeddable":true,"href":"https:\/\/solaroutlet.lt\/en\/wp-json\/wp\/v2\/product_brand?post=10028"},{"taxonomy":"product_cat","embeddable":true,"href":"https:\/\/solaroutlet.lt\/en\/wp-json\/wp\/v2\/product_cat?post=10028"},{"taxonomy":"product_tag","embeddable":true,"href":"https:\/\/solaroutlet.lt\/en\/wp-json\/wp\/v2\/product_tag?post=10028"}],"curies":[{"name":"wp","href":"https:\/\/api.w.org\/{rel}","templated":true}]}}