{"id":10043,"date":"2025-11-07T15:40:40","date_gmt":"2025-11-07T12:40:40","guid":{"rendered":"https:\/\/solaroutlet.lt\/?post_type=product&#038;p=10043"},"modified":"2025-11-07T15:40:41","modified_gmt":"2025-11-07T12:40:41","slug":"birdblocker-tool-profesionalus-montavimo-irankis","status":"publish","type":"product","link":"https:\/\/solaroutlet.lt\/en\/produktas\/birdblocker-tool-profesionalus-montavimo-irankis\/","title":{"rendered":"BirdBlocker tool \u2013 profesionalus montavimo \u012frankis"},"content":{"rendered":"<p><strong>Tai specialiai sukurtas profesionalus montavimo \u012frankis, skirtas greitam ir patogiam apsaugos nuo pauk\u0161\u010di\u0173 sistem\u0173 montavimui po saul\u0117s moduliais.<\/strong> Naudojant \u012frank\u012f galite lengvai i\u0161laikyti juost\u0173 lygiagretum\u0105 su modulio kra\u0161tu, taip u\u017etikrinant tikslesn\u012f ir tvirtesn\u012f tvirtinim\u0105.<\/p>\n<p>Su \u0161iuo \u012frankiu montavimas tampa daug greitesnis ir saugesnis. Taip pat suma\u017e\u0117ja apkrova rankoms, o rezultatas yra vienodas, profesionalus, ir ilgaam\u017eis.<\/p>\n<p>Pagrindiniai privalumai:<\/p>\n<ul>\n<li>Greitesnis ir patogesnis montavimas \u2013 galima lengvai pritvirtinti BirdBlocker apsaugos juostas tiesiai ir tolygiai.<\/li>\n<li>Suma\u017eina rank\u0173 nuovarg\u012f \u2013 specialiai sukurtas patogiam ir ergonomi\u0161kam darbui.<\/li>\n<li>Tvirtas sujungimas \u2013 u\u017etikrina saugesn\u012f sistemos pritvirtinim\u0105 prie saul\u0117s moduli\u0173.<\/li>\n<\/ul>\n<p>Technin\u0117s specifikacijos:<\/p>\n<ul>\n<li>Med\u017eiaga: ner\u016bdijantis plienas.<\/li>\n<li>Ilgis: 200 mm.<\/li>\n<li>Plotis: 12 mm.<\/li>\n<li>Storis: 5 mm.<\/li>\n<\/ul>\n","protected":false},"excerpt":{"rendered":"<ul>\n<li>Greitesnis ir patogesnis montavimas \u2013 galima lengvai pritvirtinti BirdBlocker apsaugos juostas tiesiai ir tolygiai.<\/li>\n<li>Suma\u017eina rank\u0173 nuovarg\u012f \u2013 specialiai sukurtas patogiam ir ergonomi\u0161kam darbui.<\/li>\n<li>Tvirtas sujungimas \u2013 u\u017etikrina saugesn\u012f sistemos pritvirtinim\u0105 prie saul\u0117s moduli\u0173.<\/li>\n<\/ul>\n","protected":false},"featured_media":10044,"comment_status":"open","ping_status":"closed","template":"","meta":{"_acf_changed":false,"om_disable_all_campaigns":false,"_uf_show_specific_survey":0,"_uf_disable_surveys":false},"pwb-brand":[],"gamintojas":[],"product_brand":[],"product_cat":[122],"product_tag":[],"class_list":{"0":"post-10043","1":"product","2":"type-product","3":"status-publish","4":"has-post-thumbnail","6":"product_cat-saules-elektriniu-priedai","7":"product_shipping_class-a-pristatymo-klase","9":"first","10":"instock","11":"taxable","12":"shipping-taxable","13":"purchasable","14":"product-type-simple"},"acf":[],"aioseo_notices":[],"brands":[],"_links":{"self":[{"href":"https:\/\/solaroutlet.lt\/en\/wp-json\/wp\/v2\/product\/10043","targetHints":{"allow":["GET"]}}],"collection":[{"href":"https:\/\/solaroutlet.lt\/en\/wp-json\/wp\/v2\/product"}],"about":[{"href":"https:\/\/solaroutlet.lt\/en\/wp-json\/wp\/v2\/types\/product"}],"replies":[{"embeddable":true,"href":"https:\/\/solaroutlet.lt\/en\/wp-json\/wp\/v2\/comments?post=10043"}],"wp:featuredmedia":[{"embeddable":true,"href":"https:\/\/solaroutlet.lt\/en\/wp-json\/wp\/v2\/media\/10044"}],"wp:attachment":[{"href":"https:\/\/solaroutlet.lt\/en\/wp-json\/wp\/v2\/media?parent=10043"}],"wp:term":[{"taxonomy":"pwb-brand","embeddable":true,"href":"https:\/\/solaroutlet.lt\/en\/wp-json\/wp\/v2\/pwb-brand?post=10043"},{"taxonomy":"gamintojas","embeddable":true,"href":"https:\/\/solaroutlet.lt\/en\/wp-json\/wp\/v2\/gamintojas?post=10043"},{"taxonomy":"product_brand","embeddable":true,"href":"https:\/\/solaroutlet.lt\/en\/wp-json\/wp\/v2\/product_brand?post=10043"},{"taxonomy":"product_cat","embeddable":true,"href":"https:\/\/solaroutlet.lt\/en\/wp-json\/wp\/v2\/product_cat?post=10043"},{"taxonomy":"product_tag","embeddable":true,"href":"https:\/\/solaroutlet.lt\/en\/wp-json\/wp\/v2\/product_tag?post=10043"}],"curies":[{"name":"wp","href":"https:\/\/api.w.org\/{rel}","templated":true}]}}