{"id":10160,"date":"2025-11-17T11:33:24","date_gmt":"2025-11-17T08:33:24","guid":{"rendered":"https:\/\/solaroutlet.lt\/?post_type=product&#038;p=10160"},"modified":"2026-02-23T11:44:41","modified_gmt":"2026-02-23T08:44:41","slug":"evaka-home-pro-ikrovimo-stotele","status":"publish","type":"product","link":"https:\/\/solaroutlet.lt\/en\/produktas\/evaka-home-pro-ikrovimo-stotele\/","title":{"rendered":"Ev\u00e5ka Home Pro \u012fkrovimo stotel\u0117, 22 kW"},"content":{"rendered":"<p><strong>Tai Europoje pagamintas i\u0161manus, patikimas, ir stilingas sprendimas J\u016bs\u0173 elektromobiliui.<\/strong> \u0160i \u012fkrovimo stotel\u0117 sukurta tiek kasdieniam nam\u0173 naudojimui, tiek profesionaliam vie\u0161ojo sektoriaus poreikiui. Stotel\u0117s modernus, minimalistinis dizainas ir <strong>auk\u0161\u010diausios kokyb\u0117s med\u017eiagos<\/strong> ir <strong>pa\u017eangios i\u0161maniosios funkcijos<\/strong> garantuoja skland\u0173, greit\u0105, ir saug\u0173 elektromobilio \u012fkrovim\u0105.<\/p>\n<p>\u012ekrovimo stotel\u0117 yra galinga ir universali, o standartin\u0117 Type 2 jungtis u\u017etikrina, kad prietaisas tiks visiems pagrindiniams elektromobili\u0173 modeliams.<\/p>\n<p>Galimas i\u0161manus valdymas per program\u0117l\u0119:<\/p>\n<ul>\n<li>Steb\u0117kite <strong>realius \u012fkrovimo duomenis<\/strong>.<\/li>\n<li>Matykite savo suvartotos energijos kiekius, grafikus, ir diagramas.<\/li>\n<li><strong>Planuokite \u012fkrovimo laikus<\/strong> ir valdykite stotel\u0117s veikl\u0105 nuotoliniu b\u016bdu.<\/li>\n<li><strong>U\u017erakinkite \u012fkrovikl\u012f ar kabel\u012f<\/strong>, taip u\u017etikrinant apsaug\u0105 nuo neteis\u0117to stotel\u0117s naudojimo.<\/li>\n<\/ul>\n<p>Nor\u0117dami naudoti stotel\u0119 dar patogiau, galite prid\u0117ti RFID \u017eeton\u0105, o autentifikavimui naudojamas ISO 14443 (MiFare Classic) standartas.<\/p>\n<p>\u012ekrovimo stotel\u0117 turi <strong>integruot\u0105 apkrovos balansavim\u0105<\/strong>, kuris garantuoja, kad J\u016bs\u0173 elektra bus naudojama optimaliai ir saugiai. Stotel\u0117 palaiko dinamin\u012f (DLM) ir lokal\u0173 (LLM) galios balansavim\u0105. Naudojant Ev\u00e5ka Cloud platform\u0105, galite paskirstyti apkrov\u0105 net iki 100 \u012fkrovimo stoteli\u0173 \u2013 be joki\u0173 papildom\u0173 kabeli\u0173 ar sud\u0117ting\u0173 \u012frengim\u0173.<\/p>\n<p><strong>Patvarumas ir saugumas<\/strong><\/p>\n<p>Ev\u00e5ka stotel\u0117s sukurtos ilgaam\u017eiam naudojimui:<\/p>\n<ul>\n<li>Integruotos IP54 ir IK10 atsparumo klas\u0117s.<\/li>\n<li>Auk\u0161\u010diausios kokyb\u0117s med\u017eiagos.<\/li>\n<li>Integruota apsauga nuo perkrovos, trumpo jungimo, ir perkaitimo.<\/li>\n<li>DC nuot\u0117kio srov\u0117s apsauga.<\/li>\n<li>3 met\u0173 garantija.<\/li>\n<li>RGB LED indikatoriai ai\u0161kiai rodo \u012frenginio b\u016bsen\u0105.<\/li>\n<\/ul>\n<p><strong>Nuotolin\u0117 prie\u017ei\u016bra ir gedim\u0173 \u0161alinimas<\/strong><\/p>\n<p>Naudodamiesi mobili\u0105ja aplikacija, J\u016bs galite:<\/p>\n<ul>\n<li>Integruotas mobilus ry\u0161ys &#8211; 4G modemas su eSIM.<\/li>\n<li>Steb\u0117ti savo elektromobilio ar viso \u012fkrovikli\u0173 parko veikl\u0105 realiu laiku.<\/li>\n<li>Per\u017ei\u016br\u0117ti veiklos \u017eurnalus.<\/li>\n<li>Nuotoliniu b\u016bdu spr\u0119sti sutrikimus, i\u0161vengiant patikrinim\u0173 skai\u010di\u0173 vietoje.<\/li>\n<\/ul>\n<p>Technin\u0117s specifikacijos:<\/p>\n<ul>\n<li>Galia: 22 kW, 3 faz\u0117s.<\/li>\n<li>Autentifikacija: ISO 14443 (MiFare Classic).<\/li>\n<li>Ekranas: RGB LED b\u016bsenos indikatoriai.<\/li>\n<li>Tinklas: WLAN 802.11b\/g\/n, 2.4 GHz da\u017enis.<\/li>\n<li>Ry\u0161io protokolai: OCPP 1.6, Modbus TCP.<\/li>\n<li>Apkrovos balansavimas: dinaminis vietinis apkrovos balansavimas iki 100 \u012fkrovikli\u0173.<\/li>\n<li>Srov\u0117s reitingas: 32 A.<\/li>\n<\/ul>\n","protected":false},"excerpt":{"rendered":"<p>Tai Europoje sukurta i\u0161mani \u012fkrovimo stotel\u0117, pritaikyti tiek namams, tiek vie\u0161osioms erdv\u0117ms. \u012ekrovimo stotel\u0117se \u012fmontuotas dinaminis apkrovos balansavimas ir yra suderinama su visais Type 2 elektromobiliais. I\u0161manus valdymas per program\u0117l\u0119 ar naudojant RFID &#8211; suteikia patogi\u0105 ir saugi\u0105 \u012fkrovimo patirt\u012f. Patvarus stotel\u0117s korpusas su IP54 ir IK10 reitingais garantuoja ilgaam\u017ei\u0161kum\u0105, o nuotolin\u0117 Ev\u00e5ka Cloud platforma leid\u017eia efektyviai valdyti vis\u0105 \u012fkrovikli\u0173 park\u0105.<\/p>\n","protected":false},"featured_media":10176,"comment_status":"open","ping_status":"closed","template":"","meta":{"_acf_changed":false,"om_disable_all_campaigns":false,"_uf_show_specific_survey":0,"_uf_disable_surveys":false},"pwb-brand":[369],"gamintojas":[373],"product_brand":[],"product_cat":[110],"product_tag":[],"class_list":{"0":"post-10160","1":"product","2":"type-product","3":"status-publish","4":"has-post-thumbnail","6":"pwb-brand-evaka","7":"gamintojas-evaka","8":"product_cat-krovimo-stoteles","9":"product_shipping_class-b-pristatymo-klase","11":"first","12":"instock","13":"sale","14":"taxable","15":"shipping-taxable","16":"purchasable","17":"product-type-simple"},"acf":[],"aioseo_notices":[],"brands":[{"id":369,"name":"Ev\u00e5ka","slug":"evaka"}],"_links":{"self":[{"href":"https:\/\/solaroutlet.lt\/en\/wp-json\/wp\/v2\/product\/10160","targetHints":{"allow":["GET"]}}],"collection":[{"href":"https:\/\/solaroutlet.lt\/en\/wp-json\/wp\/v2\/product"}],"about":[{"href":"https:\/\/solaroutlet.lt\/en\/wp-json\/wp\/v2\/types\/product"}],"replies":[{"embeddable":true,"href":"https:\/\/solaroutlet.lt\/en\/wp-json\/wp\/v2\/comments?post=10160"}],"wp:featuredmedia":[{"embeddable":true,"href":"https:\/\/solaroutlet.lt\/en\/wp-json\/wp\/v2\/media\/10176"}],"wp:attachment":[{"href":"https:\/\/solaroutlet.lt\/en\/wp-json\/wp\/v2\/media?parent=10160"}],"wp:term":[{"taxonomy":"pwb-brand","embeddable":true,"href":"https:\/\/solaroutlet.lt\/en\/wp-json\/wp\/v2\/pwb-brand?post=10160"},{"taxonomy":"gamintojas","embeddable":true,"href":"https:\/\/solaroutlet.lt\/en\/wp-json\/wp\/v2\/gamintojas?post=10160"},{"taxonomy":"product_brand","embeddable":true,"href":"https:\/\/solaroutlet.lt\/en\/wp-json\/wp\/v2\/product_brand?post=10160"},{"taxonomy":"product_cat","embeddable":true,"href":"https:\/\/solaroutlet.lt\/en\/wp-json\/wp\/v2\/product_cat?post=10160"},{"taxonomy":"product_tag","embeddable":true,"href":"https:\/\/solaroutlet.lt\/en\/wp-json\/wp\/v2\/product_tag?post=10160"}],"curies":[{"name":"wp","href":"https:\/\/api.w.org\/{rel}","templated":true}]}}