{"id":10310,"date":"2025-12-05T11:16:48","date_gmt":"2025-12-05T08:16:48","guid":{"rendered":"https:\/\/solaroutlet.lt\/?post_type=product&#038;p=10310"},"modified":"2025-12-05T11:17:17","modified_gmt":"2025-12-05T08:17:17","slug":"gree-versati-iv-split-122-125-kw-silumos-siurblys-oras-vanduo","status":"publish","type":"product","link":"https:\/\/solaroutlet.lt\/en\/produktas\/gree-versati-iv-split-122-125-kw-silumos-siurblys-oras-vanduo\/","title":{"rendered":"Gree Versati IV SPLIT, 12,2\/12,5 kW &#8211; \u0160ilumos siurblys oras\/vanduo"},"content":{"rendered":"<p><strong>Gree Versati IV SPLIT, 12,2\/12,5 kW \u2013 tai \u0161iuolaiki\u0161kas, ketvirtosios kartos oras-vanduo \u0161ilumos siurblys, sukurtas maksimalaus komforto garantavimui, auk\u0161tam energetiniam efektyvumui, ir patikimam darbui net at\u0161iauriomis s\u0105lygomis.<\/strong> Prietaisas yra patvarus tiek naujos statybos A+\/A++ klas\u0117s namams, tiek renovuotiems b\u016bstams, kuriuose itin svarbus taupus energijos vartojimas bei tylus ir stabilus \u0161ildymo sistemos darbas. \u0160ilumos siurblys labiausiai tinka didelio ploto namams su dideliu kar\u0161to vandens poreikiu. Yra integruota f-ja u\u017erakinimo apsauga nuo vaik\u0173.<\/p>\n<p>SPLIT tipo prietaiso konstrukcija leid\u017eia <strong>optimizuoti efektyvum\u0105<\/strong> bei suma\u017einti triuk\u0161m\u0105 viduje. \u0160ilumos siurblys naudoja R32 \u0161altne\u0161\u012f, kuris pasi\u017eymi <strong>didesniu energetiniu efektyvumu <\/strong>ir ma\u017eesniu poveikiu aplinkai.<\/p>\n<p>Gree Versati IV \u012frenginiai pasi\u017eymi <strong>auk\u0161tu COP<\/strong> \u2013 net iki 5,08, tod\u0117l i\u0161 vieno kW elektros energijos, galima i\u0161gauti net 5,08 kW \u0161ilumos. Prietaisas palaiko efektyv\u0173 darb\u0105 iki -30\u00b0C lauko temperat\u016bros. \u012erenginio v\u0117sinimo re\u017eimas taip pat pasi\u017eymi auk\u0161tu naudingumo koeficientu, EER, kuris siekia 4,00. Nominali \u012frenginio \u0161ildymo galia, kai T=+7\u00b0C\/+35\u00b0C \u2013 12,2 kW, o v\u0117sinimo galia kai T=+35\u00b0C\/+18\u00b0C \u2013 12,5 kW.<\/p>\n<p>\u0160ilumos siurblio valdymas \u2013 itin patogus. Yra <strong>integruotas lie\u010diamas spalvotas valdiklis<\/strong> ir WiFi modulis, tad sistem\u0105 galima <strong>steb\u0117ti ir valdyti telefonu<\/strong>. Rezervinis elektrinis kaitinimo elementas (3+3 kW), kuris suteikia papildomo saugumo ekstremaliomis s\u0105lygomis. Kadangi modelis neturi jau integruoto boilerio, kar\u0161to vandens ruo\u0161imui rekomenduojama prijungti i\u0161orin\u0119 boilerio talp\u0105. Boilerio derinimas su \u0161ilumos siurbliu, leid\u017eia suma\u017einti energijos s\u0105naudas &#8211; \u0161ilumos siurblys dirba efektyviai, o boileris laiko vanden\u012f izoliuotame rezerve. \u012e sistem\u0105 tiekiamas vanduo pa\u0161ildomas iki +55\u00b0C.<\/p>\n<p>Technin\u0117s savyb\u0117s:<\/p>\n<ul>\n<li>Nominali \u0161ildymo galia (grindinis \u0161ildymas): 12,2 kW.<\/li>\n<li>Nominali v\u0117sinimo galia (grind\u0173 v\u0117sinimas): 12,5 kW.<\/li>\n<li>COP: iki 5,08.<\/li>\n<li>EER: 4,0.<\/li>\n<li>\u0160altne\u0161is: R32.<\/li>\n<li>Efektyvus \u0161ildymas nuo -30\u00b0C iki +35\u00b0C lauko temperat\u016bros.<\/li>\n<li>Efektyvus v\u0117sinimas nuo +10\u00b0C iki +48\u00b0C lauko temperat\u016bros.<\/li>\n<li>Energijos efektyvumo klas\u0117: A.<\/li>\n<li>Elektros srov\u0117: trifazis.<\/li>\n<li>Rezervinis kaitinimo elementas: 3+3 kW.<\/li>\n<li>Triuk\u0161mo lygis (vidin\u0117 dalis): 43 dB.<\/li>\n<li>Triuk\u0161mo lygis (i\u0161orin\u0117 dalis): 64 dB.<\/li>\n<li>Svoris (vidin\u0117 dalis): 51 kg.<\/li>\n<li>Svoris (i\u0161orin\u0117 dalis): 111 kg.<\/li>\n<li>Integruotas WiFi valdymas mobiliuoju telefonu.<\/li>\n<li>Valdiklis su spalvotu ekranu.<\/li>\n<li>Galimyb\u0117 prijungti boiler\u012f kar\u0161to vandens ruo\u0161imui.<\/li>\n<li>Integruota v\u0117sinimo funkcija.<\/li>\n<li>Integruotas lauko bloko dugno pa\u0161ildymo kabelis.<\/li>\n<\/ul>\n","protected":false},"excerpt":{"rendered":"<p>Tai novatori\u0161kas, ketvirtosios kartos oras-vanduo \u0161ilumos siurblys, specialiai sukurtas maksimaliam komfortui garantuoti.<\/p>\n<ul>\n<li>Nominali \u0161ildymo galia (grindinis \u0161ildymas): 12,2 kW.<\/li>\n<li>Nominali v\u0117sinimo galia (grind\u0173 v\u0117sinimas): 12,5 kW.<\/li>\n<li>COP: iki 5,08.<\/li>\n<li>EER: 4,0.<\/li>\n<li>\u0160altne\u0161is: R32.<\/li>\n<li>Efektyvus \u0161ildymas nuo -30\u00b0C iki +35\u00b0C lauko temperat\u016bros.<\/li>\n<li>Efektyvus v\u0117sinimas nuo +10\u00b0C iki +48\u00b0C lauko temperat\u016bros.<\/li>\n<li>Energijos efektyvumo klas\u0117: A.<\/li>\n<li>Elektros srov\u0117: trifazis.<\/li>\n<li>Rezervinis kaitinimo elementas: 3+3 kW.<\/li>\n<li>Triuk\u0161mo lygis (vidin\u0117 dalis): 43 dB.<\/li>\n<li>Triuk\u0161mo lygis (i\u0161orin\u0117 dalis): 64 dB.<\/li>\n<li>Svoris (vidin\u0117 dalis): 51 kg.<\/li>\n<li>Svoris (i\u0161orin\u0117 dalis): 111 kg.<\/li>\n<\/ul>\n","protected":false},"featured_media":10429,"comment_status":"open","ping_status":"closed","template":"","meta":{"_acf_changed":false,"om_disable_all_campaigns":false,"_uf_show_specific_survey":0,"_uf_disable_surveys":false},"pwb-brand":[398],"gamintojas":[404],"product_brand":[],"product_cat":[268,267],"product_tag":[],"class_list":{"0":"post-10310","1":"product","2":"type-product","3":"status-publish","4":"has-post-thumbnail","6":"pwb-brand-gree-electric-appliances","7":"gamintojas-gree","8":"product_cat-oras-vanduo","9":"product_cat-silumos-siurbliai","11":"first","12":"instock","13":"taxable","14":"shipping-taxable","15":"purchasable","16":"product-type-simple"},"acf":[],"aioseo_notices":[],"brands":[{"id":398,"name":"GREE electric appliances","slug":"gree-electric-appliances"}],"_links":{"self":[{"href":"https:\/\/solaroutlet.lt\/en\/wp-json\/wp\/v2\/product\/10310","targetHints":{"allow":["GET"]}}],"collection":[{"href":"https:\/\/solaroutlet.lt\/en\/wp-json\/wp\/v2\/product"}],"about":[{"href":"https:\/\/solaroutlet.lt\/en\/wp-json\/wp\/v2\/types\/product"}],"replies":[{"embeddable":true,"href":"https:\/\/solaroutlet.lt\/en\/wp-json\/wp\/v2\/comments?post=10310"}],"wp:featuredmedia":[{"embeddable":true,"href":"https:\/\/solaroutlet.lt\/en\/wp-json\/wp\/v2\/media\/10429"}],"wp:attachment":[{"href":"https:\/\/solaroutlet.lt\/en\/wp-json\/wp\/v2\/media?parent=10310"}],"wp:term":[{"taxonomy":"pwb-brand","embeddable":true,"href":"https:\/\/solaroutlet.lt\/en\/wp-json\/wp\/v2\/pwb-brand?post=10310"},{"taxonomy":"gamintojas","embeddable":true,"href":"https:\/\/solaroutlet.lt\/en\/wp-json\/wp\/v2\/gamintojas?post=10310"},{"taxonomy":"product_brand","embeddable":true,"href":"https:\/\/solaroutlet.lt\/en\/wp-json\/wp\/v2\/product_brand?post=10310"},{"taxonomy":"product_cat","embeddable":true,"href":"https:\/\/solaroutlet.lt\/en\/wp-json\/wp\/v2\/product_cat?post=10310"},{"taxonomy":"product_tag","embeddable":true,"href":"https:\/\/solaroutlet.lt\/en\/wp-json\/wp\/v2\/product_tag?post=10310"}],"curies":[{"name":"wp","href":"https:\/\/api.w.org\/{rel}","templated":true}]}}