{"id":10311,"date":"2025-12-05T10:58:35","date_gmt":"2025-12-05T07:58:35","guid":{"rendered":"https:\/\/solaroutlet.lt\/?post_type=product&#038;p=10311"},"modified":"2025-12-05T10:58:35","modified_gmt":"2025-12-05T07:58:35","slug":"gree-versati-ii-140-126kw-s1gre-oras-vanduo-silumos-siurblio-lauko-blokas","status":"publish","type":"product","link":"https:\/\/solaroutlet.lt\/en\/produktas\/gree-versati-ii-140-126kw-s1gre-oras-vanduo-silumos-siurblio-lauko-blokas\/","title":{"rendered":"Gree Versati II 14,0\/12,6kW, S1GRE &#8211; Oras\/vanduo \u0161ilumos siurblio lauko blokas"},"content":{"rendered":"<p><strong>Gree Versati II 14,0\/12,6kW i\u0161orin\u0117 dalis \u2013 tai patikimas ir veiksmingas antrosios kartos oras-vanduo \u0161ilumos siurblio lauko blokas<\/strong>. \u012erenginys skirtas \u0161ildymo, v\u0117sinimo, ir kar\u0161to vandens ruo\u0161imo sistemoms. Versati II serija yra patikima,<strong> laiko patikrinta<\/strong>, turi palanki\u0105 kain\u0105, ir stabiliai auk\u0161t\u0105 efektyvum\u0105 net ir \u017eemose lauko temperat\u016brose. Prietaisas idealiai tinka A+\/A++ klas\u0117s gyvenamiesiems objektams su radiatorin\u0117mis arba mi\u0161riomis sistemomis. Prietaisas idealiai tinka tiems, kuriems reikalinga didelis \u0161ildymo galingumas.<\/p>\n<p>\u0160is \u0161ilumos siurblio lauko blokas yra naudojamas kaip pagrindin\u0117 energijos surinkimo dalis, kuri perduoda \u0161ilum\u0105 i\u0161 aplinkos \u012f vidin\u0119 \u0161ilumos siurblio sistem\u0105. Lauko bloke \u012fmontuotas<strong> inverterinis kompresorius<\/strong>, kuris optimizuoja darb\u0105 pagal momentin\u012f \u0161ilumos poreik\u012f \u2013 tad suma\u017e\u0117ja elektros s\u0105naudos ir padid\u0117ja bendras sistemos ilgaam\u017ei\u0161kumas. Lauko blokas geba efektyviai i\u0161naudoti elektr\u0105 \u0161ildymo ir v\u0117sinimo procesams.<\/p>\n<p>\u012erenginys taip pat pasi\u017eymi patvaria konstrukcija ir apsauga nuo korozijos, tod\u0117l tinka darbui \u012fvairiomis klimato s\u0105lygomis. Integruotas plok\u0161telinis \u0161ilumokaitis garantuoja ger\u0105 <strong>\u0161ilumos perdavimo efektyvum\u0105<\/strong> ir atsparum\u0105 \u0161iluminiams svyravimams. Tai itin svarbu norint i\u0161laikyti stabil\u0173 veikim\u0105 ilgus metus. \u012erenginys suderinamas su hidrauliniais moduliais ir boileriais, tad \u0161\u012f blok\u0105 galima naudoti \u012fvairiuose sistem\u0173 sprendimuose.<\/p>\n<p>Nedideli prietaiso matmenys leid\u017eia patogiai sumontuoti i\u0161orin\u012f blok\u0105 prie pastato sienos ar kitoje tam tikroje vietoje. \u0160i dalis turi svarbiausius lauko \u012frangai b\u016bdingus komponentus \u2013 kompresori\u0173, ventiliatori\u0173, \u0161altne\u0161io kont\u016br\u0105, apsaug\u0105 nuo u\u017e\u0161alimo, bei kitus elementus, reikalingus efektyviam \u012frangos darbui.<\/p>\n<p>Technin\u0117s savyb\u0117s:<\/p>\n<ul>\n<li>Tipas: i\u0161orin\u0117 oras-vanduo \u0161ilumos siurblio dalis.<\/li>\n<li>Maitinimas: vienfazis..<\/li>\n<li>\u0160ilumokai\u010dio tipas: plok\u0161telinis.<\/li>\n<li>Triuk\u0161mo lygis: 57 dB.<\/li>\n<li>Kompresorius: inverterinis.<\/li>\n<li>Paskirtis: didesnio ploto namams \u0161ildyti ir v\u0117sinti.<\/li>\n<li>Komplektuojamas su vidine 14,0dalimi (kodas GRS-CQ14.0PD\/NAE-M(I)).<\/li>\n<\/ul>\n","protected":false},"excerpt":{"rendered":"<p>Gree Versati II \u0161ilumos siurblio lauko blokas \u2013 kompakti\u0161kas ir efektyvus oras-vanduo sprendimas ma\u017eiems ir energeti\u0161kai aktyviems namams. \u012erenginys pasi\u017eymi patikimu veikimu iki -25 \u00b0C, A++ energetine klase, ir stabiliu \u0161ildymo bei v\u0117sinimo darbu visais sezonais. \u0160i i\u0161orin\u0117 dalis suderinama su Versati II hidrauliniu moduliu, garantuojant ilgaam\u017e\u012f ir ekonomi\u0161k\u0105 sistemos veikim\u0105.<\/p>\n","protected":false},"featured_media":10445,"comment_status":"open","ping_status":"closed","template":"","meta":{"_acf_changed":false,"om_disable_all_campaigns":false,"_uf_show_specific_survey":0,"_uf_disable_surveys":false},"pwb-brand":[398],"gamintojas":[],"product_brand":[],"product_cat":[399,400,401],"product_tag":[],"class_list":{"0":"post-10311","1":"product","2":"type-product","3":"status-publish","4":"has-post-thumbnail","6":"pwb-brand-gree-electric-appliances","7":"product_cat-atsinaujinancios-energijos-iranga","8":"product_cat-silumos-siurbliai","9":"product_cat-silumos-siurbliai-oras-vanduo","11":"first","12":"instock","13":"taxable","14":"shipping-taxable","15":"purchasable","16":"product-type-simple"},"acf":[],"aioseo_notices":[],"brands":[{"id":398,"name":"GREE electric appliances","slug":"gree-electric-appliances"}],"_links":{"self":[{"href":"https:\/\/solaroutlet.lt\/en\/wp-json\/wp\/v2\/product\/10311","targetHints":{"allow":["GET"]}}],"collection":[{"href":"https:\/\/solaroutlet.lt\/en\/wp-json\/wp\/v2\/product"}],"about":[{"href":"https:\/\/solaroutlet.lt\/en\/wp-json\/wp\/v2\/types\/product"}],"replies":[{"embeddable":true,"href":"https:\/\/solaroutlet.lt\/en\/wp-json\/wp\/v2\/comments?post=10311"}],"wp:featuredmedia":[{"embeddable":true,"href":"https:\/\/solaroutlet.lt\/en\/wp-json\/wp\/v2\/media\/10445"}],"wp:attachment":[{"href":"https:\/\/solaroutlet.lt\/en\/wp-json\/wp\/v2\/media?parent=10311"}],"wp:term":[{"taxonomy":"pwb-brand","embeddable":true,"href":"https:\/\/solaroutlet.lt\/en\/wp-json\/wp\/v2\/pwb-brand?post=10311"},{"taxonomy":"gamintojas","embeddable":true,"href":"https:\/\/solaroutlet.lt\/en\/wp-json\/wp\/v2\/gamintojas?post=10311"},{"taxonomy":"product_brand","embeddable":true,"href":"https:\/\/solaroutlet.lt\/en\/wp-json\/wp\/v2\/product_brand?post=10311"},{"taxonomy":"product_cat","embeddable":true,"href":"https:\/\/solaroutlet.lt\/en\/wp-json\/wp\/v2\/product_cat?post=10311"},{"taxonomy":"product_tag","embeddable":true,"href":"https:\/\/solaroutlet.lt\/en\/wp-json\/wp\/v2\/product_tag?post=10311"}],"curies":[{"name":"wp","href":"https:\/\/api.w.org\/{rel}","templated":true}]}}