{"id":10323,"date":"2025-12-04T11:04:47","date_gmt":"2025-12-04T08:04:47","guid":{"rendered":"https:\/\/solaroutlet.lt\/?post_type=product&#038;p=10323"},"modified":"2025-12-04T11:10:03","modified_gmt":"2025-12-04T08:10:03","slug":"s1gre-oras-vanduo-silumos-siurblio-lauko-blokas-gree-versati-iii-40-39kw","status":"publish","type":"product","link":"https:\/\/solaroutlet.lt\/en\/produktas\/s1gre-oras-vanduo-silumos-siurblio-lauko-blokas-gree-versati-iii-40-39kw\/","title":{"rendered":"Gree Versati III 4,0\/3,9kW, S1GRE- oras\/vanduo \u0161ilumos siurblio lauko blokas"},"content":{"rendered":"<p><strong>Gree Versati III 4,0\/3,9kW i\u0161orin\u0117 dalis \u2013 tai patikimas ir veiksmingas tre\u010diosios kartos oras-vanduo \u0161ilumos siurblio lauko blokas<\/strong>. \u012erenginys skirtas \u0161ildymo, v\u0117sinimo, ir kar\u0161to vandens ruo\u0161imo sistemoms. Versati III serija i\u0161siskiria savo ilgaam\u017ei\u0161kumu, palankia kaina, ir <strong>stabiliai auk\u0161tu efektyvumu<\/strong> net ir \u017eemose lauko temperat\u016brose. Prietaisas idealiai tinka A+\/A++ klas\u0117s gyvenamiesiems objektams.<\/p>\n<p>\u0160is \u0161ilumos siurblio lauko blokas yra naudojamas kaip <strong>pagrindin\u0117 energijos surinkimo dalis<\/strong>, kuri perduoda \u0161ilum\u0105 i\u0161 aplinkos \u012f vidin\u0119 \u0161ilumos siurblio sistem\u0105. Lauko bloke \u012fmontuotas inverterinis kompresorius, kuris <strong>optimizuoja darb\u0105<\/strong> pagal momentin\u012f \u0161ilumos poreik\u012f \u2013 tad suma\u017e\u0117ja elektros s\u0105naudos ir padid\u0117ja bendras sistemos ilgaam\u017ei\u0161kumas. Maksimalus \u012frenginio efektyvumas siekia net 5,13, o elektrin\u0117 galia siekia iki 780 W, tad lauko blokas geba efektyviai i\u0161naudoti elektr\u0105 \u0161ildymo ir v\u0117sinimo procesams.<\/p>\n<p>\u012erenginys taip pat pasi\u017eymi <strong>patvaria konstrukcija<\/strong> ir apsauga nuo korozijos, tod\u0117l tinka darbui \u012fvairiomis klimato s\u0105lygomis. Integruotas plok\u0161telinis \u0161ilumokaitis garantuoja ger\u0105 \u0161ilumos perdavimo efektyvum\u0105 ir atsparum\u0105 \u0161iluminiams svyravimams. Tai itin svarbu norint i\u0161laikyti stabil\u0173 veikim\u0105 ilgus metus. \u0160ios serijos \u012frenginys suderinamas su hidrauliniais moduliais ir boileriais, tad \u0161\u012f blok\u0105 galima naudoti \u012fvairiuose sistem\u0173 sprendimuose.<\/p>\n<p>Nedideli prietaiso matmenys leid\u017eia patogiai sumontuoti i\u0161orin\u012f blok\u0105 prie pastato sienos ar kitoje tam tikroje vietoje. \u0160i dalis turi svarbiausius lauko \u012frangai b\u016bdingus komponentus \u2013 kompresori\u0173, ventiliatori\u0173, \u0161altne\u0161io kont\u016br\u0105, apsaug\u0105 nuo u\u017e\u0161alimo, bei kitus elementus, reikalingus efektyviam \u012frangos darbui.<\/p>\n<p>Technin\u0117s savyb\u0117s:<\/p>\n<ul>\n<li>Tipas: i\u0161orin\u0117 oras-vanduo \u0161ilumos siurblio dalis.<\/li>\n<li>Maitinimas: vienfazis.<\/li>\n<li>\u0160ildymo galia: 4 kW.<\/li>\n<li>Efektyvumo klas\u0117: A++.<\/li>\n<li>Elektros galia: 780 W.<\/li>\n<li>\u0160ilumokai\u010dio tipas: plok\u0161telinis.<\/li>\n<li>Triuk\u0161mo lygis: 52 dB.<\/li>\n<li>Kompresorius: inverterinis.<\/li>\n<li>Matmenys: 702 x 975 x 396 mm.<\/li>\n<li>Paskirtis: vidutinio ploto namams \u0161ildyti ir v\u0117sinti.<\/li>\n<li>Komplektuojamas su vidine 4 kW dalimi (kodas GRS-CQ4.0PD\/NHH2-E(I)).<\/li>\n<\/ul>\n<p>&nbsp;<\/p>\n","protected":false},"excerpt":{"rendered":"<p>Gree Versati III \u0161ilumos siurblio lauko blokas \u2013 kompakti\u0161kas ir efektyvus oras-vanduo sprendimas ma\u017eiems ir energeti\u0161kai aktyviems namams. \u012erenginys pasi\u017eymi patikimu veikimu iki -25 \u00b0C, A++ energetine klase, ir stabiliu \u0161ildymo bei v\u0117sinimo darbu visais sezonais. \u0160i i\u0161orin\u0117 dalis suderinama su Versati III hidrauliniu moduliu, garantuojant tyl\u0173, ilgaam\u017e\u012f, ir ekonomi\u0161k\u0105 sistemos veikim\u0105.<\/p>\n<ul>\n<li>Maitinimas: vienfazis.<\/li>\n<li>\u0160ildymo galia: 4 kW.<\/li>\n<li>Elektros galia: 780 W.<\/li>\n<li>\u0160ilumokai\u010dio tipas: plok\u0161telinis.<\/li>\n<li>Kompresorius: inverterinis.<\/li>\n<li>Matmenys: 702 x 975 x 396 mm.<\/li>\n<li>Paskirtis: vidutinio ploto namams \u0161ildyti ir v\u0117sinti.<\/li>\n<li>Komplektuojamas su vidine 4 kW dalimi (kodas GRS-CQ4.0PD\/NHH2-E(I)).<\/li>\n<\/ul>\n<p>&nbsp;<\/p>\n","protected":false},"featured_media":10419,"comment_status":"open","ping_status":"closed","template":"","meta":{"_acf_changed":false,"om_disable_all_campaigns":false,"_uf_show_specific_survey":0,"_uf_disable_surveys":false},"pwb-brand":[398],"gamintojas":[404],"product_brand":[],"product_cat":[268,267],"product_tag":[],"class_list":{"0":"post-10323","1":"product","2":"type-product","3":"status-publish","4":"has-post-thumbnail","6":"pwb-brand-gree-electric-appliances","7":"gamintojas-gree","8":"product_cat-oras-vanduo","9":"product_cat-silumos-siurbliai","11":"first","12":"instock","13":"taxable","14":"shipping-taxable","15":"purchasable","16":"product-type-simple"},"acf":[],"aioseo_notices":[],"brands":[{"id":398,"name":"GREE electric appliances","slug":"gree-electric-appliances"}],"_links":{"self":[{"href":"https:\/\/solaroutlet.lt\/en\/wp-json\/wp\/v2\/product\/10323","targetHints":{"allow":["GET"]}}],"collection":[{"href":"https:\/\/solaroutlet.lt\/en\/wp-json\/wp\/v2\/product"}],"about":[{"href":"https:\/\/solaroutlet.lt\/en\/wp-json\/wp\/v2\/types\/product"}],"replies":[{"embeddable":true,"href":"https:\/\/solaroutlet.lt\/en\/wp-json\/wp\/v2\/comments?post=10323"}],"wp:featuredmedia":[{"embeddable":true,"href":"https:\/\/solaroutlet.lt\/en\/wp-json\/wp\/v2\/media\/10419"}],"wp:attachment":[{"href":"https:\/\/solaroutlet.lt\/en\/wp-json\/wp\/v2\/media?parent=10323"}],"wp:term":[{"taxonomy":"pwb-brand","embeddable":true,"href":"https:\/\/solaroutlet.lt\/en\/wp-json\/wp\/v2\/pwb-brand?post=10323"},{"taxonomy":"gamintojas","embeddable":true,"href":"https:\/\/solaroutlet.lt\/en\/wp-json\/wp\/v2\/gamintojas?post=10323"},{"taxonomy":"product_brand","embeddable":true,"href":"https:\/\/solaroutlet.lt\/en\/wp-json\/wp\/v2\/product_brand?post=10323"},{"taxonomy":"product_cat","embeddable":true,"href":"https:\/\/solaroutlet.lt\/en\/wp-json\/wp\/v2\/product_cat?post=10323"},{"taxonomy":"product_tag","embeddable":true,"href":"https:\/\/solaroutlet.lt\/en\/wp-json\/wp\/v2\/product_tag?post=10323"}],"curies":[{"name":"wp","href":"https:\/\/api.w.org\/{rel}","templated":true}]}}