{"id":10327,"date":"2025-12-03T17:14:29","date_gmt":"2025-12-03T14:14:29","guid":{"rendered":"https:\/\/solaroutlet.lt\/?post_type=product&#038;p=10327"},"modified":"2025-12-05T10:59:34","modified_gmt":"2025-12-05T07:59:34","slug":"gree-versati-iii-duo-40-39kw-s1gre-oras-vanduo-silumos-siurblio-vidinis-blokas","status":"publish","type":"product","link":"https:\/\/solaroutlet.lt\/en\/produktas\/gree-versati-iii-duo-40-39kw-s1gre-oras-vanduo-silumos-siurblio-vidinis-blokas\/","title":{"rendered":"Gree Versati III DUO 4,0\/3,9kW, S1GRE- Oras\/vanduo \u0161ilumos siurblio vidinis blokas"},"content":{"rendered":"<p><strong>Gree Versati III DUO 4,0\/3,9kW \u00a0vidin\u0117 dalis \u2013 tai patikimas ir veiksmingas tre\u010diosios kartos oras-vanduo \u0161ilumos siurblio vidinis blokas. \u012erenginys skirtas \u0161ildymo, v\u0117sinimo, ir kar\u0161to vandens ruo\u0161imo sistemoms.<\/strong> Versati III serija i\u0161siskiria savo ilgaam\u017ei\u0161kumu, palankia kaina, ir stabiliai auk\u0161tu efektyvumu net ir \u017eemose lauko temperat\u016brose. Komplekte yra trieigis vo\u017etuvas, patalpos termostatas (temperat\u016bros jutiklis), vandens \u0161ildytuvo valdiklis, signalinis laidas tarp vidin\u0117s ir i\u0161orin\u0117s dalies, grubaus valymo filtras, i\u0161orin\u0117s dalies dugno pa\u0161ildymo kabelis.<\/p>\n<p>\u0160is \u0161ilumos siurblio vidinis blokas yra naudojamas kaip <strong>pagrindin\u0117 energijos surinkimo dalis<\/strong>, kuri perduoda \u0161ilum\u0105 i\u0161 aplinkos \u012f vidin\u0119 \u0161ilumos siurblio sistem\u0105. Maksimalus \u012frenginio efektyvumas siekia net 5,10, o elektrin\u0117 galia siekia iki 3100 W, tad vidinis blokas geba efektyviai i\u0161naudoti elektr\u0105 \u0161ildymo ir v\u0117sinimo procesams. \u0160ioje prietaiso vidin\u0117je dalyje yra <strong>integruota buitinio kar\u0161o vandens talpa<\/strong>, kuri siekia 185 litrus. \u012e sistem\u0105 tiekiamas vanduo gali b\u016bti pa\u0161ildomas iki + 60\u00b0C.<\/p>\n<p>\u012erenginys taip pat pasi\u017eymi <strong>patvaria konstrukcija<\/strong> ir <strong>apsauga nuo korozijos<\/strong>, tod\u0117l tinka darbui \u012fvairiomis klimato s\u0105lygomis. \u0160ilumos siurblio darbiniai parametrai kai T=+7 \u00b0C\/+35 \u00b0C \u2013 nominali \u0161ildymo galia (grindinis \u0161ildymas): 4 kW. Prietaise taip pat itin <strong>auk\u0161tas veikimo koeficienta<\/strong>s (COP) \u2013 net 5,1, o COPd yra 6,39 (A7\/W35 \u00b0C). Prietaiso v\u0117sinimo galia (grind\u0173 v\u0117sinimas), kai T=+35\u00b0C\/+18\u00b0C \u2013 3,8 kW, o naudingo veikimo koeficientas (EER) \u2013 iki 4,63<em>. <\/em>Prietaise taip pat yra integruotas <strong>lietimui jautrus valdymo ekranas<\/strong>, bei yra integruotas WiFi. Prietaise naudojamas \u0161altne\u0161is \u2013 R32.<\/p>\n<p>Integruotas<strong> plok\u0161telinis \u0161ilumokaitis<\/strong> garantuoja ger\u0105 \u0161ilumos perdavimo efektyvum\u0105 ir atsparum\u0105 \u0161iluminiams svyravimams. Tai itin svarbu norint i\u0161laikyti stabil\u0173 veikim\u0105 ilgus metus. \u0160ios serijos \u012frenginys suderinamas su hidrauliniais moduliais ir boileriais, tad \u0161\u012f blok\u0105 galima naudoti \u012fvairiuose sistem\u0173 sprendimuose.<\/p>\n<p>Technin\u0117s savyb\u0117s:<\/p>\n<ul>\n<li>Tipas: i\u0161orin\u0117 oras-vanduo \u0161ilumos siurblio dalis.<\/li>\n<li>\u0160ildymo galia: 4 kW.<\/li>\n<li>Efektyvaus \u0161ildymo veikimo ribos nuo -25 \u00b0C iki +35 \u00b0C, o v\u0117sinimo nuo +10 \u00b0C iki +48 \u00b0C lauko temperat\u016bros.<\/li>\n<li>Efektyvumo klas\u0117: A++.<\/li>\n<li>Naudojamas \u0161altne\u0161is: R32.<\/li>\n<li>Sezoninio efektyvumo koeficientas (COP): iki 5,1.<\/li>\n<li>Elektros galia: 3100 W.<\/li>\n<li>Rezervinis kaitinimo elementas: 1,5+1,5\u00a0kW.<\/li>\n<li>Triuk\u0161mo lygis: 29 dB.<\/li>\n<li>\u0160ilumokai\u010dio tipas: plok\u0161telinis.<\/li>\n<li>Kompresorius: inverterinis.<\/li>\n<li>Matmenys: 1750 x 600 x 600 mm.<\/li>\n<li>Svoris: 209 kg.<\/li>\n<li>Paskirtis: vidutinio ploto namams \u0161ildyti ir v\u0117sinti.<\/li>\n<\/ul>\n<p>Komplektuojamas su i\u0161orine dalimi, kurios kodas S1GRE-GRS-CQ4.0PD\/NHH-E(O).<\/p>\n","protected":false},"excerpt":{"rendered":"<p>Gree Versati III SPLIT \u0161ilumos siurblio vidinis blokas &#8211; tai kompakti\u0161kas hidraulinis modulis, skirtas kar\u0161to vandens ruo\u0161imu, v\u0117sinimo, ir \u0161ildymo sistemoms valdyti. Prietaise integruotas plok\u0161telinis \u0161ilumokaitis, A klas\u0117s cirkuliacinis siurblys, temperat\u016bros jutikliai, tod\u0117l stabilus ir efektyvus sistemos darbas yra garantuotas.<\/p>\n<ul>\n<li>\u0160ildymo galia: 4 kW.<\/li>\n<li>Efektyvaus \u0161ildymo veikimo ribos nuo -25 \u00b0C iki +35 \u00b0C, o v\u0117sinimo nuo +10 \u00b0C iki +48 \u00b0C lauko temperat\u016bros.<\/li>\n<li>Efektyvumo klas\u0117: A++.<\/li>\n<li>Naudojamas \u0161altne\u0161is: R32.<\/li>\n<li>Sezoninio efektyvumo koeficientas (COP): iki 5,1.<\/li>\n<li>Elektros galia: 3100 W.<\/li>\n<li>Rezervinis kaitinimo elementas: 1,5+1,5\u00a0kW.<\/li>\n<li>Triuk\u0161mo lygis: 29 dB.<\/li>\n<li>Matmenys: 1750 x 600 x 600 mm.<\/li>\n<li>Svoris: 209 kg.<\/li>\n<\/ul>\n","protected":false},"featured_media":10421,"comment_status":"open","ping_status":"closed","template":"","meta":{"_acf_changed":false,"om_disable_all_campaigns":false,"_uf_show_specific_survey":0,"_uf_disable_surveys":false},"pwb-brand":[398],"gamintojas":[404],"product_brand":[],"product_cat":[268,267],"product_tag":[],"class_list":{"0":"post-10327","1":"product","2":"type-product","3":"status-publish","4":"has-post-thumbnail","6":"pwb-brand-gree-electric-appliances","7":"gamintojas-gree","8":"product_cat-oras-vanduo","9":"product_cat-silumos-siurbliai","11":"first","12":"instock","13":"taxable","14":"shipping-taxable","15":"purchasable","16":"product-type-simple"},"acf":[],"aioseo_notices":[],"brands":[{"id":398,"name":"GREE electric appliances","slug":"gree-electric-appliances"}],"_links":{"self":[{"href":"https:\/\/solaroutlet.lt\/en\/wp-json\/wp\/v2\/product\/10327","targetHints":{"allow":["GET"]}}],"collection":[{"href":"https:\/\/solaroutlet.lt\/en\/wp-json\/wp\/v2\/product"}],"about":[{"href":"https:\/\/solaroutlet.lt\/en\/wp-json\/wp\/v2\/types\/product"}],"replies":[{"embeddable":true,"href":"https:\/\/solaroutlet.lt\/en\/wp-json\/wp\/v2\/comments?post=10327"}],"wp:featuredmedia":[{"embeddable":true,"href":"https:\/\/solaroutlet.lt\/en\/wp-json\/wp\/v2\/media\/10421"}],"wp:attachment":[{"href":"https:\/\/solaroutlet.lt\/en\/wp-json\/wp\/v2\/media?parent=10327"}],"wp:term":[{"taxonomy":"pwb-brand","embeddable":true,"href":"https:\/\/solaroutlet.lt\/en\/wp-json\/wp\/v2\/pwb-brand?post=10327"},{"taxonomy":"gamintojas","embeddable":true,"href":"https:\/\/solaroutlet.lt\/en\/wp-json\/wp\/v2\/gamintojas?post=10327"},{"taxonomy":"product_brand","embeddable":true,"href":"https:\/\/solaroutlet.lt\/en\/wp-json\/wp\/v2\/product_brand?post=10327"},{"taxonomy":"product_cat","embeddable":true,"href":"https:\/\/solaroutlet.lt\/en\/wp-json\/wp\/v2\/product_cat?post=10327"},{"taxonomy":"product_tag","embeddable":true,"href":"https:\/\/solaroutlet.lt\/en\/wp-json\/wp\/v2\/product_tag?post=10327"}],"curies":[{"name":"wp","href":"https:\/\/api.w.org\/{rel}","templated":true}]}}