{"id":10328,"date":"2025-12-04T09:52:22","date_gmt":"2025-12-04T06:52:22","guid":{"rendered":"https:\/\/solaroutlet.lt\/?post_type=product&#038;p=10328"},"modified":"2025-12-05T10:58:33","modified_gmt":"2025-12-05T07:58:33","slug":"gree-versati-iv-duo-43-45kw-silumos-siurblys-oras-vanduo","status":"publish","type":"product","link":"https:\/\/solaroutlet.lt\/en\/produktas\/gree-versati-iv-duo-43-45kw-silumos-siurblys-oras-vanduo\/","title":{"rendered":"Gree Versati IV DUO 4,3\/4,5kW \u0161ilumos siurblys oras\/vanduo"},"content":{"rendered":"<p><strong>Gree Versati IV DUO 4,3\/4,5kW \u2013 tai \u0161iuolaiki\u0161kas, ketvirtosios kartos oras-vanduo \u0161ilumos siurblys, sukurtas maksimalaus komforto garantavimui, auk\u0161tam energetiniam efektyvumui, ir patikimam darbui net at\u0161iauriomis s\u0105lygomis. <\/strong>I\u0161orinis blokas yra juodos spalvos.\u00a0Prietaisas yra patvarus tiek naujos statybos A+\/A++ klas\u0117s namams, tiek renovuotiems b\u016bstams, kuriuose itin svarbus taupus energijos vartojimas bei tylus ir stabilus \u0161ildymo sistemos darbas.<\/p>\n<p>DUO tipo prietaiso konstrukcija leid\u017eia <strong>optimizuoti efektyvum\u0105<\/strong> bei suma\u017einti triuk\u0161m\u0105 viduje. \u0160ilumos siurblys naudoja R32 \u0161altne\u0161\u012f, kuris pasi\u017eymi <strong>didesniu energetiniu efektyvumu <\/strong>ir ma\u017eesniu poveikiu aplinkai. Yra integruotas A klas\u0117s cirkuliacinis siurblys.<\/p>\n<p>Gree Versati IV \u012frenginiai pasi\u017eymi <strong>auk\u0161tu COP<\/strong> \u2013 net iki 5,45, tod\u0117l i\u0161 vieno kW elektros energijos, galima i\u0161gauti net 5,45 kW \u0161ilumos. Prietaisas palaiko efektyv\u0173 darb\u0105 iki -30\u00b0C lauko temperat\u016bros.<\/p>\n<p>Nominali \u012frenginio \u0161ildymo galia, kai T=+7\u00b0C\/+35\u00b0C \u2013 4,3 kW, o v\u0117sinimo galia kai T=+35\u00b0C\/+18\u00b0C \u2013 4,5 kW.<\/p>\n<p>\u0160ilumos siurblio valdymas \u2013 itin patogus. Yra <strong>integruotas lie\u010diamas spalvotas valdiklis<\/strong> ir WiFi modulis, tad sistem\u0105 galima <strong>steb\u0117ti ir valdyti telefonu<\/strong>. \u0160ilumos siurblys taip pat palaiko kelis specialius veikimo re\u017eimus: tylaus veikimo funkcija, atostog\u0173 re\u017eimas (gali palaikyti \u017eem\u0105 temperat\u016bra ilgalaik\u0117s i\u0161vykos metu), ir sterilizacijos re\u017eimas, skirtas kar\u0161to vandens dezinfekcijai.<\/p>\n<p>Rezervinis elektrinis kaitinimo elementas (1,5+1,5 kW), kuris suteikia papildomo saugumo ekstremaliomis s\u0105lygomis. \u0160ilumos siurblio vidin\u0117je dalyje taip pat yra integruotas boileris, tod\u0117l nereikia atskiro vandens \u0161ildytuvo. Kar\u0161tas vanduo yra paruo\u0161iamas ekonomi\u0161kiau<\/p>\n<p>Technin\u0117s savyb\u0117s:<\/p>\n<ul>\n<li>Nominali \u0161ildymo galia (grindinis \u0161ildymas): 4,3 kW.<\/li>\n<li>Nominali v\u0117sinimo galia (grind\u0173 v\u0117sinimas): 4,5 kW.<\/li>\n<li>COP: iki 5,45.<\/li>\n<li>EER: 5,4.<\/li>\n<li>\u0160altne\u0161is: R32.<\/li>\n<li>Efektyvus \u0161ildymas nuo -30\u00b0C iki +35\u00b0C lauko temperat\u016bros.<\/li>\n<li>Efektyvus v\u0117sinimas nuo +10\u00b0C iki +48\u00b0C lauko temperat\u016bros.<\/li>\n<li>Energijos efektyvumo klas\u0117: A.<\/li>\n<li>Elektros srov\u0117: vienfaz\u0117.<\/li>\n<li>Rezervinis kaitinimo elementas: 1,5+1,5 kW.<\/li>\n<li>Triuk\u0161mo lygis (vidin\u0117 dalis): 43 dB.<\/li>\n<li>Svoris: 193 kg..<\/li>\n<li>Integruotas WiFi valdymas mobiliuoju telefonu.<\/li>\n<li>Valdiklis su spalvotu ekranu.<\/li>\n<li>3 veikimo re\u017eimai: tylusis, atostog\u0173, sterilizacijos.<\/li>\n<li>Integruota v\u0117sinimo funkcija.<\/li>\n<\/ul>\n<p>\u012erenginys turi Eurovent sertifikat\u0105.<\/p>\n","protected":false},"excerpt":{"rendered":"<p>Tai novatori\u0161kas, ketvirtosios kartos oras-vanduo \u0161ilumos siurblys, specialiai sukurtas maksimaliam komfortui garantuoti.<\/p>\n<ul>\n<li>Nominali \u0161ildymo galia (grindinis \u0161ildymas): 4,3 kW.<\/li>\n<li>Nominali v\u0117sinimo galia (grind\u0173 v\u0117sinimas): 4,5 kW.<\/li>\n<li>COP: iki 5,45.<\/li>\n<li>EER: 5,4.<\/li>\n<li>\u0160altne\u0161is: R32.<\/li>\n<li>Efektyvus \u0161ildymas nuo -30\u00b0C iki +35\u00b0C lauko temperat\u016bros.<\/li>\n<li>Efektyvus v\u0117sinimas nuo +10\u00b0C iki +48\u00b0C lauko temperat\u016bros.<\/li>\n<li>Rezervinis kaitinimo elementas: 1,5+1,5 kW.<\/li>\n<li>Triuk\u0161mo lygis (vidin\u0117 dalis): 43 dB.<\/li>\n<li>Svoris: 193 kg..<\/li>\n<li>Integruotas WiFi valdymas mobiliuoju telefonu.<\/li>\n<li>Valdiklis su spalvotu ekranu.<\/li>\n<li>3 veikimo re\u017eimai: tylusis, atostog\u0173, sterilizacijos.<\/li>\n<\/ul>\n","protected":false},"featured_media":10417,"comment_status":"open","ping_status":"closed","template":"","meta":{"_acf_changed":false,"om_disable_all_campaigns":false,"_uf_show_specific_survey":0,"_uf_disable_surveys":false},"pwb-brand":[398],"gamintojas":[404],"product_brand":[],"product_cat":[268,267],"product_tag":[],"class_list":{"0":"post-10328","1":"product","2":"type-product","3":"status-publish","4":"has-post-thumbnail","6":"pwb-brand-gree-electric-appliances","7":"gamintojas-gree","8":"product_cat-oras-vanduo","9":"product_cat-silumos-siurbliai","11":"first","12":"instock","13":"taxable","14":"shipping-taxable","15":"purchasable","16":"product-type-simple"},"acf":[],"aioseo_notices":[],"brands":[{"id":398,"name":"GREE electric appliances","slug":"gree-electric-appliances"}],"_links":{"self":[{"href":"https:\/\/solaroutlet.lt\/en\/wp-json\/wp\/v2\/product\/10328","targetHints":{"allow":["GET"]}}],"collection":[{"href":"https:\/\/solaroutlet.lt\/en\/wp-json\/wp\/v2\/product"}],"about":[{"href":"https:\/\/solaroutlet.lt\/en\/wp-json\/wp\/v2\/types\/product"}],"replies":[{"embeddable":true,"href":"https:\/\/solaroutlet.lt\/en\/wp-json\/wp\/v2\/comments?post=10328"}],"wp:featuredmedia":[{"embeddable":true,"href":"https:\/\/solaroutlet.lt\/en\/wp-json\/wp\/v2\/media\/10417"}],"wp:attachment":[{"href":"https:\/\/solaroutlet.lt\/en\/wp-json\/wp\/v2\/media?parent=10328"}],"wp:term":[{"taxonomy":"pwb-brand","embeddable":true,"href":"https:\/\/solaroutlet.lt\/en\/wp-json\/wp\/v2\/pwb-brand?post=10328"},{"taxonomy":"gamintojas","embeddable":true,"href":"https:\/\/solaroutlet.lt\/en\/wp-json\/wp\/v2\/gamintojas?post=10328"},{"taxonomy":"product_brand","embeddable":true,"href":"https:\/\/solaroutlet.lt\/en\/wp-json\/wp\/v2\/product_brand?post=10328"},{"taxonomy":"product_cat","embeddable":true,"href":"https:\/\/solaroutlet.lt\/en\/wp-json\/wp\/v2\/product_cat?post=10328"},{"taxonomy":"product_tag","embeddable":true,"href":"https:\/\/solaroutlet.lt\/en\/wp-json\/wp\/v2\/product_tag?post=10328"}],"curies":[{"name":"wp","href":"https:\/\/api.w.org\/{rel}","templated":true}]}}