{"id":10339,"date":"2025-12-02T17:00:24","date_gmt":"2025-12-02T14:00:24","guid":{"rendered":"https:\/\/solaroutlet.lt\/?post_type=product&#038;p=10339"},"modified":"2025-12-05T11:10:53","modified_gmt":"2025-12-05T08:10:53","slug":"gree-versati-iii-duo-80-77kw-s1gre-oras-vanduo-silumos-siurblio-vidinis-blokas","status":"publish","type":"product","link":"https:\/\/solaroutlet.lt\/en\/produktas\/gree-versati-iii-duo-80-77kw-s1gre-oras-vanduo-silumos-siurblio-vidinis-blokas\/","title":{"rendered":"Gree Versati III DUO 8,0\/7,7kW, S1GRE- Oras\/vanduo \u0161ilumos siurblio vidinis blokas"},"content":{"rendered":"<p><strong>Gree Versati III DUO 8,0\/7,7 kW vidin\u0117 dalis \u2013 tai patikimas ir veiksmingas tre\u010diosios kartos oras-vanduo \u0161ilumos siurblio vidinis blokas. \u012erenginys skirtas \u0161ildymo, v\u0117sinimo, ir kar\u0161to vandens ruo\u0161imo sistemoms.<\/strong> Versati III serija i\u0161siskiria savo <strong>ilgaam\u017ei\u0161kumu<\/strong>, palankia kaina, ir <strong>stabiliai auk\u0161tu efektyvumu<\/strong> net ir \u017eemose lauko temperat\u016brose. Komplekte yra trieigis vo\u017etuvas, patalpos termostatas (temperat\u016bros jutiklis), vandens \u0161ildytuvo valdiklis, signalinis laidas tarp vidin\u0117s ir i\u0161orin\u0117s dalies, grubaus valymo filtras, i\u0161orin\u0117s dalies dugno pa\u0161ildymo kabelis.<\/p>\n<p>\u0160is \u0161ilumos siurblio vidinis blokas yra naudojamas kaip <strong>pagrindin\u0117 energijos surinkimo dalis<\/strong>, kuri perduoda \u0161ilum\u0105 i\u0161 aplinkos \u012f vidin\u0119 \u0161ilumos siurblio sistem\u0105.<\/p>\n<p>Maksimalus \u012frenginio efektyvumas siekia net <strong>4,71<\/strong>, o elektrin\u0117 galia siekia iki 2140 W, tad vidinis blokas geba efektyviai i\u0161naudoti elektr\u0105 \u0161ildymo ir v\u0117sinimo procesams. \u0160ioje prietaiso vidin\u0117je dalyje yra <strong>integruota buitinio kar\u0161o vandens talpa<\/strong>, kuri siekia 185 litrus.<\/p>\n<p>\u012erenginys taip pat pasi\u017eymi patvaria konstrukcija ir apsauga nuo korozijos, tod\u0117l tinka darbui \u012fvairiomis klimato s\u0105lygomis. \u0160ilumos siurblio darbiniai parametrai kai T=+7 \u00b0C\/+35 \u00b0C \u2013 nominali \u0161ildymo galia (grindinis \u0161ildymas): 8 kW. Prietaise taip pat itin auk\u0161tas veikimo koeficientas (COP) \u2013 net 4,7, o COPd yra 6,29 (A7\/W35 \u00b0C). Prietaiso v\u0117sinimo galia (grind\u0173 v\u0117sinimas) \u2013 7 kW, o naudingo veikimo koeficientas (EER) \u2013 iki 4. Prietaise taip pat yra integruotas lietimui jautrus valdymo ekranas, bei yra integruotas WiFi.<\/p>\n<p>Technin\u0117s savyb\u0117s:<\/p>\n<ul>\n<li>Tipas: i\u0161orin\u0117 oras-vanduo \u0161ilumos siurblio dalis.<\/li>\n<li>\u0160ildymo galia: 8 kW.<\/li>\n<li>Efektyvaus \u0161ildymo veikimo ribos nuo -25 \u00b0C iki +35 \u00b0C, o v\u0117sinimo nuo +10 \u00b0C iki +48 \u00b0C lauko temperat\u016bros.<\/li>\n<li>Efektyvumo klas\u0117: A++.<\/li>\n<li>Naudojamas \u0161altne\u0161is: R32.<\/li>\n<li>Sezoninio efektyvumo koeficientas (COP): iki 4,71.<\/li>\n<li>Elektros galia: 2140 W.<\/li>\n<li>Rezervinis kaitinimo elementas: 3+3\u00a0kW<\/li>\n<li>\u0160ilumokai\u010dio tipas: plok\u0161telinis.<\/li>\n<li>Kompresorius: inverterinis.<\/li>\n<li>Matmenys: 788 x 980 x 427 mm.<\/li>\n<li>Paskirtis: vidutinio ploto namams \u0161ildyti ir v\u0117sinti.<\/li>\n<\/ul>\n<p>&nbsp;<\/p>\n","protected":false},"excerpt":{"rendered":"<p>Tai novatori\u0161kas, tre\u010diosios kartos oras-vanduo \u0161ilumos siurblio vidinis blokas, specialiai sukurtas maksimaliam komfortui garantuoti<\/p>\n<ul>\n<li>Tipas: i\u0161orin\u0117 oras-vanduo \u0161ilumos siurblio dalis.<\/li>\n<li>\u0160ildymo galia: 8 kW.<\/li>\n<li>Efektyvaus \u0161ildymo veikimo ribos nuo -25 \u00b0C iki +35 \u00b0C, o v\u0117sinimo nuo +10 \u00b0C iki +48 \u00b0C lauko temperat\u016bros.<\/li>\n<li>Efektyvumo klas\u0117: A++.<\/li>\n<li>Naudojamas \u0161altne\u0161is: R32.<\/li>\n<li>Sezoninio efektyvumo koeficientas (COP): iki 4,71.<\/li>\n<li>Elektros galia: 2140 W.<\/li>\n<li>Rezervinis kaitinimo elementas: 3+3\u00a0kW<\/li>\n<li>\u0160ilumokai\u010dio tipas: plok\u0161telinis.<\/li>\n<li>Kompresorius: inverterinis.<\/li>\n<li>Matmenys: 788 x 980 x 427 mm.<\/li>\n<li>Paskirtis: vidutinio ploto namams \u0161ildyti ir v\u0117sinti.<\/li>\n<\/ul>\n","protected":false},"featured_media":10421,"comment_status":"open","ping_status":"closed","template":"","meta":{"_acf_changed":false,"om_disable_all_campaigns":false,"_uf_show_specific_survey":0,"_uf_disable_surveys":false},"pwb-brand":[398],"gamintojas":[404],"product_brand":[],"product_cat":[268,267],"product_tag":[],"class_list":{"0":"post-10339","1":"product","2":"type-product","3":"status-publish","4":"has-post-thumbnail","6":"pwb-brand-gree-electric-appliances","7":"gamintojas-gree","8":"product_cat-oras-vanduo","9":"product_cat-silumos-siurbliai","11":"first","12":"instock","13":"taxable","14":"shipping-taxable","15":"purchasable","16":"product-type-simple"},"acf":[],"aioseo_notices":[],"brands":[{"id":398,"name":"GREE electric appliances","slug":"gree-electric-appliances"}],"_links":{"self":[{"href":"https:\/\/solaroutlet.lt\/en\/wp-json\/wp\/v2\/product\/10339","targetHints":{"allow":["GET"]}}],"collection":[{"href":"https:\/\/solaroutlet.lt\/en\/wp-json\/wp\/v2\/product"}],"about":[{"href":"https:\/\/solaroutlet.lt\/en\/wp-json\/wp\/v2\/types\/product"}],"replies":[{"embeddable":true,"href":"https:\/\/solaroutlet.lt\/en\/wp-json\/wp\/v2\/comments?post=10339"}],"wp:featuredmedia":[{"embeddable":true,"href":"https:\/\/solaroutlet.lt\/en\/wp-json\/wp\/v2\/media\/10421"}],"wp:attachment":[{"href":"https:\/\/solaroutlet.lt\/en\/wp-json\/wp\/v2\/media?parent=10339"}],"wp:term":[{"taxonomy":"pwb-brand","embeddable":true,"href":"https:\/\/solaroutlet.lt\/en\/wp-json\/wp\/v2\/pwb-brand?post=10339"},{"taxonomy":"gamintojas","embeddable":true,"href":"https:\/\/solaroutlet.lt\/en\/wp-json\/wp\/v2\/gamintojas?post=10339"},{"taxonomy":"product_brand","embeddable":true,"href":"https:\/\/solaroutlet.lt\/en\/wp-json\/wp\/v2\/product_brand?post=10339"},{"taxonomy":"product_cat","embeddable":true,"href":"https:\/\/solaroutlet.lt\/en\/wp-json\/wp\/v2\/product_cat?post=10339"},{"taxonomy":"product_tag","embeddable":true,"href":"https:\/\/solaroutlet.lt\/en\/wp-json\/wp\/v2\/product_tag?post=10339"}],"curies":[{"name":"wp","href":"https:\/\/api.w.org\/{rel}","templated":true}]}}