{"id":10344,"date":"2025-12-01T11:29:19","date_gmt":"2025-12-01T08:29:19","guid":{"rendered":"https:\/\/solaroutlet.lt\/?post_type=product&#038;p=10344"},"modified":"2025-12-05T11:16:56","modified_gmt":"2025-12-05T08:16:56","slug":"atlantic-alfea-extensa-a-i-8-r32-silumos-siurblys-oras-vanduo-024302-700228-074123","status":"publish","type":"product","link":"https:\/\/solaroutlet.lt\/en\/produktas\/atlantic-alfea-extensa-a-i-8-r32-silumos-siurblys-oras-vanduo-024302-700228-074123\/","title":{"rendered":"Atlantic Alfea Extensa A.I. 8 R32 \u0161ilumos siurblys oras\/vanduo (024302, 700228, 074123)"},"content":{"rendered":"<p><strong>Atlantic Alfea Extensa A.I. 8 R32\u2013 tai auk\u0161tos klas\u0117s, modernus, ir ekonomi\u0161kas oras-vanduo \u0161ilumos siurblys.<\/strong> Prietaisas sukurtas nedidelio ploto gyvenamiesiems namams, kuriems reikalingas efektyvus \u0161ildymas, patikimas kar\u0161to vandens ruo\u0161imas, ir galimyb\u0117 naudoti v\u0117sinimo funkcij\u0105 vasara. \u201eExtensa\u201c serija i\u0161siskiria savo ypatingai <strong>auk\u0161tu efektyvumu<\/strong> net esant \u017eemai lauko temperat\u016brai, pa\u017eangiu inverteriniu kompresoriumi ir itin auk\u0161ta \u0161iluminio komforto kontrole.<\/p>\n<p>\u0160iame modelyje n\u0117ra integruoto kar\u0161to vandens boilerio, tod\u0117l kar\u0161tas vanduo yra ruo\u0161iamas prijungiant i\u0161orin\u0119 vandens talp\u0105. \u0160is sprendimas suteikia lankstumo projektuojant sistem\u0105 \u2013 galima pasirinkti \u012fvairi\u0173 talp\u0173 boilerius, pagal individualius poreikius.<\/p>\n<p>Vidin\u0117 \u012frenginio valdymo sistema leid\u017eia prijungti vidaus temperat\u016bros jutikl\u012f, rezervinio \u0161ildymo katil\u0105, 2-ojo \u0161ildymo kont\u016bro modul\u012f, ir kit\u0105 papildom\u0105 \u012frang\u0105. \u0160ilumos siurblys taip pat yra <strong>suderinamas su i\u0161maniaisiais valdikliais<\/strong>, kurie leid\u017eia vartotojams nuotoliniu b\u016bdu steb\u0117ti ir reguliuoti \u0161ilumos siurblio veikim\u0105 i\u0161 telefono ar kompiuterio.<\/p>\n<p>Gamintojo sukurta ir patentuota technologija padidina \u0161ilumos siurblio na\u0161um\u0105, nes j\u0173 patentuota technologija u\u017etikrina, kad: \u012frenginyje b\u016bt\u0173 ma\u017eas hidraulinis pasiprie\u0161inimas, sistema nereaguot\u0173 \u012f u\u017eter\u0161t\u0105 sistemos vanden\u012f, tad neu\u017esiter\u0161 \u0161ilumokaitis. \u012erenginyje taip pat yra integruotas ner\u016bdijan\u010dio plieno apsauginis bakas, kuris yra atsparus korozijai.<\/p>\n<p>Be savo konstruktyvini\u0173 privalum\u0173, \u0161ilumos siurblys pasi\u017eymi <strong>auk\u0161tu energiniu efektyvumu.<\/strong> COP, parodantis, kiek prietaisas pagamina \u0161ilumos energijos palyginus su sunaudota energija, yra net iki 4,43. Tai rei\u0161kia, jog 1 kW elektros energijos virsta 4,43 kW \u0161ilumos. COPd, atspindintis \u012frenginio efektyvum\u0105 realiomis s\u0105lygomis \u2013 kai prietaisas patiria \u0161ilumos nuostolius, apkrovos svyravimus, ir kintant\u012f lauko klimat\u0105. COPd yra A7\/W35 \u00b0C \u2013 6,32 (ERP: 2009\/125\/EC).<\/p>\n<p>Technin\u0117s savyb\u0117s:<\/p>\n<ul>\n<li>Vienfazis elektros maitinimas.<\/li>\n<li>Dvigubo rotoriaus inverterinis kompresorius, nominali galia: 7,5 kW prie 35\u00b0C.<\/li>\n<li>Auk\u0161tas naudingo veikimo koeficientas (COP) &#8211; \u00a0A7\/W35 \u00b0C \u2013 4,43\u00a0(EN 14511-2).<\/li>\n<li>Auk\u0161tas naudingo veikimo koeficientas (COPd) A7\/W35 \u00b0C 6,32\u00a0(ERP: 2009\/125\/EC).<\/li>\n<li>Naudojamas \u0161altne\u0161is: freonas R32.<\/li>\n<li>A klas\u0117s cirkuliacinis siurblys.<\/li>\n<li>Darbin\u0117 temperat\u016bra: nuo \u201320 \u00b0C iki +35 \u00b0C.<\/li>\n<li>Galimyb\u0117 prijungti rezervin\u012f katil\u0105.<\/li>\n<li>Galimyb\u0117 prijungti 2-ojo \u0161ildymo kont\u016bro modul\u012f.<\/li>\n<li>Vidaus temperat\u016bros jutiklio palaikymas.<\/li>\n<li>Galimyb\u0117 valdyti internetu ar i\u0161maniuoju telefonu (lietuvi\u0161kas meniu).<\/li>\n<li>Tylus veikimas, optimizuotas kompresoriaus vibracijos slopinimas (60 dB 1 metro atstumu).<\/li>\n<\/ul>\n","protected":false},"excerpt":{"rendered":"<p>Atlantic Alfea Extensa A.I. 8 R32 \u0161ilumos siurblys &#8211; tai universalus \u012frenginys, kuriuo galima ne tik \u0161ildyti, ruo\u0161ti kar\u0161t\u0105 vanden\u012f bet ir v\u0117sinti patalpas.<\/p>\n<ul>\n<li>Vienfazis elektros maitinimas.<\/li>\n<li>Dvigubo rotoriaus inverterinis kompresorius, nominali galia: 7,5 kW prie 35\u00b0C.<\/li>\n<li>Auk\u0161tas naudingo veikimo koeficientas (COP) &#8211; \u00a0A7\/W35 \u00b0C \u2013 4,43\u00a0(EN 14511-2).<\/li>\n<li>Auk\u0161tas naudingo veikimo koeficientas (COPd) A7\/W35 \u00b0C 6,32\u00a0(ERP: 2009\/125\/EC).<\/li>\n<li>Plok\u0161telinis \u0161ilumokaitis.<\/li>\n<li>Naudojamas \u0161altne\u0161is: freonas R32.<\/li>\n<li>A klas\u0117s cirkuliacinis siurblys.<\/li>\n<li>Darbin\u0117 temperat\u016bra: nuo \u201320 \u00b0C iki +35 \u00b0C.<\/li>\n<li>Galimyb\u0117 prijungti rezervin\u012f katil\u0105.<\/li>\n<li>Galimyb\u0117 prijungti 2-ojo \u0161ildymo kont\u016bro modul\u012f.<\/li>\n<li>Vidaus temperat\u016bros jutiklio palaikymas.<\/li>\n<li>Galimyb\u0117 valdyti internetu ar i\u0161maniuoju telefonu (lietuvi\u0161kas meniu).<\/li>\n<li>Tylus veikimas, optimizuotas kompresoriaus vibracijos slopinimas (60 dB 1 metro atstumu).<\/li>\n<\/ul>\n","protected":false},"featured_media":10415,"comment_status":"open","ping_status":"closed","template":"","meta":{"_acf_changed":false,"om_disable_all_campaigns":false,"_uf_show_specific_survey":0,"_uf_disable_surveys":false},"pwb-brand":[402],"gamintojas":[403],"product_brand":[],"product_cat":[268,267],"product_tag":[],"class_list":{"0":"post-10344","1":"product","2":"type-product","3":"status-publish","4":"has-post-thumbnail","6":"pwb-brand-atlantic","7":"gamintojas-atlantic","8":"product_cat-oras-vanduo","9":"product_cat-silumos-siurbliai","11":"first","12":"instock","13":"taxable","14":"shipping-taxable","15":"purchasable","16":"product-type-simple"},"acf":[],"aioseo_notices":[],"brands":[{"id":402,"name":"Atlantic","slug":"atlantic"}],"_links":{"self":[{"href":"https:\/\/solaroutlet.lt\/en\/wp-json\/wp\/v2\/product\/10344","targetHints":{"allow":["GET"]}}],"collection":[{"href":"https:\/\/solaroutlet.lt\/en\/wp-json\/wp\/v2\/product"}],"about":[{"href":"https:\/\/solaroutlet.lt\/en\/wp-json\/wp\/v2\/types\/product"}],"replies":[{"embeddable":true,"href":"https:\/\/solaroutlet.lt\/en\/wp-json\/wp\/v2\/comments?post=10344"}],"wp:featuredmedia":[{"embeddable":true,"href":"https:\/\/solaroutlet.lt\/en\/wp-json\/wp\/v2\/media\/10415"}],"wp:attachment":[{"href":"https:\/\/solaroutlet.lt\/en\/wp-json\/wp\/v2\/media?parent=10344"}],"wp:term":[{"taxonomy":"pwb-brand","embeddable":true,"href":"https:\/\/solaroutlet.lt\/en\/wp-json\/wp\/v2\/pwb-brand?post=10344"},{"taxonomy":"gamintojas","embeddable":true,"href":"https:\/\/solaroutlet.lt\/en\/wp-json\/wp\/v2\/gamintojas?post=10344"},{"taxonomy":"product_brand","embeddable":true,"href":"https:\/\/solaroutlet.lt\/en\/wp-json\/wp\/v2\/product_brand?post=10344"},{"taxonomy":"product_cat","embeddable":true,"href":"https:\/\/solaroutlet.lt\/en\/wp-json\/wp\/v2\/product_cat?post=10344"},{"taxonomy":"product_tag","embeddable":true,"href":"https:\/\/solaroutlet.lt\/en\/wp-json\/wp\/v2\/product_tag?post=10344"}],"curies":[{"name":"wp","href":"https:\/\/api.w.org\/{rel}","templated":true}]}}