{"id":10355,"date":"2025-11-28T15:30:26","date_gmt":"2025-11-28T12:30:26","guid":{"rendered":"https:\/\/solaroutlet.lt\/?post_type=product&#038;p=10355"},"modified":"2026-02-20T15:52:13","modified_gmt":"2026-02-20T12:52:13","slug":"silumos-siurblys-oras-vanduo-atlantic-alfea-excellia-duo-a-i-tri-16-024117-700178-075455","status":"publish","type":"product","link":"https:\/\/solaroutlet.lt\/en\/produktas\/silumos-siurblys-oras-vanduo-atlantic-alfea-excellia-duo-a-i-tri-16-024117-700178-075455\/","title":{"rendered":"Atlantic Alfea Excellia Duo A.I. TRI 16 \u0161ilumos siurblys oras\/vanduo (024117, 700178, 075455)"},"content":{"rendered":"<p><strong>Atlantic ALFEA Excellia DUO A.I. TRI 16 \u2013 tai auk\u0161tos klas\u0117s, galingas oras-vanduo \u0161ilumos siurblys.<\/strong> Prietaisas sukurtas komforti\u0161kam gyvenam\u0173j\u0173 ar komercini\u0173 patalp\u0173 \u0161ildymui, v\u0117sinimui, ir kar\u0161to vandens ruo\u0161imui. D\u0117l kombinuoto \u012frenginio dizaino, galingo kompresoriaus, ir pa\u017eangi\u0173 technologij\u0173 \u0161io modelio \u0161ilumos siurblys idealiai tinka didesniems namams, daugiabu\u010diams \u2013 pastatams su radiatoriais arba grindiniu \u0161ildymu, ten, kur reikalingas <strong>didelis \u0161ildymo paj\u0117gumas<\/strong> ir <strong>pastovus komfortas<\/strong>. Tai vienas galingiausi\u0173 Atlantic asortimento modeli\u0173, pasi\u017eymintis ypa\u010d dideliu sezoniniu efektyvumu, auk\u0161tu patikimumu, ir pa\u017eangia integruota automatika. \u201eExcellia\u201c serija i\u0161siskiria savo ypatingai <strong>auk\u0161tu efektyvumu<\/strong> net esant \u017eemai lauko temperat\u016brai, pa\u017eangiu inverteriniu kompresoriumi ir itin auk\u0161ta \u0161iluminio komforto kontrole.<\/p>\n<p>\u0160is modelis yra \u201eDUO\u201c versija, kuriai tipi\u0161ka tai, kad prie pagrindinio \u0161ilumos siurblio lauko bloko kompekte yra ir vidin\u0117 dalis su didel\u0117s talpos integruotu kar\u0161to vandens boileriu. Vidin\u0117je dalyje sumontuotas <strong>190 litr\u0173 kar\u0161o vandens \u0161ildytuvas<\/strong>, kuris leid\u017eia komforti\u0161kai apr\u016bpinti objektus, kuriems reikalingas nuolatinis kar\u0161to vandens tiekimas. Produktas ne tik \u00a0taupo viet\u0105, bet\u00a0 ir garantuoja itin <strong>greit\u0105 \u0161ilumos perdavim\u0105<\/strong> bei <strong>minimalias energijos s\u0105naudas<\/strong> ruo\u0161iant kar\u0161t\u0105 vanden\u012f.<\/p>\n<p>Vidin\u0117 \u012frenginio valdymo sistema leid\u017eia prijungti du atskirus \u0161ildymo kont\u016brus, lauko temperat\u016bros jutikl\u012f, rezervinio \u0161ildymo katil\u0105, boilerio cirkuliacij\u0105, ir kit\u0105 papildom\u0105 \u012frang\u0105. \u0160ilumos siurblys taip pat yra suderinamas su i\u0161maniaisiais valdikliais, kurie leid\u017eia vartotojams nuotoliniu b\u016bdu steb\u0117ti ir reguliuoti \u0161ilumos siurblio veikim\u0105 i\u0161 telefono ar kompiuterio.<\/p>\n<p>Be savo konstruktyvini\u0173 privalum\u0173, \u0161ilumos siurblys pasi\u017eymi <strong>auk\u0161tu energiniu efektyvumu.<\/strong> COP, parodantis, kiek prietaisas pagamina \u0161ilumos energijos palyginus su sunaudota energija, yra net iki 4,1. Tai rei\u0161kia, jog 1 kW elektros energijos virsta 4,1 kW \u0161ilumos. COPd, atspindintis \u012frenginio efektyvum\u0105 realiomis s\u0105lygomis \u2013 kai prietaisas patiria \u0161ilumos nuostolius, apkrovos svyravimus, ir kintant\u012f lauko klimat\u0105. COPd yra A7\/W35 \u00b0C &#8211; 5,51 (ERP: 2009\/125\/EC).<\/p>\n<p>Technin\u0117s savyb\u0117s:<\/p>\n<ul>\n<li>Trifazis elektros maitinimas.<\/li>\n<li>Integruotas 190 litr\u0173 kar\u0161to vandens \u0161ildymo boileris.<\/li>\n<li>Dvigubo rotoriaus inverterinis kompresorius, nominali galia: 15,17 kW.<\/li>\n<li>Auk\u0161tas naudingo veikimo koeficientas (COP) &#8211; net iki 4,1\u00a0(EN 14511-2).<\/li>\n<li>Auk\u0161tas naudingo veikimo koeficientas (COPd) &#8211;\u00a0A7\/W35 \u00b0C &#8211; 5,51\u00a0(ERP: 2009\/125\/EC)<\/li>\n<li>Plok\u0161telinis \u0161ilumokaitis.<\/li>\n<li>Naudojamas \u0161altne\u0161is: freonas R410A.<\/li>\n<li>A klas\u0117s cirkuliacinis siurblys.<\/li>\n<li>Darbin\u0117 temperat\u016bra: nuo \u201320 \u00b0C iki +35 \u00b0C.<\/li>\n<li>Galimyb\u0117 prijungti rezervin\u012f katil\u0105.<\/li>\n<li>Galimyb\u0117 prijungti 2-ojo \u0161ildymo kont\u016bro modul\u012f.<\/li>\n<li>Lauko temperat\u016bros jutiklio palaikymas.<\/li>\n<li>Galimyb\u0117 valdyti internetu ar i\u0161maniuoju telefonu.<\/li>\n<li>Integruotas pagalbinis elektrinis \u0161ildytuvas 9 kW.<\/li>\n<li>Tylus veikimas, optimizuotas kompresoriau vibracijos slopinimas (69 dB 1 metro atstumu).<\/li>\n<li>A++ \/ A+++ energinio naudingumo klas\u0117 (\u0161ildymas 35\/55 \u00b0C).<\/li>\n<\/ul>\n<p><strong><a href=\"https:\/\/solaroutlet.lt\/wp-content\/uploads\/2025\/11\/f87ad7890621778960299dfc56c4.pdf\" target=\"_blank\" rel=\"noopener\">\u27a1\ufe0fTechnin\u0117s specifikacijos<\/a><\/strong><\/p>\n","protected":false},"excerpt":{"rendered":"<p>Atlantic Alfea Excellia Duo A.I. TRI 16 \u0161ilumos siurblys &#8211; tai universalus \u012frenginys, kuriuo galima ne tik \u0161ildyti, ruo\u0161ti kar\u0161t\u0105 vanden\u012f bet ir v\u0117sinti patalpas.<\/p>\n<ul>\n<li>Trifazis elektros maitinimas.<\/li>\n<li>Integruotas 190 litr\u0173 kar\u0161to vandens \u0161ildymo boileris.<\/li>\n<li>Dvigubo rotoriaus inverterinis kompresorius, nominali galia: 15,17 kW.<\/li>\n<li>Auk\u0161tas naudingo veikimo koeficientas (COP) &#8211; net iki 4,1\u00a0(EN 14511-2).<\/li>\n<li>Auk\u0161tas naudingo veikimo koeficientas (COPd) &#8211;\u00a0A7\/W35 \u00b0C &#8211; 5,51\u00a0(ERP: 2009\/125\/EC)<\/li>\n<li>Plok\u0161telinis \u0161ilumokaitis.<\/li>\n<li>Naudojamas \u0161altne\u0161is: freonas R410A.<\/li>\n<li>A klas\u0117s cirkuliacinis siurblys.<\/li>\n<li>Darbin\u0117 temperat\u016bra: nuo \u201320 \u00b0C iki +35 \u00b0C.<\/li>\n<li>Galimyb\u0117 prijungti rezervin\u012f katil\u0105.<\/li>\n<li>Galimyb\u0117 prijungti 2-ojo \u0161ildymo kont\u016bro modul\u012f.<\/li>\n<li>Lauko temperat\u016bros jutiklio palaikymas.<\/li>\n<li>Galimyb\u0117 valdyti internetu ar i\u0161maniuoju telefonu.<\/li>\n<li>Integruotas pagalbinis elektrinis \u0161ildytuvas 9 kW.<\/li>\n<li>Tylus veikimas, optimizuotas kompresoriau vibracijos slopinimas (69 dB 1 metro atstumu).<\/li>\n<li>A++ \/ A+++ energinio naudingumo klas\u0117 (\u0161ildymas 35\/55 \u00b0C).<\/li>\n<\/ul>\n","protected":false},"featured_media":10397,"comment_status":"open","ping_status":"closed","template":"","meta":{"_acf_changed":false,"om_disable_all_campaigns":false,"_uf_show_specific_survey":0,"_uf_disable_surveys":false},"pwb-brand":[402],"gamintojas":[403],"product_brand":[],"product_cat":[268,267],"product_tag":[],"class_list":{"0":"post-10355","1":"product","2":"type-product","3":"status-publish","4":"has-post-thumbnail","6":"pwb-brand-atlantic","7":"gamintojas-atlantic","8":"product_cat-oras-vanduo","9":"product_cat-silumos-siurbliai","11":"first","12":"instock","13":"taxable","14":"shipping-taxable","15":"purchasable","16":"product-type-simple"},"acf":[],"aioseo_notices":[],"brands":[{"id":402,"name":"Atlantic","slug":"atlantic"}],"_links":{"self":[{"href":"https:\/\/solaroutlet.lt\/en\/wp-json\/wp\/v2\/product\/10355","targetHints":{"allow":["GET"]}}],"collection":[{"href":"https:\/\/solaroutlet.lt\/en\/wp-json\/wp\/v2\/product"}],"about":[{"href":"https:\/\/solaroutlet.lt\/en\/wp-json\/wp\/v2\/types\/product"}],"replies":[{"embeddable":true,"href":"https:\/\/solaroutlet.lt\/en\/wp-json\/wp\/v2\/comments?post=10355"}],"wp:featuredmedia":[{"embeddable":true,"href":"https:\/\/solaroutlet.lt\/en\/wp-json\/wp\/v2\/media\/10397"}],"wp:attachment":[{"href":"https:\/\/solaroutlet.lt\/en\/wp-json\/wp\/v2\/media?parent=10355"}],"wp:term":[{"taxonomy":"pwb-brand","embeddable":true,"href":"https:\/\/solaroutlet.lt\/en\/wp-json\/wp\/v2\/pwb-brand?post=10355"},{"taxonomy":"gamintojas","embeddable":true,"href":"https:\/\/solaroutlet.lt\/en\/wp-json\/wp\/v2\/gamintojas?post=10355"},{"taxonomy":"product_brand","embeddable":true,"href":"https:\/\/solaroutlet.lt\/en\/wp-json\/wp\/v2\/product_brand?post=10355"},{"taxonomy":"product_cat","embeddable":true,"href":"https:\/\/solaroutlet.lt\/en\/wp-json\/wp\/v2\/product_cat?post=10355"},{"taxonomy":"product_tag","embeddable":true,"href":"https:\/\/solaroutlet.lt\/en\/wp-json\/wp\/v2\/product_tag?post=10355"}],"curies":[{"name":"wp","href":"https:\/\/api.w.org\/{rel}","templated":true}]}}