{"id":10356,"date":"2025-11-28T15:31:04","date_gmt":"2025-11-28T12:31:04","guid":{"rendered":"https:\/\/solaroutlet.lt\/?post_type=product&#038;p=10356"},"modified":"2025-12-08T16:21:35","modified_gmt":"2025-12-08T13:21:35","slug":"silumos-siurblys-oras-vanduo-atlantic-alfea-m-duo-5-monoblokas-r32-024191-750731-075069","status":"publish","type":"product","link":"https:\/\/solaroutlet.lt\/en\/produktas\/silumos-siurblys-oras-vanduo-atlantic-alfea-m-duo-5-monoblokas-r32-024191-750731-075069\/","title":{"rendered":"Atlantic ALFEA M DUO 5 MONOBLOKAS, R32 \u0161ilumos siurblys oras\/vanduo (024191, 750731, 075069)"},"content":{"rendered":"<p><strong>Atlantic Alfea M DUO 5 MONOBLOKAS, R32 \u2013 universalus, auk\u0161to efektyvumo monoblokinis \u0161ilumos siurblys, skirtas nam\u0173 \u0161ildymui, v\u0117sinimui, ir kar\u0161to vandens ruo\u0161imui.<\/strong> Sprendimas sukurtas taip, kad <strong>patogus valdymas<\/strong> b\u016bt\u0173 garantuotas, o energija b\u016bt\u0173 vartojama optimaliai net ir didesniuose individualiuose namuose. Su papildom\u0173 moduli\u0173 pagalba, yra galimyb\u0117 valdyti rezervin\u012f \u0161ildymo katil\u0105, prijungti du atskirus \u0161ildymo kont\u016brus, ir i\u0161pl\u0117sti sistem\u0105 pagal savo nam\u0173 poreikius. Tai <strong>patikimas<\/strong> ir <strong>lankstus<\/strong> sprendimas tiek naujos statybos, tiek renovuotiems b\u016bstams.<\/p>\n<p>Prietaise naudojama pa\u017eangi dvigubo rotoriaus inverterinis kompresorius, kuris u\u017etikrina ypa\u010d stabil\u0173 ir tyl\u0173 prietaiso darb\u0105. \u0160ilumos siurblys taip pat pasi\u017eymi pla\u010diu ir patikimu darbo diapazonu \u2013 efektyviai veikia net esant \u201320 \u00b0C. Kar\u0161tomis dienomis jis taip pat puikiai gali v\u0117sinti patalpas. Prietaise integruotas <strong>plok\u0161telinis \u0161ilumokaitis<\/strong> ir mini akumuliacin\u0117 16 litr\u0173 talpa padeda palaikyti skland\u0173 sistemos darb\u0105. Monoblokas naudoja ekologi\u0161k\u0105 <strong>R32 \u0161altne\u0161\u012f<\/strong>, kuris garantuoja didesn\u012f \u012frenginio efektyvum\u0105 ir suma\u017eina jo poveik\u012f aplinkai. Prie jau integruoto 190 litr\u0173 talpos kar\u0161to vandens \u0161ildytuvo, galima papildomai integruoti 1,2 kW kaitinimo element\u0105 kar\u0161to vandens pa\u0161ildymui.<\/p>\n<p>\u012erenginys pasiekia <strong>auk\u0161to efektyvumo <\/strong>rodiklius \u2013 COP iki 5,03 (T=+7\/+35)\u2013 tai \u017eenkliai suma\u017eina elektros energijos s\u0105naudas. Sezoninis energijos vartojimo efektyvumas taip pat itin auk\u0161tas \u2013 4,66 \u0161ildant 35 \u00b0C re\u017eime ir 3,21 \u0161ildant 55 \u00b0C re\u017eime, atitinkamai suteikiant A+++ ir A++ energines klases. Lauke esanti prietaiso dalis <strong>veikia itin tyliai<\/strong> \u2013 vos 30 dB 5 metr\u0173 atstumu, tad \u012frenginys netrikdo aplinkos ramyb\u0117s net ir tankiai apgyvendintose vietov\u0117se.<\/p>\n<p>\u0160ilumos siurblys taip pat turi <strong>pla\u010dias pl\u0117tros galimybes<\/strong>: galima prijungti vidaus temperat\u016bros jutikl\u012f, antr\u0105 \u0161ildymo kont\u016br\u0105, rezervin\u012f katil\u0105, ar internetin\u012f valdikl\u012f, kuris leid\u017eia valdyti vis\u0105 sistem\u0105 telefonu ar kompiuteriu.<\/p>\n<p>Technin\u0117s savyb\u0117s:<\/p>\n<ul>\n<li>Efektyvus veikimas nuo -20 \u00b0C iki +35 \u00b0C.<\/li>\n<li>Integruotas A klas\u0117s cirkuliacinis siurblys.<\/li>\n<li>Integruotas kar\u0161to vandens \u0161ildytuvas su 190 litr\u0173 talpa.<\/li>\n<li>Dvigubo rotoriaus inverterinis kompresorius.<\/li>\n<li>Plok\u0161telinis \u0161ilumokaitis.<\/li>\n<li>auk\u0161tas naudingo veikimo koeficientas (COP) &#8211; net iki 5,03\u00a0(EN 14511-2), kai T=+7<sup>o<\/sup>C\/+35<sup>o<\/sup><\/li>\n<li>Sezoninis energijos vartojimo efektyvumas, kai \u0161ildymas 35<sup>o<\/sup>C\/55<sup>o<\/sup>C\u00a0su lauko jutikliu: 4,66 \/ 3,21.<\/li>\n<li>Vienfazis elektros maitinimo prijungimas (230 V).<\/li>\n<li>Freonas R32.<\/li>\n<li>Maksimali \u0161ildymo galia prie +7\/+35 &#8211; 4 kW.<\/li>\n<li>Galimyb\u0117 prijungti vidaus temperat\u016bros jutikl\u012f.<\/li>\n<li>Galimyb\u0117 prijungti 2-ojo \u0161ildymo modul\u012f.<\/li>\n<li>5 met\u0173 garantija \u0161ilumos siurbliui; 3 met\u0173 garantija kompresoriui.<\/li>\n<\/ul>\n<p><a href=\"https:\/\/solaroutlet.lt\/wp-content\/uploads\/2025\/11\/5a57d5e88ae038138a9e4187c419.pdf\" target=\"_blank\" rel=\"noopener\">\u27a1\ufe0f<strong>Techniniai duomenys<\/strong><\/a><\/p>\n","protected":false},"excerpt":{"rendered":"<p>Atlantic Alfea M DUO 5 MONOBLOKAS, R32 \u0161ilumos siurblys &#8211; tai universalus \u012frenginys, kuriuo galima ne tik \u0161ildyti, ruo\u0161ti kar\u0161t\u0105 vanden\u012f bet ir v\u0117sinti patalpas.<\/p>\n<ul>\n<li>Efektyvus veikimas nuo -20 \u00b0C iki +35 \u00b0C.<\/li>\n<li>Integruotas A klas\u0117s cirkuliacinis siurblys.<\/li>\n<li>Integruotas kar\u0161to vandens \u0161ildytuvas su 190 litr\u0173 talpa.<\/li>\n<li>Dvigubo rotoriaus inverterinis kompresorius.<\/li>\n<li>Plok\u0161telinis \u0161ilumokaitis.<\/li>\n<li>auk\u0161tas naudingo veikimo koeficientas (COP) &#8211; net iki 5,03\u00a0(EN 14511-2), kai T=+7<sup>o<\/sup>C\/+35<sup>o<\/sup><\/li>\n<li>Sezoninis energijos vartojimo efektyvumas, kai \u0161ildymas 35<sup>o<\/sup>C\/55<sup>o<\/sup>C\u00a0su lauko jutikliu: 4,66 \/ 3,21.<\/li>\n<li>Vienfazis elektros maitinimo prijungimas (230 V).<\/li>\n<li>Freonas R32.<\/li>\n<li>Maksimali \u0161ildymo galia prie +7\/+35 &#8211; 4 kW.<\/li>\n<li>Galimyb\u0117 prijungti vidaus temperat\u016bros jutikl\u012f.<\/li>\n<li>Galimyb\u0117 prijungti 2-ojo \u0161ildymo modul\u012f.<\/li>\n<li>5 met\u0173 garantija \u0161ilumos siurbliui; 3 met\u0173 garantija kompresoriui.<\/li>\n<\/ul>\n","protected":false},"featured_media":10383,"comment_status":"open","ping_status":"closed","template":"","meta":{"_acf_changed":false,"om_disable_all_campaigns":false,"_uf_show_specific_survey":0,"_uf_disable_surveys":false},"pwb-brand":[402],"gamintojas":[403],"product_brand":[],"product_cat":[268,267],"product_tag":[],"class_list":{"0":"post-10356","1":"product","2":"type-product","3":"status-publish","4":"has-post-thumbnail","6":"pwb-brand-atlantic","7":"gamintojas-atlantic","8":"product_cat-oras-vanduo","9":"product_cat-silumos-siurbliai","11":"first","12":"instock","13":"taxable","14":"shipping-taxable","15":"purchasable","16":"product-type-simple"},"acf":[],"aioseo_notices":[],"brands":[{"id":402,"name":"Atlantic","slug":"atlantic"}],"_links":{"self":[{"href":"https:\/\/solaroutlet.lt\/en\/wp-json\/wp\/v2\/product\/10356","targetHints":{"allow":["GET"]}}],"collection":[{"href":"https:\/\/solaroutlet.lt\/en\/wp-json\/wp\/v2\/product"}],"about":[{"href":"https:\/\/solaroutlet.lt\/en\/wp-json\/wp\/v2\/types\/product"}],"replies":[{"embeddable":true,"href":"https:\/\/solaroutlet.lt\/en\/wp-json\/wp\/v2\/comments?post=10356"}],"wp:featuredmedia":[{"embeddable":true,"href":"https:\/\/solaroutlet.lt\/en\/wp-json\/wp\/v2\/media\/10383"}],"wp:attachment":[{"href":"https:\/\/solaroutlet.lt\/en\/wp-json\/wp\/v2\/media?parent=10356"}],"wp:term":[{"taxonomy":"pwb-brand","embeddable":true,"href":"https:\/\/solaroutlet.lt\/en\/wp-json\/wp\/v2\/pwb-brand?post=10356"},{"taxonomy":"gamintojas","embeddable":true,"href":"https:\/\/solaroutlet.lt\/en\/wp-json\/wp\/v2\/gamintojas?post=10356"},{"taxonomy":"product_brand","embeddable":true,"href":"https:\/\/solaroutlet.lt\/en\/wp-json\/wp\/v2\/product_brand?post=10356"},{"taxonomy":"product_cat","embeddable":true,"href":"https:\/\/solaroutlet.lt\/en\/wp-json\/wp\/v2\/product_cat?post=10356"},{"taxonomy":"product_tag","embeddable":true,"href":"https:\/\/solaroutlet.lt\/en\/wp-json\/wp\/v2\/product_tag?post=10356"}],"curies":[{"name":"wp","href":"https:\/\/api.w.org\/{rel}","templated":true}]}}