{"id":10364,"date":"2025-11-28T15:32:29","date_gmt":"2025-11-28T12:32:29","guid":{"rendered":"https:\/\/solaroutlet.lt\/?post_type=product&#038;p=10364"},"modified":"2026-02-20T15:49:57","modified_gmt":"2026-02-20T12:49:57","slug":"atlantic-synea-duo-3-kw-r32-silumos-siurblys-oras-vanduo-024163-700227-00u06406360","status":"publish","type":"product","link":"https:\/\/solaroutlet.lt\/en\/produktas\/atlantic-synea-duo-3-kw-r32-silumos-siurblys-oras-vanduo-024163-700227-00u06406360\/","title":{"rendered":"Atlantic SYNEA DUO, 3 kW, R32 \u0161ilumos siurblys oras-vanduo (024163, 700227, 00U06406360)"},"content":{"rendered":"<p><strong>Atlantic SYNEA Duo 3 R32\u00a0\u0161ilumos siurblys \u2013 tai pla\u010dios paskirties ir labai efektyvus sprendimas moderniems namams.<\/strong> \u012erenginys jungia tris pagrindines funkcijas viename prietaise: <strong>nam\u0173 \u0161ildym\u0105, kar\u0161to vandens ruo\u0161im\u0105, ir patalp\u0173 v\u0117sinim\u0105<\/strong>. \u0160ilumos siurblys sukurtas taip, kad pilnai atitikt\u0173 naujos statybos, ypa\u010d A+ klas\u0117s pastat\u0173 energetinius reikalavimus ir garantuot\u0173 <strong>stabil\u0173<\/strong>, <strong>ekonomi\u0161k\u0105<\/strong>, ir <strong>patog\u0173 naudojim\u0105 <\/strong>i\u0161tisus metus. \u012erenginys gali valdyti rezervin\u012f \u0161ildymo katil\u0105 ir du atskirus \u0161ildymo kont\u016brus \u2013 tad puikiai tinka <strong>tiek grindiniam \u0161ildymui, tiek radiatori\u0173 sistemoms<\/strong>. Yra galimyb\u0117 lanks\u010diai pritaikyti \u0161ilumos paskirstym\u0105 skirtingoms pastato zonoms.<\/p>\n<p>Vienas didelis prietaiso privalumas \u2013 <strong>kompakti\u0161kiausia rinkoje<\/strong> vidin\u0117 dalis, kuri montuojama ant sienos\u00a0 ir leid\u017eia \u017eenkliai sutaupyti techninio kambario viet\u0105. D\u0117l \u0161ios prie\u017easties, \u0161is \u0161ilumos siurblys idealiai tinka <strong>nedideliems ir taupiems namams<\/strong>, kuriuose projektuojama nedidel\u0117 in\u017einerin\u0117 patalpa. Prietaiso viduje integruotas <strong>150 litr\u0173 kar\u0161to vandens \u0161ildytuvas<\/strong>, d\u0117l kurio neb\u0117ra poreikio montuoti atskir\u0105 boiler\u012f \u2013 dar labiau taupant viet\u0105.<\/p>\n<p>Siekiant garantuoti ilgalaiki\u0161kum\u0105 ir patikim\u0105 sistemos veikl\u0105, \u012frenginyje yra integruotas <strong>nuos\u0117d\u0173 ir ne\u0161varum\u0173 filtras,<\/strong> kuris saugo vis\u0105 sistem\u0105 nuo ter\u0161al\u0173 bei prailgina \u012frangos tarnavimo laik\u0105. Taip pat integruota pa\u017eangi <strong>automatinio valymo sistema<\/strong>, leid\u017eianti lengvai reguliuoti temperat\u016br\u0105, valdyti \u0161ildymo kont\u016brus, ir optimizuoti energijos suvartojim\u0105 pagal faktinius pastato poreikius. Sistemoje naudojamas <strong>R32 \u0161altne\u0161is<\/strong> (freonas), pasi\u017eymintis didesniu energiniu efektyvumu ir ma\u017eesniu poveikiu aplinkai, tad atitinka visus \u0161iuolaikinius tvarumo standartus. \u012erenginys taip pat turi galimyb\u0119 prijungti vidaus temperat\u016bros jutikl\u012f, su kuriuo galite dar tiksliau valdyti patalp\u0173 \u0161ildym\u0105.<\/p>\n<p>Technin\u0117s savyb\u0117s:<\/p>\n<ul>\n<li>Integruotas A+ klas\u0117s cirkuliacinis siurblys.<\/li>\n<li>Galingumas: 3 kW.<\/li>\n<li>Efektyvus veikimas nuo \u201320 \u00b0C iki +35 \u00b0C lauko temperat\u016bros.<\/li>\n<li>Patikimas rotorinis kompresorius.<\/li>\n<li>Efektyvus, R32 freonas.<\/li>\n<li>Auk\u0161tas naudingumo koeficientas: (COP) \u2013 net iki 5,07\u00a0(EN 14511-2); (COPd) &#8211;\u00a0A7\/W35 \u00b0C &#8211; 6,07\/4,37 \u00a0(ERP: U0754448_3089_ML2_04\/06\/2024<\/li>\n<li>Vienfazis elektros maitinimo prijungimas (230 V).<\/li>\n<li>Tylus lauko bloko darbas: 40-57dB.<\/li>\n<li>Integruota v\u0117sinimo funkcija.<\/li>\n<li>Galimyb\u0117 prijungti vidaus temperat\u016bros jutikl\u012f.<\/li>\n<li>5 met\u0173 garantij\u0105 \u0161ilumos siurbliui; 3 met\u0173 garantija kompresoriui.<\/li>\n<\/ul>\n<p>Montuojant \u012frengin\u012f b\u016btina naudoti special\u0173 Atlantic r\u0117m\u0105, kuris u\u017etikrina saug\u0173 ir tvirt\u0105 pritvirtinim\u0105 prie \u012fvairi\u0173 sien\u0173 tip\u0173.<strong> S9ATL-074840 (lengvos konstrukcijos sienoms)\u00a0<\/strong>arba\u00a0<strong>S9ATL-074888 (tvirtoms sienoms).<\/strong><\/p>\n","protected":false},"excerpt":{"rendered":"<p>Atlantic SYNEA Duo 3 R32 \u0161ilumos siurblys &#8211; tai universalus \u012frenginys, kuriuo galima ne tik \u0161ildyti, ruo\u0161ti kar\u0161t\u0105 vanden\u012f bet ir v\u0117sinti patalpas.<\/p>\n<ul>\n<li>Integruotas A+ klas\u0117s cirkuliacinis siurblys.<\/li>\n<li>Galingumas: 3 kW.<\/li>\n<li>Efektyvus veikimas nuo \u201320 \u00b0C iki +35 \u00b0C lauko temperat\u016bros.<\/li>\n<li>Patikimas rotorinis kompresorius.<\/li>\n<li>Efektyvus, R32 freonas.<\/li>\n<li>Auk\u0161tas naudingumo koeficientas: (COP) \u2013 net iki 5,07\u00a0(EN 14511-2); (COPd) &#8211;\u00a0A7\/W35 \u00b0C &#8211; 6,07\/4,37 \u00a0(ERP: U0754448_3089_ML2_04\/06\/2024<\/li>\n<li>Vienfazis elektros maitinimo prijungimas (230 V).<\/li>\n<li>Tylus lauko bloko darbas: 40-57dB.<\/li>\n<li>Integruota v\u0117sinimo funkcija.<\/li>\n<li>Galimyb\u0117 prijungti vidaus temperat\u016bros jutikl\u012f.<\/li>\n<li>5 met\u0173 garantij\u0105 \u0161ilumos siurbliui; 3 met\u0173 garantija kompresoriui.<\/li>\n<\/ul>\n","protected":false},"featured_media":10367,"comment_status":"open","ping_status":"closed","template":"","meta":{"_acf_changed":false,"om_disable_all_campaigns":false,"_uf_show_specific_survey":0,"_uf_disable_surveys":false},"pwb-brand":[402],"gamintojas":[403],"product_brand":[],"product_cat":[268,267],"product_tag":[],"class_list":{"0":"post-10364","1":"product","2":"type-product","3":"status-publish","4":"has-post-thumbnail","6":"pwb-brand-atlantic","7":"gamintojas-atlantic","8":"product_cat-oras-vanduo","9":"product_cat-silumos-siurbliai","11":"first","12":"instock","13":"taxable","14":"shipping-taxable","15":"purchasable","16":"product-type-simple"},"acf":[],"aioseo_notices":[],"brands":[{"id":402,"name":"Atlantic","slug":"atlantic"}],"_links":{"self":[{"href":"https:\/\/solaroutlet.lt\/en\/wp-json\/wp\/v2\/product\/10364","targetHints":{"allow":["GET"]}}],"collection":[{"href":"https:\/\/solaroutlet.lt\/en\/wp-json\/wp\/v2\/product"}],"about":[{"href":"https:\/\/solaroutlet.lt\/en\/wp-json\/wp\/v2\/types\/product"}],"replies":[{"embeddable":true,"href":"https:\/\/solaroutlet.lt\/en\/wp-json\/wp\/v2\/comments?post=10364"}],"wp:featuredmedia":[{"embeddable":true,"href":"https:\/\/solaroutlet.lt\/en\/wp-json\/wp\/v2\/media\/10367"}],"wp:attachment":[{"href":"https:\/\/solaroutlet.lt\/en\/wp-json\/wp\/v2\/media?parent=10364"}],"wp:term":[{"taxonomy":"pwb-brand","embeddable":true,"href":"https:\/\/solaroutlet.lt\/en\/wp-json\/wp\/v2\/pwb-brand?post=10364"},{"taxonomy":"gamintojas","embeddable":true,"href":"https:\/\/solaroutlet.lt\/en\/wp-json\/wp\/v2\/gamintojas?post=10364"},{"taxonomy":"product_brand","embeddable":true,"href":"https:\/\/solaroutlet.lt\/en\/wp-json\/wp\/v2\/product_brand?post=10364"},{"taxonomy":"product_cat","embeddable":true,"href":"https:\/\/solaroutlet.lt\/en\/wp-json\/wp\/v2\/product_cat?post=10364"},{"taxonomy":"product_tag","embeddable":true,"href":"https:\/\/solaroutlet.lt\/en\/wp-json\/wp\/v2\/product_tag?post=10364"}],"curies":[{"name":"wp","href":"https:\/\/api.w.org\/{rel}","templated":true}]}}