{"id":10466,"date":"2025-12-22T13:58:02","date_gmt":"2025-12-22T10:58:02","guid":{"rendered":"https:\/\/solaroutlet.lt\/?post_type=product&#038;p=10466"},"modified":"2026-01-09T10:02:26","modified_gmt":"2026-01-09T07:02:26","slug":"mikko-dviviete-siuksliu-konteinerio-pastoge-apvalintu-dangciu-pilka","status":"publish","type":"product","link":"https:\/\/solaroutlet.lt\/en\/produktas\/mikko-dviviete-siuksliu-konteinerio-pastoge-apvalintu-dangciu-pilka\/","title":{"rendered":"MIKKO dviviet\u0117 \u0161iuk\u0161li\u0173 konteinerio pastog\u0117, apvalintu dang\u010diu, pilka"},"content":{"rendered":"<p><strong>MIKKO dviviet\u0117 konteinerio pastog\u0117 \u2013 tai prakti\u0161kas, patvarus, ir modernus sprendimas, tinkantis tiek privatiems namams, tiek komercin\u0117ms erdv\u0117ms.<\/strong> Pastog\u0117 ne tik paslepia J\u016bs\u0173 buitini\u0173 atliek\u0173 konteiner\u012f, bet ir <strong>suteikia apsaug\u0105 <\/strong>nuo v\u0117jo, lietaus, ir kit\u0173 nepalanki\u0173 oro s\u0105lyg\u0173. Produkt\u0105 taip pat galima panaudoti kaip nedidel\u012f sand\u0117liuk\u0105 sodo \u012frankiams ar kitiems lauko daiktams.<\/p>\n<p>Patogumas ir pritaikomumas<\/p>\n<p>Pastog\u0117 gali talpinti du iki 240 litr\u0173 konteinerius. Taip pat <strong>nereik\u0117s vargti i\u0161traukiant konteinerio<\/strong> kiekvien\u0105 kart\u0105 \u2013 yra integruotas vir\u0161utinis atidaromas dangtis, leid\u017eiantis patogiai i\u0161mesti \u0161iuk\u0161les, o <strong>specialus kabliukas su virvele<\/strong> automati\u0161kai pakelia vidinio konteinerio dangt\u012f.<\/p>\n<p>Konteinerio pastog\u0117s kojel\u0117s yra reguliuojamos, tod\u0117l konstrukcija gali b\u016bti <strong>patogiai pastatoma<\/strong> net ant nelygaus pavir\u0161iaus \u2013 kieme, terasoje, ar \u0161alia \u012fva\u017eiavimo.<\/p>\n<p>Tvirta ir ilgaam\u017e\u0117 konstrukcija<\/p>\n<p>Pastog\u0117 yra pagaminta i\u0161 <strong>milteliniu b\u016bdu dengto cinkuoto plieno<\/strong>, kuris i\u0161siskiria atsparumu korozijai ir mechaniniams pa\u017eeidimams. Tai garantuoja, kad konstrukcija <strong>i\u0161laikys savo funkcionalum\u0105<\/strong> ir estetin\u0119 i\u0161vaizd\u0105 daugel\u012f met\u0173 be papildomos prie\u017ei\u016bros.<\/p>\n<p><strong>Apvalintas vir\u0161utinis dangtis<\/strong> su <strong>lietaus nub\u0117gimo sistema<\/strong> neleid\u017eia kauptis vandeniui, o dvigubos durys su rankenomis ir magnetais suteikia patog\u0173 pri\u0117jim\u0105 prie konteinerio kai j\u012f reikia i\u0161tu\u0161tinti ar ap\u017ei\u016br\u0117ti.<\/p>\n<p>Pagrindiniai privalumai:<\/p>\n<ul>\n<li>Tinka dviem konteineriams iki 240 litr\u0173.<\/li>\n<li>Reguliuojamos kojel\u0117s stabilumui.<\/li>\n<li>Dvigubos durys su magnetais patogiam atidarymui ir u\u017edarymui.<\/li>\n<li>Vir\u0161utinis dangtis su lietaus nub\u0117gimo sistema.<\/li>\n<li>Atsparumas oro s\u0105lygoms ir ilgas tarnavimo laikas.<\/li>\n<li>Modernus dizainas.<\/li>\n<\/ul>\n<p>Technin\u0117s specifikacijos:<\/p>\n<ul>\n<li>Matmenys: 139 x 82,6 x 135,4 cm.<\/li>\n<li>Med\u017eiaga: cinkuota skarda, ner\u016bdijantis plienas.<\/li>\n<li>Storis: 0,8 mm.<\/li>\n<li>Pavir\u0161ius: miltelin\u0117 danga.<\/li>\n<li>Svoris: 66,45 kg.<\/li>\n<\/ul>\n<p>* <em>Tiksli spalva gali ne\u017eymiai skirtis nuo pateiktos nuotraukose.<\/em><\/p>\n","protected":false},"excerpt":{"rendered":"<ul>\n<li>Tinka dviem konteineriams iki 240 litr\u0173.<\/li>\n<li>Reguliuojamos kojel\u0117s stabilumui.<\/li>\n<li>Dvigubos durys su magnetais patogiam atidarymui ir u\u017edarymui.<\/li>\n<li>Vir\u0161utinis dangtis su lietaus nub\u0117gimo sistema.<\/li>\n<li>Atsparumas oro s\u0105lygoms ir ilgas tarnavimo laikas.<\/li>\n<li>Modernus dizainas.<\/li>\n<\/ul>\n","protected":false},"featured_media":10471,"comment_status":"open","ping_status":"closed","template":"","meta":{"_acf_changed":false,"om_disable_all_campaigns":false,"_uf_show_specific_survey":0,"_uf_disable_surveys":false},"pwb-brand":[406],"gamintojas":[407],"product_brand":[],"product_cat":[411],"product_tag":[],"class_list":{"0":"post-10466","1":"product","2":"type-product","3":"status-publish","4":"has-post-thumbnail","6":"pwb-brand-mikko","7":"gamintojas-mikko","8":"product_cat-kiemo-sprendimai","9":"product_shipping_class-e-pristatymo-klase","11":"first","12":"instock","13":"taxable","14":"shipping-taxable","15":"purchasable","16":"product-type-simple"},"acf":[],"aioseo_notices":[],"brands":[{"id":406,"name":"MIKKO","slug":"mikko"}],"_links":{"self":[{"href":"https:\/\/solaroutlet.lt\/en\/wp-json\/wp\/v2\/product\/10466","targetHints":{"allow":["GET"]}}],"collection":[{"href":"https:\/\/solaroutlet.lt\/en\/wp-json\/wp\/v2\/product"}],"about":[{"href":"https:\/\/solaroutlet.lt\/en\/wp-json\/wp\/v2\/types\/product"}],"replies":[{"embeddable":true,"href":"https:\/\/solaroutlet.lt\/en\/wp-json\/wp\/v2\/comments?post=10466"}],"wp:featuredmedia":[{"embeddable":true,"href":"https:\/\/solaroutlet.lt\/en\/wp-json\/wp\/v2\/media\/10471"}],"wp:attachment":[{"href":"https:\/\/solaroutlet.lt\/en\/wp-json\/wp\/v2\/media?parent=10466"}],"wp:term":[{"taxonomy":"pwb-brand","embeddable":true,"href":"https:\/\/solaroutlet.lt\/en\/wp-json\/wp\/v2\/pwb-brand?post=10466"},{"taxonomy":"gamintojas","embeddable":true,"href":"https:\/\/solaroutlet.lt\/en\/wp-json\/wp\/v2\/gamintojas?post=10466"},{"taxonomy":"product_brand","embeddable":true,"href":"https:\/\/solaroutlet.lt\/en\/wp-json\/wp\/v2\/product_brand?post=10466"},{"taxonomy":"product_cat","embeddable":true,"href":"https:\/\/solaroutlet.lt\/en\/wp-json\/wp\/v2\/product_cat?post=10466"},{"taxonomy":"product_tag","embeddable":true,"href":"https:\/\/solaroutlet.lt\/en\/wp-json\/wp\/v2\/product_tag?post=10466"}],"curies":[{"name":"wp","href":"https:\/\/api.w.org\/{rel}","templated":true}]}}