{"id":10526,"date":"2025-12-22T13:48:49","date_gmt":"2025-12-22T10:48:49","guid":{"rendered":"https:\/\/solaroutlet.lt\/?post_type=product&#038;p=10526"},"modified":"2026-01-09T10:03:06","modified_gmt":"2026-01-09T07:03:06","slug":"mikko-pasto-dezute-pilka","status":"publish","type":"product","link":"https:\/\/solaroutlet.lt\/en\/produktas\/mikko-pasto-dezute-pilka\/","title":{"rendered":"MIKKO pa\u0161to d\u0117\u017eut\u0117, pilka"},"content":{"rendered":"<p><strong>MIKKO pa\u0161to d\u0117\u017eut\u0117 \u2013 idealus pasirinkimas tiems, kurie vertina kokyb\u0119, funkcionalum\u0105, ir estetik\u0105.<\/strong> I\u0161 cinkuotos skardos pagaminta d\u0117\u017eut\u0117 yra atspari korozijai, o modernus dizainas suteikia fasadui tvarking\u0105 ir \u0161iuolaiki\u0161k\u0105 \u012fvaizd\u012f.<\/p>\n<p>Patogus ir tylus naudojimas<\/p>\n<p>Pa\u0161to d\u0117\u017eut\u0117je yra integruotas tylaus nuleidimo mechanizmas, kuris leid\u017eia sklendei u\u017esidaryti \u0161velniai ir be jokio triuk\u0161mo. Tai ypatingai patogu namams, kuriuose toks triuk\u0161mas gali trikdyti ramyb\u0119. \u0160is mechanizmas u\u017etikrina, kad neb\u016btu jokio dureli\u0173 trankymo net esant stipresniam v\u0117jui.<\/p>\n<p>Daugiau vietos J\u016bs\u0173 pa\u0161tui<\/p>\n<p>Be pagrindinio skyriaus lai\u0161kams, d\u0117\u017eut\u0117 turi atskir\u0105 laikra\u0161\u010di\u0173 skyrel\u012f, tod\u0117l visi gaunami laikra\u0161\u010diai ar reklaminiai gaminiai nebesu\u0161laps ir nesusiglam\u017eys. Tai suteikia papildomo patogumo ir padidina bendr\u0105 d\u0117\u017eut\u0117s funkcionalum\u0105.<\/p>\n<p>Komplektacijoje rasite du raktus, kurie u\u017etikrins J\u016bs\u0173 lai\u0161k\u0173 saugum\u0105.<\/p>\n<p><strong>Technin\u0117s savyb\u0117s:<\/strong><\/p>\n<ul>\n<li>Matmenys: 37 x 41 x 13<\/li>\n<li>Lai\u0161k\u0173 vietos matmenys: 335 x 30 mm.<\/li>\n<li>Med\u017eiaga: cinkuota skarda.<\/li>\n<li>Spalva: pilka*<\/li>\n<\/ul>\n<p>* <em>Reali spalva gali \u0161iek tiek skirtis nuo pavaizduotos nuotraukoje.<\/em><\/p>\n<p><strong>Kod\u0117l verta rinktis NIKKO?<\/strong><\/p>\n<ul>\n<li>Modernus dizainas, tinka \u012fvairiems nam\u0173 fasadams.<\/li>\n<li>Tyliai u\u017esidaranti sklend\u0117 \u2013 jokio triuk\u0161mo.<\/li>\n<li>Atskirai integruotas laikra\u0161\u010di\u0173 skyrius<\/li>\n<li>Patvari, cinkuota skarda.<\/li>\n<li>Komplekte \u2013 du raktai saugiam naudojimui<\/li>\n<li>Apsaugo korespondencij\u0105 nuo oro s\u0105lyg\u0173.<\/li>\n<\/ul>\n","protected":false},"excerpt":{"rendered":"<ul>\n<li>Modernus dizainas, tinka \u012fvairiems nam\u0173 fasadams.<\/li>\n<li>Tyliai u\u017esidaranti sklend\u0117 \u2013 jokio triuk\u0161mo.<\/li>\n<li>Atskirai integruotas laikra\u0161\u010di\u0173 skyrius<\/li>\n<li>Patvari, cinkuota skarda.<\/li>\n<li>Komplekte \u2013 du raktai saugiam naudojimui<\/li>\n<li>Apsaugo korespondencij\u0105 nuo oro s\u0105lyg\u0173.<\/li>\n<\/ul>\n","protected":false},"featured_media":10539,"comment_status":"open","ping_status":"closed","template":"","meta":{"_acf_changed":false,"om_disable_all_campaigns":false,"_uf_show_specific_survey":0,"_uf_disable_surveys":false},"pwb-brand":[406],"gamintojas":[407],"product_brand":[],"product_cat":[411],"product_tag":[],"class_list":{"0":"post-10526","1":"product","2":"type-product","3":"status-publish","4":"has-post-thumbnail","6":"pwb-brand-mikko","7":"gamintojas-mikko","8":"product_cat-kiemo-sprendimai","9":"product_shipping_class-d-pristatymo-klase","11":"first","12":"instock","13":"taxable","14":"shipping-taxable","15":"purchasable","16":"product-type-simple"},"acf":[],"aioseo_notices":[],"brands":[{"id":406,"name":"MIKKO","slug":"mikko"}],"_links":{"self":[{"href":"https:\/\/solaroutlet.lt\/en\/wp-json\/wp\/v2\/product\/10526","targetHints":{"allow":["GET"]}}],"collection":[{"href":"https:\/\/solaroutlet.lt\/en\/wp-json\/wp\/v2\/product"}],"about":[{"href":"https:\/\/solaroutlet.lt\/en\/wp-json\/wp\/v2\/types\/product"}],"replies":[{"embeddable":true,"href":"https:\/\/solaroutlet.lt\/en\/wp-json\/wp\/v2\/comments?post=10526"}],"wp:featuredmedia":[{"embeddable":true,"href":"https:\/\/solaroutlet.lt\/en\/wp-json\/wp\/v2\/media\/10539"}],"wp:attachment":[{"href":"https:\/\/solaroutlet.lt\/en\/wp-json\/wp\/v2\/media?parent=10526"}],"wp:term":[{"taxonomy":"pwb-brand","embeddable":true,"href":"https:\/\/solaroutlet.lt\/en\/wp-json\/wp\/v2\/pwb-brand?post=10526"},{"taxonomy":"gamintojas","embeddable":true,"href":"https:\/\/solaroutlet.lt\/en\/wp-json\/wp\/v2\/gamintojas?post=10526"},{"taxonomy":"product_brand","embeddable":true,"href":"https:\/\/solaroutlet.lt\/en\/wp-json\/wp\/v2\/product_brand?post=10526"},{"taxonomy":"product_cat","embeddable":true,"href":"https:\/\/solaroutlet.lt\/en\/wp-json\/wp\/v2\/product_cat?post=10526"},{"taxonomy":"product_tag","embeddable":true,"href":"https:\/\/solaroutlet.lt\/en\/wp-json\/wp\/v2\/product_tag?post=10526"}],"curies":[{"name":"wp","href":"https:\/\/api.w.org\/{rel}","templated":true}]}}