{"id":10559,"date":"2025-12-22T13:46:06","date_gmt":"2025-12-22T10:46:06","guid":{"rendered":"https:\/\/solaroutlet.lt\/?post_type=product&#038;p=10559"},"modified":"2026-01-09T10:03:35","modified_gmt":"2026-01-09T07:03:35","slug":"mikko-sodo-daiktadeze","status":"publish","type":"product","link":"https:\/\/solaroutlet.lt\/en\/produktas\/mikko-sodo-daiktadeze\/","title":{"rendered":"MIKKO sodo daiktad\u0117\u017e\u0117"},"content":{"rendered":"<p><strong>MIKKO sodo daiktad\u0117\u017e\u0117 \u2013 tai itin erdvus, tvirtas, ir moderniai atrodantis sprendimas. <\/strong>Daiktad\u0117\u017e\u0117 tinkama \u012fvairioms lauko erdv\u0117ms: terasai, kiemui, balkonui, ar sodo nameliui. \u0160i talpykla pasi\u017eymi savo <strong>tvirta konstrukcija<\/strong>, auk\u0161tos kokyb\u0117s med\u017eiagomis, ir itin patogiu naudojimu \u2013 tai garantuoja, kad J\u016bs\u0173 daiktai visada b\u016bt\u0173 sausi, tvarkingai sud\u0117ti, ir apsaugoti.<\/p>\n<p>D\u0117\u017e\u0117 pasi\u017eymi \u012fsp\u016bdinga, <strong>460 litr\u0173 talpa<\/strong>, tad joje lengvai tilps:<\/p>\n<ul>\n<li>Sodo ir laistymo \u012frankiai.<\/li>\n<li>Lauko bald\u0173 pagalv\u0117s ir tekstil\u0117.<\/li>\n<li>\u017daislai, krep\u0161iai, sezoniniai daiktai.<\/li>\n<li>\u012evairi sodo technikos \u012franga, ir reikmenys.<\/li>\n<\/ul>\n<p>Vidiniai matmenys 126,6 x 56,7 x 63,9 cm suteikia daug vietos patogiam daikt\u0173 i\u0161d\u0117stymui.<\/p>\n<p>Daiktad\u0117\u017e\u0117 yra pagaminta i\u0161 1 mm storio <strong>cinkuotos skardos ir ner\u016bdijan\u010dio plieno element\u0173<\/strong>. \u0160ios med\u017eiagos i\u0161skirtin\u0117s, nes pasi\u017eymi atsparumu korozijai ir temperat\u016br\u0173 svyravimams. <strong>Miltelinis pavir\u0161iaus da\u017eymas<\/strong> garantuoja ilgalaik\u0119 spalvos ir pavir\u0161iaus apsaug\u0105. Pastatydami d\u0117\u017e\u0119 lauke, galite b\u016bti tikri, kad konstrukcija nebijo dr\u0117gm\u0117s, nesur\u016bdys, i\u0161liks tokia pat tvirta daugel\u012f met\u0173, bei nereikalaus daug prie\u017ei\u016bros. D\u0117\u017e\u0117s stabilumas yra dar labiau padidintas d\u0117l papildom\u0173 sutvirtinim\u0173.<\/p>\n<p>Ergonomi\u0161kas daiktad\u0117\u017ees dizainas \u2013 vienas did\u017eiausi\u0173 \u0161io modelio privalum\u0173. D\u0117\u017e\u0117s <strong>dangtis atidaromas su dujine spyruokle<\/strong>, kuri leid\u017eia dangti pakelti lengvai ir saugiai; saugo dangt\u012f nuo per staigaus u\u017edarymo, bei suteikia skland\u0173, tyl\u0173, ir komforti\u0161k\u0105 naudojim\u0105.<\/p>\n<p>D\u0117\u017e\u0117je taip pat \u012fmontuota<strong> sandarinimo juosta<\/strong>, kuri saugo J\u016bs\u0173 d\u0117\u017e\u0117s vid\u0173 nuo vabzd\u017ei\u0173, dulki\u0173, ir dr\u0117gm\u0117s patekimo, tad visi daiktai i\u0161liks \u0161var\u016bs ir apsaugoti.<\/p>\n<p>Daiktad\u0117\u017e\u0117s ilgaam\u017ei\u0161kumas yra patikrintas i\u0161samiais <strong>kokyb\u0117s testais:<\/strong><\/p>\n<ul>\n<li>96 val. druskos pur\u0161kimo testas \u2013 atsparumui korozijai.<\/li>\n<li>Sukibimo testas \u2013 miltelinio da\u017eymo kokybei.<\/li>\n<li>1000 val. sen\u0117jimo testas \u2013 pavir\u0161iaus atsparumui UV ir aplinkos poveikiui.<\/li>\n<li>Patvar\u016bs vyriai, var\u017etai ir u\u017eraktas.<\/li>\n<\/ul>\n<p>Technin\u0117s specifikacijos:<\/p>\n<ul>\n<li>I\u0161oriniai matmenys 135,6 \u00d7 66,2 \u00d7 74 cm.<\/li>\n<li>Vidiniai matmenys 126,6 \u00d7 56,7 \u00d7 63,9 cm.<\/li>\n<li>Vidin\u0117 talpa: 460<\/li>\n<li>Med\u017eiaga: cinkuota skarda, ner\u016bdijantis plienas.<\/li>\n<li>Pavir\u0161ius: miltelinis da\u017eymas.<\/li>\n<li>Svoris: 50,5kg..<\/li>\n<\/ul>\n<p><em>Reali daiktad\u0117\u017e\u0117s spalva gali \u0161iek tiek skirtis nuo pateiktos nuotraukose.<\/em><\/p>\n","protected":false},"excerpt":{"rendered":"<ul>\n<li>Tvirta, ilgaam\u017e\u0117, ir atspari korozijai konstrukcija.<\/li>\n<li>460 litr\u0173 talpa.<\/li>\n<li>Patogus atidarymas su dujine spyruokle.<\/li>\n<li>Apsauga nuo dr\u0117gm\u0117s, dulki\u0173, ir vabzd\u017ei\u0173.<\/li>\n<li>Moderni estetika ir kokybi\u0161kas miltelinis da\u017eymas.<\/li>\n<li>Lengva prie\u017ei\u016bra, nereikalaujanti papildom\u0173 investicij\u0173.<\/li>\n<\/ul>\n","protected":false},"featured_media":10566,"comment_status":"open","ping_status":"closed","template":"","meta":{"_acf_changed":false,"om_disable_all_campaigns":false,"_uf_show_specific_survey":0,"_uf_disable_surveys":false},"pwb-brand":[406],"gamintojas":[407],"product_brand":[],"product_cat":[411],"product_tag":[],"class_list":{"0":"post-10559","1":"product","2":"type-product","3":"status-publish","4":"has-post-thumbnail","6":"pwb-brand-mikko","7":"gamintojas-mikko","8":"product_cat-kiemo-sprendimai","9":"product_shipping_class-e-pristatymo-klase","11":"first","12":"instock","13":"taxable","14":"shipping-taxable","15":"purchasable","16":"product-type-variable"},"acf":[],"aioseo_notices":[],"brands":[{"id":406,"name":"MIKKO","slug":"mikko"}],"_links":{"self":[{"href":"https:\/\/solaroutlet.lt\/en\/wp-json\/wp\/v2\/product\/10559","targetHints":{"allow":["GET"]}}],"collection":[{"href":"https:\/\/solaroutlet.lt\/en\/wp-json\/wp\/v2\/product"}],"about":[{"href":"https:\/\/solaroutlet.lt\/en\/wp-json\/wp\/v2\/types\/product"}],"replies":[{"embeddable":true,"href":"https:\/\/solaroutlet.lt\/en\/wp-json\/wp\/v2\/comments?post=10559"}],"wp:featuredmedia":[{"embeddable":true,"href":"https:\/\/solaroutlet.lt\/en\/wp-json\/wp\/v2\/media\/10566"}],"wp:attachment":[{"href":"https:\/\/solaroutlet.lt\/en\/wp-json\/wp\/v2\/media?parent=10559"}],"wp:term":[{"taxonomy":"pwb-brand","embeddable":true,"href":"https:\/\/solaroutlet.lt\/en\/wp-json\/wp\/v2\/pwb-brand?post=10559"},{"taxonomy":"gamintojas","embeddable":true,"href":"https:\/\/solaroutlet.lt\/en\/wp-json\/wp\/v2\/gamintojas?post=10559"},{"taxonomy":"product_brand","embeddable":true,"href":"https:\/\/solaroutlet.lt\/en\/wp-json\/wp\/v2\/product_brand?post=10559"},{"taxonomy":"product_cat","embeddable":true,"href":"https:\/\/solaroutlet.lt\/en\/wp-json\/wp\/v2\/product_cat?post=10559"},{"taxonomy":"product_tag","embeddable":true,"href":"https:\/\/solaroutlet.lt\/en\/wp-json\/wp\/v2\/product_tag?post=10559"}],"curies":[{"name":"wp","href":"https:\/\/api.w.org\/{rel}","templated":true}]}}