{"id":10594,"date":"2025-12-22T13:44:01","date_gmt":"2025-12-22T10:44:01","guid":{"rendered":"https:\/\/solaroutlet.lt\/?post_type=product&#038;p=10594"},"modified":"2026-01-09T10:03:46","modified_gmt":"2026-01-09T07:03:46","slug":"mikko-siuntu-ir-pasto-dezute-pilka","status":"publish","type":"product","link":"https:\/\/solaroutlet.lt\/en\/produktas\/mikko-siuntu-ir-pasto-dezute-pilka\/","title":{"rendered":"MIKKO siunt\u0173 ir pa\u0161to d\u0117\u017eut\u0117, pilka"},"content":{"rendered":"<p><strong>MIKKO siunt\u0173 ir pa\u0161to d\u0117\u017eut\u0117 \u2013 idealus pasirinkimas tiems, kurie vertina kokyb\u0119, funkcionalum\u0105, ir estetik\u0105.<\/strong> Skirtas kasdieniams lai\u0161kams ir didesniems siuntiniams laikyti. I\u0161 cinkuotos skardos pagaminta d\u0117\u017eut\u0117 yra atspari korozijai, o modernus dizainas suteikia fasadui tvarking\u0105 ir \u0161iuolaiki\u0161k\u0105 \u012fvaizd\u012f.<\/p>\n<p>\u0160i siunt\u0173 ir pa\u0161to d\u0117\u017eut\u0117 leis Jums gauti siuntas bet kuriuo metu, nesvarbu, ar esate namuose. Kurjeris gali palikti siunt\u0105 specialiame skyriuje, o J\u016bs j\u0105 pasiimsite patogiu sau laiku.<\/p>\n<p>D\u0117\u017eut\u0117je yra du atskiri skyriai:<\/p>\n<ul>\n<li><strong>Lai\u0161k\u0173 skyrius<\/strong> \u2013 skirtas vokams, laikra\u0161\u010diams, ir smulkiai korespondencijai.<\/li>\n<li><strong>Siunt\u0173 skyrius<\/strong> \u2013 talpina vidutinio dyd\u017eio pakuotes j\u0173 nepa\u017eeid\u017eiant.<\/li>\n<\/ul>\n<p>MIKKO siunt\u0173 d\u0117\u017eut\u0117 yra pagaminta i\u0161 <strong>auk\u0161tos kokyb\u0117s cinkuotos skardos ir ner\u016bdijan\u010dio plieno<\/strong>, kurie pasi\u017eymi atsparumu korozijai ir mechaniniams pa\u017eeidimams. <strong>1 \u00b1 0,8 mm storio metalas<\/strong> u\u017etikrina, kad d\u0117\u017eut\u0117 tarnaus daugel\u012f met\u0173. <strong>Miltelinis d\u0117\u017eut\u0117s da\u017eymas<\/strong> dar labiau sustiprina pavir\u0161i\u0173 ir padaro j\u012f atspariu \u012fvairiomis oro s\u0105lygoms, UV spinduliams, \u012fbr\u0117\u017eimams ir spalvos blukimui.<\/p>\n<p>D\u0117l tvirto u\u017erakto ir stabilios konstrukcijos galite b\u016bti u\u017etikrinti, kad J\u016bs\u0173 siuntos ir lai\u0161kai bus apsaugoti nuo vagys\u010di\u0173 bei v\u0117jo ir lietaus poveikio. Tai itin aktualu tiems, kurie da\u017enai gauna siuntas bei nori i\u0161vengti j\u0173 palikimo ant dur\u0173 slenks\u010dio.<\/p>\n<p>Antracito pilkos spalvos danga, <strong>ner\u016bdijan\u010dio plieno detal\u0117s<\/strong>, ir subtil\u016bs 3D efektai ant ranken\u0173 suteikia d\u0117\u017eutei \u0161iuolaiki\u0161k\u0105, minimalistin\u0119 i\u0161vaizd\u0105. \u0160i pa\u0161to ir siunt\u0173 d\u0117\u017eut\u0117 dera tiek prie moderni\u0173, tiek prie klasikini\u0173 nam\u0173 fasad\u0173.<\/p>\n<p>Technin\u0117s savyb\u0117s:<\/p>\n<ul>\n<li>Matmenys: 50 x 38 x 112<\/li>\n<li>Siunt\u0173 vietos matmenys: 40 x 40 x 15 cm.<\/li>\n<li>Storis: 1 \u00b1 0,8 mm<\/li>\n<li>Med\u017eiaga: cinkuota skarda, ner\u016bdijantis plienas.<\/li>\n<li>Pavir\u0161ius: miltelinis da\u017eymas.<\/li>\n<li>Svoris: 25,3 kg.<\/li>\n<li>Spalva: pilka *<\/li>\n<\/ul>\n<p>* <em>Reali spalva gali \u0161iek tiek skirtis nuo pavaizduotos nuotraukoje.<\/em><\/p>\n","protected":false},"excerpt":{"rendered":"<ul>\n<li>Tinka tiek lai\u0161kams, tiek siuntoms.<\/li>\n<li>Atskiri skyreliai patogiam r\u016b\u0161iavimui.<\/li>\n<li>Tvirtas plienas ir atsparumas oro s\u0105lygoms.<\/li>\n<li>Modernus ir esteti\u0161kas dizainas.<\/li>\n<li>Saugus u\u017erakinimo mechanizmas.<\/li>\n<\/ul>\n","protected":false},"featured_media":10595,"comment_status":"open","ping_status":"closed","template":"","meta":{"_acf_changed":false,"om_disable_all_campaigns":false,"_uf_show_specific_survey":0,"_uf_disable_surveys":false},"pwb-brand":[406],"gamintojas":[407],"product_brand":[],"product_cat":[411],"product_tag":[],"class_list":{"0":"post-10594","1":"product","2":"type-product","3":"status-publish","4":"has-post-thumbnail","6":"pwb-brand-mikko","7":"gamintojas-mikko","8":"product_cat-kiemo-sprendimai","9":"product_shipping_class-e-pristatymo-klase","11":"first","12":"instock","13":"taxable","14":"shipping-taxable","15":"purchasable","16":"product-type-simple"},"acf":[],"aioseo_notices":[],"brands":[{"id":406,"name":"MIKKO","slug":"mikko"}],"_links":{"self":[{"href":"https:\/\/solaroutlet.lt\/en\/wp-json\/wp\/v2\/product\/10594","targetHints":{"allow":["GET"]}}],"collection":[{"href":"https:\/\/solaroutlet.lt\/en\/wp-json\/wp\/v2\/product"}],"about":[{"href":"https:\/\/solaroutlet.lt\/en\/wp-json\/wp\/v2\/types\/product"}],"replies":[{"embeddable":true,"href":"https:\/\/solaroutlet.lt\/en\/wp-json\/wp\/v2\/comments?post=10594"}],"wp:featuredmedia":[{"embeddable":true,"href":"https:\/\/solaroutlet.lt\/en\/wp-json\/wp\/v2\/media\/10595"}],"wp:attachment":[{"href":"https:\/\/solaroutlet.lt\/en\/wp-json\/wp\/v2\/media?parent=10594"}],"wp:term":[{"taxonomy":"pwb-brand","embeddable":true,"href":"https:\/\/solaroutlet.lt\/en\/wp-json\/wp\/v2\/pwb-brand?post=10594"},{"taxonomy":"gamintojas","embeddable":true,"href":"https:\/\/solaroutlet.lt\/en\/wp-json\/wp\/v2\/gamintojas?post=10594"},{"taxonomy":"product_brand","embeddable":true,"href":"https:\/\/solaroutlet.lt\/en\/wp-json\/wp\/v2\/product_brand?post=10594"},{"taxonomy":"product_cat","embeddable":true,"href":"https:\/\/solaroutlet.lt\/en\/wp-json\/wp\/v2\/product_cat?post=10594"},{"taxonomy":"product_tag","embeddable":true,"href":"https:\/\/solaroutlet.lt\/en\/wp-json\/wp\/v2\/product_tag?post=10594"}],"curies":[{"name":"wp","href":"https:\/\/api.w.org\/{rel}","templated":true}]}}