{"id":10615,"date":"2025-12-22T13:40:14","date_gmt":"2025-12-22T10:40:14","guid":{"rendered":"https:\/\/solaroutlet.lt\/?post_type=product&#038;p=10615"},"modified":"2026-01-09T10:04:20","modified_gmt":"2026-01-09T07:04:20","slug":"mikko-lentyna-malkoms-su-skyriais","status":"publish","type":"product","link":"https:\/\/solaroutlet.lt\/en\/produktas\/mikko-lentyna-malkoms-su-skyriais\/","title":{"rendered":"MIKKO lentyna malkoms su skyriais"},"content":{"rendered":"<p><strong>Lentyna malkoms su skyriais \u2013 novatori\u0161kas, funkcionalus, ir ilgaam\u017eis sprendimas.<\/strong> \u0160i lentyna i\u0161siskiria \u0161iuolaikine forma ir ypatingu konstrukcijos tvirtumu. Taip pat pasi\u017eymi talpa ir kompakti\u0161kumu, tad puikiai tinka tiek ma\u017eoms, tiek erdvioms lauko zonoms.<\/p>\n<p>Lentyna malkoms pagaminta i\u0161 <strong>0,8 mm storio cinkuotos skardos<\/strong>, kuri pasi\u017eymi <strong>atsparumu korozijai<\/strong>. Lentyna taip pat padengta milteline danga, kuri suteikia antracito pilkos spalvos <strong>apsaugin\u012f sluoksn\u012f<\/strong>. Tai apsaugo lentyn\u0105 nuo dr\u0117gm\u0117s, UV poveikio, kasdienio nusid\u0117v\u0117jimo, tad lentyn\u0105 galima saugiai naudoti lauke i\u0161tisus metus.<\/p>\n<p>Vidin\u0117s lentynos atramos sukuria i\u0161rai\u0161king\u0105, stiling\u0105 akcent\u0105 i\u0161 trikampi\u0173 ir vertikali\u0173 linij\u0173. Tokia konstrukcija suteikia i\u0161skirtin\u012f vizualin\u012f efekt\u0105, padidina lentynos tvirtum\u0105, ir padeda tvarkingai r\u016b\u0161iuoti bei sud\u0117ti malkas.<\/p>\n<p>Nors lentyna neu\u017eima daug vietos, 160 cm auk\u0161tis ir 95 x 50 cmplotas suteikia pakankamai talpos J\u016bs\u0173 malkoms. Apatin\u0117je lentynos dalyje yra atramos platforma, kuri apsaugo malkas nuo tiesioginio kontakto su \u017eeme \u2013 tod\u0117l malkos geriau ventiliuojasi ir ilgiau i\u0161lieka sausos.<\/p>\n<p>Komplekte yra visi reikalingi tvirtinimo elementai:<\/p>\n<ul>\n<li>Malk\u0173 stovas<\/li>\n<li>Ner\u016bdijan\u010dio plieno var\u017etai ir prover\u017el\u0117s, kurie garantuoja ilgaam\u017e\u012f ir stabil\u0173 konstrukcijos sujungim\u0105.<\/li>\n<\/ul>\n<p><strong>Technin\u0117s specifikacijos:<\/strong><\/p>\n<ul>\n<li>Matmenys: 95 x 50 x 160 cm.<\/li>\n<li>Storis: 0,8 mm.<\/li>\n<li>Med\u017eiaga: cinkuota skarda.<\/li>\n<li>Pavir\u0161ius: metalin\u0117 danga.<\/li>\n<li>Spalva: pilka*.<\/li>\n<li>Svoris: 41,5 kg.<\/li>\n<\/ul>\n<p>* <em>Reali spalva gali \u0161iek tiek skirtis nuo pavaizduotos nuotraukoje.<\/em><\/p>\n<p>Kod\u0117l verta rinktis siunt\u0173 ir pa\u0161to d\u0117\u017eut\u0119 MIKKO?<\/p>\n<ul>\n<li>Modernus, geometri\u0161kai i\u0161rai\u0161kingas dizainas.<\/li>\n<li>Atspari oro s\u0105lygoms, tinkama naudojimui lauke.<\/li>\n<li>Talpi, bet neu\u017eima daug vietos.<\/li>\n<li>Stabilumas d\u0117l tvirtos apatin\u0117s platformos.<\/li>\n<li>Kokybi\u0161ki ner\u016bdijan\u010dio plieno tvirtinimo elementai.<\/li>\n<\/ul>\n","protected":false},"excerpt":{"rendered":"<ul>\n<li>Modernus, geometri\u0161kai i\u0161rai\u0161kingas dizainas.<\/li>\n<li>Atspari oro s\u0105lygoms, tinkama naudojimui lauke.<\/li>\n<li>Talpi, bet neu\u017eima daug vietos.<\/li>\n<li>Stabilumas d\u0117l tvirtos apatin\u0117s platformos.<\/li>\n<li>Kokybi\u0161ki ner\u016bdijan\u010dio plieno tvirtinimo elementai.<\/li>\n<\/ul>\n","protected":false},"featured_media":10616,"comment_status":"open","ping_status":"closed","template":"","meta":{"_acf_changed":false,"om_disable_all_campaigns":false,"_uf_show_specific_survey":0,"_uf_disable_surveys":false},"pwb-brand":[406],"gamintojas":[407],"product_brand":[],"product_cat":[411],"product_tag":[],"class_list":{"0":"post-10615","1":"product","2":"type-product","3":"status-publish","4":"has-post-thumbnail","6":"pwb-brand-mikko","7":"gamintojas-mikko","8":"product_cat-kiemo-sprendimai","9":"product_shipping_class-e-pristatymo-klase","11":"first","12":"instock","13":"taxable","14":"shipping-taxable","15":"purchasable","16":"product-type-simple"},"acf":[],"aioseo_notices":[],"brands":[{"id":406,"name":"MIKKO","slug":"mikko"}],"_links":{"self":[{"href":"https:\/\/solaroutlet.lt\/en\/wp-json\/wp\/v2\/product\/10615","targetHints":{"allow":["GET"]}}],"collection":[{"href":"https:\/\/solaroutlet.lt\/en\/wp-json\/wp\/v2\/product"}],"about":[{"href":"https:\/\/solaroutlet.lt\/en\/wp-json\/wp\/v2\/types\/product"}],"replies":[{"embeddable":true,"href":"https:\/\/solaroutlet.lt\/en\/wp-json\/wp\/v2\/comments?post=10615"}],"wp:featuredmedia":[{"embeddable":true,"href":"https:\/\/solaroutlet.lt\/en\/wp-json\/wp\/v2\/media\/10616"}],"wp:attachment":[{"href":"https:\/\/solaroutlet.lt\/en\/wp-json\/wp\/v2\/media?parent=10615"}],"wp:term":[{"taxonomy":"pwb-brand","embeddable":true,"href":"https:\/\/solaroutlet.lt\/en\/wp-json\/wp\/v2\/pwb-brand?post=10615"},{"taxonomy":"gamintojas","embeddable":true,"href":"https:\/\/solaroutlet.lt\/en\/wp-json\/wp\/v2\/gamintojas?post=10615"},{"taxonomy":"product_brand","embeddable":true,"href":"https:\/\/solaroutlet.lt\/en\/wp-json\/wp\/v2\/product_brand?post=10615"},{"taxonomy":"product_cat","embeddable":true,"href":"https:\/\/solaroutlet.lt\/en\/wp-json\/wp\/v2\/product_cat?post=10615"},{"taxonomy":"product_tag","embeddable":true,"href":"https:\/\/solaroutlet.lt\/en\/wp-json\/wp\/v2\/product_tag?post=10615"}],"curies":[{"name":"wp","href":"https:\/\/api.w.org\/{rel}","templated":true}]}}