{"id":10626,"date":"2025-12-22T13:41:41","date_gmt":"2025-12-22T10:41:41","guid":{"rendered":"https:\/\/solaroutlet.lt\/?post_type=product&#038;p=10626"},"modified":"2026-01-09T10:04:10","modified_gmt":"2026-01-09T07:04:10","slug":"mikko-lentyna-malkoms-be-skyriu","status":"publish","type":"product","link":"https:\/\/solaroutlet.lt\/en\/produktas\/mikko-lentyna-malkoms-be-skyriu\/","title":{"rendered":"MIKKO Lentyna malkoms be skyri\u0173"},"content":{"rendered":"<p><strong>MIKKO Lentyna malkoms \u2013 novatori\u0161kas, funkcionalus, ir ilgaam\u017eis sprendimas. \u0160i lentyna i\u0161siskiria \u0161iuolaikine forma ir ypatingu konstrukcijos tvirtumu.<\/strong> Taip pat pasi\u017eymi talpa ir kompakti\u0161kumu, tad puikiai tinka tiek ma\u017eoms, tiek erdvioms lauko zonoms.<\/p>\n<p>Lentyna malkoms pagaminta i\u0161 0,8 mm storio <strong>cinkuotos skardos<\/strong>, kuri pasi\u017eymi atsparumu korozijai. Lentyna taip pat padengta milteline danga, kuri suteikia antracito pilkos spalvos apsaugin\u012f sluoksn\u012f. Tai apsaugo lentyn\u0105 nuo dr\u0117gm\u0117s, UV poveikio, kasdienio nusid\u0117v\u0117jimo, tad lentyn\u0105 galima saugiai naudoti lauke i\u0161tisus metus. Lentyna i\u0161siskiria moderniu dizainu su i\u0161lenkta apatine dalimi, kuri ne tik suteikia modern\u0173 \u012fvaizd\u012f, bet ir leid\u017eia patogiai sukrauti ir stabiliai laikyti malkas.<\/p>\n<p>Nors lentyna neu\u017eima daug vietos, 160 cm auk\u0161tis ir 98,4 x 52,4 cm plotas suteikia pakankamai talpos J\u016bs\u0173 malkoms. Apatin\u0117 lentynos dalis yra i\u0161lenkta, ji apsaugo malkas nuo tiesioginio kontakto su \u017eeme \u2013 tod\u0117l malkos geriau ventiliuojasi ir ilgiau i\u0161lieka sausos.<\/p>\n<p>Komplekte yra visi reikalingi tvirtinimo elementai:<\/p>\n<ul>\n<li>Malk\u0173 stovas<\/li>\n<li>Ner\u016bdijan\u010dio plieno var\u017etai ir prover\u017el\u0117s, kurie garantuoja ilgaam\u017e\u012f ir stabil\u0173 konstrukcijos sujungim\u0105.<\/li>\n<\/ul>\n<p>Technin\u0117s specifikacijos:<\/p>\n<ul>\n<li>Matmenys: 98,4 x 52,4 x 160 cm.<\/li>\n<li>Storis: 0,8 mm.<\/li>\n<li>Med\u017eiaga: cinkuota skarda.<\/li>\n<li>Pavir\u0161ius: metalin\u0117 danga.<\/li>\n<li>Spalva: pilka*.<\/li>\n<li>Svoris: 41,5 kg.<\/li>\n<\/ul>\n<p>* <em>Reali spalva gali \u0161iek tiek skirtis nuo pavaizduotos nuotraukoje.<\/em><\/p>\n<p>Kod\u0117l verta rinktis MIKKO malk\u0173 lentyn\u0105?<\/p>\n<ul>\n<li>Modernus i\u0161rai\u0161kingas dizainas.<\/li>\n<li>Atspari oro s\u0105lygoms, tinkama naudojimui lauke.<\/li>\n<li>Talpi, bet neu\u017eima daug vietos.<\/li>\n<li>Stabilumas d\u0117l tvirtos apatin\u0117s platformos.<\/li>\n<li>Kokybi\u0161ki ner\u016bdijan\u010dio plieno tvirtinimo elementai.<\/li>\n<\/ul>\n","protected":false},"excerpt":{"rendered":"<ul>\n<li>Modernus i\u0161rai\u0161kingas dizainas.<\/li>\n<li>Atspari oro s\u0105lygoms, tinkama naudojimui lauke.<\/li>\n<li>Talpi, bet neu\u017eima daug vietos.<\/li>\n<li>Stabilumas d\u0117l tvirtos apatin\u0117s platformos.<\/li>\n<li>Kokybi\u0161ki ner\u016bdijan\u010dio plieno tvirtinimo elementai.<\/li>\n<\/ul>\n","protected":false},"featured_media":10627,"comment_status":"open","ping_status":"closed","template":"","meta":{"_acf_changed":false,"om_disable_all_campaigns":false,"_uf_show_specific_survey":0,"_uf_disable_surveys":false},"pwb-brand":[406],"gamintojas":[407],"product_brand":[],"product_cat":[411],"product_tag":[],"class_list":{"0":"post-10626","1":"product","2":"type-product","3":"status-publish","4":"has-post-thumbnail","6":"pwb-brand-mikko","7":"gamintojas-mikko","8":"product_cat-kiemo-sprendimai","9":"product_shipping_class-e-pristatymo-klase","11":"first","12":"instock","13":"taxable","14":"shipping-taxable","15":"purchasable","16":"product-type-simple"},"acf":[],"aioseo_notices":[],"brands":[{"id":406,"name":"MIKKO","slug":"mikko"}],"_links":{"self":[{"href":"https:\/\/solaroutlet.lt\/en\/wp-json\/wp\/v2\/product\/10626","targetHints":{"allow":["GET"]}}],"collection":[{"href":"https:\/\/solaroutlet.lt\/en\/wp-json\/wp\/v2\/product"}],"about":[{"href":"https:\/\/solaroutlet.lt\/en\/wp-json\/wp\/v2\/types\/product"}],"replies":[{"embeddable":true,"href":"https:\/\/solaroutlet.lt\/en\/wp-json\/wp\/v2\/comments?post=10626"}],"wp:featuredmedia":[{"embeddable":true,"href":"https:\/\/solaroutlet.lt\/en\/wp-json\/wp\/v2\/media\/10627"}],"wp:attachment":[{"href":"https:\/\/solaroutlet.lt\/en\/wp-json\/wp\/v2\/media?parent=10626"}],"wp:term":[{"taxonomy":"pwb-brand","embeddable":true,"href":"https:\/\/solaroutlet.lt\/en\/wp-json\/wp\/v2\/pwb-brand?post=10626"},{"taxonomy":"gamintojas","embeddable":true,"href":"https:\/\/solaroutlet.lt\/en\/wp-json\/wp\/v2\/gamintojas?post=10626"},{"taxonomy":"product_brand","embeddable":true,"href":"https:\/\/solaroutlet.lt\/en\/wp-json\/wp\/v2\/product_brand?post=10626"},{"taxonomy":"product_cat","embeddable":true,"href":"https:\/\/solaroutlet.lt\/en\/wp-json\/wp\/v2\/product_cat?post=10626"},{"taxonomy":"product_tag","embeddable":true,"href":"https:\/\/solaroutlet.lt\/en\/wp-json\/wp\/v2\/product_tag?post=10626"}],"curies":[{"name":"wp","href":"https:\/\/api.w.org\/{rel}","templated":true}]}}