{"id":10635,"date":"2025-12-22T13:42:59","date_gmt":"2025-12-22T10:42:59","guid":{"rendered":"https:\/\/solaroutlet.lt\/?post_type=product&#038;p=10635"},"modified":"2026-01-09T10:04:00","modified_gmt":"2026-01-09T07:04:00","slug":"mikko-isorinio-oro-kondicionieriaus-apsaugine-deze","status":"publish","type":"product","link":"https:\/\/solaroutlet.lt\/en\/produktas\/mikko-isorinio-oro-kondicionieriaus-apsaugine-deze\/","title":{"rendered":"MIKKO I\u0161orinio oro kondicionieriaus apsaugin\u0117 d\u0117\u017e\u0117"},"content":{"rendered":"<p><strong>MIKKO apsaugin\u0117 d\u0117\u017e\u0117 sukurta tam, kad pasl\u0117pt\u0173 \u012frengin\u012f, kuris da\u017enai tampa nepageidaujamu fasado akcentu.<\/strong> Apsaugin\u0117 d\u0117\u017e\u0117 ne tik pagerina aplinkos estetik\u0105, bet ir tuo pa\u010diu garantuoja \u012frenginio ilgaam\u017ei\u0161kum\u0105. \u0160i konstrukcija yra <strong>patikima<\/strong>, <strong>stabili<\/strong>, ir <strong>funkcionali<\/strong> \u2013 tinkanti tiek moderniam, tiek klasikiniam namo eksterjerui.<\/p>\n<p>\u0160i apsaugin\u0117 d\u0117\u017e\u0117 yra pagaminta i\u0161 1 mm storio cinkuotos skardos, ir yra sustiprinta tvirtu r\u0117mu. D\u0117l to, apsaugin\u0117 d\u0117\u017e\u0117 pasi\u017eymi atsparumu tiek oro s\u0105lygoms, tiek mechaniniam poveikiui. <strong>Miltelin\u0117 danga<\/strong> ne tik suteikia modern\u0173 matin\u012f pavir\u0161i\u0173, bet ir apsaugo konstrukcij\u0105 nuo korozijos, blukimo, ir nusistov\u0117jimo.<\/p>\n<p>Vienas did\u017eiausi\u0173 \u0161io modelio privalum\u0173 \u2013 <strong>daugiafunkcinis montavimo b\u016bdas<\/strong>. \u0160is lankstumas leid\u017eia pritaikyti d\u0117\u017e\u0119 prie \u012fvairi\u0173 \u0161ilumos siurbli\u0173 ir kondicionieri\u0173 modeli\u0173, pastatymo viet\u0173, ir fasado sprendim\u0173.<\/p>\n<p>Montuojant ant \u017eem\u0117s (su reguliuojamomis kojel\u0117mis):<\/p>\n<ul>\n<li>Reglamentuojamas auk\u0161tis: 92\u201397 cm<\/li>\n<li>I\u0161oriniai matmenys: 100 \u00d7 50 \u00d7 92\u201397 cm<\/li>\n<li>Vidiniai matmenys: 94 \u00d7 47 \u00d7 89\u201394 cm<\/li>\n<\/ul>\n<p>Montuojant prie sienos (su reguliuojamais laikikliais):<\/p>\n<ul>\n<li>Reguliuojamas gylis: 50\u201356 cm<\/li>\n<li>I\u0161oriniai matmenys: 100 \u00d7 50\u201356 \u00d7 88,5 cm<\/li>\n<li>Vidiniai matmenys: 94 \u00d7 47\u201353 \u00d7 85,5 cm<\/li>\n<\/ul>\n<p>Modernus dizainas, kuris dera prie bet kurio namo<\/p>\n<p>Matin\u0117 antracito spalva suteikia konstrukcijai elegancijos bei leid\u017eia j\u0105 paprastai \u012fkomponuoti \u012f namo aplink\u0105. D\u0117\u017e\u0117s dizainas yra minimalistinis, \u0161varus, stilingas, tad puikiai tinka \u0161iuolaikiniams eksterjerams.<\/p>\n<p>D\u0117\u017e\u0117s konstrukcija yra specialiai suprojektuota ir garantuoja, kad J\u016bs\u0173 \u012frenginys gaut\u0173 pakankamai oro:<\/p>\n<ul>\n<li>Montuojant prie sienos vis dar lieka ventiliacinis tarpas;<\/li>\n<li>Atviri \u0161onai u\u017etikrina gar\u0105 oro pralaidum\u0105;<\/li>\n<li>\u012erenginys nei\u0161skiria perteklin\u0117s \u0161ilumos ir veikia stabiliai.<\/li>\n<\/ul>\n<p>Apsaugin\u0117s d\u0117\u017e\u0117s <strong>kojel\u0117s yra reguliuojamos<\/strong>, tad galite tiksliai sureguliuoti d\u0117\u017e\u0117s auk\u0161t\u012f ir garantuoti tvirt\u0105 pad\u0117t\u012f ant bet kokio pagrindo. D\u0117\u017e\u0117 taip pat apsaugo \u012frengin\u012f nuo \u012fvairi\u0173 veiksni\u0173: lietaus ir sniego; UV spinduli\u0173; dulki\u0173 ir krituli\u0173; mechanini\u0173 pa\u017eeidim\u0173. Tad tai ne tik gerina vaizd\u0105, bet ir prailgina J\u016bs\u0173 kondicionieriaus ar \u0161ilumos siurblio tarnavimo laik\u0105.<\/p>\n<p><strong>Technin\u0117s specifikacijos:<\/strong><\/p>\n<ul>\n<li>D\u0117\u017e\u0117s matmenys: 100 x 50 x 88,5 cm.<\/li>\n<li>Storis: 1 mm.<\/li>\n<li>Pavir\u0161ius: miltelin\u0117 danga.<\/li>\n<li>Med\u017eiaga: cinkuota skarda.<\/li>\n<li>Spalva: pilka*.<\/li>\n<li>Svoris: 17 kg.<\/li>\n<\/ul>\n<p><em>*reali spalva gali \u0161iek tiek skirtis nuo pavaizduotos nuotraukoje.<\/em><\/p>\n","protected":false},"excerpt":{"rendered":"<ul>\n<li>D\u0117\u017e\u0117s matmenys: 100 x 50 x 88,5 cm.<\/li>\n<li>Storis: 1 mm.<\/li>\n<li>Pavir\u0161ius: miltelin\u0117 danga.<\/li>\n<li>Med\u017eiaga: cinkuota skarda.<\/li>\n<li>Spalva: pilka*.<\/li>\n<li>Svoris: 17 kg.<\/li>\n<\/ul>\n","protected":false},"featured_media":10636,"comment_status":"open","ping_status":"closed","template":"","meta":{"_acf_changed":false,"om_disable_all_campaigns":false,"_uf_show_specific_survey":0,"_uf_disable_surveys":false},"pwb-brand":[406],"gamintojas":[407],"product_brand":[],"product_cat":[411],"product_tag":[],"class_list":{"0":"post-10635","1":"product","2":"type-product","3":"status-publish","4":"has-post-thumbnail","6":"pwb-brand-mikko","7":"gamintojas-mikko","8":"product_cat-kiemo-sprendimai","9":"product_shipping_class-e-pristatymo-klase","11":"first","12":"instock","13":"taxable","14":"shipping-taxable","15":"purchasable","16":"product-type-simple"},"acf":[],"aioseo_notices":[],"brands":[{"id":406,"name":"MIKKO","slug":"mikko"}],"_links":{"self":[{"href":"https:\/\/solaroutlet.lt\/en\/wp-json\/wp\/v2\/product\/10635","targetHints":{"allow":["GET"]}}],"collection":[{"href":"https:\/\/solaroutlet.lt\/en\/wp-json\/wp\/v2\/product"}],"about":[{"href":"https:\/\/solaroutlet.lt\/en\/wp-json\/wp\/v2\/types\/product"}],"replies":[{"embeddable":true,"href":"https:\/\/solaroutlet.lt\/en\/wp-json\/wp\/v2\/comments?post=10635"}],"wp:featuredmedia":[{"embeddable":true,"href":"https:\/\/solaroutlet.lt\/en\/wp-json\/wp\/v2\/media\/10636"}],"wp:attachment":[{"href":"https:\/\/solaroutlet.lt\/en\/wp-json\/wp\/v2\/media?parent=10635"}],"wp:term":[{"taxonomy":"pwb-brand","embeddable":true,"href":"https:\/\/solaroutlet.lt\/en\/wp-json\/wp\/v2\/pwb-brand?post=10635"},{"taxonomy":"gamintojas","embeddable":true,"href":"https:\/\/solaroutlet.lt\/en\/wp-json\/wp\/v2\/gamintojas?post=10635"},{"taxonomy":"product_brand","embeddable":true,"href":"https:\/\/solaroutlet.lt\/en\/wp-json\/wp\/v2\/product_brand?post=10635"},{"taxonomy":"product_cat","embeddable":true,"href":"https:\/\/solaroutlet.lt\/en\/wp-json\/wp\/v2\/product_cat?post=10635"},{"taxonomy":"product_tag","embeddable":true,"href":"https:\/\/solaroutlet.lt\/en\/wp-json\/wp\/v2\/product_tag?post=10635"}],"curies":[{"name":"wp","href":"https:\/\/api.w.org\/{rel}","templated":true}]}}