{"id":10662,"date":"2026-01-06T15:30:00","date_gmt":"2026-01-06T12:30:00","guid":{"rendered":"https:\/\/solaroutlet.lt\/?post_type=product&#038;p=10662"},"modified":"2026-02-17T11:05:36","modified_gmt":"2026-02-17T08:05:36","slug":"linea-dviguba-automobiliu-stogine-tandem-versija","status":"publish","type":"product","link":"https:\/\/solaroutlet.lt\/en\/produktas\/linea-dviguba-automobiliu-stogine-tandem-versija\/","title":{"rendered":"LINEA dviguba automobili\u0173 stogin\u0117, Tandem versija"},"content":{"rendered":"<p><strong>XIMAX LINEA type 60 tandem automobili\u0173 stogin\u0117 tai dviguba stogin\u0117, vienam u\u017e kito statomiems automobiliams.<\/strong> Konstrukcijai naudojamas anoduotas aliuminis garantuoja <strong>atsparum\u0105 korozijai<\/strong>, aplinkos poveikiui, ir pasir\u016bpina, kad erdv\u0117 b\u016btu <strong>patogiai naudojama<\/strong> kasdien, ir i\u0161laiko lengvumo ir stabilumo balans\u0105.<\/p>\n<p>Stogo danga yra pagaminta i\u0161 <strong>sm\u016bgiams ir kar\u0161\u010diui atsparaus<\/strong> polikarbonato. UV apsauga yra garantuota, tod\u0117l J\u016bs\u0173 automobilis daug ma\u017eiau \u012fkais vasaros metu. Konstrukcijoje taip pat integruota lietaus latako ir nuvedimo sistema, kuri leid\u017eia efektyviai pa\u0161alinti kritulius nuo stogo.<\/p>\n<p>LINEA stogin\u0117 i\u0161siskiria savo atsparumu \u012fvairioms oro s\u0105lygoms: kru\u0161ai, \u0161al\u010diui, dr\u0117gmei, stipriam <strong>v\u0117jui net iki 122 km\/h<\/strong>, bei <strong>atlaiko 75 kg\/m\u00b2 sniego apkrov\u0105<\/strong>. D\u0117l \u0161i\u0173 savybi\u0173, stogin\u0117 puikiai tinka tiek gyvenam\u0173j\u0173 nam\u0173, tiek komercini\u0173 objekt\u0173 automobili\u0173 stov\u0117jimo vietoms. Stogin\u0117s konstrukcija laikosi ant keturi\u0173 pagrindini\u0173 atram\u0173, kurios u\u017etikrina stabilum\u0105 net at\u0161iauriomis s\u0105lygomis.<\/p>\n<p>Stogin\u0117 skirta dviem automobiliams \u2013 tai patogus ir kompakti\u0161kas sprendimas individualiam automobiliui. Ji pristatoma kartu su visais montavimui reikalingais elementais ir ai\u0161kiomis surinkimo instrukcijomis. Pastog\u0117s gamintojas taip pat garantuoja itin auk\u0161t\u0105 prek\u0117s patikimum\u0105 ir ilgalaik\u012f atsargini\u0173 dali\u0173 prieinamum\u0105.<\/p>\n<p>LINEA tandem dviguba automobili\u0173 stogin\u0117 puikiai tinka tiems, kurie vertina ilgalaik\u012f patvarum\u0105, modern\u0173 dizain\u0105, ir funkcionalum\u0105.<\/p>\n<p>Technin\u0117s specifikacijos:<\/p>\n<ul>\n<li>Modelis: XIMAX LINEA, tandem versija.<\/li>\n<li>Matmenys: 9826 x 2726 x 2941 mm.<\/li>\n<li>Minimalus pro\u0161vaisos auk\u0161tis: 2400 mm.<\/li>\n<li>Did\u017eiausias pro\u0161vaisos auk\u0161tis: 2756 mm.<\/li>\n<li>Stogo tipas: tiesus.<\/li>\n<li>Stogo danga: polikarbonatas.<\/li>\n<li>Ner\u016bdijan\u010dio plieno pilka spalva: UV apsauga: 100 % \/ infraraudon\u0173j\u0173 spinduli\u0173 apsauga: 81 %.<\/li>\n<li>Skaidri matin\u0117 spalva (pagal u\u017esakym\u0105): UV apsauga: 100 % \/ infraraudon\u0173j\u0173 spinduli\u0173 apsauga: 37 %.<\/li>\n<li>Konstrukcija: anoduotas aliuminis.<\/li>\n<li>Atramos: 4.<\/li>\n<li>Sniego apkrova: 75 kg\/m\u00b2 (0.75 kN\/m\u00b2).<\/li>\n<li>V\u0117jo atsparumas: 122 km\/h.<\/li>\n<li>Atsparumas kru\u0161ai: taip.<\/li>\n<li>Priedai: integruotas latakas su nuvedimo vamzd\u017eiu.<\/li>\n<li>Komplekte: visos tvirtinimo detal\u0117s, montavimo instrukcijos.<\/li>\n<\/ul>\n<p><strong>Dokumentai:<\/strong><\/p>\n<p><strong>\u27a1\ufe0f<a href=\"https:\/\/www.ximax.at\/fileadmin\/documents\/Downloads\/produktskizzen\/carport\/linea-tandem.pdf\" target=\"_blank\" rel=\"noopener\">Produkto eskizas.<\/a><\/strong><\/p>\n","protected":false},"excerpt":{"rendered":"<p>Dizainerio sukurta \u201eLINEA\u201c serijos automobili\u0173 stogin\u0117 su tiesiu stogu harmoningai dera bet kokioje aplinkoje. Funkcionali, modernaus dizaino, auk\u0161tos kokyb\u0117s med\u017eiagos yra nepriekai\u0161tingai apdorotos. Nesenstanti, eleganti\u0161ka ir d\u0117l anoduoto aliuminio bei polikarbonato derinio labai lanksti bei stabili!<\/p>\n<p>&nbsp;<\/p>\n<p>Pristatymas 1-2 sav.<\/p>\n","protected":false},"featured_media":10663,"comment_status":"open","ping_status":"closed","template":"","meta":{"_acf_changed":false,"om_disable_all_campaigns":false,"_uf_show_specific_survey":0,"_uf_disable_surveys":false},"pwb-brand":[302],"gamintojas":[303],"product_brand":[],"product_cat":[301],"product_tag":[],"class_list":{"0":"post-10662","1":"product","2":"type-product","3":"status-publish","4":"has-post-thumbnail","6":"pwb-brand-ximax","7":"gamintojas-ximax","8":"product_cat-automobiliu-stogines","9":"product_shipping_class-k-pristatymo-klase","11":"first","12":"instock","13":"taxable","14":"shipping-taxable","15":"purchasable","16":"product-type-simple"},"acf":[],"aioseo_notices":[],"brands":[{"id":302,"name":"Ximax","slug":"ximax"}],"_links":{"self":[{"href":"https:\/\/solaroutlet.lt\/en\/wp-json\/wp\/v2\/product\/10662","targetHints":{"allow":["GET"]}}],"collection":[{"href":"https:\/\/solaroutlet.lt\/en\/wp-json\/wp\/v2\/product"}],"about":[{"href":"https:\/\/solaroutlet.lt\/en\/wp-json\/wp\/v2\/types\/product"}],"replies":[{"embeddable":true,"href":"https:\/\/solaroutlet.lt\/en\/wp-json\/wp\/v2\/comments?post=10662"}],"wp:featuredmedia":[{"embeddable":true,"href":"https:\/\/solaroutlet.lt\/en\/wp-json\/wp\/v2\/media\/10663"}],"wp:attachment":[{"href":"https:\/\/solaroutlet.lt\/en\/wp-json\/wp\/v2\/media?parent=10662"}],"wp:term":[{"taxonomy":"pwb-brand","embeddable":true,"href":"https:\/\/solaroutlet.lt\/en\/wp-json\/wp\/v2\/pwb-brand?post=10662"},{"taxonomy":"gamintojas","embeddable":true,"href":"https:\/\/solaroutlet.lt\/en\/wp-json\/wp\/v2\/gamintojas?post=10662"},{"taxonomy":"product_brand","embeddable":true,"href":"https:\/\/solaroutlet.lt\/en\/wp-json\/wp\/v2\/product_brand?post=10662"},{"taxonomy":"product_cat","embeddable":true,"href":"https:\/\/solaroutlet.lt\/en\/wp-json\/wp\/v2\/product_cat?post=10662"},{"taxonomy":"product_tag","embeddable":true,"href":"https:\/\/solaroutlet.lt\/en\/wp-json\/wp\/v2\/product_tag?post=10662"}],"curies":[{"name":"wp","href":"https:\/\/api.w.org\/{rel}","templated":true}]}}