{"id":10757,"date":"2026-01-08T16:33:01","date_gmt":"2026-01-08T13:33:01","guid":{"rendered":"https:\/\/solaroutlet.lt\/?post_type=product&#038;p=10757"},"modified":"2026-02-23T11:43:38","modified_gmt":"2026-02-23T08:43:38","slug":"morek-ismanioji-ikrovimo-stotele-22-kw","status":"publish","type":"product","link":"https:\/\/solaroutlet.lt\/en\/produktas\/morek-ismanioji-ikrovimo-stotele-22-kw\/","title":{"rendered":"Morek i\u0161manioji \u012fkrovimo stotel\u0117, 22 kW"},"content":{"rendered":"<p><strong>Morek EV i\u0161manioji \u012fkrovimo stotel\u0117 \u2013 tai modernus, patikimas, ir ekonomi\u0161kas sprendimas elektromobili\u0173 \u012fkrovimui namuose, daugiabu\u010di\u0173 kiemuose, arba komercin\u0117se erdv\u0117se.<\/strong> \u012ekrovimo stotel\u0117 yra sukurta taip, kad maksimalus \u012fkrovimo efektyvumas, saugumas, ir patogus nuotolinis valdymas b\u016bt\u0173 garantuoti.<\/p>\n<p>I\u0161manioji stotel\u0117 geba <strong>optimizuoti elektromobilio \u012fkrovim\u0105<\/strong> pagal Nord Pool kainas, tod\u0117l galima suma\u017einti elektros s\u0105naudas ir krauti elektromobil\u012f ekonomi\u0161kiausiu metu. Stotel\u0117s v<strong>aldymas vyksta per mobili\u0105j\u0105 aplikacij\u0105 ir internetin\u0119 platform\u0105<\/strong>, kuri leid\u017eia realiu laiku steb\u0117ti \u012fkrovimo proces\u0105, nustatyti galios ribas ar per\u017ei\u016br\u0117ti ataskaitas.<\/p>\n<p>Taip pat yra integruotas <strong>LCD 3,8\u201c ekranas<\/strong>, kuris pateikia ai\u0161ki\u0105 informacij\u0105 apie \u012fkrovimo b\u016bsen\u0105 ir veikimo re\u017eimus, tad visada matysite, kas vyksta.<\/p>\n<p>Stotel\u0117 turi<strong> visus b\u016btinus apsaugos sprendimus<\/strong>: vir\u0161\u012ftampi\u0173, perkrovos, trumpojo jungimo, nuot\u0117kio, \u012f\u017eeminimo, perkaitimo ir vir\u0161\u012ftampi\u0173 apsauga.<\/p>\n<p><span style=\"text-decoration: underline;\">Produkto privalumai<\/span><\/p>\n<p>\u201eMorek\u201c i\u0161manioji \u012fkrovimo stotel\u0117 leid\u017eia efektyviai ir ekonomi\u0161kai krauti elektromobil\u012f, prisitaikant prie elektros kain\u0173 svyravim\u0173 ir reali\u0173 nam\u0173 ar pastato elektros galimybi\u0173. <strong>Dinaminio galios valdymo funkcija<\/strong> gali b\u016bti \u012fdiegta be sud\u0117ting\u0173 elektros skydo pertvarkym\u0173, naudojant CT srov\u0117s transformatorius. Wi-Fi ir LAN ry\u0161iai garantuoja <strong>stabil\u0173 nuotolin\u012f valdym\u0105<\/strong>, o integruotas ekranas suteikia reikiam\u0105 informacij\u0105 realiu laiku.<\/p>\n<p>Pagrindin\u0117 informacija:<\/p>\n<ul>\n<li>\u012ekrovimo galia: 22 kW.<\/li>\n<li>Faz\u0117s: 3.<\/li>\n<li>Kabelis: 6,5 m integruotas kabelis ir type 2 ki\u0161tukas.<\/li>\n<li>Montavimas: ant sienos arba ant stovo.<\/li>\n<li>Apsaugos klas\u0117: IP55.<\/li>\n<li>Atsparumas sm\u016bgiams: IK08.<\/li>\n<li>Garantija: 3 metai.<\/li>\n<\/ul>\n<p>Technin\u0117s savyb\u0117s:<\/p>\n<ul>\n<li>Ry\u0161ys: Wi-Fi, LAN, Bluetooth (konfig\u016bravimui).<\/li>\n<li>RFID: taip.<\/li>\n<li>\u012ekrovimo re\u017eimas: Plug-and-charge, RFID, mygtukas, mobili aplikacija.<\/li>\n<li>Au\u0161inimas: nat\u016bralus.<\/li>\n<li>Svoris: 6 kg.<\/li>\n<li>Ilgis: 45,5 cm.<\/li>\n<li>Plotis: 26 cm.<\/li>\n<li>Gylis: 15 cm.<\/li>\n<\/ul>\n<p><a href=\"https:\/\/solaroutlet.lt\/wp-content\/uploads\/2026\/01\/Morek-MEV22DREWN6T2-datasheet.pdf\" target=\"_blank\" rel=\"noopener\">\u27a1\ufe0fTechnin\u0117s specifikacijos<\/a><\/p>\n","protected":false},"excerpt":{"rendered":"<p>Morek i\u0161mani \u012fkrovimo stotel\u0117 \u2013 modernus ir patikimas sprendimas elektromobili\u0173 \u012fkrovimui namuose ir komercin\u0117se vietose. Stotel\u0117 palaiko 22 kW \u012fkrovimo gali\u0105, turi Wi-Fi ir LAN ry\u0161\u012f ir RFID. Yra dinaminis galios valdymas ir integruotas energijos skaitiklis. Stotel\u0117 yra valdoma per mobili\u0105j\u0105 aplikacij\u0105, yra galimyb\u0117 optimizuoti elektromobilio \u012fkrovim\u0105 pagal Nord Pool elektros kainas ir taip u\u017etikrinti efektyv\u0173, saug\u0173, ir ekonomi\u0161k\u0105 elektromobilio \u012fkrovim\u0105.<\/p>\n<p>&nbsp;<\/p>\n<p>Prek\u0117s kodas: MEV22DREWN6T2<\/p>\n","protected":false},"featured_media":10762,"comment_status":"open","ping_status":"closed","template":"","meta":{"_acf_changed":false,"om_disable_all_campaigns":false,"_uf_show_specific_survey":0,"_uf_disable_surveys":false},"pwb-brand":[409],"gamintojas":[410],"product_brand":[],"product_cat":[110],"product_tag":[],"class_list":{"0":"post-10757","1":"product","2":"type-product","3":"status-publish","4":"has-post-thumbnail","6":"pwb-brand-morek","7":"gamintojas-morek","8":"product_cat-krovimo-stoteles","9":"product_shipping_class-c-pristatymo-klase","11":"first","12":"instock","13":"taxable","14":"shipping-taxable","15":"purchasable","16":"product-type-simple"},"acf":[],"aioseo_notices":[],"brands":[{"id":409,"name":"Morek","slug":"morek"}],"_links":{"self":[{"href":"https:\/\/solaroutlet.lt\/en\/wp-json\/wp\/v2\/product\/10757","targetHints":{"allow":["GET"]}}],"collection":[{"href":"https:\/\/solaroutlet.lt\/en\/wp-json\/wp\/v2\/product"}],"about":[{"href":"https:\/\/solaroutlet.lt\/en\/wp-json\/wp\/v2\/types\/product"}],"replies":[{"embeddable":true,"href":"https:\/\/solaroutlet.lt\/en\/wp-json\/wp\/v2\/comments?post=10757"}],"wp:featuredmedia":[{"embeddable":true,"href":"https:\/\/solaroutlet.lt\/en\/wp-json\/wp\/v2\/media\/10762"}],"wp:attachment":[{"href":"https:\/\/solaroutlet.lt\/en\/wp-json\/wp\/v2\/media?parent=10757"}],"wp:term":[{"taxonomy":"pwb-brand","embeddable":true,"href":"https:\/\/solaroutlet.lt\/en\/wp-json\/wp\/v2\/pwb-brand?post=10757"},{"taxonomy":"gamintojas","embeddable":true,"href":"https:\/\/solaroutlet.lt\/en\/wp-json\/wp\/v2\/gamintojas?post=10757"},{"taxonomy":"product_brand","embeddable":true,"href":"https:\/\/solaroutlet.lt\/en\/wp-json\/wp\/v2\/product_brand?post=10757"},{"taxonomy":"product_cat","embeddable":true,"href":"https:\/\/solaroutlet.lt\/en\/wp-json\/wp\/v2\/product_cat?post=10757"},{"taxonomy":"product_tag","embeddable":true,"href":"https:\/\/solaroutlet.lt\/en\/wp-json\/wp\/v2\/product_tag?post=10757"}],"curies":[{"name":"wp","href":"https:\/\/api.w.org\/{rel}","templated":true}]}}