{"id":10766,"date":"2026-01-08T16:33:47","date_gmt":"2026-01-08T13:33:47","guid":{"rendered":"https:\/\/solaroutlet.lt\/?post_type=product&#038;p=10766"},"modified":"2026-01-08T16:33:48","modified_gmt":"2026-01-08T13:33:48","slug":"morek-ikrovimo-stoteliu-stovo-pamatas","status":"publish","type":"product","link":"https:\/\/solaroutlet.lt\/en\/produktas\/morek-ikrovimo-stoteliu-stovo-pamatas\/","title":{"rendered":"Morek \u012fkrovimo stoteli\u0173 stovo pamatas"},"content":{"rendered":"<p><strong>AC \u012fkrovimo stoteli\u0173 stovo pamatas \u201eMorek\u201c \u2013 tai i\u0161skirtinis po\u017eeminis montavimo r\u0117mas, skirtas Morek AC \u012fkrovimo stoteli\u0173 stovams sutvirtinti nenaudojant betoninio pamato. <\/strong>Naudojant tok\u012f sprendim\u0105 galima greitai, paprastai ir tvarkingai \u012frengti \u012fkrovimo infrastrukt\u016br\u0105 vietose, kur betonavimas yra sud\u0117tingas, nepageidaujamas, ar reikalaujantis papildom\u0173 s\u0105naud\u0173.<\/p>\n<p>\u0160is stovo pamatas yra <strong>montuojamas tiesiai \u012f grunt\u0105<\/strong> ir u\u017etikrina stabil\u0173 bei saug\u0173 stovo pritvirtinim\u0105, tad idealiai tinka tiek laikinoms, tiek nuolatin\u0117ms \u012fkrovimo vietoms.<\/p>\n<p>\u0160is montavimo r\u0117mas leid\u017eia<strong> atsisakyti betoninio pamato<\/strong>, taip sutrumpinant montavimo laik\u0105 ir suma\u017einant montavimo ka\u0161tus. Tokia konstrukcija taip pat garantuoja tvirt\u0105 ir stabil\u0173 stovo laikym\u0105 grunte, o itin paprastas montavimas leid\u017eia lengvai pritaikyti \u012fvairiose vietose nuo automobili\u0173 stov\u0117jimo aik\u0161teli\u0173 iki verslo centr\u0173, ir kit\u0173 lauko erdvi\u0173. Tai itin prakti\u0161kas ir profesionalus sprendimas moderniai elektromobili\u0173 \u012fkrovimo infrastrukt\u016brai.<\/p>\n<p><strong>Pagrindin\u0117 stovo informacija:<\/strong><\/p>\n<ul>\n<li>Paskirtis: AC \u012fkrovimo stoteli\u0173 stovo tvirtinimui.<\/li>\n<li>Suderinamumas: Morek AC \u012fkrovimo stoteli\u0173 stovai.<\/li>\n<li>Montavimo tipas: \u012fleid\u017eiamas \u012f \u017eem\u0119 (pakaitalas betoniniam pamatui).<\/li>\n<\/ul>\n<p><strong>Techniniai duomenys:<\/strong><\/p>\n<ul>\n<li>Prek\u0117s kodas: <strong>MEV003N7021STD<\/strong>.<\/li>\n<li>Svoris: 7 kg.<\/li>\n<li>Matmenys:\n<ul>\n<li>Ilgis: 0,36 m.<\/li>\n<li>Plotis: 0,245 m.<\/li>\n<li>Gylis: 1 m.<\/li>\n<\/ul>\n<\/li>\n<\/ul>\n","protected":false},"excerpt":{"rendered":"<p>\u0160is montavimo r\u0117mas leid\u017eia atsisakyti betoninio pamato, taip sutrumpinant montavimo laik\u0105 ir suma\u017einant montavimo ka\u0161tus. Tokia konstrukcija taip pat garantuoja tvirt\u0105 ir stabil\u0173 stovo laikym\u0105 grunte, o itin paprastas montavimas leid\u017eia lengvai pritaikyti \u012fvairiose vietose nuo automobili\u0173 stov\u0117jimo aik\u0161teli\u0173 iki verslo centr\u0173, ir kit\u0173 lauko erdvi\u0173. Tai itin prakti\u0161kas ir profesionalus sprendimas moderniai elektromobili\u0173 \u012fkrovimo infrastrukt\u016brai.<\/p>\n<p>&nbsp;<\/p>\n<p>Prek\u0117s kodas: <strong>MEV003N7021STD<\/strong>.<\/p>\n","protected":false},"featured_media":10767,"comment_status":"open","ping_status":"closed","template":"","meta":{"_acf_changed":false,"om_disable_all_campaigns":false,"_uf_show_specific_survey":0,"_uf_disable_surveys":false},"pwb-brand":[409],"gamintojas":[410],"product_brand":[],"product_cat":[117],"product_tag":[],"class_list":{"0":"post-10766","1":"product","2":"type-product","3":"status-publish","4":"has-post-thumbnail","6":"pwb-brand-morek","7":"gamintojas-morek","8":"product_cat-ikrovimo-stoteliu-priedai","9":"product_shipping_class-c-pristatymo-klase","11":"first","12":"instock","13":"taxable","14":"shipping-taxable","15":"purchasable","16":"product-type-simple"},"acf":[],"aioseo_notices":[],"brands":[{"id":409,"name":"Morek","slug":"morek"}],"_links":{"self":[{"href":"https:\/\/solaroutlet.lt\/en\/wp-json\/wp\/v2\/product\/10766","targetHints":{"allow":["GET"]}}],"collection":[{"href":"https:\/\/solaroutlet.lt\/en\/wp-json\/wp\/v2\/product"}],"about":[{"href":"https:\/\/solaroutlet.lt\/en\/wp-json\/wp\/v2\/types\/product"}],"replies":[{"embeddable":true,"href":"https:\/\/solaroutlet.lt\/en\/wp-json\/wp\/v2\/comments?post=10766"}],"wp:featuredmedia":[{"embeddable":true,"href":"https:\/\/solaroutlet.lt\/en\/wp-json\/wp\/v2\/media\/10767"}],"wp:attachment":[{"href":"https:\/\/solaroutlet.lt\/en\/wp-json\/wp\/v2\/media?parent=10766"}],"wp:term":[{"taxonomy":"pwb-brand","embeddable":true,"href":"https:\/\/solaroutlet.lt\/en\/wp-json\/wp\/v2\/pwb-brand?post=10766"},{"taxonomy":"gamintojas","embeddable":true,"href":"https:\/\/solaroutlet.lt\/en\/wp-json\/wp\/v2\/gamintojas?post=10766"},{"taxonomy":"product_brand","embeddable":true,"href":"https:\/\/solaroutlet.lt\/en\/wp-json\/wp\/v2\/product_brand?post=10766"},{"taxonomy":"product_cat","embeddable":true,"href":"https:\/\/solaroutlet.lt\/en\/wp-json\/wp\/v2\/product_cat?post=10766"},{"taxonomy":"product_tag","embeddable":true,"href":"https:\/\/solaroutlet.lt\/en\/wp-json\/wp\/v2\/product_tag?post=10766"}],"curies":[{"name":"wp","href":"https:\/\/api.w.org\/{rel}","templated":true}]}}