{"id":10808,"date":"2026-01-14T16:58:02","date_gmt":"2026-01-14T13:58:02","guid":{"rendered":"https:\/\/solaroutlet.lt\/?post_type=product&#038;p=10808"},"modified":"2026-02-23T11:41:23","modified_gmt":"2026-02-23T08:41:23","slug":"teltonika-teltocharge-evc120-22-kw-elektromobiliu-ikrovimo-stotele-su-rozete","status":"publish","type":"product","link":"https:\/\/solaroutlet.lt\/en\/produktas\/teltonika-teltocharge-evc120-22-kw-elektromobiliu-ikrovimo-stotele-su-rozete\/","title":{"rendered":"Teltonika TeltoCharge EVC120 \u2013 22 kW elektromobili\u0173 \u012fkrovimo stotel\u0117 su rozete"},"content":{"rendered":"<p><strong>TeltoCharge EVC120 \u2013 moderni ir patikima elektromobili\u0173 \u012fkrovimo stotel\u0117, sukurta lietuvi\u0161kos technologij\u0173 \u012fmon\u0117s Teltonika.<\/strong> Stotel\u0117 i\u0161siskiria didele, <strong>22 kW<\/strong>, galia, pla\u010diomis ry\u0161io galimyb\u0117mis, ir auk\u0161tu saugumo lygiu, tad puikiai tinka tiek priva\u010diam naudojimui, tiek komerciniams objektams ar vie\u0161osioms \u012fkrovimo vietoms.<\/p>\n<p>Stotel\u0117 yra apr\u016bpinta Type 2 \u012fkrovimo lizdu, kuris <strong>atitinka IEC62196 (Mode 3) standart\u0105<\/strong>, ir palaiko trifaz\u012f 400 V elektros tiekim\u0105. \u012ekrovimo stotel\u0117 yra su <strong>integruotu Type 2 ki\u0161tukiniu lizdu.<\/strong>\u00a0Elektromobil\u012f gal\u0117site \u012fkrauti iki 22 kW galia, o esant vienfazei jung\u010diai \u2013 iki 7,36 kW galia. <strong>Dinamin\u0117 konfig\u016bracija<\/strong> leid\u017eia optimaliai paskirstyti \u012fkrovimo gali\u0105 pagal tinklo ribas.<\/p>\n<p>\u0160i \u012fkrovimo stotel\u0117 pritaikyta naudojimui tiek lauke, tiek viduje, nes stotel\u0117s korpusas atitinka <strong>IP55\/IP56<\/strong> apsaugos klas\u0119 ir <strong>IK10<\/strong> atsparum\u0105 sm\u016bgiams. D\u0117l \u0161i\u0173 integracij\u0173, stotel\u0117 gali pilnai veikti esant temperat\u016brai nuo \u201330 \u00b0C iki +50 \u00b0C.<\/p>\n<p>Yra galimyb\u0117 stotel\u0119 valdyti per <strong>\u201eTeltonika Energy\u201c<\/strong> mobili\u0105j\u0105 program\u0117l\u0119 naudojant \u201eBluetooth\u201c ar Wi-Fi ry\u0161ius. Taip pat yra integruotas<strong> RFID<\/strong> (NFC) skaitytuvas, leid\u017eiantis garantuoti saugi\u0105 naudotoj\u0173 autorizacij\u0105, o Modbus palaikymas leid\u017eia integruoti stotel\u0119 \u012f pastato valdymo ar energijos sistem\u0105.<\/p>\n<p>Teltonika <strong>daug d\u0117mesio skiria saugumui<\/strong> \u2013 yra integruoti nuolatiniai \u012f\u0117jimo ir i\u0161\u0117jimo \u012ftamp\u0173 steb\u0117jimai, taip pat ir temperat\u016bros matavimas pagrindiniuose komponentuose. Stotel\u0117je taip pat integruotas <strong>\u012f\u017eeminimo gedimo aptikimas<\/strong>, kuris u\u017etikrina papildom\u0105 naudotoj\u0173 ir elektros tinklo saugum\u0105. \u012ekrovimo stotel\u0117 palaiko statin\u012f ir dinamin\u012f apkrovos balansavim\u0105, <strong>fazi\u0173 balansavim\u0105<\/strong>, ir saul\u0117s energijos integracij\u0105, tad galite puikiai i\u0161naudoti esamus elektros resursus ir suma\u017einti savo elektros s\u0105naudas. Stotel\u0117je integruotas energijos skaitiklis leid\u017eia sekti suvartojimo statistik\u0105, o LED indikatoriai parodo \u012fkroviklio b\u016bsen\u0105.<\/p>\n<p><strong>Technin\u0117s specifikacijos:<\/strong><\/p>\n<ul>\n<li>Maksimali \u012fkrovimo galia: iki 22 kW.<\/li>\n<li>I\u0161\u0117jimo galia:\n<ul>\n<li>Iki 22 kW (3 faz\u0117s, 400 V, 32 A)<\/li>\n<li>Iki 7,36 kW (230 V, 32A)<\/li>\n<\/ul>\n<\/li>\n<li>\u012etampa: 400 V \u00b110 % (trifaz\u0117)<\/li>\n<li>Da\u017enis: 50\/60 Hz.<\/li>\n<li>Apsaugos funkcijos: srov\u0117s, \u012ftampos, ir temperat\u016bros steb\u0117jimai; likutin\u0117s srov\u0117s steb\u0117jimas; \u012f\u017eeminimo gedimo aptikimas.<\/li>\n<li>Apsaugos klas\u0117: IP55\/IP56.<\/li>\n<li>Atsparumas sm\u016bgiams: IK10.<\/li>\n<li>Gaisro klas\u0117: UL94.<\/li>\n<li>Darbin\u0117 temperat\u016bra: \u201330 \u00b0C iki +50 \u00b0C.<\/li>\n<li>Matmenys: 170 \u00d7 341 \u00d7 94 mm.<\/li>\n<\/ul>\n<p><strong>Dokumentai atsisiuntimui:<\/strong><\/p>\n<p><strong><a href=\"https:\/\/solaroutlet.lt\/wp-content\/uploads\/2026\/01\/TeltoCharge_DATASHEET-EN.pdf\" target=\"_blank\" rel=\"noopener\">\u27a1\ufe0fTechnin\u0117s specifikacijos<\/a><\/strong><\/p>\n","protected":false},"excerpt":{"rendered":"<p>Teltonika TeltoCharge EVC120 &#8211; tai moderni iki 22 kW galios elektromobili\u0173 \u012fkrovimo stotel\u0117, skirta naudojimui tiek lauke, tiek viduje, nes darbin\u0117 temperat\u016bra nuo \u201330 \u00b0C iki +50 \u00b0C. Yra integruota dinamin\u0117 konfig\u016bracija, kuri lanks\u010diai paskirsto \u012fkrovimo gali\u0105 pagal tinklo ribas. Taip pat yra integruotas apkrovos balansavimas ir saul\u0117s energijos palaikymas. Stotel\u0117 yra valdoma per \u201eTeltonika Energy\u201c mobili\u0105j\u0105 program\u0117l\u0119 naudojant \u201eBluetooth\u201c ar Wi-Fi ry\u0161ius.<\/p>\n<p>Su ki\u0161tukiniu lizdu.<\/p>\n","protected":false},"featured_media":10815,"comment_status":"open","ping_status":"closed","template":"","meta":{"_acf_changed":false,"om_disable_all_campaigns":false,"_uf_show_specific_survey":0,"_uf_disable_surveys":false},"pwb-brand":[242],"gamintojas":[115],"product_brand":[],"product_cat":[110],"product_tag":[],"class_list":{"0":"post-10808","1":"product","2":"type-product","3":"status-publish","4":"has-post-thumbnail","6":"pwb-brand-teltonika-energy","7":"gamintojas-teltonika-energy","8":"product_cat-krovimo-stoteles","9":"product_shipping_class-b-pristatymo-klase","11":"first","12":"instock","13":"taxable","14":"shipping-taxable","15":"purchasable","16":"product-type-simple"},"acf":[],"aioseo_notices":[],"brands":[{"id":242,"name":"Teltonika Energy","slug":"teltonika-energy"}],"_links":{"self":[{"href":"https:\/\/solaroutlet.lt\/en\/wp-json\/wp\/v2\/product\/10808","targetHints":{"allow":["GET"]}}],"collection":[{"href":"https:\/\/solaroutlet.lt\/en\/wp-json\/wp\/v2\/product"}],"about":[{"href":"https:\/\/solaroutlet.lt\/en\/wp-json\/wp\/v2\/types\/product"}],"replies":[{"embeddable":true,"href":"https:\/\/solaroutlet.lt\/en\/wp-json\/wp\/v2\/comments?post=10808"}],"wp:featuredmedia":[{"embeddable":true,"href":"https:\/\/solaroutlet.lt\/en\/wp-json\/wp\/v2\/media\/10815"}],"wp:attachment":[{"href":"https:\/\/solaroutlet.lt\/en\/wp-json\/wp\/v2\/media?parent=10808"}],"wp:term":[{"taxonomy":"pwb-brand","embeddable":true,"href":"https:\/\/solaroutlet.lt\/en\/wp-json\/wp\/v2\/pwb-brand?post=10808"},{"taxonomy":"gamintojas","embeddable":true,"href":"https:\/\/solaroutlet.lt\/en\/wp-json\/wp\/v2\/gamintojas?post=10808"},{"taxonomy":"product_brand","embeddable":true,"href":"https:\/\/solaroutlet.lt\/en\/wp-json\/wp\/v2\/product_brand?post=10808"},{"taxonomy":"product_cat","embeddable":true,"href":"https:\/\/solaroutlet.lt\/en\/wp-json\/wp\/v2\/product_cat?post=10808"},{"taxonomy":"product_tag","embeddable":true,"href":"https:\/\/solaroutlet.lt\/en\/wp-json\/wp\/v2\/product_tag?post=10808"}],"curies":[{"name":"wp","href":"https:\/\/api.w.org\/{rel}","templated":true}]}}