{"id":10842,"date":"2026-01-20T16:47:27","date_gmt":"2026-01-20T13:47:27","guid":{"rendered":"https:\/\/solaroutlet.lt\/?post_type=product&#038;p=10842"},"modified":"2026-04-01T14:10:35","modified_gmt":"2026-04-01T11:10:35","slug":"10-kw-deye-trina-saules-elektrines-irangos-komplektas","status":"publish","type":"product","link":"https:\/\/solaroutlet.lt\/en\/produktas\/10-kw-deye-trina-saules-elektrines-irangos-komplektas\/","title":{"rendered":"10 kW Deye + Trina saul\u0117s elektrin\u0117s \u012frangos komplektas"},"content":{"rendered":"<p><strong>Tai naujos kartos trifazis inverteris, sukurtas tam, kad maksimalus efektyvumas, patikimumas, ir ilgaam\u017ei\u0161kumas b\u016bt\u0173 garantuotas.<\/strong>\u00a0\u012erenginys gali b\u016bti naudojamas tiek gyvenamuosiuose, tiek komerciniuose objektuose, kuriuose svarbus stabilus ir na\u0161us elektros energijos gamybos sprendimas.<\/p>\n<p>Inverteris pasi\u017eymi itin auk\u0161tu,<strong>\u00a098,3%<\/strong>\u00a0<strong>efektyvumu<\/strong>, tad \u012frenginys labai veiksmingai paver\u010dia gaut\u0105 energij\u0105 \u012f elektros energij\u0105, patirdamas labai ma\u017e\u0105 kiek\u012f nuostoli\u0173. \u012erenginys veikia\u00a0<strong>itin tyliai<\/strong>\u00a0(&lt;45 dB) ir yra pritaikytas darbui \u012fvairiomis oro s\u0105lygomis: nuo -25\u00b0C iki +60\u00b0C \u2013\u00a0<strong>patikimas darbas<\/strong>\u00a0yra garantuotas visus metus. Inverterio korpusas yra tvirtas ir pasi\u017eymi\u00a0<strong>IP65<\/strong>\u00a0apsaugos klase, tad yra tinkamas montavimui tiek viduje, tiek lauke. Prietaisas yra kompakti\u0161ko dizaino, o nat\u016bralus oro au\u0161inimas garantuoja ekonomi\u0161k\u0105 veikim\u0105 be papildomos prie\u017ei\u016bros.<\/p>\n<p>\u0160iame Deye prietaise yra integruota<strong>\u00a0pa\u017eangi steb\u0117senos sistema<\/strong>, kuri leid\u017eia realiu laiku sekti energijos gamyb\u0105 ir visos sistemos b\u016bkl\u0119. Inverter\u012f galima valdyti i\u0161maniuoju telefonu ar kompiuteriu per Wi-Fi, LAN, Bluetooth, ar 4G ry\u0161\u012f, o integruotos RS485 ir RS232 s\u0105sajos suteikia galimyb\u0119 \u012frengin\u012f prijungti prie i\u0161orini\u0173 valdymo ar monitoringo sistem\u0173.<\/p>\n<p>\u0160is Deye Sun inverteris taip pat pasi\u017eymi i\u0161skirtine saugumo sistema. Yra integruota\u00a0<strong>DC atvirk\u0161tinio poli\u0161kumo jungties apsauga<\/strong>, kuri neleid\u017eia neteisingai sujungti saul\u0117s moduli\u0173 laidus, nes inverteris automati\u0161kai blokuoja \u012fjungim\u0105 \u2013 apsaugodamas nuo pa\u017eeidimo. Taip pat yra\u00a0<strong>AC i\u0161\u0117jimo vir\u0161srov\u0117s ir vir\u0161\u012ftamp\u0117s\u00a0<\/strong>apsauga. Kuri reaguoja \u012f tinklo perkrovas ir \u012ftampos \u0161uolius \u2013 apsaugodamas tiek pat\u012f \u012frengin\u012f, tiek vis\u0105 elektros sistem\u0105.\u00a0<strong>AC trumpojo jungimo apsauga<\/strong>\u00a0atpa\u017e\u012fsta nenormali\u0105 srov\u0119 ir sustabdo \u012frenginio veikim\u0105, o temperat\u016bros apsauga gali automati\u0161kai suma\u017einti apkrov\u0105, kai pasiekiama kritin\u0117 temperat\u016bra.<\/p>\n<p>Prietaise taip pat \u012fdiegta\u00a0<strong>DC izoliacijos ir \u012f\u017eeminimo\u00a0<\/strong>klaid\u0173 steb\u0117sena, kuri tikrina sistemos izoliacijos lyg\u012f, o esant pa\u017eeidimams \u2013 inverteris yra i\u0161kart i\u0161jungiamas.\u00a0<strong>Nuot\u0117kio srov\u0117s\u00a0<\/strong>aptikimas garantuoja papildom\u0105 apsaug\u0105 nuo elektros nutek\u0117jimo.<\/p>\n<p>Technin\u0117s specifikacijos:<\/p>\n<ul>\n<li>Nominali i\u0161\u0117jimo galia: 10 kW.<\/li>\n<li>Maksimali PV \u012f\u0117jimo \u012ftampa: 1100 V.<\/li>\n<li>MPPT \u012ftampos diapazonas: 120 \u2013 1000 V.<\/li>\n<li>Maksimalus efektyvumas: 98,3%.<\/li>\n<li>Triuk\u0161mo lygis: &lt;45 dB.<\/li>\n<li>Darbin\u0117 temperat\u016bra: -25\u00b0C iki +60\u00b0C.<\/li>\n<li>Apsaugos klas\u0117: IP65.<\/li>\n<li>Matmenys: 283 x 463 x 178 mm.<\/li>\n<li>Svoris: 11 kg.<\/li>\n<\/ul>\n<p><strong><a href=\"https:\/\/www.deyeinverter.com\/deyeinverter\/2024\/10\/21\/datasheet_sun-3-15k-g06p3-eu-am2-p1_241021_en.pdf\" target=\"_blank\" rel=\"noopener\">Technin\u0117s specifikacijos \u010dia\u00a0<\/a><\/strong><\/p>\n<p>&nbsp;<\/p>\n<p>&nbsp;<\/p>\n<p><strong>TrinaSolar VERTEX S+ 455W NEG9R.28 \u2013 tai \u0161iuolaiki\u0161kas, didelio na\u0161umo N-tipo monokristalinis saul\u0117s modulis, kuriame yra sujungiamos pa\u017eangiausios i-TOPCon, didelio tankio ir dvigubo stiklo (stiklas\/stiklas) konstrukcijos technologijos.<\/strong>\u00a0Modulis sukurtas taip, kad maksimali energijos gamyba b\u016bt\u0173 garantuota. Taip pat yra u\u017etikrintas prietaiso\u00a0<strong>ilgaam\u017ei\u0161kumas<\/strong>\u00a0ir\u00a0<strong>patikimumas<\/strong>\u00a0\u012fvairiomis klimato s\u0105lygomis \u2013 nuo dr\u0117gn\u0173 zon\u0173 iki \u0161alt\u0173 ar dulk\u0117t\u0173 vietovi\u0173.<\/p>\n<p>\u0160is saul\u0117s modulis yra\u00a0<strong>kompakti\u0161ko dyd\u017eio<\/strong>, visgi pasi\u017eymi itin didele galia \u2013\u00a0<strong>iki 455 W<\/strong>. 22,8% efektyvumas leid\u017eia i\u0161 nedidelio ploto i\u0161gauti \u017eymiai daugiau energijos. Tai pasiekiama d\u0117l modernios didelio tankio sujungimo technologijos ir multi-busbar (MBB) architekt\u016bros, kuri gerina \u0161viesos sug\u0117rima, ma\u017eina elektrin\u0119 var\u017e\u0105 ir didina modulio patikimum\u0105. D\u0117l auk\u0161tesnio galios koeficiento montuotojai gali suma\u017einti visos sistemos sumontavimo ka\u0161tus \u2013 reikia ma\u017eiau moduli\u0173, kabeli\u0173, ir laikikli\u0173 tam pa\u010diam galingumui pasiekti.<\/p>\n<p>Vienas svarbiausi\u0173 \u0161io prietaiso privalum\u0173 \u2013\u00a0<strong>dvigubo stiklo strukt\u016bra<\/strong>, kuri yra \u017eenkliau atsparesn\u0117 dr\u0117gmei, UV spinduliams, \u012fbr\u0117\u017eimams bei mikro\u012ftr\u016bkimams. Tokia konstrukcija idealiai tinka \u012fvairaus klimato zonoms. Modulis taip pat pasi\u017eymi puikiu atsparumu drusk\u0173 korozijai, sm\u0117lio ir dulki\u0173 erozijai, bei at\u0161iaurioms oro s\u0105lygoms.<\/p>\n<p>Prietaiso N-tipo technologija garantuoja itin ma\u017e\u0105 degradacij\u0105: tik 1% per pirmus metus ir vos 0,4% kasmet v\u0117lesniais metais. D\u0117l to yra u\u017etikrinamas<strong>\u00a0i\u0161skirtinis stabilumas<\/strong>\u00a0per vis\u0105 prietaiso tarnavimo laik\u0105. Gamintojas taip pat garantuoja, kad po de\u0161imtme\u010dio prietaisas veiks ne ma\u017eiau nei 87,4% pradin\u0117s galios.<\/p>\n<p>Saul\u0117s modulis sukurtas taip, kad b\u016bt\u0173<strong>\u00a0lengvai integruojamas<\/strong>\u00a0\u012f \u012fvairias stogo konstrukcijas. Modulio dydis, svoris, ir standartiniai montavimo ta\u0161kai garantuoja suderinamum\u0105 su daugumas populiari\u0173 inverteri\u0173 bei tvirtinimo sistem\u0173. Modulis ypa\u010d gerai tinka projektuose, kur svarbus nedidelis stogo apkrovimas, nes dvigubo stiklo konstrukcija nepadaro jo \u017eenkliai sunkesnio u\u017e tradicinius modulius su pl\u0117vele.<\/p>\n<p>Technin\u0117s savyb\u0117s:<\/p>\n<ul>\n<li>N-tipo monokristalinis modulis.<\/li>\n<li>Konstrukcija: stiklas\/stiklas.<\/li>\n<li>Nominali galia: 455 W.<\/li>\n<li>Efektyvumas: 22,8%.<\/li>\n<li>Didelio tankio technologija \u2013 daugiau galios ma\u017eame plote.<\/li>\n<li>Matmenys: 1762 x 1134 x 30 mm.<\/li>\n<li>Svoris: 21,8 kg.<\/li>\n<li>Suteikiama 30 met\u0173 efektyvumo garantija, kuri garantuoja, kad po 30 met\u0173 modulis dirbs ne ma\u017eesniu kaip 87,4% efektyvumu.<\/li>\n<li>Atsparus drusk\u0173 korozijai, sm\u0117liui, UV, dr\u0117gmei<\/li>\n<\/ul>\n<p><strong>TECHNINIAI DUOMENYS ATSISIUNTIMUI:<\/strong><\/p>\n<p><strong><a href=\"https:\/\/solaroutlet.lt\/wp-content\/uploads\/2024\/03\/440W-stiklas-stiklas-Datasheet_Vertex-S_NEG9R.28_EN_2024_A_web-NEW.pdf\">Techniniai duomenys \u010dia<\/a><\/strong><\/p>\n","protected":false},"excerpt":{"rendered":"<p><strong>10.01 kW<\/strong> <strong>saul\u0117s elektrin\u0117s \u012frangos komplektas \u012f kur\u012f \u012feina:<\/strong><\/p>\n<ul>\n<li>1 vnt., Inverteris Deye SUN-10K-G06P3-EU-AM2-P1, 10 kW.<\/li>\n<li>22 vnt., TrinaSolar VERTEX S+ NEG9R.28 455 W, N-Type Stiklas\/Stiklas.<\/li>\n<li>1 vnt., Komunikacijos antena.<\/li>\n<\/ul>\n","protected":false},"featured_media":10843,"comment_status":"open","ping_status":"closed","template":"","meta":{"_acf_changed":false,"om_disable_all_campaigns":false,"_uf_show_specific_survey":0,"_uf_disable_surveys":false},"pwb-brand":[298,248],"gamintojas":[166,94],"product_brand":[],"product_cat":[287,124],"product_tag":[],"class_list":{"0":"post-10842","1":"product","2":"type-product","3":"status-publish","4":"has-post-thumbnail","6":"pwb-brand-deye","7":"pwb-brand-trinasolar","8":"gamintojas-deye","9":"gamintojas-trinasolar","10":"product_cat-saules-elektriniu-komplektai","11":"product_cat-saules-elektriniu-komplektai-minimalus","12":"product_shipping_class-g-pristatymo-klase","14":"first","15":"instock","16":"sale","17":"taxable","18":"shipping-taxable","19":"purchasable","20":"product-type-simple"},"acf":[],"aioseo_notices":[],"brands":[{"id":298,"name":"DEYE","slug":"deye"},{"id":248,"name":"TrinaSolar","slug":"trinasolar"}],"_links":{"self":[{"href":"https:\/\/solaroutlet.lt\/en\/wp-json\/wp\/v2\/product\/10842","targetHints":{"allow":["GET"]}}],"collection":[{"href":"https:\/\/solaroutlet.lt\/en\/wp-json\/wp\/v2\/product"}],"about":[{"href":"https:\/\/solaroutlet.lt\/en\/wp-json\/wp\/v2\/types\/product"}],"replies":[{"embeddable":true,"href":"https:\/\/solaroutlet.lt\/en\/wp-json\/wp\/v2\/comments?post=10842"}],"wp:featuredmedia":[{"embeddable":true,"href":"https:\/\/solaroutlet.lt\/en\/wp-json\/wp\/v2\/media\/10843"}],"wp:attachment":[{"href":"https:\/\/solaroutlet.lt\/en\/wp-json\/wp\/v2\/media?parent=10842"}],"wp:term":[{"taxonomy":"pwb-brand","embeddable":true,"href":"https:\/\/solaroutlet.lt\/en\/wp-json\/wp\/v2\/pwb-brand?post=10842"},{"taxonomy":"gamintojas","embeddable":true,"href":"https:\/\/solaroutlet.lt\/en\/wp-json\/wp\/v2\/gamintojas?post=10842"},{"taxonomy":"product_brand","embeddable":true,"href":"https:\/\/solaroutlet.lt\/en\/wp-json\/wp\/v2\/product_brand?post=10842"},{"taxonomy":"product_cat","embeddable":true,"href":"https:\/\/solaroutlet.lt\/en\/wp-json\/wp\/v2\/product_cat?post=10842"},{"taxonomy":"product_tag","embeddable":true,"href":"https:\/\/solaroutlet.lt\/en\/wp-json\/wp\/v2\/product_tag?post=10842"}],"curies":[{"name":"wp","href":"https:\/\/api.w.org\/{rel}","templated":true}]}}