{"id":10863,"date":"2026-01-21T14:23:43","date_gmt":"2026-01-21T11:23:43","guid":{"rendered":"https:\/\/solaroutlet.lt\/?post_type=product&#038;p=10863"},"modified":"2026-03-24T11:44:57","modified_gmt":"2026-03-24T08:44:57","slug":"10-kw-saules-elektrines-iranga-16-kwh-energijos-kaupiklis-deye-trina","status":"publish","type":"product","link":"https:\/\/solaroutlet.lt\/en\/produktas\/10-kw-saules-elektrines-iranga-16-kwh-energijos-kaupiklis-deye-trina\/","title":{"rendered":"10 kW saul\u0117s elektrin\u0117s \u012franga + 16 kWh energijos kaupiklis, Deye, Trina"},"content":{"rendered":"<p><strong>Tai modernus trifazis, auk\u0161tos \u012ftampos hibridinis inverteris, specialiai sukurtas siekiant u\u017etikrinti maksimal\u0173 efektyvum\u0105, patikimum\u0105, ir energetin\u0119 nepriklausomyb\u0119<\/strong>. Tinkamas naudojimui gyvenamuosiuose namuose, \u016bkiuose, ir ma\u017eose komercin\u0117se sistemose.<\/p>\n<p>\u0160is modelis priklauso naujausiai Deye SUN hibridini\u0173 inverteri\u0173 serijai, kuri pasi\u017eymi auk\u0161tu technologiniu i\u0161baigtumu ir labai universaliu pritaikymu. \u0160is 10 kW hibridinis inverteris sujungia kelis energijos \u0161altinius \u2013 saul\u0117s modulius, auk\u0161tos \u012ftampos akumuliatori\u0173 sistem\u0105, ir elektros tinkl\u0105 arba generatori\u0173, tad atsinaujinan\u010di\u0105 energij\u0105 galima i\u0161naudoti itin efektyviai. \u012frenginys\u00a0<strong>palaiko auk\u0161tos \u012ftampos li\u010dio jon\u0173 akumuliatorius<\/strong>, tod\u0117l leid\u017eia pasiekti didesn\u012f \u012fkrovimo efektyvum\u0105 ir suma\u017einti energijos nuostolius.<\/p>\n<p>Inverteryje yra integruotas\u00a0<strong>i\u0161manus valdymas<\/strong>, d\u0117l kurio lengvai galima steb\u0117ti ir reguliuoti visos sistemos darb\u0105 per mobil\u0173j\u012f telefon\u0105 ar kompiuter\u012f. Prietaisas taip pat tinkamas montavimui tiek lauke, tiek viduje, nes turi auk\u0161t\u0105<strong>\u00a0IP65<\/strong>\u00a0apsaugos klas\u0119.<\/p>\n<p>\u0160is modelis taip pat pasi\u017eymi i\u0161skirtiniu saugumu, nes yra integruota\u00a0<strong>apsauga nuo vir\u0161\u012ftampi\u0173<\/strong>,\u00a0<strong>perkrov\u0173<\/strong>, ir perkaitimo. Prietaise taip pat yra nuot\u0117kio srov\u0117s aptikimo funkcija ir antro tipo vir\u0161\u012ftampi\u0173 apsauga tiek kintamosios, tiek nuolatin\u0117s srov\u0117s pus\u0117se. \u012e\u017eeminimo steb\u0117jimo sistema garantuoja stabil\u0173 ir saug\u0173 veikim\u0105 \u012fvairiomis s\u0105lygomis.<\/p>\n<ul>\n<li><strong>DC atvirk\u0161tinio poli\u0161kumo apsauga<\/strong>, kuri neleid\u017eia saul\u0117s moduliams ir j\u0173 baterijoms b\u016bti sujungtiems atvirk\u0161\u010diai. Inverteris tokiu atveju savaime blokuoja \u012fjungim\u0105 ir apsaugo komponentus nuo pa\u017eeidimo.<\/li>\n<li><strong>AC i\u0161\u0117jimo pervir\u0161io apsauga<\/strong>, kuri apsaugo vis\u0105 sistem\u0105 nuo perkrovos ir nuo trumpojo jungimo.<\/li>\n<\/ul>\n<p>Deye SUN 10 kW \u2013 tai itin patikimas ir efektyvus sprendimas ie\u0161kantiems auk\u0161tos kokyb\u0117s trifazio hibridinio inverterio su auk\u0161tos \u012ftampos baterijos palaikymu. \u0160is \u012frenginys leis Jums pasiekti energetin\u0119 nepriklausomyb\u0119, tuo pat metu gal\u0117site suma\u017einti elektros i\u0161laidas ir u\u017etikrinsite stabil\u0173 energijos tiekim\u0105. \u0160is modelis yra idealus pasirinkimas namams, \u016bkiams, ir ma\u017eoms komercin\u0117ms sistemoms. Tiems, kurie vertina efektyvum\u0105, saugum\u0105, ir i\u0161man\u0173 energijos valdym\u0105.<\/p>\n<p>Pagrindin\u0117s savyb\u0117s:<\/p>\n<ul>\n<li>Nominali galia: 10 kW trifazis i\u0161\u0117jimas.<\/li>\n<li>Baterijos \u012ftampa: 160 \u2013 700 V; auk\u0161tos \u012ftampos sistema.<\/li>\n<li>Veikimas be tinklo: hibridinis inverteris gali autonomi\u0161kai tiekti energij\u0105.<\/li>\n<li>Tylus veikimas: &lt;55 dB.<\/li>\n<li>6 laikotarpiai akumuliatori\u0173 \u012fkrovimui \/ i\u0161krovimui<\/li>\n<li>Palaiko energijos kaupim\u0105 i\u0161 dyzelinio generatoriaus<\/li>\n<li>Daugiausia 10 vnt. lygiagre\u010diai, skirta darbui prijungus prie tinklo ir neprijungus prie tinklo.<\/li>\n<\/ul>\n<p>Technin\u0117s specifikacijos:<\/p>\n<ul>\n<li>Nominali i\u0161\u0117jimo galia: 10 kW.<\/li>\n<li>Faz\u0117s: 3.<\/li>\n<li>Jung\u010di\u0173 kiekis baterijoms prijungti: 1.<\/li>\n<li>Efektyvumas: 97,6%.<\/li>\n<li>Apsaugos klas\u0117: IP65.<\/li>\n<li>Matmenys: 408 x 638 x 237 mm.<\/li>\n<li>Svoris: 30 kg.<\/li>\n<li>Darbin\u0117 temperat\u016bra: nuo -40 \u00b0C iki +60 \u00b0C.<\/li>\n<li>Ry\u0161iai: RS485 \/ RS232 \/ CAN \/ Wi-Fi \/ LAN \/ 4G.<\/li>\n<li>Montavimo vieta: tinkamas vidaus ir lauko instaliacijai.<\/li>\n<\/ul>\n<p><strong>TECHNINIAI DUOMENYS ATSISIUNTIMUI:<\/strong><\/p>\n<p><a href=\"https:\/\/solaroutlet.lt\/wp-content\/uploads\/2025\/05\/datasheet_sun-5-25k-sg01hp3.pdf\" target=\"_blank\" rel=\"noopener\"><strong>Technin\u0117s specifikacijos dokumentas \u010dia.<\/strong><\/a><\/p>\n<p>&nbsp;<\/p>\n<p><strong>TrinaSolar VERTEX S+ 455W NEG9R.28 \u2013 tai \u0161iuolaiki\u0161kas, didelio na\u0161umo N-tipo monokristalinis saul\u0117s modulis, kuriame yra sujungiamos pa\u017eangiausios i-TOPCon, didelio tankio ir dvigubo stiklo (stiklas\/stiklas) konstrukcijos technologijos.<\/strong>\u00a0Modulis sukurtas taip, kad maksimali energijos gamyba b\u016bt\u0173 garantuota. Taip pat yra u\u017etikrintas prietaiso\u00a0<strong>ilgaam\u017ei\u0161kumas<\/strong>\u00a0ir\u00a0<strong>patikimumas<\/strong>\u00a0\u012fvairiomis klimato s\u0105lygomis \u2013 nuo dr\u0117gn\u0173 zon\u0173 iki \u0161alt\u0173 ar dulk\u0117t\u0173 vietovi\u0173.<\/p>\n<p>\u0160is saul\u0117s modulis yra\u00a0<strong>kompakti\u0161ko dyd\u017eio<\/strong>, visgi pasi\u017eymi itin didele galia \u2013\u00a0<strong>iki 455 W<\/strong>. 22,8% efektyvumas leid\u017eia i\u0161 nedidelio ploto i\u0161gauti \u017eymiai daugiau energijos. Tai pasiekiama d\u0117l modernios didelio tankio sujungimo technologijos ir multi-busbar (MBB) architekt\u016bros, kuri gerina \u0161viesos sug\u0117rima, ma\u017eina elektrin\u0119 var\u017e\u0105 ir didina modulio patikimum\u0105. D\u0117l auk\u0161tesnio galios koeficiento montuotojai gali suma\u017einti visos sistemos sumontavimo ka\u0161tus \u2013 reikia ma\u017eiau moduli\u0173, kabeli\u0173, ir laikikli\u0173 tam pa\u010diam galingumui pasiekti.<\/p>\n<p>Vienas svarbiausi\u0173 \u0161io prietaiso privalum\u0173 \u2013\u00a0<strong>dvigubo stiklo strukt\u016bra<\/strong>, kuri yra \u017eenkliau atsparesn\u0117 dr\u0117gmei, UV spinduliams, \u012fbr\u0117\u017eimams bei mikro\u012ftr\u016bkimams. Tokia konstrukcija idealiai tinka \u012fvairaus klimato zonoms. Modulis taip pat pasi\u017eymi puikiu atsparumu drusk\u0173 korozijai, sm\u0117lio ir dulki\u0173 erozijai, bei at\u0161iaurioms oro s\u0105lygoms.<\/p>\n<p>Prietaiso N-tipo technologija garantuoja itin ma\u017e\u0105 degradacij\u0105: tik 1% per pirmus metus ir vos 0,4% kasmet v\u0117lesniais metais. D\u0117l to yra u\u017etikrinamas<strong>\u00a0i\u0161skirtinis stabilumas<\/strong>\u00a0per vis\u0105 prietaiso tarnavimo laik\u0105. Gamintojas taip pat garantuoja, kad po de\u0161imtme\u010dio prietaisas veiks ne ma\u017eiau nei 87,4% pradin\u0117s galios.<\/p>\n<p>Saul\u0117s modulis sukurtas taip, kad b\u016bt\u0173<strong>\u00a0lengvai integruojamas<\/strong>\u00a0\u012f \u012fvairias stogo konstrukcijas. Modulio dydis, svoris, ir standartiniai montavimo ta\u0161kai garantuoja suderinamum\u0105 su daugumas populiari\u0173 inverteri\u0173 bei tvirtinimo sistem\u0173. Modulis ypa\u010d gerai tinka projektuose, kur svarbus nedidelis stogo apkrovimas, nes dvigubo stiklo konstrukcija nepadaro jo \u017eenkliai sunkesnio u\u017e tradicinius modulius su pl\u0117vele.<\/p>\n<p>Technin\u0117s savyb\u0117s:<\/p>\n<ul>\n<li>N-tipo monokristalinis modulis.<\/li>\n<li>Konstrukcija: stiklas\/stiklas.<\/li>\n<li>Nominali galia: 455 W.<\/li>\n<li>Efektyvumas: 22,8%.<\/li>\n<li>Didelio tankio technologija \u2013 daugiau galios ma\u017eame plote.<\/li>\n<li>Matmenys: 1762 x 1134 x 30 mm.<\/li>\n<li>Svoris: 21,8 kg.<\/li>\n<li>Suteikiama 30 met\u0173 efektyvumo garantija, kuri garantuoja, kad po 30 met\u0173 modulis dirbs ne ma\u017eesniu kaip 87,4% efektyvumu.<\/li>\n<li>Atsparus drusk\u0173 korozijai, sm\u0117liui, UV, dr\u0117gmei<\/li>\n<\/ul>\n<p><strong>TECHNINIAI DUOMENYS ATSISIUNTIMUI:<\/strong><\/p>\n<p><strong><a href=\"https:\/\/solaroutlet.lt\/wp-content\/uploads\/2024\/03\/440W-stiklas-stiklas-Datasheet_Vertex-S_NEG9R.28_EN_2024_A_web-NEW.pdf\">Techniniai duomenys \u010dia<\/a><\/strong><\/p>\n<p>&nbsp;<\/p>\n<p><strong>Deye GB-L16 PRO kaupiklis \u2013 tai auk\u0161tos \u012ftampos (HV) modulin\u0117 energijos kaupimo sistema, skirta darbui su saul\u0117s elektrin\u0117mis tiek vidutinio dyd\u017eio gyvenamuosiuose namuose, tiek komerciniuose objektuose. <\/strong>Su \u0161iuo sprendimu, galima efektyviai kaupti perteklin\u0119 saul\u0117s energij\u0105 ir taip reik\u0161mingai suma\u017einti savo priklausomyb\u0119 nuo elektros tinklo. Sistema yra pilnai pritaikyta patikimam darbui <strong>at\u0161iauresn\u0117mis klimato s\u0105lygomis<\/strong> bei atitinka auk\u0161tus saugos ir kokyb\u0117s reikalavimus.<\/p>\n<p>\u0160i GB-L16 PRO kaupimo sistema priklauso Deye GB-L-PRO serijai ir yra sudaryta i\u0161 keturi\u0173 4 kWh moduli\u0173, kuri\u0173 bendra talpa siekia 16 kWh. Tokia <strong>modulin\u0117 konstrukcija<\/strong> leid\u017eia lengvai pritaikyti sistem\u0105 prie individuali\u0173 poreiki\u0173 bei esant b\u016btinybei, sistem\u0105 galima pl\u0117sti iki 24 kWh. Auk\u0161tas sistemos <strong>efektyvumas<\/strong>, <strong>ma\u017ei energijos nuostoliai<\/strong>, ir suderinamumas su moderniais hibridiniais inverteriais yra garantuotas d\u0117l savo auk\u0161tos \u012ftampos architekt\u016bros ir nuoseklaus moduli\u0173 sujungimo be papildom\u0173 kabeli\u0173.<\/p>\n<p>Deye didel\u012f d\u0117mes\u012f skiria saugumui \u2013 kaupimo sistema turi patikim\u0105 ir stabili\u0105<strong> LiFePO4 <\/strong>(li\u010dio gele\u017eies fosfato) baterij\u0173 chemij\u0105. Sistema taip pat yra papildomai apr\u016bpinta <strong>sprogimo sl\u0117gio ma\u017einimo<\/strong> ir <strong>prie\u0161gaisrine apsauga<\/strong>, kuri per kelias sekundes nutraukia galim\u0105 ugnies \u0161altin\u012f. \u0160ios integracija garantuoja saug\u0173 sistemos eksploatavim\u0105 visuose objektuose.<\/p>\n<p>Sistema taip pat turi pa\u017eang\u0173 <strong>termin\u012f valdym\u0105<\/strong>, kuris nuolat stebi svarbiausi\u0173 komponent\u0173 temperat\u016br\u0105 \u2013 baterij\u0173 elementus, jungtis, ir maitinimo dalis. Platus darbin\u0117s temperat\u016bros diapazonas leid\u017eia sistemai saugiai veikti nuo \u201320 \u00b0C iki +55 \u00b0C. Esant poreikiui galima <strong>papildoma \u0161ildymo funkcija<\/strong>, skirta darbui \u0161altuoju met\u0173 laiku. Integruota <strong>IP65<\/strong> apsaugos klas\u0117 garantuoja atsparum\u0105 dulk\u0117ms ir vandeniui, tad kaupikl\u012f galima montuoti tiek lauke, tiek viduje.<\/p>\n<p>Sistema turi integruot\u0105 <strong>LCD<\/strong> ekran\u0105, kuriame realiu laiku galima steb\u0117ti baterijos \u012fkrovimo b\u016bsen\u0105.<\/p>\n<p>Technin\u0117s specifikacijos:<\/p>\n<ul>\n<li>Bendra talpa: 16 kWh.<\/li>\n<li>Moduli\u0173 skai\u010dius: 4.<\/li>\n<li>Vieno modulio talpa: 4 kWh.<\/li>\n<li>Modulio nominali \u012ftampa: 102,4 V.<\/li>\n<li>Sistemos nominali \u012ftampa: 409,6 V.<\/li>\n<li>Rekomenduojama \u012fkrovimo\/i\u0161krovimo srov\u0117: 20 A.<\/li>\n<li>Nominali rov\u0117: 40 A.<\/li>\n<li>Cikl\u0173 skai\u010dius: \u2265 6000.<\/li>\n<li>Darbin\u0117 temperat\u016bra: nuo \u201320 \u00b0C iki +55 \u00b0C.<\/li>\n<li>Apsaugos klase: IP65<\/li>\n<li>Metmenys: 540 x 385 x 1090 mm<\/li>\n<li>Svoris: 175 kg.<\/li>\n<li>Montavimas: ant grind\u0173.<\/li>\n<\/ul>\n<p><strong>Dokumentai atsisiuntimui:<\/strong><\/p>\n<p><a href=\"https:\/\/solaroutlet.lt\/wp-content\/uploads\/2026\/01\/Deye-GB-L-PRO.pdf\" target=\"_blank\" rel=\"noopener\">\u27a1\ufe0f<strong>Technin\u0117s specifikacijos<\/strong><\/a><\/p>\n","protected":false},"excerpt":{"rendered":"<p><strong>10.01 kW<\/strong>\u00a0<strong>saul\u0117s elektrin\u0117s \u012frangos komplektas \u012f kur\u012f \u012feina:<\/strong><\/p>\n<ul>\n<li>1 vnt., Hibridinis inverteris Deye SUN-10K-SG01HP3-EU-AM2, 10 kW.<\/li>\n<li>22 vnt., TrinaSolar VERTEX S+ NEG9R.28 455 W, N-Type Stiklas\/Stiklas.<\/li>\n<li>1 vnt. smartmeter skaitiklis.<\/li>\n<li>1 vnt., Komunikacijos antena.<\/li>\n<li>Trapecin\u0117s skardos stogui skirta tvirtinimo konstrukcija, 10 met\u0173 garantija (komplektas 22 vnt. moduliams).<\/li>\n<\/ul>\n<p><strong>16 kWh elektros energijos kaupiklio komplektas \u012f kur\u012f \u012feina:<\/strong><\/p>\n<ul>\n<li>Deye GB-L baterijos valdiklis &#8211; 1 vnt.<\/li>\n<li>Deye GB-L baterijos modulis 4,09 kWh &#8211; 4 vnt.<\/li>\n<\/ul>\n","protected":false},"featured_media":10864,"comment_status":"open","ping_status":"closed","template":"","meta":{"_acf_changed":false,"om_disable_all_campaigns":false,"_uf_show_specific_survey":0,"_uf_disable_surveys":false},"pwb-brand":[298,248],"gamintojas":[166,94],"product_brand":[],"product_cat":[287,291],"product_tag":[],"class_list":{"0":"post-10863","1":"product","2":"type-product","3":"status-publish","4":"has-post-thumbnail","6":"pwb-brand-deye","7":"pwb-brand-trinasolar","8":"gamintojas-deye","9":"gamintojas-trinasolar","10":"product_cat-saules-elektriniu-komplektai","11":"product_cat-saules-elektriniu-komplektai-ramus","12":"product_shipping_class-h-pristatymo-klase","14":"first","15":"instock","16":"sale","17":"featured","18":"taxable","19":"shipping-taxable","20":"purchasable","21":"product-type-simple"},"acf":[],"aioseo_notices":[],"brands":[{"id":298,"name":"DEYE","slug":"deye"},{"id":248,"name":"TrinaSolar","slug":"trinasolar"}],"_links":{"self":[{"href":"https:\/\/solaroutlet.lt\/en\/wp-json\/wp\/v2\/product\/10863","targetHints":{"allow":["GET"]}}],"collection":[{"href":"https:\/\/solaroutlet.lt\/en\/wp-json\/wp\/v2\/product"}],"about":[{"href":"https:\/\/solaroutlet.lt\/en\/wp-json\/wp\/v2\/types\/product"}],"replies":[{"embeddable":true,"href":"https:\/\/solaroutlet.lt\/en\/wp-json\/wp\/v2\/comments?post=10863"}],"wp:featuredmedia":[{"embeddable":true,"href":"https:\/\/solaroutlet.lt\/en\/wp-json\/wp\/v2\/media\/10864"}],"wp:attachment":[{"href":"https:\/\/solaroutlet.lt\/en\/wp-json\/wp\/v2\/media?parent=10863"}],"wp:term":[{"taxonomy":"pwb-brand","embeddable":true,"href":"https:\/\/solaroutlet.lt\/en\/wp-json\/wp\/v2\/pwb-brand?post=10863"},{"taxonomy":"gamintojas","embeddable":true,"href":"https:\/\/solaroutlet.lt\/en\/wp-json\/wp\/v2\/gamintojas?post=10863"},{"taxonomy":"product_brand","embeddable":true,"href":"https:\/\/solaroutlet.lt\/en\/wp-json\/wp\/v2\/product_brand?post=10863"},{"taxonomy":"product_cat","embeddable":true,"href":"https:\/\/solaroutlet.lt\/en\/wp-json\/wp\/v2\/product_cat?post=10863"},{"taxonomy":"product_tag","embeddable":true,"href":"https:\/\/solaroutlet.lt\/en\/wp-json\/wp\/v2\/product_tag?post=10863"}],"curies":[{"name":"wp","href":"https:\/\/api.w.org\/{rel}","templated":true}]}}