{"id":10878,"date":"2026-01-21T16:17:09","date_gmt":"2026-01-21T13:17:09","guid":{"rendered":"https:\/\/solaroutlet.lt\/?post_type=product&#038;p=10878"},"modified":"2026-02-26T12:13:06","modified_gmt":"2026-02-26T09:13:06","slug":"deye-energijos-kaupiklis-gb-l20-pro-20-kwh","status":"publish","type":"product","link":"https:\/\/solaroutlet.lt\/en\/produktas\/deye-energijos-kaupiklis-gb-l20-pro-20-kwh\/","title":{"rendered":"Deye energijos kaupiklis GB-L20 PRO, 20 kWh"},"content":{"rendered":"<p><strong>Deye GB-L20 PRO kaupiklis \u2013 tai auk\u0161tos \u012ftampos (HV) modulin\u0117 energijos kaupimo sistema, skirta darbui su saul\u0117s elektrin\u0117mis tiek didesnio dyd\u017eio gyvenamuosiuose namuose, tiek komerciniuose objektuose. <\/strong>Su \u0161iuo sprendimu, galima efektyviai kaupti perteklin\u0119 saul\u0117s energij\u0105 ir taip reik\u0161mingai suma\u017einti savo priklausomyb\u0119 nuo elektros tinklo. Sistema yra pilnai pritaikyta patikimam darbui <strong>at\u0161iauresn\u0117mis klimato s\u0105lygomis<\/strong> bei atitinka auk\u0161tus saugos ir kokyb\u0117s reikalavimus.<\/p>\n<p>\u0160i GB-L20 PRO kaupimo sistema priklauso Deye GB-L-PRO serijai ir yra sudaryta i\u0161 penki\u0173 4 kWh moduli\u0173, kuri\u0173 bendra talpa siekia 20 kWh. Tokia <strong>modulin\u0117 konstrukcija<\/strong> leid\u017eia lengvai pritaikyti sistem\u0105 prie individuali\u0173 poreiki\u0173 bei esant b\u016btinybei, sistem\u0105 galima pl\u0117sti iki 24 kWh. Auk\u0161tas sistemos <strong>efektyvumas<\/strong>, <strong>ma\u017ei energijos nuostoliai<\/strong>, ir suderinamumas su moderniais hibridiniais inverteriais yra garantuotas d\u0117l savo auk\u0161tos \u012ftampos architekt\u016bros ir nuoseklaus moduli\u0173 sujungimo be papildom\u0173 kabeli\u0173.<\/p>\n<p>Deye didel\u012f d\u0117mes\u012f skiria saugumui \u2013 kaupimo sistema turi patikim\u0105 ir stabili\u0105<strong> LiFePO4 <\/strong>(li\u010dio gele\u017eies fosfato) baterij\u0173 chemij\u0105. Sistema taip pat yra papildomai apr\u016bpinta <strong>sprogimo sl\u0117gio ma\u017einimo<\/strong> ir <strong>prie\u0161gaisrine apsauga<\/strong>, kuri per kelias sekundes nutraukia galim\u0105 ugnies \u0161altin\u012f. \u0160ios integracija garantuoja saug\u0173 sistemos eksploatavim\u0105 visuose objektuose.<\/p>\n<p>Sistema taip pat turi pa\u017eang\u0173 <strong>termin\u012f valdym\u0105<\/strong>, kuris nuolat stebi svarbiausi\u0173 komponent\u0173 temperat\u016br\u0105 \u2013 baterij\u0173 elementus, jungtis, ir maitinimo dalis. Platus darbin\u0117s temperat\u016bros diapazonas leid\u017eia sistemai saugiai veikti nuo \u201320 \u00b0C iki +55 \u00b0C. Esant poreikiui galima <strong>papildoma \u0161ildymo funkcija<\/strong>, skirta darbui \u0161altuoju met\u0173 laiku. Integruota <strong>IP65<\/strong> apsaugos klas\u0117 garantuoja atsparum\u0105 dulk\u0117ms ir vandeniui, tad kaupikl\u012f galima montuoti tiek lauke, tiek viduje.<\/p>\n<p>Sistema turi integruot\u0105 <strong>LCD<\/strong> ekran\u0105, kuriame realiu laiku galima steb\u0117ti baterijos \u012fkrovimo b\u016bsen\u0105.<\/p>\n<p>Technin\u0117s specifikacijos:<\/p>\n<ul>\n<li>Bendra talpa: 20<\/li>\n<li>Moduli\u0173 skai\u010dius: 5.<\/li>\n<li>Vieno modulio talpa: 4 kWh.<\/li>\n<li>Modulio nominali \u012ftampa: 102,4 V.<\/li>\n<li>Sistemos nominali \u012ftampa: 512<\/li>\n<li>Rekomenduojama \u012fkrovimo\/i\u0161krovimo srov\u0117: 20 A.<\/li>\n<li>Nominali rov\u0117: 40 A.<\/li>\n<li>Cikl\u0173 skai\u010dius: \u2265 6000.<\/li>\n<li>Darbin\u0117 temperat\u016bra: nuo \u201320 \u00b0C iki +55 \u00b0C.<\/li>\n<li>Apsaugos klase: IP65<\/li>\n<li>Metmenys: 540 x 385 x 1310 mm<\/li>\n<li>Svoris: 214<\/li>\n<li>Montavimas: ant grind\u0173.<\/li>\n<\/ul>\n<p><strong>Dokumentai atsisiuntimui:<\/strong><\/p>\n<p><a href=\"https:\/\/solaroutlet.lt\/wp-content\/uploads\/2026\/01\/Deye-GB-L-PRO.pdf\" target=\"_blank\" rel=\"noopener\">\u27a1\ufe0fTechnin\u0117s specifikacijos<\/a><\/p>\n","protected":false},"excerpt":{"rendered":"<p>Deye GB-L20 PRO \u2013 tai auk\u0161tos \u012ftampos, 20 kWh talpos modulin\u0117 energijos kaupimo sistema saul\u0117s elektrin\u0117ms. Yra integruota LiFePO4 baterija leid\u017eia efektyviai kaupti perteklin\u0119 saul\u0117s energij\u0105, ma\u017einti i\u0161laidas u\u017e elektr\u0105, bei didinti nepriklausomyb\u0119 nuo elektros tinkl\u0173.<\/p>\n<p>Sistema i\u0161siskiria itin auk\u0161tu saugumo lygiu \u2013 integruota sprogimo sl\u0117gio ma\u017einimo ir prie\u0161gaisrine apsauga. Kaupiklis taip pat pasi\u017eymi ilgaam\u017ei\u0161kumu (\u22656000 cikl\u0173) bei patikimu veikimu pla\u010diame temperat\u016br\u0173 diapazone su galimybe integruoti papildom\u0105 \u0161ildymo funkcij\u0105 darbui \u0161altuoju metu.<\/p>\n<p>Yra integruotas LCD ekranas su realiu laiku rodoma baterijos \u012fkrovos b\u016bsena, galia, ir bendra sistemos \u012ftampa.<\/p>\n","protected":false},"featured_media":10879,"comment_status":"open","ping_status":"closed","template":"","meta":{"_acf_changed":false,"om_disable_all_campaigns":false,"_uf_show_specific_survey":0,"_uf_disable_surveys":false},"pwb-brand":[298],"gamintojas":[166],"product_brand":[],"product_cat":[108],"product_tag":[],"class_list":{"0":"post-10878","1":"product","2":"type-product","3":"status-publish","4":"has-post-thumbnail","6":"pwb-brand-deye","7":"gamintojas-deye","8":"product_cat-elektros-energijos-kaupikliai-baterijos","9":"product_shipping_class-nemokamas-siuntimas","11":"first","12":"instock","13":"sale","14":"taxable","15":"shipping-taxable","16":"purchasable","17":"product-type-simple"},"acf":[],"aioseo_notices":[],"brands":[{"id":298,"name":"DEYE","slug":"deye"}],"_links":{"self":[{"href":"https:\/\/solaroutlet.lt\/en\/wp-json\/wp\/v2\/product\/10878","targetHints":{"allow":["GET"]}}],"collection":[{"href":"https:\/\/solaroutlet.lt\/en\/wp-json\/wp\/v2\/product"}],"about":[{"href":"https:\/\/solaroutlet.lt\/en\/wp-json\/wp\/v2\/types\/product"}],"replies":[{"embeddable":true,"href":"https:\/\/solaroutlet.lt\/en\/wp-json\/wp\/v2\/comments?post=10878"}],"wp:featuredmedia":[{"embeddable":true,"href":"https:\/\/solaroutlet.lt\/en\/wp-json\/wp\/v2\/media\/10879"}],"wp:attachment":[{"href":"https:\/\/solaroutlet.lt\/en\/wp-json\/wp\/v2\/media?parent=10878"}],"wp:term":[{"taxonomy":"pwb-brand","embeddable":true,"href":"https:\/\/solaroutlet.lt\/en\/wp-json\/wp\/v2\/pwb-brand?post=10878"},{"taxonomy":"gamintojas","embeddable":true,"href":"https:\/\/solaroutlet.lt\/en\/wp-json\/wp\/v2\/gamintojas?post=10878"},{"taxonomy":"product_brand","embeddable":true,"href":"https:\/\/solaroutlet.lt\/en\/wp-json\/wp\/v2\/product_brand?post=10878"},{"taxonomy":"product_cat","embeddable":true,"href":"https:\/\/solaroutlet.lt\/en\/wp-json\/wp\/v2\/product_cat?post=10878"},{"taxonomy":"product_tag","embeddable":true,"href":"https:\/\/solaroutlet.lt\/en\/wp-json\/wp\/v2\/product_tag?post=10878"}],"curies":[{"name":"wp","href":"https:\/\/api.w.org\/{rel}","templated":true}]}}