{"id":11027,"date":"2026-05-05T09:35:43","date_gmt":"2026-05-05T06:35:43","guid":{"rendered":"https:\/\/solaroutlet.lt\/?post_type=product&#038;p=11027"},"modified":"2026-05-05T09:36:13","modified_gmt":"2026-05-05T06:36:13","slug":"foxess-ep11-1036-kwh-energijos-kaupiklis-su-bms","status":"publish","type":"product","link":"https:\/\/solaroutlet.lt\/en\/produktas\/foxess-ep11-1036-kwh-energijos-kaupiklis-su-bms\/","title":{"rendered":"FoxESS EP11 10,36 kWh energijos kaupiklis su BMS"},"content":{"rendered":"<p><strong>FoxESS EP11 \u2013 tai auk\u0161tos \u012ftampos (HV) energijos kaupiklis su LiFePO4 technologija. Prietaisas skirtas tiek nam\u0173, tiek ma\u017eoms komercin\u0117ms elektrin\u0117ms.<\/strong> \u0160is kaupiklis leid\u017eia efektyviai kaupti pagamint\u0105 elektros energij\u0105 bei j\u0105 panaudoti tada, kai jos reikia labiausiai \u2013 taip ne tik suma\u017einant savo priklausomyb\u0119 nuo elektros tinklo, bet ir suma\u017einant elektros s\u0105naudas.<\/p>\n<p>Baterijos dizainas yra <strong>kompakti\u0161kas<\/strong> ir <strong>modernus<\/strong>, tad j\u0105 lengva integruoti \u012f energijos kaupimo sistemas. Konstrukcija yra laikoma <strong>\u201eviskas viename\u201c<\/strong>, tad paprastas montavimas ir patogus naudojimas yra garantuoti. Baterij\u0105 taip pat galima montuoti tiek ant sienos, tiek pastatyti ant grind\u0173. Energijos kaupiklis turi integruot\u0105 <strong>IP65<\/strong> apsaugos klas\u0119 tod\u0117l gali b\u016bti montuojamas tiek lauke, tiek viduje. \u012erenginys papildomai turi integruot\u0105 <strong>baterijos pa\u0161ildymo funkcij\u0105, <\/strong>kuri leid\u017eia sistemai patikimai veikti esant \u017eemai temperat\u016brai.<\/p>\n<p>\u0160is kaupiklis priklauso ple\u010diamai energijos kaupimo sistemai, kuri\u0105 <strong>galima<\/strong> <strong>i\u0161pl\u0117sti iki 41,6 kWh talpos<\/strong>. Tai suteikia daugiau lankstumo planuojant energijos kaupimo sistem\u0105 ir leid\u017eia j\u0105 pritaikyti augantiems energijos poreikiams.<\/p>\n<p>\u0160is FoxESS EP12 energijos kaupiklis pasi\u017eymi itin auk\u0161tu efektyvumu bei stabilumu. Nominali baterijos talpa siekia <strong>10,36 kWh<\/strong>, o i\u0161krovimo gylis (DoD) siekia 90%, tad galite i\u0161naudoti labai didel\u0119 dal\u012f visos sukauptos energijos. Prietaiso efektyvumas siekia <strong>\u226595<\/strong><strong>%<\/strong> tad energijos nuostoliai yra labai minimal\u016bs. <strong>LiFePO4<\/strong> technologija, kuri naudojama baterijoje yra sukurta naudojant saugi\u0105 ir ilgaam\u017e\u0119 chemij\u0105, kuri garantuoja auk\u0161t\u0105 saugumo lyg\u012f, stabil\u0173 darb\u0105, ir ilg\u0105 tarnavimo laik\u0105 \u2013 <strong>daugiau nei 4000 \u012fkrovimo\/i\u0161krovimo cikl\u0173<\/strong>.<\/p>\n<p>\u012erenginyje taip pat yra integruota pa\u017eangi <strong>BMS<\/strong> (Battery Management System) sistema, kuri stebi kaupiklio darb\u0105 ir u\u017etikrina saug\u0173 veikim\u0105. BMS sistema apsaugo \u012frengin\u012f nuo perkrovimo, gilaus i\u0161sikrovimo, trumpojo jungimo, ir perkaitimo &#8211; taip suteikiant vartotojui papildomo patikimumo ir saugumo.<\/p>\n<p>Technin\u0117s specifikacijos:<\/p>\n<ul>\n<li>Suderinamumas: FoxESS H1, KH, H3, H3-Pro, US serijos inverteriais.<\/li>\n<li>Baterijos tipas: LiFePO4.<\/li>\n<li>Nominali talpa: 10,36 kWh.<\/li>\n<li>Nominali \u012ftampa: 384 V.<\/li>\n<li>I\u0161krovimo gylis (DoD): 90%.<\/li>\n<li>Sistemos efektyvumas: \u226595 %.<\/li>\n<li>Cikl\u0173 skai\u010dius: \u22654000.<\/li>\n<li>Komunikacija: CAN.<\/li>\n<li>Apsaugos klas\u0117: IP65.<\/li>\n<li>Au\u0161inimas: nat\u016bralus.<\/li>\n<li>Darbin\u0117 temperat\u016bra: \u201310 \u00b0C iki +55 \u00b0C.<\/li>\n<li>Montavimas: sieninis arba grindinis.<\/li>\n<li>Matmenys: 710 x 625 x 147mm.<\/li>\n<li>Svoris: 99 kg.<\/li>\n<\/ul>\n<p><a href=\"https:\/\/gfx3.senetic.com\/akeneo-catalog\/e\/7\/c\/3\/e7c37ce1e27fdc91c7c7dd7b55e4f0d3eb55af24_Technin___specifikacija_EN.pdf?_gl=1*urkhab*_gcl_au*MjAzNjY2ODY1OC4xNzczNDAzMDcw*_ga*MTQyODU4NDQ4MS4xNzczNDAzMDcw*_ga_CEDYVDRNE7*czE3NzM0MDMwNjgkbzEkZzAkdDE3NzM0MDMwNzYkajUyJGwwJGgxNDk0NDY5MzgxJGRobE8zcXRsMmc2cjQzalBZZ0xFXzNwcHBjTzh1Ujhyb1ln*_ga_LRSRSRFSEN*czE3NzM0MDMwNjkkbzEkZzAkdDE3NzM0MDMwNzYkajUzJGwwJGgxMzk4NTI4NDQ2JGRObGZFTmg2QVpySmhQVHB3Qy1Wb3M0dzZEMDFTQzNtRW13\" target=\"_blank\" rel=\"noopener\">\u27a1\ufe0fDokumentas atsisiuntimui<\/a><\/p>\n","protected":false},"excerpt":{"rendered":"<p>FoxESS EP11 \u2013 tai auk\u0161tos \u012ftampos LiFePO4 energijos kaupiklis, skirtas nam\u0173 ir ma\u017eoms komercin\u0117ms elektrin\u0117ms. Nominali talpa siekia 10,36 kWh. Auk\u0161tas sistemos efektyvumas (\u226595 %) u\u017etikrina itin ma\u017eus energijos nuostolius ir ilg\u0105 tarnavimo laik\u0105 \u2013 daugiau nei 4000 cikl\u0173.<\/p>\n<p>Sistema gali b\u016bti ple\u010diama iki 46,08 kWh, prijungiant iki 4 baterij\u0173 lygiagre\u010diai. Taip pat yra suderinama su H1, KH, H3, H3-Pro, US US serijos inverteriais, tad yra patikimas, efektyvus, ir lengvai integruojamas energijos kaupimo sprendimas.<\/p>\n<p>Kaupiklis turi integruot\u0105 BMS sistem\u0105, kuri apsaugo baterij\u0105 nuo perkrovimo, gilaus i\u0161krovimo, trumpojo jungimo, ir perkaitimo. Integruota gaisro gesinimo sistema taip pat suteikia papildomo saugumo.<\/p>\n","protected":false},"featured_media":11028,"comment_status":"open","ping_status":"closed","template":"","meta":{"_acf_changed":false,"om_disable_all_campaigns":false,"_uf_show_specific_survey":0,"_uf_disable_surveys":false},"pwb-brand":[412],"gamintojas":[141],"product_brand":[],"product_cat":[108],"product_tag":[],"class_list":{"0":"post-11027","1":"product","2":"type-product","3":"status-publish","4":"has-post-thumbnail","6":"pwb-brand-foxess","7":"gamintojas-foxess","8":"product_cat-elektros-energijos-kaupikliai-baterijos","9":"product_shipping_class-e-pristatymo-klase","11":"first","12":"instock","13":"sale","14":"taxable","15":"shipping-taxable","16":"purchasable","17":"product-type-simple"},"acf":[],"aioseo_notices":[],"brands":[{"id":412,"name":"FoxESS","slug":"foxess"}],"_links":{"self":[{"href":"https:\/\/solaroutlet.lt\/en\/wp-json\/wp\/v2\/product\/11027","targetHints":{"allow":["GET"]}}],"collection":[{"href":"https:\/\/solaroutlet.lt\/en\/wp-json\/wp\/v2\/product"}],"about":[{"href":"https:\/\/solaroutlet.lt\/en\/wp-json\/wp\/v2\/types\/product"}],"replies":[{"embeddable":true,"href":"https:\/\/solaroutlet.lt\/en\/wp-json\/wp\/v2\/comments?post=11027"}],"wp:featuredmedia":[{"embeddable":true,"href":"https:\/\/solaroutlet.lt\/en\/wp-json\/wp\/v2\/media\/11028"}],"wp:attachment":[{"href":"https:\/\/solaroutlet.lt\/en\/wp-json\/wp\/v2\/media?parent=11027"}],"wp:term":[{"taxonomy":"pwb-brand","embeddable":true,"href":"https:\/\/solaroutlet.lt\/en\/wp-json\/wp\/v2\/pwb-brand?post=11027"},{"taxonomy":"gamintojas","embeddable":true,"href":"https:\/\/solaroutlet.lt\/en\/wp-json\/wp\/v2\/gamintojas?post=11027"},{"taxonomy":"product_brand","embeddable":true,"href":"https:\/\/solaroutlet.lt\/en\/wp-json\/wp\/v2\/product_brand?post=11027"},{"taxonomy":"product_cat","embeddable":true,"href":"https:\/\/solaroutlet.lt\/en\/wp-json\/wp\/v2\/product_cat?post=11027"},{"taxonomy":"product_tag","embeddable":true,"href":"https:\/\/solaroutlet.lt\/en\/wp-json\/wp\/v2\/product_tag?post=11027"}],"curies":[{"name":"wp","href":"https:\/\/api.w.org\/{rel}","templated":true}]}}