{"id":11042,"date":"2026-05-05T09:32:55","date_gmt":"2026-05-05T06:32:55","guid":{"rendered":"https:\/\/solaroutlet.lt\/?post_type=product&#038;p=11042"},"modified":"2026-05-05T09:32:56","modified_gmt":"2026-05-05T06:32:56","slug":"foxess-hibridinis-inverteris-p3-pro-15-0-15-kw","status":"publish","type":"product","link":"https:\/\/solaroutlet.lt\/en\/produktas\/foxess-hibridinis-inverteris-p3-pro-15-0-15-kw\/","title":{"rendered":"FoxESS hibridinis inverteris  &#8211; P3-PRO-15.0, 15 kW"},"content":{"rendered":"<p>Tai <strong>PRO serijos<\/strong> trifazis hibridinis inverteris, skirtas didesn\u0117ms saul\u0117s elektrin\u0117ms ir pa\u017eangesn\u0117ms energijos kaupimo sistemoms. \u012erenginys palaiko darb\u0105 su auk\u0161tos \u012ftampos baterijomis, pasi\u017eymi dideliu efektyvumu, ir pa\u017eangiomis apsaugos funkcijomis.<\/p>\n<p>\u0160is modelis priklauso naujausiai FoxESS hibridini\u0173 inverteri\u0173 serijai, kuri pasi\u017eymi auk\u0161tu technologiniu i\u0161baigtumu ir labai universaliu pritaikymu. \u0160is 15 kW hibridinis inverteris sujungia kelis energijos \u0161altinius \u2013 saul\u0117s modulius, auk\u0161tos \u012ftampos akumuliatori\u0173 sistem\u0105, ir elektros tinkl\u0105, tad atsinaujinan\u010di\u0105 <strong>energij\u0105 galima i\u0161naudoti itin efektyviai<\/strong>. \u012erenginys palaiko auk\u0161tos \u012ftampos li\u010dio jon\u0173 akumuliatorius, tod\u0117l leid\u017eia pasiekti didesn\u012f \u012fkrovimo efektyvum\u0105 ir suma\u017einti energijos nuostolius. Tad puikiai tinka nam\u0173 saul\u0117s elektrin\u0117ms ir energijos kaupimo sprendimams.<\/p>\n<p>Inverteryje yra integruotas <strong>i\u0161manus valdymas<\/strong>, d\u0117l kurio lengvai galima steb\u0117ti ir reguliuoti visos sistemos darb\u0105 per mobil\u0173j\u012f telefon\u0105 ar kompiuter\u012f naudojant FoxCloud V2.0 aplikacij\u0105. Prietaisas taip pat tinkamas montavimui tiek lauke, tiek viduje, nes turi auk\u0161t\u0105 <strong>IP65<\/strong> apsaugos klas\u0119.<\/p>\n<p>\u0160is modelis taip pat pasi\u017eymi i\u0161skirtiniu saugumu, nes yra integruota apsauga nuo vir\u0161\u012ftampi\u0173, perkrov\u0173, ir perkaitimo. Prietaise taip pat yra nuot\u0117kio srov\u0117s aptikimo funkcija ir antro tipo vir\u0161\u012ftampi\u0173 apsauga tiek kintamosios, tiek nuolatin\u0117s srov\u0117s pus\u0117se. \u012e\u017eeminimo steb\u0117jimo sistema garantuoja stabil\u0173 ir saug\u0173 veikim\u0105 \u012fvairiomis s\u0105lygomis.<\/p>\n<ul>\n<li><strong>DC atvirk\u0161tinio poli\u0161kumo apsauga<\/strong>, kuri neleid\u017eia saul\u0117s moduliams ir j\u0173 baterijoms b\u016bti sujungtiems atvirk\u0161\u010diai. Inverteris tokiu atveju savaime blokuoja \u012fjungim\u0105 ir apsaugo komponentus nuo pa\u017eeidimo.<\/li>\n<li><strong>AC i\u0161\u0117jimo pervir\u0161io apsauga<\/strong>, kuri apsaugo vis\u0105 sistem\u0105 nuo perkrovos ir nuo trumpojo jungimo.<\/li>\n<\/ul>\n<p>FoxESS 15 kW \u2013 tai itin patikimas ir efektyvus sprendimas ie\u0161kantiems auk\u0161tos kokyb\u0117s trifazio hibridinio inverterio su auk\u0161tos \u012ftampos baterijos palaikymu. \u0160is \u012frenginys leis Jums pasiekti energetin\u0119 nepriklausomyb\u0119, tuo pat metu gal\u0117site suma\u017einti elektros i\u0161laidas ir u\u017etikrinsite stabil\u0173 energijos tiekim\u0105. \u0160is modelis yra idealus pasirinkimas individualiems namams ir ma\u017eesn\u0117ms komercin\u0117ms saul\u0117s elektrin\u0117ms. Tiems, kurie vertina efektyvum\u0105, saugum\u0105, ir i\u0161man\u0173 energijos valdym\u0105.<\/p>\n<p>Pagrindin\u0117s savyb\u0117s:<\/p>\n<ul>\n<li>Nominali galia: 15 kW trifazis i\u0161\u0117jimas.<\/li>\n<li>Baterijos \u012ftampa: 150-800 V; auk\u0161tos \u012ftampos sistema.<\/li>\n<li>Nominali \u012f\u0117jimo \u012ftampa: 750 V.<\/li>\n<li>Veikimas be tinklo: hibridinis inverteris gali autonomi\u0161kai tiekti energij\u0105.<\/li>\n<li>Tylus veikimas: &lt;45 dB.<\/li>\n<li>\u012ekrovimo\/i\u0161krovimo srov\u0117: 50 +50 A.<\/li>\n<li>MPPT skai\u010dius: 3.<\/li>\n<\/ul>\n<p>Technin\u0117s specifikacijos:<\/p>\n<ul>\n<li>Nominali i\u0161\u0117jimo galia: 15 kW.<\/li>\n<li>Faz\u0117s: 3.<\/li>\n<li>Efektyvumas: 97,2%.<\/li>\n<li>Apsaugos klas\u0117: IP65.<\/li>\n<li>Matmenys: 720 x 680 x 225 mm.<\/li>\n<li>Svoris: 52,5 kg.<\/li>\n<li>Darbin\u0117 temperat\u016bra: nuo -25 \u00b0C iki +60 \u00b0C.<\/li>\n<li>Ry\u0161iai: Meter, WIFI, 4G, DRM, USB, BMS(CAN), RS485, Ethernet, SG ready.<\/li>\n<li>Montavimo vieta: tinkamas vidaus ir lauko instaliacijai.<\/li>\n<\/ul>\n<p><a href=\"https:\/\/solaroutlet.lt\/wp-content\/uploads\/2026\/03\/Datasheet-P3-PRO-EN.pdf\" target=\"_blank\" rel=\"noopener\">\u27a1\ufe0fDokumentai atsisiuntimui<\/a><\/p>\n<p>&nbsp;<\/p>\n<p>&nbsp;<\/p>\n","protected":false},"excerpt":{"rendered":"<p>FoxESS 15 kW \u2013 tai itin patikimas ir efektyvus sprendimas ie\u0161kantiems auk\u0161tos kokyb\u0117s trifazio hibridinio inverterio su auk\u0161tos \u012ftampos baterijos palaikymu. \u0160is \u012frenginys leis Jums pasiekti energetin\u0119 nepriklausomyb\u0119, tuo pat metu gal\u0117site suma\u017einti elektros i\u0161laidas ir u\u017etikrinsite stabil\u0173 energijos tiekim\u0105. \u0160is modelis yra idealus pasirinkimas individualiems namams ir ma\u017eesn\u0117ms komercin\u0117ms saul\u0117s elektrin\u0117ms. Tiems, kurie vertina efektyvum\u0105, saugum\u0105, ir i\u0161man\u0173 energijos valdym\u0105.<\/p>\n<p>Pagrindin\u0117s savyb\u0117s:<\/p>\n<ul>\n<li>Nominali galia: 15 kW trifazis i\u0161\u0117jimas.<\/li>\n<li>Baterijos \u012ftampa: 150-800 V; auk\u0161tos \u012ftampos sistema.<\/li>\n<li>Nominali \u012f\u0117jimo \u012ftampa: 750 V.<\/li>\n<li>Veikimas be tinklo: hibridinis inverteris gali autonomi\u0161kai tiekti energij\u0105.<\/li>\n<li>Tylus veikimas: &lt;45 dB.<\/li>\n<li>\u012ekrovimo\/i\u0161krovimo srov\u0117: 50 +50 A.<\/li>\n<li>MPPT skai\u010dius: 3.<\/li>\n<\/ul>\n","protected":false},"featured_media":11047,"comment_status":"open","ping_status":"closed","template":"","meta":{"_acf_changed":false,"om_disable_all_campaigns":false,"_uf_show_specific_survey":0,"_uf_disable_surveys":false},"pwb-brand":[412],"gamintojas":[141],"product_brand":[],"product_cat":[97],"product_tag":[],"class_list":{"0":"post-11042","1":"product","2":"type-product","3":"status-publish","4":"has-post-thumbnail","6":"pwb-brand-foxess","7":"gamintojas-foxess","8":"product_cat-sroves-keitikliai-inverters","9":"product_shipping_class-c-pristatymo-klase","10":"pa_galia-15-kw","11":"pa_tipas-hibridiniai-inverteriai","13":"first","14":"instock","15":"taxable","16":"shipping-taxable","17":"purchasable","18":"product-type-simple"},"acf":[],"aioseo_notices":[],"brands":[{"id":412,"name":"FoxESS","slug":"foxess"}],"_links":{"self":[{"href":"https:\/\/solaroutlet.lt\/en\/wp-json\/wp\/v2\/product\/11042","targetHints":{"allow":["GET"]}}],"collection":[{"href":"https:\/\/solaroutlet.lt\/en\/wp-json\/wp\/v2\/product"}],"about":[{"href":"https:\/\/solaroutlet.lt\/en\/wp-json\/wp\/v2\/types\/product"}],"replies":[{"embeddable":true,"href":"https:\/\/solaroutlet.lt\/en\/wp-json\/wp\/v2\/comments?post=11042"}],"wp:featuredmedia":[{"embeddable":true,"href":"https:\/\/solaroutlet.lt\/en\/wp-json\/wp\/v2\/media\/11047"}],"wp:attachment":[{"href":"https:\/\/solaroutlet.lt\/en\/wp-json\/wp\/v2\/media?parent=11042"}],"wp:term":[{"taxonomy":"pwb-brand","embeddable":true,"href":"https:\/\/solaroutlet.lt\/en\/wp-json\/wp\/v2\/pwb-brand?post=11042"},{"taxonomy":"gamintojas","embeddable":true,"href":"https:\/\/solaroutlet.lt\/en\/wp-json\/wp\/v2\/gamintojas?post=11042"},{"taxonomy":"product_brand","embeddable":true,"href":"https:\/\/solaroutlet.lt\/en\/wp-json\/wp\/v2\/product_brand?post=11042"},{"taxonomy":"product_cat","embeddable":true,"href":"https:\/\/solaroutlet.lt\/en\/wp-json\/wp\/v2\/product_cat?post=11042"},{"taxonomy":"product_tag","embeddable":true,"href":"https:\/\/solaroutlet.lt\/en\/wp-json\/wp\/v2\/product_tag?post=11042"}],"curies":[{"name":"wp","href":"https:\/\/api.w.org\/{rel}","templated":true}]}}