{"id":11066,"date":"2026-03-23T12:17:12","date_gmt":"2026-03-23T09:17:12","guid":{"rendered":"https:\/\/solaroutlet.lt\/?post_type=product&#038;p=11066"},"modified":"2026-03-23T12:17:13","modified_gmt":"2026-03-23T09:17:13","slug":"nexblue-zen-sroves-jutiklis-current-sensor","status":"publish","type":"product","link":"https:\/\/solaroutlet.lt\/en\/produktas\/nexblue-zen-sroves-jutiklis-current-sensor\/","title":{"rendered":"NexBlue Zen srov\u0117s jutiklis (current sensor)"},"content":{"rendered":"<p><strong>NexBlue Zen srov\u0117s jutiklis \u2013 tai modernus ir kompakti\u0161kas \u012frenginys, specialiai sukurtas elektros energijos steb\u0117jimui ir optimizavimui.<\/strong> Tinka naudojimui tiek namuose, tiek verslo aplinkoje. Prietaisas leid\u017eia realiu laiku <strong>analizuoti energijos suvartojim\u0105<\/strong> ir u\u017etikrina efektyv\u0173 jos paskirstym\u0105 \u2013 taip i\u0161vengiant tinklo perkrov\u0173. \u0160is srov\u0117s jutiklis \u2013 puikus pasirinkimas jei neturite i\u0161manaus elektros skaitiklio, o jo funkcionalumas yra ypa\u010d naudingas naudojant elektromobili\u0173 \u012fkrovimo sprendimus.<\/p>\n<p>Prietaisas naudoja <strong>dinaminio galios balansavimo<\/strong> technologij\u0105, d\u0117l kurios jutiklis gali automati\u0161kai reguliuoti energijos paskirstym\u0105 tarp skirting\u0173 \u012frengini\u0173, taip u\u017etikrinant stabil\u0173 ir saug\u0173 prietais\u0173 veikim\u0105. D\u0117l \u0161ios technologijos, vienu metu galite naudoti kelis elektros prietaisus ar krauti elektromobil\u012f nebijodami perkrauti elektros tinklo. Srov\u0117s jutiklis taip pat <strong>palaiko perteklin\u0117s saul\u0117s energijos panaudojim\u0105<\/strong> (Solar Surplus Charging) \u2013 prietaisas stebi kiek energijos pagamina saul\u0117s moduliai ir perteklin\u0119 energij\u0105 automati\u0161kai nukreipia elektromobilio \u012fkrovimui. Tai leid\u017eia efektyviai i\u0161naudoti generuojam\u0105 energij\u0105 bei suma\u017einti elektros s\u0105naudas.<\/p>\n<p>Prietaiso surinkti duomenys leid\u017eia tiksliai valdyti elektromobili\u0173 \u012fkrovimo proces\u0105 ir u\u017etikrinti, kad \u012fkrovimo stotel\u0117 veikt\u0173 maksimaliai efektyviai, nevir\u0161ijant turimos elektros galios. Srov\u0117s jutiklis i\u0161siskiria savo patikimu ry\u0161iu \u2013 jis gali veikti tiek prijungtas prie tinklo, tiek lokaliai, naudodamas Nexus RF technologij\u0105, tad tiesiogiai komunikuoja su NexBlue \u012fkrovimo stotel\u0117mis. Net ir dingus interneto ry\u0161iui, sistema i\u0161lieka pilnai funkcionali ir u\u017etikrina nenutr\u016bkstam\u0105 ir stabil\u0173 elektromobili\u0173 \u012fkrovim\u0105.<\/p>\n<p>Montavimas yra itin greitas ir paprastas \u2013 d\u0117l savo DIN b\u0117gelio dizaino, kvalifikuotas elektrikas \u012frengin\u012f gali sumontuoti vos per kelias minutes. Montavimui nereikia joki\u0173 papildom\u0173 program\u0117li\u0173, i\u0161orini\u0173 maitinimo \u0161altini\u0173, ar sud\u0117ting\u0173 sistemos pakeitim\u0173.<\/p>\n<p>Kod\u0117l verta rinktis NexBlueZen?<\/p>\n<ul>\n<li>Suma\u017eina elektros energijos s\u0105naudas ir optimizuoja jos naudojim\u0105.<\/li>\n<li>Apsaugo nuo elektros tinklo apkrovos.<\/li>\n<li>Leid\u017eia efektyviai i\u0161naudoti saul\u0117s ir v\u0117jo energij\u0105.<\/li>\n<li>U\u017etikrina stabil\u0173 veikim\u0105 net ir be interneto ry\u0161io.<\/li>\n<li>Grietas ir paprastas montavimas.<\/li>\n<\/ul>\n<p>Technin\u0117s specifikacijos:<\/p>\n<ul>\n<li>Galia: 3W.<\/li>\n<li>\u012etampos diapazonas: 85-264 V AC.<\/li>\n<li>Matmenys: 85.5 x 27 x 66.8 mm.<\/li>\n<li>Svoris: 95 g.<\/li>\n<li>Ry\u0161ys: Wi-Fi (2.4 GHz), Bluetooth 4.2, Ethernet, Nexus RF, RS-485.<\/li>\n<li>Apsaugos klas\u0117: IP30.<\/li>\n<li>Darbin\u0117 temperat\u016bra: -25\u00b0C to +55\u00b0C.<\/li>\n<li>Montavimas: DIN b\u0117gelis.<\/li>\n<\/ul>\n<p><a href=\"https:\/\/solaroutlet.lt\/wp-content\/uploads\/2026\/03\/current-sensor.pdf\" target=\"_blank\" rel=\"noopener\">\u27a1\ufe0fTechnin\u0117s specifikacijos<\/a><\/p>\n","protected":false},"excerpt":{"rendered":"<p>Kod\u0117l verta rinktis NexBlueZen?<\/p>\n<ul>\n<li>Suma\u017eina elektros energijos s\u0105naudas ir optimizuoja jos naudojim\u0105.<\/li>\n<li>Apsaugo nuo elektros tinklo apkrovos.<\/li>\n<li>Leid\u017eia efektyviai i\u0161naudoti saul\u0117s ir v\u0117jo energij\u0105.<\/li>\n<li>U\u017etikrina stabil\u0173 veikim\u0105 net ir be interneto ry\u0161io.<\/li>\n<li>Grietas ir paprastas montavimas.<\/li>\n<\/ul>\n","protected":false},"featured_media":11067,"comment_status":"open","ping_status":"closed","template":"","meta":{"_acf_changed":false,"om_disable_all_campaigns":false,"_uf_show_specific_survey":0,"_uf_disable_surveys":false},"pwb-brand":[416],"gamintojas":[415],"product_brand":[],"product_cat":[117],"product_tag":[],"class_list":{"0":"post-11066","1":"product","2":"type-product","3":"status-publish","4":"has-post-thumbnail","6":"pwb-brand-nexblue","7":"gamintojas-nexblue","8":"product_cat-ikrovimo-stoteliu-priedai","9":"product_shipping_class-a-pristatymo-klase","11":"first","12":"instock","13":"taxable","14":"shipping-taxable","15":"purchasable","16":"product-type-simple"},"acf":[],"aioseo_notices":[],"brands":[{"id":416,"name":"NexBlue","slug":"nexblue"}],"_links":{"self":[{"href":"https:\/\/solaroutlet.lt\/en\/wp-json\/wp\/v2\/product\/11066","targetHints":{"allow":["GET"]}}],"collection":[{"href":"https:\/\/solaroutlet.lt\/en\/wp-json\/wp\/v2\/product"}],"about":[{"href":"https:\/\/solaroutlet.lt\/en\/wp-json\/wp\/v2\/types\/product"}],"replies":[{"embeddable":true,"href":"https:\/\/solaroutlet.lt\/en\/wp-json\/wp\/v2\/comments?post=11066"}],"wp:featuredmedia":[{"embeddable":true,"href":"https:\/\/solaroutlet.lt\/en\/wp-json\/wp\/v2\/media\/11067"}],"wp:attachment":[{"href":"https:\/\/solaroutlet.lt\/en\/wp-json\/wp\/v2\/media?parent=11066"}],"wp:term":[{"taxonomy":"pwb-brand","embeddable":true,"href":"https:\/\/solaroutlet.lt\/en\/wp-json\/wp\/v2\/pwb-brand?post=11066"},{"taxonomy":"gamintojas","embeddable":true,"href":"https:\/\/solaroutlet.lt\/en\/wp-json\/wp\/v2\/gamintojas?post=11066"},{"taxonomy":"product_brand","embeddable":true,"href":"https:\/\/solaroutlet.lt\/en\/wp-json\/wp\/v2\/product_brand?post=11066"},{"taxonomy":"product_cat","embeddable":true,"href":"https:\/\/solaroutlet.lt\/en\/wp-json\/wp\/v2\/product_cat?post=11066"},{"taxonomy":"product_tag","embeddable":true,"href":"https:\/\/solaroutlet.lt\/en\/wp-json\/wp\/v2\/product_tag?post=11066"}],"curies":[{"name":"wp","href":"https:\/\/api.w.org\/{rel}","templated":true}]}}