{"id":11110,"date":"2026-03-23T12:13:28","date_gmt":"2026-03-23T09:13:28","guid":{"rendered":"https:\/\/solaroutlet.lt\/?post_type=product&#038;p=11110"},"modified":"2026-03-23T12:15:02","modified_gmt":"2026-03-23T09:15:02","slug":"nexblue-delta-max-ikrovimo-stotele-22-kw","status":"publish","type":"product","link":"https:\/\/solaroutlet.lt\/en\/produktas\/nexblue-delta-max-ikrovimo-stotele-22-kw\/","title":{"rendered":"NexBlue Delta Max \u012fkrovimo stotel\u0117, 22 kW"},"content":{"rendered":"<p><strong>NexBlue Delta Max \u2013 tai naujos kartos elektromobili\u0173 \u012fkrovimo stotel\u0117 didelio m\u0105sto verslo objektams. Sukurta norintiems maksimalios galios, i\u0161manumo, ir ateities technologij\u0173 viename \u012frenginyje.<\/strong> \u0160is \u012frenginys, tai patobulinta <strong>Delta <\/strong>modelio versija, galinti tiekti iki <strong>22 kW<\/strong> gali\u0105 ir garantuoti greit\u0105 bei efektyv\u0173 elektromobilio \u012fkrovim\u0105 tiek vienfaz\u0117se, tiek trifaz\u0117se sistemose.<\/p>\n<p>\u012ekrovimo stotel\u0117 yra sukurta taip, kad naudojimas b\u016bt\u0173 kuo paprastesnis ir sklandesnis. \u0160is \u012frenginys ne tik \u012fkrauna J\u016bs\u0173 elektromobil\u012f, bet ir i\u0161maniai <strong>valdo energijos srautus<\/strong>, prisitaikydamas prie objekto elektros tinklo galimybi\u0173 ir elektros kain\u0173 rinkoje. \u012erenginys turi MID sertifikat\u0105, kuris leid\u017eia tiksliai apskaityti elektros energij\u0105 tad stotel\u0119 galima naudoti atsiskaitymui.<\/p>\n<p>Vienas i\u0161 did\u017eiausi\u0173 \u012frenginio privalum\u0173 \u2013 jo <strong>paruo\u0161tumas komerciniam pritaikymui ir infrastrukt\u016bros pl\u0117trai<\/strong>. \u012ekrovimo stotel\u0117 palaiko dvikrypt\u012f energijos sraut\u0105 (bi-directional charging), Vehicle-to-grid (V2G), ir Plug &amp; Charge technologijas, kurios ateityje leis elektromobiliui ne tik vartoti energij\u0105, bet ir j\u0105 gr\u0105\u017einti \u012f tinkl\u0105 ar naudoti J\u016bs\u0173 objekto poreikiams.<\/p>\n<p>NexBlue <strong>Delta Max <\/strong>pasi\u017eymi pa\u017eangiu <strong>energijos optimizavimu<\/strong> \u2013 \u012frenginys automati\u0161kai reguliuoja \u012fkrovimo greit\u012f pagal esamas s\u0105lygas, kad b\u016bt\u0173 pasiektas maksimalus efektyvumas ir b\u016bt\u0173 i\u0161vengta tinklo perkrov\u0173. Yra integruotas <strong>dinaminis apkrovos ir fazi\u0173 balansavimas<\/strong>, kuris leid\u017eia optimaliai paskirstyti energij\u0105 ir esant poreikiui, gali automati\u0161kai persijungti tarp fazi\u0173. Prie stotel\u0117s galima papildomai prijungti NexBlue Zen, dar labiau i\u0161ple\u010diant dinaminio balansavimo galimybes.<\/p>\n<p>Stotel\u0117 palaiko saul\u0117s <strong>perteklin\u0117s energijos panaudojim\u0105<\/strong>, tod\u0117l galite krauti savo elektromobil\u012f naudodami savo saul\u0117s elektrin\u0117s generuojam\u0105 energij\u0105. Papildoma EcoPilot funkcija leid\u017eia planuoti \u012fkrovim\u0105 pigiausiomis elektros tarif\u0173 valandomis, dar labiau ma\u017einant eksploatacines i\u0161laidas.<\/p>\n<p>Visas stoteles galite valdyti per program\u0117l\u0119, kurioje realiu laiku galima steb\u0117ti \u012fkrovimo proces\u0105, energijos suvartojim\u0105, keisti nustatymus. Energijos duomenis galite steb\u0117ti tiesiogiai stotel\u0117je, nes yra integruotas OLED ekranas. NexBlue <strong>Delta Max <\/strong>taip pat i\u0161siskiria savo auk\u0161tu saugumo lygiu \u2013 yra integruota daugiau nei 40 jutikli\u0173 sistema, kuri nuolat stebi veikl\u0105 ir u\u017etikrina patikim\u0105 ir saug\u0173 \u012fkrovim\u0105.<\/p>\n<p>Technin\u0117s specifikacijos:<\/p>\n<ul>\n<li>Krovimo galia: 1,4 \u2013 22 kW.<\/li>\n<li>Darbin\u0117 temperat\u016bra: &#8211; 30 \u00b0C to +50 \u00b0C.<\/li>\n<li>Srov\u0117: 6 A (1 faz\u0117); 32 A (3 faz\u0117s).<\/li>\n<li>Jungtis: Type 2.<\/li>\n<li>Maksimali i\u0161\u0117jimo srov\u0117: 32 A.<\/li>\n<li>Galimas apkrovos valdymas per kelis lygius<\/li>\n<li>Apsaugos klas\u0117: IP54, IK10.<\/li>\n<li>Matmenys: 235 x 230 x 107 mm.<\/li>\n<li>Svoris: 2,3 kg.<\/li>\n<li>Ry\u0161iai: Wi-Fi, 4G eSIM, Seamless OTA.<\/li>\n<li>Valdymas: program\u0117l\u0117 ir portalas.<\/li>\n<\/ul>\n<p><a href=\"https:\/\/solaroutlet.lt\/wp-content\/uploads\/2026\/03\/delta-max.pdf\" target=\"_blank\" rel=\"noopener\">\u27a1\ufe0fTechnin\u0117s specifikacijos \u010dia<\/a><\/p>\n","protected":false},"excerpt":{"rendered":"<ul>\n<li>Greitas ir efektyvus \u012fkrovimas iki 22 kW.<\/li>\n<li>Dinaminis apkrovos ir fazi\u0173 balansavimas.<\/li>\n<li>Integruotas OLED skranas.<\/li>\n<li>Maksimalus saul\u0117s energijos i\u0161naudojimas.<\/li>\n<li>I\u0161manus \u012fkrovimo planavimas pagal elektros kainas.<\/li>\n<li>Paprastas valdymas per program\u0117l\u0119.<\/li>\n<li>Greitas ir lengvas montavimas net dideliuose projektuose.<\/li>\n<li>Auk\u0161\u010diausias saugumo ir patikimumo lygis.<\/li>\n<\/ul>\n","protected":false},"featured_media":11094,"comment_status":"open","ping_status":"closed","template":"","meta":{"_acf_changed":false,"om_disable_all_campaigns":false,"_uf_show_specific_survey":0,"_uf_disable_surveys":false},"pwb-brand":[416],"gamintojas":[415],"product_brand":[],"product_cat":[110],"product_tag":[],"class_list":{"0":"post-11110","1":"product","2":"type-product","3":"status-publish","4":"has-post-thumbnail","6":"pwb-brand-nexblue","7":"gamintojas-nexblue","8":"product_cat-krovimo-stoteles","9":"product_shipping_class-c-pristatymo-klase","10":"pa_galia-22-kw","12":"first","13":"instock","14":"taxable","15":"shipping-taxable","16":"purchasable","17":"product-type-simple"},"acf":[],"aioseo_notices":[],"brands":[{"id":416,"name":"NexBlue","slug":"nexblue"}],"_links":{"self":[{"href":"https:\/\/solaroutlet.lt\/en\/wp-json\/wp\/v2\/product\/11110","targetHints":{"allow":["GET"]}}],"collection":[{"href":"https:\/\/solaroutlet.lt\/en\/wp-json\/wp\/v2\/product"}],"about":[{"href":"https:\/\/solaroutlet.lt\/en\/wp-json\/wp\/v2\/types\/product"}],"replies":[{"embeddable":true,"href":"https:\/\/solaroutlet.lt\/en\/wp-json\/wp\/v2\/comments?post=11110"}],"wp:featuredmedia":[{"embeddable":true,"href":"https:\/\/solaroutlet.lt\/en\/wp-json\/wp\/v2\/media\/11094"}],"wp:attachment":[{"href":"https:\/\/solaroutlet.lt\/en\/wp-json\/wp\/v2\/media?parent=11110"}],"wp:term":[{"taxonomy":"pwb-brand","embeddable":true,"href":"https:\/\/solaroutlet.lt\/en\/wp-json\/wp\/v2\/pwb-brand?post=11110"},{"taxonomy":"gamintojas","embeddable":true,"href":"https:\/\/solaroutlet.lt\/en\/wp-json\/wp\/v2\/gamintojas?post=11110"},{"taxonomy":"product_brand","embeddable":true,"href":"https:\/\/solaroutlet.lt\/en\/wp-json\/wp\/v2\/product_brand?post=11110"},{"taxonomy":"product_cat","embeddable":true,"href":"https:\/\/solaroutlet.lt\/en\/wp-json\/wp\/v2\/product_cat?post=11110"},{"taxonomy":"product_tag","embeddable":true,"href":"https:\/\/solaroutlet.lt\/en\/wp-json\/wp\/v2\/product_tag?post=11110"}],"curies":[{"name":"wp","href":"https:\/\/api.w.org\/{rel}","templated":true}]}}