{"id":11113,"date":"2026-03-23T12:12:45","date_gmt":"2026-03-23T09:12:45","guid":{"rendered":"https:\/\/solaroutlet.lt\/?post_type=product&#038;p=11113"},"modified":"2026-03-23T12:12:46","modified_gmt":"2026-03-23T09:12:46","slug":"nexblue-zen-smart-meter-ismanus-apkrovos-valdymo-irenginys","status":"publish","type":"product","link":"https:\/\/solaroutlet.lt\/en\/produktas\/nexblue-zen-smart-meter-ismanus-apkrovos-valdymo-irenginys\/","title":{"rendered":"NexBlue Zen (Smart Meter) i\u0161manus apkrovos valdymo \u012frenginys"},"content":{"rendered":"<p><strong>NexBlue Zen (Smart Meter) &#8211; tai kompakti\u0161kas ir i\u0161manus apkrovos valdymo \u012frenginys, skirtas optimizuoti elektromobili\u0173 \u012fkrovim\u0105 naudojant i\u0161maniojo elektros skaitiklio duomenis.<\/strong> Prietaisas yra lengvai integruojamas \u012f esam\u0105 infrastrukt\u016br\u0105 ir leid\u017eia efektyviai valdyti energijos paskirstym\u0105, u\u017etikrinant saug\u0173 bei stabil\u0173 elektromobilio \u012fkrovim\u0105 be tinklo perkrov\u0173.<\/p>\n<p>Sprendimas veikia nuskaitydamas realaus laiko duomenis i\u0161 i\u0161maniojo skaitiklio per HAN\/P1 jungt\u012f ir pagal tai dinami\u0161kai reguliuoja \u012fkrovimo gali\u0105. \u0160is apkrovos valdymo \u012frenginys leid\u017eia <strong>maksimaliai i\u0161naudoti turim\u0105 elektros gali\u0105<\/strong>, nevir\u0161ijant \u012fvado rib\u0173, ir u\u017etikrina skland\u0173 elektromobilio \u012fkrovim\u0105 net esant kintan\u010diam energijos suvartojimui namuose ar objekte.<\/p>\n<p>NexBlue Zen i\u0161siskiria savo pla\u010diu suderinamumu \u2013 veikia su visais i\u0161maniaisiais skaitikliais, kurie turi HAN\/P1 jungt\u012f. Tai leid\u017eia greitai ir paprastai integruoti \u012frengin\u012f \u012f \u012fvairias elektros sistemas.<\/p>\n<p>\u012erenginys naudoja pa\u017eangias ry\u0161io technologijas (Nexus RF, Wi-Fi, ir Bluetooth) tad gali tiesiogiai komunikuoti su NexBlue \u012fkrovimo stotel\u0117mis. Net ir dingus interneto ry\u0161iui, \u012frenginys veikia naudodamas Nexus RF, kuris u\u017etikrina patikim\u0105 lokal\u0173 veikim\u0105 ir nenutr\u016bkstam\u0105 dinamin\u012f galios balansavim\u0105.<\/p>\n<p>Montavimas yra itin paprastas d\u0117l <strong>\u201eplug-and-play\u201c<\/strong> principo ir magnetinio tvirtinimo. \u012erenginys yra \u012fdiegiamas greitai ir be sud\u0117ting\u0173 instaliacijos darb\u0173. NexBlue Zen nereikalauja papildomo maitinimo \u0161altinio ar sud\u0117tingos konfig\u016bracijos, tod\u0117l yra puikus pasirinkimas tiek nam\u0173 naudotojams, tiek ma\u017eesniems verslo objektams.<\/p>\n<p>\u0160is i\u0161manus apkrovos valdymo \u012frenginys veikia automati\u0161kai ir nereikalauja nuolatin\u0117s prie\u017ei\u016bros ar vartotojo s\u0105sajos, ta\u010diau vis tiek u\u017etikrina nuolatin\u012f energijos sraut\u0173 optimizavim\u0105. Tai leid\u017eia ne tik saugiai krauti elektromobil\u012f, bet ir efektyviau i\u0161naudoti turim\u0105 elektros gali\u0105 bei suma\u017einti energijos s\u0105naudas.<\/p>\n<p>Technin\u0117s specifikacijos:<\/p>\n<ul>\n<li>Matmenys: 64 x 61 x 26 mm.<\/li>\n<li>Svoris: 57 g.<\/li>\n<li>Galia: 0,1 \u2013 1,7 W.<\/li>\n<li>Maitinimas: 3,8 \u2013 38 V DC.<\/li>\n<li>Ry\u0161iai: Wi-Fi (2.4 GHz), Bluetooth 4.2, Nexus RF.<\/li>\n<li>Apsaugos klas\u0117: IP30.<\/li>\n<li>Darbin\u0117 temperat\u016bra: -25\u00b0C iki +50\u00b0C.<\/li>\n<\/ul>\n<p><a href=\"https:\/\/solaroutlet.lt\/wp-content\/uploads\/2026\/03\/EU_Product_Sheet_NexBlue_Zen_Smart_Meter.pdf\" target=\"_blank\" rel=\"noopener\">\u27a1\ufe0fTechnin\u0117s specifikacijos \u010dia<\/a><\/p>\n","protected":false},"excerpt":{"rendered":"<ul>\n<li>U\u017etikrina saug\u0173 elektromobili\u0173 \u012fkrovim\u0105 be tinklo perkrov\u0173.<\/li>\n<li>Dinaminis galios balansavimas realiu laiku.<\/li>\n<li>Suderinamas su dauguma i\u0161mani\u0173j\u0173 skaitikli\u0173.<\/li>\n<li>Veikia net be interneto ry\u0161io (Nexus RF).<\/li>\n<li>Itin paprastas \u201eplug-and-play\u201c montavimas.<\/li>\n<li>Kompakti\u0161kas ir nereikalaujantis prie\u017ei\u016bros sprendimas.<\/li>\n<li>Padeda efektyviau i\u0161naudoti turim\u0105 elektros gali\u0105.<\/li>\n<\/ul>\n","protected":false},"featured_media":11116,"comment_status":"open","ping_status":"closed","template":"","meta":{"_acf_changed":false,"om_disable_all_campaigns":false,"_uf_show_specific_survey":0,"_uf_disable_surveys":false},"pwb-brand":[416],"gamintojas":[415],"product_brand":[],"product_cat":[117],"product_tag":[],"class_list":{"0":"post-11113","1":"product","2":"type-product","3":"status-publish","4":"has-post-thumbnail","6":"pwb-brand-nexblue","7":"gamintojas-nexblue","8":"product_cat-ikrovimo-stoteliu-priedai","9":"product_shipping_class-c-pristatymo-klase","11":"first","12":"instock","13":"taxable","14":"shipping-taxable","15":"purchasable","16":"product-type-simple"},"acf":[],"aioseo_notices":[],"brands":[{"id":416,"name":"NexBlue","slug":"nexblue"}],"_links":{"self":[{"href":"https:\/\/solaroutlet.lt\/en\/wp-json\/wp\/v2\/product\/11113","targetHints":{"allow":["GET"]}}],"collection":[{"href":"https:\/\/solaroutlet.lt\/en\/wp-json\/wp\/v2\/product"}],"about":[{"href":"https:\/\/solaroutlet.lt\/en\/wp-json\/wp\/v2\/types\/product"}],"replies":[{"embeddable":true,"href":"https:\/\/solaroutlet.lt\/en\/wp-json\/wp\/v2\/comments?post=11113"}],"wp:featuredmedia":[{"embeddable":true,"href":"https:\/\/solaroutlet.lt\/en\/wp-json\/wp\/v2\/media\/11116"}],"wp:attachment":[{"href":"https:\/\/solaroutlet.lt\/en\/wp-json\/wp\/v2\/media?parent=11113"}],"wp:term":[{"taxonomy":"pwb-brand","embeddable":true,"href":"https:\/\/solaroutlet.lt\/en\/wp-json\/wp\/v2\/pwb-brand?post=11113"},{"taxonomy":"gamintojas","embeddable":true,"href":"https:\/\/solaroutlet.lt\/en\/wp-json\/wp\/v2\/gamintojas?post=11113"},{"taxonomy":"product_brand","embeddable":true,"href":"https:\/\/solaroutlet.lt\/en\/wp-json\/wp\/v2\/product_brand?post=11113"},{"taxonomy":"product_cat","embeddable":true,"href":"https:\/\/solaroutlet.lt\/en\/wp-json\/wp\/v2\/product_cat?post=11113"},{"taxonomy":"product_tag","embeddable":true,"href":"https:\/\/solaroutlet.lt\/en\/wp-json\/wp\/v2\/product_tag?post=11113"}],"curies":[{"name":"wp","href":"https:\/\/api.w.org\/{rel}","templated":true}]}}