{"id":11171,"date":"2026-04-08T13:01:36","date_gmt":"2026-04-08T10:01:36","guid":{"rendered":"https:\/\/solaroutlet.lt\/?post_type=product&#038;p=11171"},"modified":"2026-04-08T13:01:36","modified_gmt":"2026-04-08T10:01:36","slug":"nexblue-3-in-1-ct-spaustukai-saules-sistemai-t10","status":"publish","type":"product","link":"https:\/\/solaroutlet.lt\/en\/produktas\/nexblue-3-in-1-ct-spaustukai-saules-sistemai-t10\/","title":{"rendered":"NexBlue 3-in-1 CT spaustukai saul\u0117s sistemai T10"},"content":{"rendered":"<p><strong>NexBlue spaustukai saul\u0117s sistemai \u2013 tai kompakti\u0161kas ir patikimas sprendimas elektros srov\u0117s matavimui saul\u0117s energijos sistemose.<\/strong> \u0160ie trys viename (3-in-1) tipo srov\u0117s transformatori\u0173 spaustukai leid\u017eia <strong>vienu \u012frenginiu steb\u0117ti kelis energijos srautus<\/strong>, tad yra itin prakti\u0161ki tiek buitiniam, tiek komerciniam naudojimui. Spaustukai yra lengvai ir greitai suporuojami su NexBlue Zen srov\u0117s jutikliu, tad galima tiksliai matuoti energij\u0105 ir efektyviai naudoti saul\u0117s generuojam\u0105 elektros energij\u0105 \u012fkrovimui. D\u0117l savo nedideli\u0173 matmen\u0173 ir svorio, spaustukai yra<strong> lengvai montuojami net ribotoje erdv\u0117je<\/strong>, o paprastas \u012fdiegimas u\u017etikrina greit\u0105 paleidim\u0105. Naudojant kartu su saul\u0117s elektrine, galima \u012fkrauti \u012frenginius naudojant perteklin\u0119 saul\u0117s energij\u0105, taip maksimaliai padidinant sistemos efektyvum\u0105 ir suma\u017einant elektros s\u0105naudas.<\/p>\n<p>Technin\u0117s specifikacijos:<\/p>\n<ul>\n<li>Svoris: 60 g.<\/li>\n<li>Gylis: 27 mm.<\/li>\n<li>Plotis: 60 mm.<\/li>\n<li>Auk\u0161tis: 60 mm.<\/li>\n<\/ul>\n","protected":false},"excerpt":{"rendered":"<p><strong>NexBlue spaustukai saul\u0117s sistemai \u2013 tai kompakti\u0161kas ir patikimas sprendimas elektros srov\u0117s matavimui saul\u0117s energijos sistemose.<\/strong> \u0160ie trys viename (3-in-1) tipo srov\u0117s transformatori\u0173 spaustukai leid\u017eia <strong>vienu \u012frenginiu steb\u0117ti kelis energijos srautus<\/strong>, tad yra itin prakti\u0161ki tiek buitiniam, tiek komerciniam naudojimui. Spaustukai yra lengvai ir greitai suporuojami su NexBlue Zen srov\u0117s jutikliu, tad galima tiksliai matuoti energij\u0105 ir efektyviai naudoti saul\u0117s generuojam\u0105 elektros energij\u0105 \u012fkrovimui.<\/p>\n","protected":false},"featured_media":11172,"comment_status":"open","ping_status":"closed","template":"","meta":{"_acf_changed":false,"om_disable_all_campaigns":false,"_uf_show_specific_survey":0,"_uf_disable_surveys":false},"pwb-brand":[416],"gamintojas":[415],"product_brand":[],"product_cat":[117],"product_tag":[],"class_list":{"0":"post-11171","1":"product","2":"type-product","3":"status-publish","4":"has-post-thumbnail","6":"pwb-brand-nexblue","7":"gamintojas-nexblue","8":"product_cat-ikrovimo-stoteliu-priedai","9":"product_shipping_class-b-pristatymo-klase","11":"first","12":"instock","13":"taxable","14":"shipping-taxable","15":"purchasable","16":"product-type-simple"},"acf":[],"aioseo_notices":[],"brands":[{"id":416,"name":"NexBlue","slug":"nexblue"}],"_links":{"self":[{"href":"https:\/\/solaroutlet.lt\/en\/wp-json\/wp\/v2\/product\/11171","targetHints":{"allow":["GET"]}}],"collection":[{"href":"https:\/\/solaroutlet.lt\/en\/wp-json\/wp\/v2\/product"}],"about":[{"href":"https:\/\/solaroutlet.lt\/en\/wp-json\/wp\/v2\/types\/product"}],"replies":[{"embeddable":true,"href":"https:\/\/solaroutlet.lt\/en\/wp-json\/wp\/v2\/comments?post=11171"}],"wp:featuredmedia":[{"embeddable":true,"href":"https:\/\/solaroutlet.lt\/en\/wp-json\/wp\/v2\/media\/11172"}],"wp:attachment":[{"href":"https:\/\/solaroutlet.lt\/en\/wp-json\/wp\/v2\/media?parent=11171"}],"wp:term":[{"taxonomy":"pwb-brand","embeddable":true,"href":"https:\/\/solaroutlet.lt\/en\/wp-json\/wp\/v2\/pwb-brand?post=11171"},{"taxonomy":"gamintojas","embeddable":true,"href":"https:\/\/solaroutlet.lt\/en\/wp-json\/wp\/v2\/gamintojas?post=11171"},{"taxonomy":"product_brand","embeddable":true,"href":"https:\/\/solaroutlet.lt\/en\/wp-json\/wp\/v2\/product_brand?post=11171"},{"taxonomy":"product_cat","embeddable":true,"href":"https:\/\/solaroutlet.lt\/en\/wp-json\/wp\/v2\/product_cat?post=11171"},{"taxonomy":"product_tag","embeddable":true,"href":"https:\/\/solaroutlet.lt\/en\/wp-json\/wp\/v2\/product_tag?post=11171"}],"curies":[{"name":"wp","href":"https:\/\/api.w.org\/{rel}","templated":true}]}}