{"id":11190,"date":"2026-05-07T14:58:44","date_gmt":"2026-05-07T11:58:44","guid":{"rendered":"https:\/\/solaroutlet.lt\/?post_type=product&#038;p=11190"},"modified":"2026-05-07T14:58:45","modified_gmt":"2026-05-07T11:58:45","slug":"mikko-triviete-konteinerio-pastoge-su-pedalu-pilka","status":"publish","type":"product","link":"https:\/\/solaroutlet.lt\/en\/produktas\/mikko-triviete-konteinerio-pastoge-su-pedalu-pilka\/","title":{"rendered":"MIKKO triviet\u0117 konteinerio pastog\u0117 su pedalu, pilka"},"content":{"rendered":"<p><strong>MIKKO triviet\u0117 konteinerio pastog\u0117 su pedalu \u2013 tai prakti\u0161kas, patvarus, ir modernus sprendimas, tinkantis tiek privatiems namams, tiek komercin\u0117ms erdv\u0117ms.<\/strong> Pastog\u0117 ne tik paslepia J\u016bs\u0173 buitini\u0173 atliek\u0173 konteiner\u012f, bet ir <strong>suteikia apsaug\u0105 <\/strong>nuo v\u0117jo, lietaus, ir kit\u0173 nepalanki\u0173 oro s\u0105lyg\u0173. Produkt\u0105 taip pat galima panaudoti kaip nedidel\u012f sand\u0117liuk\u0105 sodo \u012frankiams ar kitiems lauko daiktams.<\/p>\n<p>Patogumas ir pritaikomumas<\/p>\n<p>Pastog\u0117 gali talpinti tris 60, 120 arba 240 litr\u0173 talpos konteinerius. Vienas did\u017eiausi\u0173 \u0161ios pastog\u0117s privalum\u0173 \u2013 <strong>integruotas pedalas<\/strong>, leid\u017eiantis atidaryti pastog\u0117s dang\u010dius be rank\u0173. Tokia funkcija yra itin patogi kasdienyb\u0117je, kai rankos u\u017eimtos mai\u0161ais ar kitais daiktais. Papildomai yra \u012frengtas kabliukas su virvele, kuris padeda automati\u0161kai pakelti konteinerio dangt\u012f jo nelie\u010diant.<\/p>\n<p>Tvirta ir ilgaam\u017e\u0117 konstrukcija<\/p>\n<p>Pastog\u0117 \u00a0yra pagaminta i\u0161 <strong>cinkuotos skardos ir ner\u016bdijan\u010dio plieno<\/strong>, o pavir\u0161ius padengtas milteline danga, kuri i\u0161siskiria atsparumu korozijai, oro s\u0105lygoms, ir mechaniniams pa\u017eeidimams. Tai garantuoja, kad konstrukcija <strong>i\u0161laikys savo funkcionalum\u0105<\/strong> ir estetin\u0119 i\u0161vaizd\u0105 daugel\u012f met\u0173 be papildomos prie\u017ei\u016bros. Dvigubos durys su rankenomis ir magnetais suteikia patog\u0173 pri\u0117jim\u0105 prie konteinerio kai j\u012f reikia i\u0161tu\u0161tinti ar ap\u017ei\u016br\u0117ti.<\/p>\n<p>Pagrindiniai privalumai:<\/p>\n<ul>\n<li>Tinka trims konteineriams iki 240 litr\u0173 (60 L. 120 K, 240 L).<\/li>\n<li>Dvigubos durys su magnetais patogiam atidarymui ir u\u017edarymui.<\/li>\n<li>Integruotas pedalas patogesniam atidarymui be rank\u0173.<\/li>\n<li>Atsparumas oro s\u0105lygoms ir ilgas tarnavimo laikas.<\/li>\n<li>Modernus ir tvarkingas dizainas.<\/li>\n<\/ul>\n<p>Technin\u0117s specifikacijos:<\/p>\n<ul>\n<li>Matmenys: 189,5 x 80 x 116 cm.<\/li>\n<li>Med\u017eiaga: cinkuota skarda, ner\u016bdijantis plienas.<\/li>\n<li>Storis: 0,8 mm.<\/li>\n<li>Pavir\u0161ius: miltelin\u0117 danga.<\/li>\n<li>Svoris: 75 kg.<\/li>\n<\/ul>\n<p>* <em>Tiksli spalva gali ne\u017eymiai skirtis nuo pateiktos nuotraukose.<\/em><\/p>\n","protected":false},"excerpt":{"rendered":"<ul>\n<li>Tinka trims konteineriams iki 240 litr\u0173 (60 L. 120 K, 240 L).<\/li>\n<li>Dvigubos durys su magnetais patogiam atidarymui ir u\u017edarymui.<\/li>\n<li>Integruotas pedalas patogesniam atidarymui be rank\u0173.<\/li>\n<li>Atsparumas oro s\u0105lygoms ir ilgas tarnavimo laikas.<\/li>\n<li>Modernus ir tvarkingas dizainas.<\/li>\n<\/ul>\n","protected":false},"featured_media":11200,"comment_status":"open","ping_status":"closed","template":"","meta":{"_acf_changed":false,"om_disable_all_campaigns":false,"_uf_show_specific_survey":0,"_uf_disable_surveys":false},"pwb-brand":[406],"gamintojas":[407],"product_brand":[],"product_cat":[405],"product_tag":[],"class_list":{"0":"post-11190","1":"product","2":"type-product","3":"status-publish","4":"has-post-thumbnail","6":"pwb-brand-mikko","7":"gamintojas-mikko","8":"product_cat-sodo-prekes","9":"product_shipping_class-e-pristatymo-klase","11":"first","12":"instock","13":"taxable","14":"shipping-taxable","15":"purchasable","16":"product-type-simple"},"acf":[],"aioseo_notices":[],"brands":[{"id":406,"name":"MIKKO","slug":"mikko"}],"_links":{"self":[{"href":"https:\/\/solaroutlet.lt\/en\/wp-json\/wp\/v2\/product\/11190","targetHints":{"allow":["GET"]}}],"collection":[{"href":"https:\/\/solaroutlet.lt\/en\/wp-json\/wp\/v2\/product"}],"about":[{"href":"https:\/\/solaroutlet.lt\/en\/wp-json\/wp\/v2\/types\/product"}],"replies":[{"embeddable":true,"href":"https:\/\/solaroutlet.lt\/en\/wp-json\/wp\/v2\/comments?post=11190"}],"wp:featuredmedia":[{"embeddable":true,"href":"https:\/\/solaroutlet.lt\/en\/wp-json\/wp\/v2\/media\/11200"}],"wp:attachment":[{"href":"https:\/\/solaroutlet.lt\/en\/wp-json\/wp\/v2\/media?parent=11190"}],"wp:term":[{"taxonomy":"pwb-brand","embeddable":true,"href":"https:\/\/solaroutlet.lt\/en\/wp-json\/wp\/v2\/pwb-brand?post=11190"},{"taxonomy":"gamintojas","embeddable":true,"href":"https:\/\/solaroutlet.lt\/en\/wp-json\/wp\/v2\/gamintojas?post=11190"},{"taxonomy":"product_brand","embeddable":true,"href":"https:\/\/solaroutlet.lt\/en\/wp-json\/wp\/v2\/product_brand?post=11190"},{"taxonomy":"product_cat","embeddable":true,"href":"https:\/\/solaroutlet.lt\/en\/wp-json\/wp\/v2\/product_cat?post=11190"},{"taxonomy":"product_tag","embeddable":true,"href":"https:\/\/solaroutlet.lt\/en\/wp-json\/wp\/v2\/product_tag?post=11190"}],"curies":[{"name":"wp","href":"https:\/\/api.w.org\/{rel}","templated":true}]}}