{"id":11250,"date":"2026-04-13T16:13:22","date_gmt":"2026-04-13T13:13:22","guid":{"rendered":"https:\/\/solaroutlet.lt\/?post_type=product&#038;p=11250"},"modified":"2026-04-13T16:13:23","modified_gmt":"2026-04-13T13:13:23","slug":"5-kw-saules-elektrines-iranga-11-kwh-energijos-kaupiklis-solis-dyness-trina-2","status":"publish","type":"product","link":"https:\/\/solaroutlet.lt\/en\/produktas\/5-kw-saules-elektrines-iranga-11-kwh-energijos-kaupiklis-solis-dyness-trina-2\/","title":{"rendered":"5 kW saul\u0117s elektrin\u0117s \u012franga + 11 kWh energijos kaupiklis Solis, Dyness, Trina. Trapecin\u0117s skardos stogui"},"content":{"rendered":"<p><strong>Hibridinis inverteris \u2013 S6-EH3P10K-H-EU, 10 kW RHI \u2013 ilgaam\u017ei\u0161ka ir efektyvi energijos valdymo sistema.<\/strong><\/p>\n<p>\u0160is\u00a0<strong>naujos kartos<\/strong>,\u00a0<strong>trifazis<\/strong>\u00a0hibridinis inverteris yra specialiai sukurtas energijos nepriklausomybei u\u017etikrinti. Jis suteikia galimyb\u0119 kaupti ir konvertuoti saul\u0117s energij\u0105, kuri gali b\u016bti naudojama piko metu arba nutr\u016bkus elektros tiekimui. Tokio tipo prietaisas taip pat gali b\u016bti naudojamas individualiuose namuose ir nedideliuose objektuose, kuriuose svarbus energijos kaupimas ir atsarginis maitinimas.<\/p>\n<p>Solis \u012frenginys ypa\u010d tinka tiems, kurie ie\u0161ko\u00a0<strong>ilgalaikio<\/strong>\u00a0ir\u00a0<strong>patikimo<\/strong>\u00a0sprendimo, kadangi inverteris yra sukurtas naudojant moderniausias technologijas, auk\u0161t\u0105 na\u0161um\u0105, ir i\u0161man\u0173j\u012f energijos valdym\u0105.<\/p>\n<p>Vienas i\u0161 did\u017eiausi\u0173 privalum\u0173, kod\u0117l \u0161is inverteris yra geras pasirinkimas \u2013 tai kad jis leid\u017eia dirbti tiek su elektros energija, tiek su baterijomis. Saul\u0117s pagaminta elektros energija gali b\u016bti panaudota i\u0161 karto arba gali b\u016bti kaupiama akumuliatoriuose. Jei atsiranda elektros tiekimo trikd\u017ei\u0173, hibridinis inverteris\u00a0<strong>automati\u0161kai persijungia \u012f baterij\u0173 r\u0117\u017eim\u0105<\/strong>, kuris u\u017etikrina nepertraukiam\u0105 elektros tiekim\u0105, taip suteikiant vartotojui auk\u0161t\u0105 energetinio savaranki\u0161kumo lyg\u012f.<\/p>\n<p>Solis produktas yra pa\u017eangios technologijos, tad yra \u012fmanoma\u00a0<strong>pasiekti itin auk\u0161t\u0105 efektyvum\u0105<\/strong>, siekiant\u012f 97,5%. \u0160i technologija leid\u017eia vartotojams maksimaliai i\u0161naudoti j\u0173 saul\u0117s energijos potencial\u0105, taip ma\u017einant elektros s\u0105naudas. Hibridinis inverteris yra puikus sprendimas gyvenam\u0173j\u0173 nam\u0173 ir nedideli\u0173 elektrini\u0173 sistemoms d\u0117l efektyvaus baterij\u0173 palaikymo.<\/p>\n<p>Hibridinis inverteris taip pat yra sukurtas atsi\u017evelgiant \u012f\u00a0<strong>\u0161iuolaikines technologijas<\/strong>\u00a0\u2013 jis turi integruot\u0105 Wi-fi modul\u012f, kuris leid\u017eia gyvau sekti vis\u0105 saul\u0117s elektrin\u0117s darb\u0105 nuotoliniu b\u016bdu.<\/p>\n<p>\u012erenginys gali b\u016bti montuojamas tiek viduje, tiek lauko s\u0105lygomis d\u0117l savo<strong>\u00a0IP65<\/strong>\u00a0apsaugos klas\u0117s, kuri inverter\u012f padaro atspariu dulk\u0117ms ir dr\u0117gmei. Jo tvirta konstrukcija u\u017etikrina ilgalaik\u012f ir stabil\u0173 veikim\u0105, visose klimato s\u0105lygose.<\/p>\n<p>Kod\u0117l Solis S6-EH3P10K-H yra geras pasirinkimas?<\/p>\n<ul>\n<li>Garantuoja patikim\u0105 atsargin\u012f maitinim\u0105 ir efektyv\u0173 energijos kaupim\u0105.<\/li>\n<li>Integruota UPS funkcija u\u017etikrina greit\u0105 perjungim\u0105 \u012f baterij\u0173 r\u0117\u017eim\u0105, jog net trumpalaikiai elektros dingimai nepaveikt\u0173 \u012fprastos veiklos.<\/li>\n<li>Efektyviai i\u0161naudojant saul\u0117s energija \u2013 ma\u017eesn\u0117s s\u0105skaitos u\u017e elektr\u0105<\/li>\n<\/ul>\n<p>Techniniai duomenys:<\/p>\n<ul>\n<li>Efektyvumas 97,5 %.<\/li>\n<li>Tipas \u2013 trifazis inverteris.<\/li>\n<li>Galia \u2013 10 kW.<\/li>\n<li>Integruota apsauga nuo vir\u0161\u012ftampi\u0173.<\/li>\n<li>Nuotolinio steb\u0117jimo galimyb\u0117.<\/li>\n<li>10 met\u0173 garantija.<\/li>\n<li>I\u0161matavimai 600 x 500 x 230 mm.<\/li>\n<li>Svoris 30,2 kg.<\/li>\n<li>IP66 apsaugos klas\u0117.<\/li>\n<li>Rekomenduojama max., PV galia \u2013 20,000 Wp.<\/li>\n<\/ul>\n<p>&nbsp;<\/p>\n<p><strong>TECHNINIAI DUOMENYS ATSISIUNTIMUI:<\/strong><\/p>\n<p><strong><a href=\"https:\/\/solaroutlet.lt\/wp-content\/uploads\/2025\/03\/Solis_datasheet_S6-EH3P3-10K-H-EU_Global_V34_202411.pdf\">\u27a1\ufe0fTechnin\u0117s specifikacijos dokumentai.<\/a><\/strong><\/p>\n<p><strong>TrinaSolar VERTEX S+ 455W NEG9R.28 \u2013 tai \u0161iuolaiki\u0161kas, didelio na\u0161umo N-tipo monokristalinis saul\u0117s modulis, kuriame yra sujungiamos pa\u017eangiausios i-TOPCon, didelio tankio ir dvigubo stiklo (stiklas\/stiklas) konstrukcijos technologijos.<\/strong>\u00a0Modulis sukurtas taip, kad maksimali energijos gamyba b\u016bt\u0173 garantuota. Taip pat yra u\u017etikrintas prietaiso\u00a0<strong>ilgaam\u017ei\u0161kumas<\/strong>\u00a0ir\u00a0<strong>patikimumas<\/strong>\u00a0\u012fvairiomis klimato s\u0105lygomis \u2013 nuo dr\u0117gn\u0173 zon\u0173 iki \u0161alt\u0173 ar dulk\u0117t\u0173 vietovi\u0173.<\/p>\n<p>\u0160is saul\u0117s modulis yra\u00a0<strong>kompakti\u0161ko dyd\u017eio<\/strong>, visgi pasi\u017eymi itin didele galia \u2013\u00a0<strong>iki 455 W<\/strong>. 22,8% efektyvumas leid\u017eia i\u0161 nedidelio ploto i\u0161gauti \u017eymiai daugiau energijos. Tai pasiekiama d\u0117l modernios didelio tankio sujungimo technologijos ir multi-busbar (MBB) architekt\u016bros, kuri gerina \u0161viesos sug\u0117rima, ma\u017eina elektrin\u0119 var\u017e\u0105 ir didina modulio patikimum\u0105. D\u0117l auk\u0161tesnio galios koeficiento montuotojai gali suma\u017einti visos sistemos sumontavimo ka\u0161tus \u2013 reikia ma\u017eiau moduli\u0173, kabeli\u0173, ir laikikli\u0173 tam pa\u010diam galingumui pasiekti.<\/p>\n<p>Vienas svarbiausi\u0173 \u0161io prietaiso privalum\u0173 \u2013\u00a0<strong>dvigubo stiklo strukt\u016bra<\/strong>, kuri yra \u017eenkliau atsparesn\u0117 dr\u0117gmei, UV spinduliams, \u012fbr\u0117\u017eimams bei mikro\u012ftr\u016bkimams. Tokia konstrukcija idealiai tinka \u012fvairaus klimato zonoms. Modulis taip pat pasi\u017eymi puikiu atsparumu drusk\u0173 korozijai, sm\u0117lio ir dulki\u0173 erozijai, bei at\u0161iaurioms oro s\u0105lygoms.<\/p>\n<p>Prietaiso N-tipo technologija garantuoja itin ma\u017e\u0105 degradacij\u0105: tik 1% per pirmus metus ir vos 0,4% kasmet v\u0117lesniais metais. D\u0117l to yra u\u017etikrinamas<strong>\u00a0i\u0161skirtinis stabilumas<\/strong>\u00a0per vis\u0105 prietaiso tarnavimo laik\u0105. Gamintojas taip pat garantuoja, kad po de\u0161imtme\u010dio prietaisas veiks ne ma\u017eiau nei 87,4% pradin\u0117s galios.<\/p>\n<p>Saul\u0117s modulis sukurtas taip, kad b\u016bt\u0173<strong>\u00a0lengvai integruojamas<\/strong>\u00a0\u012f \u012fvairias stogo konstrukcijas. Modulio dydis, svoris, ir standartiniai montavimo ta\u0161kai garantuoja suderinamum\u0105 su daugumas populiari\u0173 inverteri\u0173 bei tvirtinimo sistem\u0173. Modulis ypa\u010d gerai tinka projektuose, kur svarbus nedidelis stogo apkrovimas, nes dvigubo stiklo konstrukcija nepadaro jo \u017eenkliai sunkesnio u\u017e tradicinius modulius su pl\u0117vele.<\/p>\n<p>Technin\u0117s savyb\u0117s:<\/p>\n<ul>\n<li>N-tipo monokristalinis modulis.<\/li>\n<li>Konstrukcija: stiklas\/stiklas.<\/li>\n<li>Nominali galia: 455 W.<\/li>\n<li>Efektyvumas: 22,8%.<\/li>\n<li>Didelio tankio technologija \u2013 daugiau galios ma\u017eame plote.<\/li>\n<li>Matmenys: 1762 x 1134 x 30 mm.<\/li>\n<li>Svoris: 21,8 kg.<\/li>\n<li>Suteikiama 30 met\u0173 efektyvumo garantija, kuri garantuoja, kad po 30 met\u0173 modulis dirbs ne ma\u017eesniu kaip 87,4% efektyvumu.<\/li>\n<li>Atsparus drusk\u0173 korozijai, sm\u0117liui, UV, dr\u0117gmei<\/li>\n<\/ul>\n<p><strong>TECHNINIAI DUOMENYS ATSISIUNTIMUI:<\/strong><\/p>\n<p><strong><a href=\"https:\/\/solaroutlet.lt\/wp-content\/uploads\/2024\/03\/440W-stiklas-stiklas-Datasheet_Vertex-S_NEG9R.28_EN_2024_A_web-NEW.pdf\">\u27a1\ufe0fTechniniai duomenys \u010dia<\/a>;<\/strong><\/p>\n<p><strong>Dyness Tower Pro TP11 \u2013 tai \u0161iuolaiki\u0161ka auk\u0161tos \u012ftampos energijos kaupimo sistema, skirta tiek gyvenamiesiems, tiek komerciniams objektams.<\/strong>\u00a0Kaupiklis yra pagamintas naudojant\u00a0<strong>LiFePO4<\/strong>\u00a0(li\u010di\u0173 gele\u017eies fosfato) technologij\u0105, kuri pasi\u017eymi itin auk\u0161tu saugumo lygiu, ilgaam\u017ei\u0161kumu, ir efektyviu energijos kaupimo ir naudojimu. Li\u010dio gele\u017eies fosfato technologija yra itin stabili, tad\u00a0<strong>saugus veikimas<\/strong>\u00a0yra garantuotas net esant intensyviam naudojimui.<\/p>\n<p>Kaupimo sistema yra\u00a0<strong>sukurta pagal modulin\u012f princip\u0105<\/strong>, tod\u0117l yra lengvai pritaikoma individualiems poreikiams. Viename bloke gali b\u016bti sukomplektuota nuo 2 iki 6 moduli\u0173, pasiekiant 23,04 kWh talp\u0105. \u0160iuo atveju TP11 kaupiklis turi 3 modulius. Esant poreikiui, paraleliai galima sujungti iki 12 toki\u0173 sistem\u0173, taip pasiekiant didel\u0119 bendra talp\u0105 \u2013 iki 276,48 kWh. D\u0117l tokio lankstumo \u0161is Tower Pro sprendimas tinka tiek ma\u017eiems nam\u0173 \u016bkiams, tiek didesniems energetiniams projektams.<\/p>\n<p>Dyness taip pat didel\u012f d\u0117mes\u012f skiria saugumui ir patikimumui \u2013 kaupiklis turi integruot\u0105\u00a0<strong>gaisro gesinimo sistem\u0105<\/strong>, kuri u\u017etikrina greit\u0105 reakcija (per 5 sekundes) ekstremali\u0173 situacij\u0173 metu. Taip pat yra integruota\u00a0<strong>IP55<\/strong>\u00a0apsaugos klas\u0117, d\u0117l kurios baterij\u0105 galima montuoti tiek patalpose, tiek apsaugotose lauko vietose.\u00a0<strong>Papildoma automatin\u0117 savi\u0161ildos funkcija<\/strong>\u00a0taip pat leid\u017eia sistemai veikti itin patikimai net ir \u017eemoje temperat\u016broje, o ilgas tarnavimo laikas \u2013 daugiau nei\u00a0<strong>8000 \u012fkrovimo\/i\u0161krovimo cikl\u0173<\/strong>\u00a0\u2013 garantuoja ilgalaik\u0119 investicijos gr\u0105\u017e\u0105.<\/p>\n<p>Tower Pro kaupiklis i\u0161siskiria savo paprastu ir greitu montavimu \u2013\u00a0<strong>\u201eplug-and-play\u201c<\/strong>\u00a0sprendimas, kuriam nereikia papildomo sud\u0117tingo laid\u0173 jungimo. Sistema yra sujungiama vos per keliolika minu\u010di\u0173, o moduliai automati\u0161kai atpa\u017e\u012fsta vienas kit\u0105. Integruotas\u00a0<strong>BDU<\/strong>\u00a0(Battery Distribution Unit) valdiklis taip pat u\u017etikrina skland\u0173 sistemos darb\u0105, apsaug\u0105, ir komunikacij\u0105 su inverteriais. Kaupiklis taip pat yra suderinamas su \u012fvairi\u0173 inverteri\u0173 gamintojais, o jo veikl\u0105 galima steb\u0117ti per LED indikatorius arba per mobili\u0105j\u0105 program\u0117l\u0119, kurioje galima nuotoliu atlikti atnaujinimus.<\/p>\n<p>Technin\u0117s specifikacijos:<\/p>\n<ul>\n<li>Akumuliatoriaus tipas: LiFePO4.<\/li>\n<li>Moduli\u0173 kiekis: 3.<\/li>\n<li>Nominali talpa: 11,52 kWh.<\/li>\n<li>Naudotina talpa: 10,944 kWh.<\/li>\n<li>Nominali \u012ftampa: 288 V.<\/li>\n<li>I\u0161krovimo gylis (DOD): 95%.<\/li>\n<li>\u012ekrovimo temperat\u016bra: nuo 0 \u00b0C iki +55 \u00b0C.<\/li>\n<li>Apsaugos klas\u0117: IP55.<\/li>\n<li>Tarnavimo laikas: daugiau nei 8000 cikl\u0173.<\/li>\n<li>Matmenys: 587 x 310 x 1009 mm.<\/li>\n<li>Svoris: 150 kg.<\/li>\n<\/ul>\n<p><strong><a href=\"https:\/\/solaroutlet.lt\/wp-content\/uploads\/2026\/03\/DynessTowerProdatasheet20250227EN.pdf\" target=\"_blank\" rel=\"noopener\">\u27a1\ufe0fTechnin\u0117s specifikacijos \u010dia<\/a><\/strong><\/p>\n","protected":false},"excerpt":{"rendered":"<p><strong>5,46 kW hibridin\u0117s saul\u0117s elektrin\u0117s \u012frangos komplektas \u012f kur\u012f \u012feina:<\/strong><\/p>\n<ul>\n<li>Hibridinis inverteris Solis S6-EH3P10K-H-EU, 10 kW &#8211; 1 vnt.<\/li>\n<li>Smartmeter skaitiklis &#8211; 1 vnt.<\/li>\n<li>Trina TSM-NEG9R.28 \u00a0455W, Stiklas\/Stiklas &#8211; 12 vnt.<\/li>\n<li>Banguot\u0173 lak\u0161t\u0173 ir \u0161iferio stogui skirta tvirtinimo konstrukcija, 10 met\u0173 garantija &#8211; 1 kompl.<\/li>\n<\/ul>\n<p><strong>11,52 kWh elektros energijos kaupiklio komplektas \u012f kur\u012f \u012feina:<\/strong><\/p>\n<ul>\n<li>Dyness Tower PRO baterijos valdiklis &#8211; 1 vnt.<\/li>\n<li>Dyness Tower PRO modulis 3,84 kWh &#8211; 3 vnt.<\/li>\n<\/ul>\n","protected":false},"featured_media":11251,"comment_status":"open","ping_status":"closed","template":"","meta":{"_acf_changed":false,"om_disable_all_campaigns":false,"_uf_show_specific_survey":0,"_uf_disable_surveys":false},"pwb-brand":[285,204,248],"gamintojas":[286,165,94],"product_brand":[],"product_cat":[287,291],"product_tag":[],"class_list":{"0":"post-11250","1":"product","2":"type-product","3":"status-publish","4":"has-post-thumbnail","6":"pwb-brand-dyness","7":"pwb-brand-solis","8":"pwb-brand-trinasolar","9":"gamintojas-dyness","10":"gamintojas-solis","11":"gamintojas-trinasolar","12":"product_cat-saules-elektriniu-komplektai","13":"product_cat-saules-elektriniu-komplektai-ramus","14":"product_shipping_class-h-pristatymo-klase","16":"first","17":"instock","18":"sale","19":"taxable","20":"shipping-taxable","21":"purchasable","22":"product-type-simple"},"acf":[],"aioseo_notices":[],"brands":[{"id":285,"name":"Dyness","slug":"dyness"},{"id":204,"name":"Solis","slug":"solis"},{"id":248,"name":"TrinaSolar","slug":"trinasolar"}],"_links":{"self":[{"href":"https:\/\/solaroutlet.lt\/en\/wp-json\/wp\/v2\/product\/11250","targetHints":{"allow":["GET"]}}],"collection":[{"href":"https:\/\/solaroutlet.lt\/en\/wp-json\/wp\/v2\/product"}],"about":[{"href":"https:\/\/solaroutlet.lt\/en\/wp-json\/wp\/v2\/types\/product"}],"replies":[{"embeddable":true,"href":"https:\/\/solaroutlet.lt\/en\/wp-json\/wp\/v2\/comments?post=11250"}],"wp:featuredmedia":[{"embeddable":true,"href":"https:\/\/solaroutlet.lt\/en\/wp-json\/wp\/v2\/media\/11251"}],"wp:attachment":[{"href":"https:\/\/solaroutlet.lt\/en\/wp-json\/wp\/v2\/media?parent=11250"}],"wp:term":[{"taxonomy":"pwb-brand","embeddable":true,"href":"https:\/\/solaroutlet.lt\/en\/wp-json\/wp\/v2\/pwb-brand?post=11250"},{"taxonomy":"gamintojas","embeddable":true,"href":"https:\/\/solaroutlet.lt\/en\/wp-json\/wp\/v2\/gamintojas?post=11250"},{"taxonomy":"product_brand","embeddable":true,"href":"https:\/\/solaroutlet.lt\/en\/wp-json\/wp\/v2\/product_brand?post=11250"},{"taxonomy":"product_cat","embeddable":true,"href":"https:\/\/solaroutlet.lt\/en\/wp-json\/wp\/v2\/product_cat?post=11250"},{"taxonomy":"product_tag","embeddable":true,"href":"https:\/\/solaroutlet.lt\/en\/wp-json\/wp\/v2\/product_tag?post=11250"}],"curies":[{"name":"wp","href":"https:\/\/api.w.org\/{rel}","templated":true}]}}