{"id":11311,"date":"2026-05-05T13:51:10","date_gmt":"2026-05-05T10:51:10","guid":{"rendered":"https:\/\/solaroutlet.lt\/?post_type=product&#038;p=11311"},"modified":"2026-05-05T13:51:11","modified_gmt":"2026-05-05T10:51:11","slug":"foxess-inverteris-t5-g3-gd470-5-kw","status":"publish","type":"product","link":"https:\/\/solaroutlet.lt\/en\/produktas\/foxess-inverteris-t5-g3-gd470-5-kw\/","title":{"rendered":"FoxESS inverteris T5-G3-GD470, 5 kW"},"content":{"rendered":"<p><strong>FOXESS T5-G3-GD470 \u2013 tai pa\u017eangus, 5 kW\u00a0 trifazis saul\u0117s inverteris, skirtas gyvenam\u0173j\u0173 nam\u0173 saul\u0117s elektrini\u0173 sistemoms.<\/strong> \u0160is inverterio modelis priklauso naujausios G3 kartos T serijai, kuri pasi\u017eymi itin <strong>dideliu na\u0161umu<\/strong>, <strong>lankstumu<\/strong>, ir <strong>patikimumu<\/strong>. \u012erenginys u\u017etikrina maksimal\u0173 pagamintos energijos panaudojim\u0105, ma\u017eus energijos nuostolius, ir didesn\u012f bendr\u0105 sistemos na\u0161um\u0105 d\u0117l <strong>98,6%<\/strong> efektyvumo.<\/p>\n<p>\u0160is FoxESS \u012frenginys turi <strong>du MPPT<\/strong> sekimo kanalus, kurie leid\u017eia optimaliai i\u0161naudoti saul\u0117s modulius net esant skirtingoms moduli\u0173 orientacijoms ar daliniam \u0161e\u0161\u0117liavimui. Platus MPPT \u012ftampos diapazonas suteikia daugiau lankstumo projektuojant vis\u0105 sistem\u0105, o \u017eema paleidimo \u012ftampa leid\u017eia inverteriui prad\u0117ti veikti anks\u010diau ryte ir veikti ilgiau vakare. \u012erenginyje taip pat yra integruotas Wi-Fi ry\u0161ys, kuris leid\u017eia realiu laiku steb\u0117ti sistemos darb\u0105 per i\u0161man\u0173j\u012f telefon\u0105 ar interneto platform\u0105, tad vartotojas visada gali kontroliuoti bei steb\u0117ti energijos gamyb\u0105.<\/p>\n<p>Inverteris taip pat turi integruot\u0105 <strong>IP65 <\/strong>apsaugos klas\u0119, d\u0117l kurios yra galimyb\u0117 \u012frengin\u012f montuoti tiek viduje, tiek lauke, u\u017etikrinant atsparum\u0105 aplinkos poveikiui. \u012erenginys veikia <strong>itin tyliai<\/strong> (&lt;30dB), tad visi\u0161kai netrukdys kasdien\u0117je aplinkoje. Be to, \u0161is FoxESS modelis pasi\u017eymi ma\u017eu energijos suvartojimu nakties metu ir yra <strong>paruo\u0161tas ateities poreikiams <\/strong>patenkinti.<\/p>\n<p>Papildomam saugumui u\u017etikrinti, \u012frenginyje yra integruotas nuot\u0117kio srov\u0117s steb\u0117jimas, DC poliari\u0161kumo apsauga. Taip pat trumpojo jungimo apsauga bei vir\u0161srov\u0117s ir vir\u0161\u012ftamp\u0117s apsaugos.<\/p>\n<p><strong>Technin\u0117s inverterio specifikacijos: <\/strong><\/p>\n<ul>\n<li>Nominali AC galia: 5000 W.<\/li>\n<li>Maksimali \u012f\u0117jimo (DC) galia: 7500 W.<\/li>\n<li>Nominali DC \u012ftampa: 600 V.<\/li>\n<li>MPPT \u012ftampos diapazonas: 140-1000 V.<\/li>\n<li>Paleidimo \u012ftampa: 140 V.<\/li>\n<li>MPPT kanal\u0173 skai\u010dius: 2<\/li>\n<li>Nominali AC srov\u0117: 7.6 A.<\/li>\n<li>Maksimali AC srov\u0117: 9.0 A.<\/li>\n<li>MPPT efektyvumas: 99,8 %<\/li>\n<li>Europos efektyvumas: 97,8 %<\/li>\n<li>Maksimalus efektyvumas: 98,6 %<\/li>\n<li>Vir\u0161\u012ftampi\u0173 apsauga: DC\/AC Type II<\/li>\n<li>Au\u0161inimas: nat\u016bralus<\/li>\n<li>Apsaugos klas\u0117: IP65<\/li>\n<li>Matmenys: 480 \u00d7 370 \u00d7 184 mm<\/li>\n<li>Svoris: 17 kg<\/li>\n<\/ul>\n<p>\u27a1\ufe0f<a href=\"https:\/\/solaroutlet.lt\/wp-content\/uploads\/2026\/05\/FoxESS-T-series.pdf\" target=\"_blank\" rel=\"noopener\">Techniniai dokumentai atsisiuntimui<\/a><\/p>\n","protected":false},"excerpt":{"rendered":"<p>FOXESS T5-G3-GD470 \u2013 tai trifazis 5 kW saul\u0117s inverteris, skirtas gyvenam\u0173j\u0173 nam\u0173 saul\u0117s elektrini\u0173 sistemoms, pasi\u017eymintis iki 98,6% efektyvumu ir dviem MPPT sekimo kanalais, leid\u017eian\u010diais optimaliai i\u0161naudoti saul\u0117s modulius net esant daliniam \u0161e\u0161\u0117liavimui ar skirtingam moduli\u0173 i\u0161d\u0117stymui. Platus MPPT diapazonas (140-1000 V) ir \u017eema paleidimo \u012ftampa u\u017etikrina ilgesn\u012f energijos generavimo laik\u0105, o integruotas Wi-Fi leid\u017eia patogiai steb\u0117ti sistemos darb\u0105 nuotoliniu b\u016bdu. D\u0117l IP65 apsaugos klas\u0117s, inverteris yra tinkamas montavimui ir lauke. \u012erenginys pasi\u017eymi ma\u017eu naktiniu suvartojimu ir gali b\u016bti integruojamas su FoxESS energijos kaupimo sprendimais, tad yra patikimas ir lankstus sprendimas modernioms saul\u0117s elektrin\u0117ms.<\/p>\n","protected":false},"featured_media":11314,"comment_status":"open","ping_status":"closed","template":"","meta":{"_acf_changed":false,"om_disable_all_campaigns":false,"_uf_show_specific_survey":0,"_uf_disable_surveys":false},"pwb-brand":[412],"gamintojas":[141],"product_brand":[],"product_cat":[97],"product_tag":[],"class_list":{"0":"post-11311","1":"product","2":"type-product","3":"status-publish","4":"has-post-thumbnail","6":"pwb-brand-foxess","7":"gamintojas-foxess","8":"product_cat-sroves-keitikliai-inverters","9":"product_shipping_class-c-pristatymo-klase","10":"pa_galia-5-kw","11":"pa_tipas-tinklo-inverteriai","13":"first","14":"instock","15":"taxable","16":"shipping-taxable","17":"purchasable","18":"product-type-simple"},"acf":[],"aioseo_notices":[],"brands":[{"id":412,"name":"FoxESS","slug":"foxess"}],"_links":{"self":[{"href":"https:\/\/solaroutlet.lt\/en\/wp-json\/wp\/v2\/product\/11311","targetHints":{"allow":["GET"]}}],"collection":[{"href":"https:\/\/solaroutlet.lt\/en\/wp-json\/wp\/v2\/product"}],"about":[{"href":"https:\/\/solaroutlet.lt\/en\/wp-json\/wp\/v2\/types\/product"}],"replies":[{"embeddable":true,"href":"https:\/\/solaroutlet.lt\/en\/wp-json\/wp\/v2\/comments?post=11311"}],"wp:featuredmedia":[{"embeddable":true,"href":"https:\/\/solaroutlet.lt\/en\/wp-json\/wp\/v2\/media\/11314"}],"wp:attachment":[{"href":"https:\/\/solaroutlet.lt\/en\/wp-json\/wp\/v2\/media?parent=11311"}],"wp:term":[{"taxonomy":"pwb-brand","embeddable":true,"href":"https:\/\/solaroutlet.lt\/en\/wp-json\/wp\/v2\/pwb-brand?post=11311"},{"taxonomy":"gamintojas","embeddable":true,"href":"https:\/\/solaroutlet.lt\/en\/wp-json\/wp\/v2\/gamintojas?post=11311"},{"taxonomy":"product_brand","embeddable":true,"href":"https:\/\/solaroutlet.lt\/en\/wp-json\/wp\/v2\/product_brand?post=11311"},{"taxonomy":"product_cat","embeddable":true,"href":"https:\/\/solaroutlet.lt\/en\/wp-json\/wp\/v2\/product_cat?post=11311"},{"taxonomy":"product_tag","embeddable":true,"href":"https:\/\/solaroutlet.lt\/en\/wp-json\/wp\/v2\/product_tag?post=11311"}],"curies":[{"name":"wp","href":"https:\/\/api.w.org\/{rel}","templated":true}]}}