{"id":11337,"date":"2026-05-07T14:59:56","date_gmt":"2026-05-07T11:59:56","guid":{"rendered":"https:\/\/solaroutlet.lt\/?post_type=product&#038;p=11337"},"modified":"2026-05-07T14:59:57","modified_gmt":"2026-05-07T11:59:57","slug":"foxess-energijos-matuoklis-smart-meter-dtsu666-3-faziu","status":"publish","type":"product","link":"https:\/\/solaroutlet.lt\/en\/produktas\/foxess-energijos-matuoklis-smart-meter-dtsu666-3-faziu\/","title":{"rendered":"FoxESS energijos matuoklis (smart meter) DTSU666, 3 fazi\u0173"},"content":{"rendered":"<p><strong>Tai tikslus trifazis energijos matuoklis (smart meter), skirtas saul\u0117s elektrini\u0173 sistem\u0173 steb\u0117jimui ir energijos sraut\u0173 kontrolei.<\/strong> Prietaisas matuoja tiek suvartojim\u0105, tiek \u012f tinkl\u0105 atiduodam\u0105 elektros energij\u0105, tad galima <strong>efektyviai valdyti energijos naudojim\u0105<\/strong> bei maksimaliai i\u0161naudoti saul\u0117s elektrin\u0117s generuojam\u0105 gali\u0105. Energijos matuoklis da\u017eniausiai yra naudojamas kartu su FoxESS inverteriais, garantuojant suderinamum\u0105 ir skland\u0173 duomen\u0173 perdavim\u0105.<\/p>\n<p>Matuoklis palaiko realaus laiko steb\u0117jim\u0105 ir leid\u017eia tiksliai sekti energijos balans\u0105 objekto vietoje. Prietaisas yra kompakti\u0161ko dizaino ir lengvai \u012fmontuojamas elektros skydin\u0117je, o patikimas veikimas garantuoja ilgalaik\u012f stabilum\u0105 tiek gyvenamuosiuose, tiek komerciniuose projektuose.<\/p>\n<p>Technin\u0117s specifikacijos:<\/p>\n<ul>\n<li>Tipas: trifazis energijos matuoklis<\/li>\n<li>Svoris (su kabeliais): 1,5 kg.<\/li>\n<li>Ry\u0161ys: RS485.<\/li>\n<li>Darin\u0117 temperat\u016bra: nuo -25\u00b0C iki +55\u00b0C.<\/li>\n<li>Naudojimas: gyvenamieji ir komerciniai objektai.<\/li>\n<\/ul>\n<p><a href=\"https:\/\/solaroutlet.lt\/wp-content\/uploads\/2026\/05\/EN-Smart-Meter-Datasheet.pdf\" target=\"_blank\" rel=\"noopener\">\u27a1\ufe0fTechniniai dokumentai atsisiuntimui\u00a0<\/a><\/p>\n","protected":false},"excerpt":{"rendered":"<ul>\n<li>Tipas: trifazis energijos matuoklis<\/li>\n<li>Svoris (su kabeliais): 1,5 kg.<\/li>\n<li>Ry\u0161ys: RS485.<\/li>\n<li>Darin\u0117 temperat\u016bra: nuo -25\u00b0C iki +55\u00b0C.<\/li>\n<li>Naudojimas: gyvenamieji ir komerciniai objektai.<\/li>\n<\/ul>\n","protected":false},"featured_media":11338,"comment_status":"open","ping_status":"closed","template":"","meta":{"_acf_changed":false,"om_disable_all_campaigns":false,"_uf_show_specific_survey":0,"_uf_disable_surveys":false},"pwb-brand":[412],"gamintojas":[141],"product_brand":[],"product_cat":[122],"product_tag":[],"class_list":{"0":"post-11337","1":"product","2":"type-product","3":"status-publish","4":"has-post-thumbnail","6":"pwb-brand-foxess","7":"gamintojas-foxess","8":"product_cat-saules-elektriniu-priedai","9":"product_shipping_class-a-pristatymo-klase","11":"first","12":"instock","13":"taxable","14":"shipping-taxable","15":"purchasable","16":"product-type-simple"},"acf":[],"aioseo_notices":[],"brands":[{"id":412,"name":"FoxESS","slug":"foxess"}],"_links":{"self":[{"href":"https:\/\/solaroutlet.lt\/en\/wp-json\/wp\/v2\/product\/11337","targetHints":{"allow":["GET"]}}],"collection":[{"href":"https:\/\/solaroutlet.lt\/en\/wp-json\/wp\/v2\/product"}],"about":[{"href":"https:\/\/solaroutlet.lt\/en\/wp-json\/wp\/v2\/types\/product"}],"replies":[{"embeddable":true,"href":"https:\/\/solaroutlet.lt\/en\/wp-json\/wp\/v2\/comments?post=11337"}],"wp:featuredmedia":[{"embeddable":true,"href":"https:\/\/solaroutlet.lt\/en\/wp-json\/wp\/v2\/media\/11338"}],"wp:attachment":[{"href":"https:\/\/solaroutlet.lt\/en\/wp-json\/wp\/v2\/media?parent=11337"}],"wp:term":[{"taxonomy":"pwb-brand","embeddable":true,"href":"https:\/\/solaroutlet.lt\/en\/wp-json\/wp\/v2\/pwb-brand?post=11337"},{"taxonomy":"gamintojas","embeddable":true,"href":"https:\/\/solaroutlet.lt\/en\/wp-json\/wp\/v2\/gamintojas?post=11337"},{"taxonomy":"product_brand","embeddable":true,"href":"https:\/\/solaroutlet.lt\/en\/wp-json\/wp\/v2\/product_brand?post=11337"},{"taxonomy":"product_cat","embeddable":true,"href":"https:\/\/solaroutlet.lt\/en\/wp-json\/wp\/v2\/product_cat?post=11337"},{"taxonomy":"product_tag","embeddable":true,"href":"https:\/\/solaroutlet.lt\/en\/wp-json\/wp\/v2\/product_tag?post=11337"}],"curies":[{"name":"wp","href":"https:\/\/api.w.org\/{rel}","templated":true}]}}