{"id":11342,"date":"2026-05-07T15:30:00","date_gmt":"2026-05-07T12:30:00","guid":{"rendered":"https:\/\/solaroutlet.lt\/?post_type=product&#038;p=11342"},"modified":"2026-05-07T15:30:00","modified_gmt":"2026-05-07T12:30:00","slug":"foxess-energijos-matuoklis-su-ct-200a-5a-dtsu666-3-faziu","status":"publish","type":"product","link":"https:\/\/solaroutlet.lt\/en\/produktas\/foxess-energijos-matuoklis-su-ct-200a-5a-dtsu666-3-faziu\/","title":{"rendered":"FoxESS energijos matuoklis su CT 200A\/5A DTSU666, 3 fazi\u0173"},"content":{"rendered":"<p><strong>Fox ESS DTSU666 su CT &#8211; tai tikslus trifazis energijos matuoklis (smart meter), matuojantis srov\u0119 su i\u0161oriniais srov\u0117s transformatoriais. Prietaisas skirtas saul\u0117s elektrini\u0173 sistem\u0173 steb\u0117jimui ir energijos sraut\u0173 kontrolei.<\/strong> Prietaisas matuoja tiek suvartojim\u0105, tiek \u012f tinkl\u0105 atiduodam\u0105 elektros energij\u0105, tad galima <strong>efektyviai valdyti energijos naudojim\u0105<\/strong> bei maksimaliai i\u0161naudoti saul\u0117s elektrin\u0117s generuojam\u0105 gali\u0105. Energijos matuoklis da\u017eniausiai yra naudojamas kartu su FoxESS inverteriais, garantuojant suderinamum\u0105 ir skland\u0173 duomen\u0173 perdavim\u0105.<\/p>\n<p>Matuoklis palaiko realaus laiko steb\u0117jim\u0105 ir leid\u017eia tiksliai sekti energijos balans\u0105 objekto vietoje. Prietaisas yra kompakti\u0161ko dizaino ir lengvai \u012fmontuojamas elektros skydin\u0117je su CT transformatoriais, o patikimas veikimas garantuoja ilgalaik\u012f stabilum\u0105 didesn\u0117se saul\u0117s elektrin\u0117se ir komerciniuose objektuose.<\/p>\n<p>Technin\u0117s specifikacijos:<\/p>\n<ul>\n<li>Tipas: trifazis energijos matuoklis<\/li>\n<li>Svoris (su kabeliais): 1,5 kg.<\/li>\n<li>Ry\u0161ys: RS485.<\/li>\n<li>Darin\u0117 temperat\u016bra: nuo -25\u00b0C iki +55\u00b0C.<\/li>\n<\/ul>\n<p><a href=\"https:\/\/solaroutlet.lt\/wp-content\/uploads\/2026\/05\/EN-Smart-Meter-Datasheet.pdf\" target=\"_blank\" rel=\"noopener\">\u27a1\ufe0fTechniniai duomenys atsisiuntimui\u00a0<\/a><\/p>\n","protected":false},"excerpt":{"rendered":"<p>Fox ESS DTSU666 su CT &#8211; tai trifazis energijos matuoklis su srov\u0117s transformatoriais (CT), skirtas didesni\u0173 saul\u0117s elektrini\u0173 ir komercini\u0173 objekt\u0173 energijos sraut\u0173 steb\u0117jimui bei valdymui. \u012erenginys leid\u017eia tiksliai matuoti suvartojim\u0105 ir \u012f tinkl\u0105 perduodam\u0105 energij\u0105 net esant didel\u0117ms apkrovoms, tod\u0117l puikiai tinka galingesn\u0117ms sistemoms.<\/p>\n","protected":false},"featured_media":11338,"comment_status":"open","ping_status":"closed","template":"","meta":{"_acf_changed":false,"om_disable_all_campaigns":false,"_uf_show_specific_survey":0,"_uf_disable_surveys":false},"pwb-brand":[412],"gamintojas":[141],"product_brand":[],"product_cat":[122],"product_tag":[],"class_list":{"0":"post-11342","1":"product","2":"type-product","3":"status-publish","4":"has-post-thumbnail","6":"pwb-brand-foxess","7":"gamintojas-foxess","8":"product_cat-saules-elektriniu-priedai","9":"product_shipping_class-a-pristatymo-klase","11":"first","12":"instock","13":"taxable","14":"shipping-taxable","15":"purchasable","16":"product-type-simple"},"acf":[],"aioseo_notices":[],"brands":[{"id":412,"name":"FoxESS","slug":"foxess"}],"_links":{"self":[{"href":"https:\/\/solaroutlet.lt\/en\/wp-json\/wp\/v2\/product\/11342","targetHints":{"allow":["GET"]}}],"collection":[{"href":"https:\/\/solaroutlet.lt\/en\/wp-json\/wp\/v2\/product"}],"about":[{"href":"https:\/\/solaroutlet.lt\/en\/wp-json\/wp\/v2\/types\/product"}],"replies":[{"embeddable":true,"href":"https:\/\/solaroutlet.lt\/en\/wp-json\/wp\/v2\/comments?post=11342"}],"wp:featuredmedia":[{"embeddable":true,"href":"https:\/\/solaroutlet.lt\/en\/wp-json\/wp\/v2\/media\/11338"}],"wp:attachment":[{"href":"https:\/\/solaroutlet.lt\/en\/wp-json\/wp\/v2\/media?parent=11342"}],"wp:term":[{"taxonomy":"pwb-brand","embeddable":true,"href":"https:\/\/solaroutlet.lt\/en\/wp-json\/wp\/v2\/pwb-brand?post=11342"},{"taxonomy":"gamintojas","embeddable":true,"href":"https:\/\/solaroutlet.lt\/en\/wp-json\/wp\/v2\/gamintojas?post=11342"},{"taxonomy":"product_brand","embeddable":true,"href":"https:\/\/solaroutlet.lt\/en\/wp-json\/wp\/v2\/product_brand?post=11342"},{"taxonomy":"product_cat","embeddable":true,"href":"https:\/\/solaroutlet.lt\/en\/wp-json\/wp\/v2\/product_cat?post=11342"},{"taxonomy":"product_tag","embeddable":true,"href":"https:\/\/solaroutlet.lt\/en\/wp-json\/wp\/v2\/product_tag?post=11342"}],"curies":[{"name":"wp","href":"https:\/\/api.w.org\/{rel}","templated":true}]}}