{"id":4236,"date":"2024-03-14T10:26:38","date_gmt":"2024-03-14T10:26:38","guid":{"rendered":"https:\/\/solaroutlet.lt\/produktas\/huawei-sun2000-20ktl-m2-high-current-inverter\/"},"modified":"2026-03-24T11:44:10","modified_gmt":"2026-03-24T08:44:10","slug":"huawei-sun2000-17ktl-m2-high-current-inverteris","status":"publish","type":"product","link":"https:\/\/solaroutlet.lt\/en\/produktas\/huawei-sun2000-17ktl-m2-high-current-inverteris\/","title":{"rendered":"Huawei SUN2000-17KTL-M2, 17 kW inverteris"},"content":{"rendered":"<p><strong>Huawei SUN2000-17KTL-M2 \u2013 tai profesionalus, auk\u0161tos kokyb\u0117s 17 kW trifazis inverteris.<\/strong> Prietaisas sukurtas komercin\u0117ms ir pramonin\u0117ms saul\u0117s elektrin\u0117ms, kurioms svarbiausia <strong>maksimalus efektyvumas<\/strong>, patikimas ilgalaikis darbas, bei i\u0161manus energijos valdymas. Inverteris priklauso moderniai Huawei SUN2000 inverteri\u0173 linijai, kuri i\u0161siskiria itin dideliu na\u0161umu, pa\u017eangiomis saugos funkcijomis, ir i\u0161maniu diagnostikos valdymu.<\/p>\n<p>\u012erenginys turi 4 nepriklausomus MPPT sekiklius ir <strong>plat\u0173 \u012ftampos diapazon\u0105<\/strong>, tod\u0117l efektyviai dirba net su sud\u0117tingais moduli\u0173 i\u0161d\u0117stymais. Maksimalus <strong>98.8% <\/strong>efektyvumas leid\u017eia i\u0161gauti kuo daugiau energijos i\u0161 saul\u0117s moduli\u0173, o integruota PID funkcija saugo modulius nuo ilgalaik\u0117s j\u0173 degradacijos ir garantuoja auk\u0161t\u0105 sistemos na\u0161um\u0105 vis\u0105 eksploatacijos laikotarp\u012f.<\/p>\n<p>Saugumo at\u017evilgiu, \u0161io modelio inverteris yra <strong>vienas pa\u017eangiausi\u0173<\/strong> savo klas\u0117je. Prietaise integruota Type II AC ir DC apsauga nuo vir\u0161\u012ftampi\u0173, auk\u0161to lygio aplinkos apsauga (<strong>IP65<\/strong>), kuri padaro inverter\u012f atspariu dulk\u0117ms ir dr\u0117gmei.<\/p>\n<p>Inverteris turi pla\u010dias <strong>nuotolinio steb\u0117jimo galimybes<\/strong> ir integracij\u0105 su <strong>FusionSolar platforma, <\/strong>kuri leid\u017eia realiu laiku steb\u0117ti kiekvien\u0105 string\u0105, \u012frangos na\u0161um\u0105, ir galimus sutrikimus. Tai suteikia didel\u012f valdymo patogum\u0105 ir padeda greitai reaguoti \u012f bet kokius poky\u010dius.<\/p>\n<p>Prietaiso korpusas yra kompakti\u0161kas, tvirtas, ir patogus montavimui, tod\u0117l puikiai tinka komercin\u0117ms 17 kW saul\u0117s elektrin\u0117ms.<\/p>\n<p>Kod\u0117l verta rinktis Huawei SUN2000-17KTL-M2?<\/p>\n<ul>\n<li>Itin paprastas sistemos valdymas, i\u0161siskiriantis stabilia veikla visomis oro s\u0105lygomis;<\/li>\n<li>Didelis \u012frenginio funkcionalumas &#8211; galite lengvai pritaikyti \u012frengin\u012f skirting\u0173 moduli\u0173 i\u0161d\u0117stymams. Integruota i\u0161mani diagnostika padeda greitai nustatyti galimus veikimo sutrikimus;<\/li>\n<li>Patogi nuotolin\u0117 prie\u017ei\u016bra, kuri leid\u017eia steb\u0117ti elektrin\u0117s darb\u0105 be joki\u0173 papildom\u0173 sprendim\u0173;<\/li>\n<li>Tvirta prietaiso konstrukcija taip pat suteikia papildomo pasitik\u0117jimo ir patikimumo, kad \u012franga tarnaus daugel\u012f met\u0173.<\/li>\n<\/ul>\n<p>Technin\u0117s savyb\u0117s:<\/p>\n<ul>\n<li>Nominali galia: 17 kW.<\/li>\n<li>Efektyvumas 98.3%.<\/li>\n<li>Tipas \u2013 trifazis inverteris.<\/li>\n<li>Maksimali DC \u012f\u0117jimo galia: 1080 V.<\/li>\n<li>MPPT sekikli\u0173 skai\u010dius: 2.<\/li>\n<li>Galimas \u012fves\u010di\u0173 kiekis vienam sekikliui 4.<\/li>\n<li>Integruotos apsaugos: Type II SPD (DC \/ AC).<\/li>\n<li>Nuotolin\u0117 prieiga ir steb\u0117jimas: FusionSolar platforma.<\/li>\n<li>10 met\u0173 garantija.<\/li>\n<li>Apsaugos klas\u0117: IP65.<\/li>\n<li>Darbin\u0117 temperat\u016bra: -25 \u00b0C iki +60 \u00b0C.<\/li>\n<li>Matmenys: 252 x 470 x 262 mm.<\/li>\n<li>Svoris: 25kg.<\/li>\n<\/ul>\n<p><strong>TECHNINIAI DUOMENYS ATSISIUNTIMUI:<\/strong><\/p>\n<p><strong><a href=\"https:\/\/solaroutlet.lt\/wp-content\/uploads\/2024\/03\/SUN2000-8_10_12_15_17_20KTL-M2.pdf\" target=\"_blank\" rel=\"noopener\">\u27a1\ufe0fTechnini\u0173 duomen\u0173 lapas \u010dia.<\/a><\/strong><\/p>\n","protected":false},"excerpt":{"rendered":"<ul>\n<li>Efektyvumas 98,65 %.<\/li>\n<li>Tipas \u2013 trifazis inverteris.<\/li>\n<li>Galia \u2013 17 kW.<\/li>\n<li>Integruota apsauga nuo vir\u0161\u012ftampi\u0173.<\/li>\n<li>Nuotolinio steb\u0117jimo galimyb\u0117.<\/li>\n<li>10 met\u0173 garantija.<\/li>\n<li>I\u0161matavimai 525*470*262 mm.<\/li>\n<li>Svoris 25 kg.<\/li>\n<\/ul>\n","protected":false},"featured_media":9964,"comment_status":"closed","ping_status":"closed","template":"","meta":{"_acf_changed":false,"om_disable_all_campaigns":false,"_uf_show_specific_survey":0,"_uf_disable_surveys":false},"pwb-brand":[201],"gamintojas":[96],"product_brand":[],"product_cat":[97],"product_tag":[],"class_list":{"0":"post-4236","1":"product","2":"type-product","3":"status-publish","4":"has-post-thumbnail","6":"pwb-brand-huawei","7":"gamintojas-huawei","8":"product_cat-sroves-keitikliai-inverters","10":"first","11":"outofstock","12":"sale","13":"featured","14":"taxable","15":"shipping-taxable","16":"purchasable","17":"product-type-simple"},"acf":[],"aioseo_notices":[],"brands":[{"id":201,"name":"Huawei","slug":"huawei"}],"_links":{"self":[{"href":"https:\/\/solaroutlet.lt\/en\/wp-json\/wp\/v2\/product\/4236","targetHints":{"allow":["GET"]}}],"collection":[{"href":"https:\/\/solaroutlet.lt\/en\/wp-json\/wp\/v2\/product"}],"about":[{"href":"https:\/\/solaroutlet.lt\/en\/wp-json\/wp\/v2\/types\/product"}],"replies":[{"embeddable":true,"href":"https:\/\/solaroutlet.lt\/en\/wp-json\/wp\/v2\/comments?post=4236"}],"wp:featuredmedia":[{"embeddable":true,"href":"https:\/\/solaroutlet.lt\/en\/wp-json\/wp\/v2\/media\/9964"}],"wp:attachment":[{"href":"https:\/\/solaroutlet.lt\/en\/wp-json\/wp\/v2\/media?parent=4236"}],"wp:term":[{"taxonomy":"pwb-brand","embeddable":true,"href":"https:\/\/solaroutlet.lt\/en\/wp-json\/wp\/v2\/pwb-brand?post=4236"},{"taxonomy":"gamintojas","embeddable":true,"href":"https:\/\/solaroutlet.lt\/en\/wp-json\/wp\/v2\/gamintojas?post=4236"},{"taxonomy":"product_brand","embeddable":true,"href":"https:\/\/solaroutlet.lt\/en\/wp-json\/wp\/v2\/product_brand?post=4236"},{"taxonomy":"product_cat","embeddable":true,"href":"https:\/\/solaroutlet.lt\/en\/wp-json\/wp\/v2\/product_cat?post=4236"},{"taxonomy":"product_tag","embeddable":true,"href":"https:\/\/solaroutlet.lt\/en\/wp-json\/wp\/v2\/product_tag?post=4236"}],"curies":[{"name":"wp","href":"https:\/\/api.w.org\/{rel}","templated":true}]}}