{"id":4316,"date":"2024-03-14T10:26:43","date_gmt":"2024-03-14T10:26:43","guid":{"rendered":"https:\/\/solaroutlet.lt\/produktas\/huawei-sun-2000-50ktl-m3-inverter-inverter\/"},"modified":"2026-02-17T16:37:32","modified_gmt":"2026-02-17T13:37:32","slug":"huawei-sun-2000-50ktl-m3-inverteris-inverter","status":"publish","type":"product","link":"https:\/\/solaroutlet.lt\/en\/produktas\/huawei-sun-2000-50ktl-m3-inverteris-inverter\/","title":{"rendered":"Huawei SUN 2000-50KTL-M3, 50 kW inverteris"},"content":{"rendered":"<p><strong>Huawei SUN2000-50KTL-M3 \u2013 tai profesionalus, auk\u0161tos kokyb\u0117s 50 kW trifazis inverteris.<\/strong> Prietaisas sukurtas komercin\u0117ms ir pramonin\u0117ms saul\u0117s elektrin\u0117ms, kurioms svarbiausia <strong>maksimalus efektyvumas<\/strong>, patikimas ilgalaikis darbas, bei i\u0161manus energijos valdymas. Inverteris priklauso moderniai Huawei SUN2000 inverteri\u0173 linijai, kuri i\u0161siskiria itin dideliu na\u0161umu, pa\u017eangiomis saugos funkcijomis, ir i\u0161maniu diagnostikos valdymu.<\/p>\n<p>\u012erenginys turi 4 nepriklausomus MPPT sekiklius ir <strong>plat\u0173 \u012ftampos diapazon\u0105<\/strong>, tod\u0117l efektyviai dirba net su sud\u0117tingais moduli\u0173 i\u0161d\u0117stymais. Maksimalus <strong>98.5% <\/strong>efektyvumas leid\u017eia i\u0161gauti kuo daugiau energijos i\u0161 saul\u0117s moduli\u0173, o integruota PID funkcija saugo modulius nuo ilgalaik\u0117s j\u0173 degradacijos ir garantuoja auk\u0161t\u0105 sistemos na\u0161um\u0105 vis\u0105 eksploatacijos laikotarp\u012f.<\/p>\n<p>Saugumo at\u017evilgiu, \u0161io modelio inverteris yra <strong>vienas pa\u017eangiausi\u0173<\/strong> savo klas\u0117je. Prietaise integruota Type II AC ir DC apsauga nuo vir\u0161\u012ftampi\u0173, auk\u0161to lygio aplinkos apsauga (<strong>IP66<\/strong>), kuri padaro inverter\u012f atspariu dulk\u0117ms ir dr\u0117gmei, o <strong>C5<\/strong> klas\u0117 suteikia antikorozin\u0119 apsaug\u0105.<\/p>\n<p>Inverteris turi pla\u010dias <strong>nuotolinio steb\u0117jimo galimybes<\/strong> ir integracij\u0105 su <strong>FusionSolar platforma, <\/strong>kuri leid\u017eia realiu laiku steb\u0117ti kiekvien\u0105 string\u0105, \u012frangos na\u0161um\u0105, ir galimus sutrikimus. Tai suteikia didel\u012f valdymo patogum\u0105 ir padeda greitai reaguoti \u012f bet kokius poky\u010dius.<\/p>\n<p>Prietaiso korpusas yra kompakti\u0161kas, tvirtas, ir patogus montavimui, tod\u0117l puikiai tinka komercin\u0117ms 50 kW saul\u0117s elektrin\u0117ms.<\/p>\n<p>Technin\u0117s savyb\u0117s:<\/p>\n<ul>\n<li>Nominali galia: 50 kW.<\/li>\n<li>Maksimali DC \u012f\u0117jimo galia: 1100 V.<\/li>\n<li>MPPT sekikli\u0173 skai\u010dius: 4.<\/li>\n<li>Maksimalus DC \u012f\u0117jim\u0173 skai\u010dius: 8.<\/li>\n<li>Maksimalus efektyvumas: 98,5%.<\/li>\n<li>Integruotos apsaugos: Type II SPD (DC \/ AC).<\/li>\n<li>Nuotolin\u0117 prieiga ir steb\u0117jimas: FusionSolar platforma.<\/li>\n<li>\u012eves\u010di\u0173 kiekis 8.<\/li>\n<li>5 met\u0173 garantija.<\/li>\n<li>Apsaugos klas\u0117: IP66.<\/li>\n<li>Antikorozijos klas\u0117: C5.<\/li>\n<li>Darbin\u0117 temperat\u016bra: -25 \u00b0C iki +60 \u00b0C.<\/li>\n<li>Matmenys: 640 x 530 x 270 mm.<\/li>\n<li>Svoris: 49kg.<\/li>\n<\/ul>\n<p><strong>TECHNINIAI DUOMENYS ATSISIUNTIMUI:<\/strong><\/p>\n<p><strong>\u27a1\ufe0f<a href=\"http:\/\/solaroutlet.lt\/wp-content\/uploads\/2024\/03\/sun2000-50KTL-M3.pdf\">Techniniai duomenys \u010dia<\/a>.<\/strong><\/p>\n","protected":false},"excerpt":{"rendered":"<p>I\u0161manus \u2013 8 eilu\u010di\u0173 i\u0161manusis steb\u0117jimas ir greitas trik\u010di\u0173 \u0161alinimas<br \/>\nEfektyvus \u2013 maks. efektyvumas 98,7%, europinis efektyvumas 98,4%<br \/>\nSaugus\u2013 dizainas be saugikli\u0173<br \/>\nPatikimas \u2013 II tipo vir\u0161\u012ftampi\u0173 ribotuvai, skirti nuolatinei ir kintamajai srovei<br \/>\nDidesnis na\u0161umas \u2013 iki 30 % daugiau energijos naudojant optimizatori\u0173<br \/>\nAktyvi sauga \u2013 AI2 maitinama aktyvioji kreiv\u0117s klaid\u0173 apsauga<br \/>\nLankstus ry\u0161ys \u2013 palaikomas WLAN, Fast Ethernet, 4G ry\u0161ys<\/p>\n","protected":false},"featured_media":4138,"comment_status":"closed","ping_status":"closed","template":"","meta":{"_acf_changed":false,"om_disable_all_campaigns":false,"_uf_show_specific_survey":0,"_uf_disable_surveys":false},"pwb-brand":[201],"gamintojas":[96],"product_brand":[],"product_cat":[97],"product_tag":[],"class_list":{"0":"post-4316","1":"product","2":"type-product","3":"status-publish","4":"has-post-thumbnail","6":"pwb-brand-huawei","7":"gamintojas-huawei","8":"product_cat-sroves-keitikliai-inverters","9":"product_shipping_class-b-pristatymo-klase","10":"pa_galia-50-kw","11":"pa_tipas-tinklo-inverteriai","13":"first","14":"instock","15":"taxable","16":"shipping-taxable","17":"purchasable","18":"product-type-simple"},"acf":[],"aioseo_notices":[],"brands":[{"id":201,"name":"Huawei","slug":"huawei"}],"_links":{"self":[{"href":"https:\/\/solaroutlet.lt\/en\/wp-json\/wp\/v2\/product\/4316","targetHints":{"allow":["GET"]}}],"collection":[{"href":"https:\/\/solaroutlet.lt\/en\/wp-json\/wp\/v2\/product"}],"about":[{"href":"https:\/\/solaroutlet.lt\/en\/wp-json\/wp\/v2\/types\/product"}],"replies":[{"embeddable":true,"href":"https:\/\/solaroutlet.lt\/en\/wp-json\/wp\/v2\/comments?post=4316"}],"wp:featuredmedia":[{"embeddable":true,"href":"https:\/\/solaroutlet.lt\/en\/wp-json\/wp\/v2\/media\/4138"}],"wp:attachment":[{"href":"https:\/\/solaroutlet.lt\/en\/wp-json\/wp\/v2\/media?parent=4316"}],"wp:term":[{"taxonomy":"pwb-brand","embeddable":true,"href":"https:\/\/solaroutlet.lt\/en\/wp-json\/wp\/v2\/pwb-brand?post=4316"},{"taxonomy":"gamintojas","embeddable":true,"href":"https:\/\/solaroutlet.lt\/en\/wp-json\/wp\/v2\/gamintojas?post=4316"},{"taxonomy":"product_brand","embeddable":true,"href":"https:\/\/solaroutlet.lt\/en\/wp-json\/wp\/v2\/product_brand?post=4316"},{"taxonomy":"product_cat","embeddable":true,"href":"https:\/\/solaroutlet.lt\/en\/wp-json\/wp\/v2\/product_cat?post=4316"},{"taxonomy":"product_tag","embeddable":true,"href":"https:\/\/solaroutlet.lt\/en\/wp-json\/wp\/v2\/product_tag?post=4316"}],"curies":[{"name":"wp","href":"https:\/\/api.w.org\/{rel}","templated":true}]}}