{"id":4347,"date":"2024-03-14T10:26:47","date_gmt":"2024-03-14T10:26:47","guid":{"rendered":"https:\/\/solaroutlet.lt\/produktas\/sungrow-sg10rt-multi-mppt-string-sg10rt-inverter-for-1000-vdc-system-11000w\/"},"modified":"2026-02-09T10:28:57","modified_gmt":"2026-02-09T07:28:57","slug":"sungrow-sg10rt-p2-multi-mppt-string-sg10rt-inverteris-for-1000-vdc-system-11000w","status":"publish","type":"product","link":"https:\/\/solaroutlet.lt\/en\/produktas\/sungrow-sg10rt-p2-multi-mppt-string-sg10rt-inverteris-for-1000-vdc-system-11000w\/","title":{"rendered":"Sungrow SG10RT-P2, 10kW 10000W inverteris"},"content":{"rendered":"<p><strong>Sungrow SG10RT-P2, 10 kW<\/strong><strong>\u00a0\u2013 pa\u017eangus, auk\u0161to efektyvumo, trifazis saul\u0117s energijos inverteris.<\/strong> \u012erenginys sukurtas maksimaliam na\u0161umui, saugumui, ir ilgalaikiam patikimumui. Sungrow P2 serijos prietaisai i\u0161siskiria savo modernia architekt\u016bra, i\u0161maniu valdymu, ir geru suderinamumu su naujos kartos saul\u0117s moduliais \u2013 puikiai tinka galingesn\u0117ms gyvenam\u0173j\u0173 nam\u0173 elektrin\u0117ms arba ma\u017eo dyd\u017eio komercin\u0117ms sistemoms.<\/p>\n<p>Inverteris taip pat pasi\u017eymi <strong>auk\u0161tu energijos konversijos efektyvumu<\/strong>, siekian\u010diu apie 97,9%, taip pat i\u0161pl\u0117stu MPPT \u012ftampos diapazonu, kuris u\u017etikrina efektyv\u0173 darb\u0105 net esant skirtingoms saul\u0117s moduli\u0173 orientacijoms ar \u0161e\u0161\u0117liavimui. \u012erenginys yra suderinamas su bifacial moduliais \u2013 tad galima maksimaliai i\u0161naudoti saul\u0117s energij\u0105. Integruota PID atk\u016brimo funkcija apsaugo modulius nuo potencialios degradacijos ir padeda i\u0161laikyti stabili\u0105 ilgalaik\u0119 gali\u0105. \u017dema prietaiso paleidimo \u012ftampa leid\u017eia energijos gamyb\u0105 prad\u0117ti anks\u010diau ryte ir dirbti ilgiau vakare.<\/p>\n<p>\u0160is inverteris taip pat turi integruot\u0105<strong> IV kreiv\u0117s skanavimo technologij\u0105<\/strong>, leid\u017eianti detaliai analizuoti elektrin\u0117s veikim\u0105 ir greitai aptikti bet kokius sutrikimus realiuoju laiku. Taip pat galimas <strong>tiesioginis steb\u0117jimas<\/strong> 24\/7, suteikiantis piln\u0105 sistemos kontrol\u0119 realiu laiku, o nuotoliniai programin\u0117s \u012frangos atnaujinimai leid\u017eia nuolat gerinti inverterio funkcionalum\u0105. Tai u\u017etikrina nuolatin\u012f sistemos optimizavim\u0105 bei greit\u0105 reagavim\u0105 \u012f poky\u010dius.<\/p>\n<p>Integruota patikima apsauga nuo sistemos pa\u017eeidim\u0173 d\u0117l greito AFCI (suma\u017eina gaisro rizik\u0105) ir \u012fmontuotos papildomos <strong>Type II DC ir AC<\/strong> apsaugos nuo vir\u0161\u012ftampi\u0173 (SPD). Keitiklis turi auk\u0161t\u0105 atsparum\u0105 korozijai C5 ir aplinkos s\u0105lygoms <strong>IP65<\/strong>. Tai garantuoja patikim\u0105 \u012frenginio veikim\u0105 dr\u0117gnuose, dulk\u0117tuose, ar agresyvesn\u0117se aplinkose, \u012fskaitant pakrant\u0117s regionus.<\/p>\n<p>Inverteris pasi\u017eymi \u017eemu, 18 kg svoriu, tod\u0117l jo montavimas tampa gerokai patogesnis ir greitesnis. Kompakti\u0161kas dizainas, \u012fspaud\u017eiami (push-in) jungikliai ir patogi mobilioji aplikacija leid\u017eia vartotojams bei montuotojams paleisti ir sukonfig\u016bruoti inverter\u012f \u00a0be joki\u0173 sud\u0117ting\u0173 proced\u016br\u0173.<\/p>\n<p>Technin\u0117s savyb\u0117s:<\/p>\n<ul>\n<li>Tipas: trifazis \u012ftampos keitiklis.<\/li>\n<li>Nominali galia: 10 kW.<\/li>\n<li>Efektyvumas: 97,9%.<\/li>\n<li>MPPT skai\u010dius: 2.<\/li>\n<li>Suderinamas su didel\u0117s galios ir bifacial moduliais.<\/li>\n<li>Pa\u017eangi IV kreiv\u0117s diagnostika.<\/li>\n<li>Integruotos Type II DC \/ AC SPD apsaugos.<\/li>\n<li>Atsparumas aplinkai: IP65, C5 antikorozija.<\/li>\n<li>Svoris: 18 kg.<\/li>\n<li>Matmenys: 370 x 480 x 195 mm.<\/li>\n<li>Darbin\u0117 temperat\u016bra: nuo-25 \u2103 iki +60 \u2103.<\/li>\n<\/ul>\n<p><strong>TECHNINIAI DUOMENYS ATSISIUNTIMUI:<\/strong><\/p>\n<p><strong>\u27a1\ufe0f<a href=\"https:\/\/solaroutlet.lt\/wp-content\/uploads\/2024\/03\/DS_20231113_SG5.0_6.0_7.0_8.0_10_12RT-P2_Datasheet_V2_EN.pdf\">Technini\u0173 specifikacij\u0173 dokumentas.<\/a><\/strong><\/p>\n","protected":false},"excerpt":{"rendered":"<p>Sungrow \u012ftampos keitiklis pasi\u017eymi pla\u010diu MPPT \u012ftampos diapazonu ir \u017eema paleidimo \u012ftampa, taigi gali\u00a0 optimaliai i\u0161naudoti saul\u0117s energij\u0105 net ir esant nepalankioms s\u0105lygoms. Jis suderinamas su bifacial moduliais. Jame \u012fmontuota PID atk\u016brimo funkcija, kuri suma\u017eina energijos nuostolius ir u\u017etikrina ilgalaik\u012f veikim\u0105.<\/p>\n<p>Keitiklis apr\u016bpintas pa\u017eangia IV kreiv\u0117s skanavimo technologija, leid\u017eian\u010dia sekti sistemos veikim\u0105 realiuoju laiku. Taip pat galimas tiesioginis steb\u0117jimas 24\/7 bei nuotoliniai programin\u0117s \u012frangos atnaujinimai. Tai u\u017etikrina nuolatin\u012f sistemos optimizavim\u0105 bei greit\u0105 reagavim\u0105 \u012f poky\u010dius.<\/p>\n<p>Patikima apsauga nuo sistemos pa\u017eeidim\u0173 d\u0117l greito AFCI ir \u012fmontuotos Type II DC ir AC apsaugos nuo vir\u0161\u012ftampi\u0173 (SPD). Keitiklis turi auk\u0161t\u0105 atsparum\u0105 korozijai C5 ir aplinkos s\u0105lygoms IP65.<\/p>\n<p>Vos 18 kg svoris ir kompakti\u0161kas dizainas, u\u017etikrinantis greit\u0105 ir paprast\u0105 montavim\u0105. D\u0117l unikali\u0173 \u012fspaud\u017eiam\u0173 jungikli\u0173 ir patogios program\u0117l\u0117s, paleidimas ir konfig\u016bravimas tampa greitu ir nesud\u0117tingu procesu.<\/p>\n","protected":false},"featured_media":4164,"comment_status":"closed","ping_status":"closed","template":"","meta":{"_acf_changed":false,"om_disable_all_campaigns":false,"_uf_show_specific_survey":0,"_uf_disable_surveys":false},"pwb-brand":[182],"gamintojas":[98],"product_brand":[],"product_cat":[97],"product_tag":[],"class_list":{"0":"post-4347","1":"product","2":"type-product","3":"status-publish","4":"has-post-thumbnail","6":"pwb-brand-sungrow","7":"gamintojas-sungrow","8":"product_cat-sroves-keitikliai-inverters","9":"product_shipping_class-b-pristatymo-klase","10":"pa_galia-10-kw","11":"pa_tipas-tinklo-inverteriai","13":"first","14":"instock","15":"taxable","16":"shipping-taxable","17":"purchasable","18":"product-type-simple"},"acf":[],"aioseo_notices":[],"brands":[{"id":182,"name":"Sungrow","slug":"sungrow"}],"_links":{"self":[{"href":"https:\/\/solaroutlet.lt\/en\/wp-json\/wp\/v2\/product\/4347","targetHints":{"allow":["GET"]}}],"collection":[{"href":"https:\/\/solaroutlet.lt\/en\/wp-json\/wp\/v2\/product"}],"about":[{"href":"https:\/\/solaroutlet.lt\/en\/wp-json\/wp\/v2\/types\/product"}],"replies":[{"embeddable":true,"href":"https:\/\/solaroutlet.lt\/en\/wp-json\/wp\/v2\/comments?post=4347"}],"wp:featuredmedia":[{"embeddable":true,"href":"https:\/\/solaroutlet.lt\/en\/wp-json\/wp\/v2\/media\/4164"}],"wp:attachment":[{"href":"https:\/\/solaroutlet.lt\/en\/wp-json\/wp\/v2\/media?parent=4347"}],"wp:term":[{"taxonomy":"pwb-brand","embeddable":true,"href":"https:\/\/solaroutlet.lt\/en\/wp-json\/wp\/v2\/pwb-brand?post=4347"},{"taxonomy":"gamintojas","embeddable":true,"href":"https:\/\/solaroutlet.lt\/en\/wp-json\/wp\/v2\/gamintojas?post=4347"},{"taxonomy":"product_brand","embeddable":true,"href":"https:\/\/solaroutlet.lt\/en\/wp-json\/wp\/v2\/product_brand?post=4347"},{"taxonomy":"product_cat","embeddable":true,"href":"https:\/\/solaroutlet.lt\/en\/wp-json\/wp\/v2\/product_cat?post=4347"},{"taxonomy":"product_tag","embeddable":true,"href":"https:\/\/solaroutlet.lt\/en\/wp-json\/wp\/v2\/product_tag?post=4347"}],"curies":[{"name":"wp","href":"https:\/\/api.w.org\/{rel}","templated":true}]}}