{"id":4355,"date":"2024-03-14T10:26:47","date_gmt":"2024-03-14T10:26:47","guid":{"rendered":"https:\/\/solaroutlet.lt\/produktas\/sungrow-sh8-0rt-residential-hybrid-three-phase-inverter-8000w\/"},"modified":"2026-03-18T16:00:18","modified_gmt":"2026-03-18T13:00:18","slug":"sungrow-sh8-0rt-20-v11-residential-hibridinis-inverteris-8000w","status":"publish","type":"product","link":"https:\/\/solaroutlet.lt\/en\/produktas\/sungrow-sh8-0rt-20-v11-residential-hibridinis-inverteris-8000w\/","title":{"rendered":"SUNGROW SH8.0RT-20-V11, 8 kW hibridinis inverteris + DTSU666 Smart Meter"},"content":{"rendered":"<p><strong>Sungrow SH8.0RT-20-V11 \u2013 tai novatori\u0161kas, pa\u017eangios konstrukcijos 8 kW trifazis hibridinis inverteris, sukurtas tiek energijos gamybai i\u0161 saul\u0117s, tiek prijungimui prie elektros energijos kaupiklio.<\/strong> \u0160is modelis skirtas tiems, kurie siekia maksimaliai i\u0161naudoti savo elektrin\u0117s potencial\u0105 ir nori tur\u0117ti galimyb\u0119 kaupti energij\u0105, kuri\u0105 gal\u0117t\u0173 naudoti elektros sutrikim\u0173 metu arba optimizuoti savo suvartojim\u0105 pagal elektros kain\u0173 grafik\u0105.<\/p>\n<p>\u0160is hibridinis inverteris pasi\u017eymi auk\u0161tu <strong>97,9%<\/strong> efektyvumu, tod\u0117l energijos nuostoliai yra minimalus, o bendras sistemos na\u0161umas \u2013 itin auk\u0161tas. \u012erenginio trifaz\u0117 konstrukcija suteikia <strong>stabil\u0173 ir tolyg\u0173 apkrov\u0173 paskirstym\u0105<\/strong> visose faz\u0117se, o tai ypa\u010d svarbu moderniuose gyvenamuosiuose namuose.<\/p>\n<p>Viena i\u0161 pagrindini\u0173 \u012frenginio privalum\u0173 \u2013 integruota <strong>apsauga nuo vir\u0161\u012ftampi\u0173<\/strong>, kuri saugo sistem\u0105 tiek nuo tinklo, tiek nuo saul\u0117s moduli\u0173 sukeliam\u0173 \u012ftampos \u0161uoli\u0173. Inverteryje taip pat integruota<strong> nuotolinio steb\u0117jimo galimyb\u0117<\/strong> naudojant \u201eSungrow iSolarCloud\u201c platform\u0105. \u0160i platforma leid\u017eia vartotojui realiu laiku steb\u0117ti savo saul\u0117s elektrin\u0117s gamyb\u0105, suvartojim\u0105, akumuliacijos b\u016bsen\u0105, ir kitus parametrus.<\/p>\n<p>\u0160io modelio hibridinis inverteris yra <strong>kompakti\u0161kas<\/strong> ir apgalvotos konstrukcijos, tod\u0117l j\u012f itin lengva montuoti. \u012erenginio tvirta architekt\u016bra u\u017etikrina patikim\u0105 veikim\u0105 ilgus metus.<\/p>\n<p>Komplekte taip pat yra <strong>DTSU666-20 i\u0161manusis skaitiklis<\/strong>, kuris\u00a0daugiausia naudojamas matuoti ir rodyti fotovoltin\u0117s sistemos parametrus elektros grandin\u0117je, \u012fskaitant \u012ftamp\u0105, srov\u0119, gali\u0105, da\u017en\u012f, galios koeficient\u0105, aktyvi\u0105j\u0105 energij\u0105 ir kt. Tinklas gali b\u016bti realizuotas per RS485 ry\u0161io s\u0105saj\u0105 ir i\u0161orin\u012f \u012frengin\u012f. Montuojant ant standartinio DIN35 mm b\u0117gelio, pasi\u017eymi lengvu montavimu ir pajungimu prie tinklo.<\/p>\n<p>Komplekte esantis <strong>DTSU666-20 i\u0161manusis skaitiklis <\/strong>suteikia papildomo tikslumo ir kontrol\u0117s lyg\u012f. \u0160io prietaiso paskirtis \u2013 <strong>tiksliai matuoti energijos srautus<\/strong> tarp tinklo, inverterio, ir apkrov\u0173. I\u0161manusis skaitiklis leid\u017eia hibridinei sistemai efektyviai valdyti akumuliatoriaus \u012fkrovim\u0105, perteklin\u0117s energijos nukreipim\u0105, ir maksimaliai padidinti savo energijos gamybos sunaudojim\u0105. I\u0161manusis skaitiklis yra ypa\u010d svarbi sistemos dalis, nes jis garantuoja, kad inverteris veiks tiksliai pagal real\u0173 vartotojo elektros poreik\u012f.<\/p>\n<p>\u0160is i\u0161manusis skaitiklis yra <strong>kompakti\u0161kas<\/strong>, <strong>lengvas<\/strong>, ir <strong>tikslus<\/strong> prietaisas, skirtas dirbti kartu su Sungrow hibridiniais inverteriais. I\u0161manusis skaitiklis matuoja tiek momentin\u0119, tiek kaupiam\u0105j\u0105 energijos sraut\u0173 informacij\u0105 bei fiksuoja \u012f tinkl\u0105 tiekiam\u0105 ir i\u0161 tinklo gaunam\u0105 energij\u0105; taip pat priduoda duomenis inverteriui realiu li\u017eaiku. Skaitiklis yra b\u016btinas jei norite maksimaliai i\u0161naudoti hibridin\u0117s sistemos privalumus, optimizuoti savaranki\u0161kumo lyg\u012f, ir u\u017etikrina tiksli\u0105 energijos sraut\u0173 kontrol\u0119.<\/p>\n<p><strong>Technin\u0117s savyb\u0117s \u2013 Sungrow SH8.0RT-20-V11:<\/strong><\/p>\n<ul>\n<li>Tipas: trifazis hibridinis inverteris.<\/li>\n<li>Efektyvumas 97,9 %.<\/li>\n<li>Galia \u2013 8 kW.<\/li>\n<li>Integruota apsauga nuo vir\u0161\u012ftampi\u0173.<\/li>\n<li>Nuotolinio steb\u0117jimo galimyb\u0117.<\/li>\n<li>10 met\u0173 garantija.<\/li>\n<li>Darbin\u0117 temperat\u016bra: -25 \u2103 &#8211; 60 \u2103.<\/li>\n<li>I\u0161matavimai 460*540*170 mm.<\/li>\n<li>Svoris 27 kg.<\/li>\n<\/ul>\n<p><strong>DTSU666-20 i\u0161maniojo skaitiklio apra\u0161ymas:<\/strong><\/p>\n<ul>\n<li>Fazi\u0173 skai\u010dius 3<\/li>\n<li>Svoris 0,4 kg<\/li>\n<li>Matmenys 98 mm x 65 mm x 72 mm<\/li>\n<\/ul>\n<p><strong>TECHNINIAI DUOMENYS ATSISIUNTIMUI:<\/strong><\/p>\n<p><strong>\u27a1\ufe0f<a href=\"http:\/\/solaroutlet.lt\/wp-content\/uploads\/2024\/03\/SH5T-SH10T-datasheet-1.pdf\">Sungrow SH8.0RT-20-V11 Techniniai duomenys \u010dia<\/a>.<\/strong><\/p>\n<p><strong>\u27a1\ufe0f<a href=\"http:\/\/solaroutlet.lt\/wp-content\/uploads\/2024\/03\/SH5T-SH10T-datasheet-1.pdf\">DTSU666 Techniniai duomenys \u010dia<\/a>.<\/strong><\/p>\n","protected":false},"excerpt":{"rendered":"<p>Rinkin\u012f sudaro Hibridinis \u012ftampos keitiklis <strong>Sungrow SH8.0RT-20-V11, 8 kW<\/strong> ir <strong>DTSU666 Smart Meter<\/strong> i\u0161manusis skaitiklis<\/p>\n<p><strong>Hibridinis \u012ftampos keitiklis Sungrow SH8.0RT-20-V11<\/strong> yra 8 kW \u012ftampos keitiklis, kur\u012f galima montuoti su saul\u0117s elektrine ir baterijomis. Sungrow hibridinis inverteris u\u017etikrina skland\u0173 per\u0117jim\u0105 \u012f atsargin\u012f re\u017eim\u0105, greit\u0105 energijos \u012fkrovim\u0105 \u012f akumuliatori\u0173 ir i\u0161krovim\u0105 atgal \u012f nam\u0173 tinkl\u0105, taip apsaugodamas j\u016bs\u0173 namus nuo netik\u0117t\u0173 elektros energijos tiekimo sutrikim\u0173. Naudodamas atsargin\u0117s energijos re\u017eim\u0105, jis gali tiekti 100% gali\u0105 netolygiam apkrovimui, tod\u0117l puikiai tinka apsaugoti j\u016bs\u0173 nam\u0173 sistem\u0105 nuo elektros energijos tiekimo sutrikim\u0173. Be to, jis suderinamas su auk\u0161tos galios saul\u0117s moduliais ir gali b\u016bti pritaikytas saul\u0117s moduli\u0173 energijos valdymui, tod\u0117l tai universalus pasirinkimas.<br \/>\nInverteris turi optimizuot\u0105 vidin\u0119 energijos valdymo sistem\u0105 (EMS), leid\u017eian\u010di\u0105 pasiekti didel\u012f savos energijos suvartojimo lyg\u012f. Inverteris turi nemokam\u0105 internetu prieinam\u0105 steb\u0117jimo sistem\u0105, kuri leid\u017eia valdyti ir steb\u0117ti energijos naudojim\u0105. Inverterio programin\u0119 \u012frang\u0105 patogiai galima atnaujinti nuotoliniu b\u016bdu, taipogi ir individualiai pritaikyti nustatymus. Inverteris suderinamas su \u012fkrovimo stotel\u0117mis, tod\u0117l jis tinka tiekti \u017eali\u0105 energij\u0105 j\u016bs\u0173 elektromobiliui. Lengvas ir paprastas inverterio montavimas d\u0117l unikali\u0173 \u012fspaud\u017eiam\u0173 jung\u010di\u0173 ir paprastas konfig\u016bravimas nuotoliu.<\/p>\n<p><strong>DTSU666 i\u0161manusis skaitiklis<\/strong> daugiausia naudojamas matuoti ir rodyti fotovoltin\u0117s sistemos parametrus elektros grandin\u0117je, \u012fskaitant \u012ftamp\u0105, srov\u0119, gali\u0105, da\u017en\u012f, galios koeficient\u0105, aktyvi\u0105j\u0105 energij\u0105 ir kt. Tinklas gali b\u016bti realizuotas per RS485 ry\u0161io s\u0105saj\u0105 ir i\u0161orin\u012f \u012frengin\u012f. Montuojant ant standartinio DIN35 mm b\u0117gelio, pasi\u017eymi lengvu montavimu ir pajungimu prie tinklo.<\/p>\n","protected":false},"featured_media":8328,"comment_status":"closed","ping_status":"closed","template":"","meta":{"_acf_changed":false,"om_disable_all_campaigns":false,"_uf_show_specific_survey":0,"_uf_disable_surveys":false},"pwb-brand":[182],"gamintojas":[98],"product_brand":[],"product_cat":[97],"product_tag":[],"class_list":{"0":"post-4355","1":"product","2":"type-product","3":"status-publish","4":"has-post-thumbnail","6":"pwb-brand-sungrow","7":"gamintojas-sungrow","8":"product_cat-sroves-keitikliai-inverters","9":"product_shipping_class-b-pristatymo-klase","10":"pa_galia-8-kw","11":"pa_tipas-hibridiniai-inverteriai","13":"first","14":"instock","15":"sale","16":"taxable","17":"shipping-taxable","18":"purchasable","19":"product-type-simple"},"acf":[],"aioseo_notices":[],"brands":[{"id":182,"name":"Sungrow","slug":"sungrow"}],"_links":{"self":[{"href":"https:\/\/solaroutlet.lt\/en\/wp-json\/wp\/v2\/product\/4355","targetHints":{"allow":["GET"]}}],"collection":[{"href":"https:\/\/solaroutlet.lt\/en\/wp-json\/wp\/v2\/product"}],"about":[{"href":"https:\/\/solaroutlet.lt\/en\/wp-json\/wp\/v2\/types\/product"}],"replies":[{"embeddable":true,"href":"https:\/\/solaroutlet.lt\/en\/wp-json\/wp\/v2\/comments?post=4355"}],"wp:featuredmedia":[{"embeddable":true,"href":"https:\/\/solaroutlet.lt\/en\/wp-json\/wp\/v2\/media\/8328"}],"wp:attachment":[{"href":"https:\/\/solaroutlet.lt\/en\/wp-json\/wp\/v2\/media?parent=4355"}],"wp:term":[{"taxonomy":"pwb-brand","embeddable":true,"href":"https:\/\/solaroutlet.lt\/en\/wp-json\/wp\/v2\/pwb-brand?post=4355"},{"taxonomy":"gamintojas","embeddable":true,"href":"https:\/\/solaroutlet.lt\/en\/wp-json\/wp\/v2\/gamintojas?post=4355"},{"taxonomy":"product_brand","embeddable":true,"href":"https:\/\/solaroutlet.lt\/en\/wp-json\/wp\/v2\/product_brand?post=4355"},{"taxonomy":"product_cat","embeddable":true,"href":"https:\/\/solaroutlet.lt\/en\/wp-json\/wp\/v2\/product_cat?post=4355"},{"taxonomy":"product_tag","embeddable":true,"href":"https:\/\/solaroutlet.lt\/en\/wp-json\/wp\/v2\/product_tag?post=4355"}],"curies":[{"name":"wp","href":"https:\/\/api.w.org\/{rel}","templated":true}]}}