{"id":4359,"date":"2024-03-14T10:26:49","date_gmt":"2024-03-14T10:26:49","guid":{"rendered":"https:\/\/solaroutlet.lt\/produktas\/sungrow-sg33cx-p2-multi-mppt-string-inverter-for-1000-vdc-system-33000w\/"},"modified":"2026-02-17T16:43:23","modified_gmt":"2026-02-17T13:43:23","slug":"sungrow-sg33cx-multi-mppt-string-inverteris-for-1000-vdc-system-33000w","status":"publish","type":"product","link":"https:\/\/solaroutlet.lt\/en\/produktas\/sungrow-sg33cx-multi-mppt-string-inverteris-for-1000-vdc-system-33000w\/","title":{"rendered":"SUNGROW SG33CX 33 kW inverteris"},"content":{"rendered":"<p><strong>SUNGROW SG33CX\u2013 tai profesionalios klas\u0117s 33 kW galios trifazis inverteris, sukurtas komercin\u0117ms ir vidutin\u0117s galios saul\u0117s elektrin\u0117ms.<\/strong> \u0160io modelio inverteris yra itin auk\u0161to efektyvumo su pa\u017eangiomis valdymo ir diagnostikos funkcijomis ir auk\u0161tu atsparumu at\u0161iaurioms aplinkos s\u0105lygoms. D\u0117l \u012fvairi\u0173 prietaiso technologini\u0173 sprendim\u0173, \u0161is inverteris yra <strong>vienas patikimiausi\u0173<\/strong> pasirinkim\u0173 komerciniams ir vidutin\u0117s galios projektams, kuriuose svarbiausia ilgaam\u017ei\u0161kas stabilumas, saugumas, ir minimali prie\u017ei\u016bra.<\/p>\n<p>Inverteris pasi\u017eymi itin auk\u0161tu, <strong>98,3%<\/strong> maksimalios konversijos efektyvumu. <strong>3 MPPT<\/strong> sekimo kanal\u0173 leid\u017eia efektyviai valdyti energijos gamyb\u0105 didel\u0117se, suskaidytose saul\u0117s elektrin\u0117se. Tai labai naudinga projektuose, kuriuose moduli\u0173 pasvirimas yra skirtingas, skiriasi j\u0173 orientacija, arba yra dalinis \u0161e\u0161\u0117liavimas. Prietaisas taip pat palaiko 15A DC \u012f\u0117jimo srov\u0119.<\/p>\n<p>\u0160is inverteris taip pat pasi\u017eymi pa\u017eangiais<strong> \u201eSmart O&amp;M\u201c<\/strong> sprendimais. \u00a0Yra integruota <strong>\u201eSmart IV Curve Diagnosis\u201c<\/strong>, kuri atlieka srov\u0117s \u012ftampos kreiv\u0117s diagnostik\u0105. Tai technologija, kuri automati\u0161kai patikrina saul\u0117s moduli\u0173 b\u016bkl\u0119 pagal j\u0173 elektrin\u0117s kreiv\u0119 ir padeda aptikti tokias problemas kaip:<\/p>\n<ul>\n<li>Pa\u017eeisti ar nusid\u0117v\u0117j\u0119 moduliai<\/li>\n<li>\u0160e\u0161\u0117liavimo problemos<\/li>\n<li>Netinkami sujungimai<\/li>\n<li>Kar\u0161tieji ta\u0161kai<\/li>\n<li>Suma\u017e\u0117j\u0119s na\u0161umas.<\/li>\n<\/ul>\n<p>\u0160i funkcija leid\u017eia greitai identifikuoti nesklandumus ir vykdyti nuotolin\u0119 prie\u017ei\u016br\u0105, taip suma\u017einant techninio aptarnavimo i\u0161laidas ir sistemos prastovas.<\/p>\n<p>Saugumo srityje, \u0161is \u012frenginys yra vienas i\u0161 pirmaujan\u010di\u0173j\u0173 \u2013 turi <strong>IP66<\/strong> apsaugos klas\u0119, <strong>C5<\/strong> antikorozin\u0119 klas\u0119, DC I+II tipo ir AC II tipo apsaugas nuo vir\u0161\u012ftampi\u0173. \u0160ios integracijos taip pat didina sistemos saugum\u0105 ir patikimum\u0105 net at\u0161iauriausiuose aplinkose.<\/p>\n<p>Technin\u0117s savyb\u0117s:<\/p>\n<ul>\n<li>Tipas: trifazis pramoninis inverteris.<\/li>\n<li>Nominali galia: 33 kW.<\/li>\n<li>Maksimalus efektyvumas: 98,3%.<\/li>\n<li>3 MPPT \u2013 optimaliam didelio ploto PV lauk\u0173 valdymui.<\/li>\n<li>Dinaminis \u0161e\u0161\u0117li\u0173 optimizavimo re\u017eimas.<\/li>\n<li>I\u0161manioji srov\u0117s \u012ftampos kreiv\u0117s diagnostika.<\/li>\n<li>Tinklo gedim\u0173 registravimo funkcija.<\/li>\n<li>Pagrindini\u0173 komponent\u0173 diagnoz\u0117 ir apsauga.<\/li>\n<li>Apsaugos klas\u0117s: IP66, C5 antikorozin\u0117.<\/li>\n<li>Apsaugos nuo vir\u0161\u012ftampi\u0173.<\/li>\n<li>Darbin\u0117 temperat\u016bra nuo -30\u00b0C iki +60\u00b0C<\/li>\n<li>I\u0161matavimai 702 x 595 x 310 mm.<\/li>\n<li>Svoris 50 kg.<\/li>\n<\/ul>\n<p><strong>TECHNINIAI DUOMENYS ATSISIUNTIMUI:<\/strong><\/p>\n<p><strong>\u27a1\ufe0f<a href=\"https:\/\/solaroutlet.lt\/wp-content\/uploads\/2024\/03\/Sungrow-33-kW-datasheet.pdf\">Technini\u0173 specifikacij\u0173 dokumentas \u010dia.<\/a><\/strong><\/p>\n","protected":false},"excerpt":{"rendered":"<p><strong>Sungrow SG33CX<\/strong> yra 33 kW trifazis fotovoltinis inverteris, skirtas naudoti tiek gyvenamosiose, tiek komercin\u0117se saul\u0117s elektrin\u0117se. Tai didelio na\u0161umo inverteris, maksimalus inverterio efektyvumas iki 98,3%.<br \/>\nValdymas per LED ekran\u0105 arba Bluetooth. Galimyb\u0117 prijungti Wi-Fi, kad valdyti nuotoliniu b\u016bdu. J\u012f lengva paleisti ir patogu naudoti per program\u0117l\u0119 i\u0161maniuoju telefonu.<br \/>\nSaugus ir patvarus. Standartin\u0117s MC4 jungtys. Q at night funkcija.<\/p>\n<p>Inverteris yra atsparus \u012fvairioms aplinkos s\u0105lygoms, turintis IP66 apsaugos klas\u0119 ir C5 antikorozin\u012f reiting\u0105, tod\u0117l jis yra tinkamas naudoti at\u0161iauriomis s\u0105lygomis. Inverteris taip pat apr\u016bpintas integruotomis DC ir AC vir\u0161\u012ftampi\u0173 apsaugos priemon\u0117mis (SPD II tipo).<\/p>\n<p>&nbsp;<\/p>\n","protected":false},"featured_media":4180,"comment_status":"closed","ping_status":"closed","template":"","meta":{"_acf_changed":false,"om_disable_all_campaigns":false,"_uf_show_specific_survey":0,"_uf_disable_surveys":false},"pwb-brand":[182],"gamintojas":[98],"product_brand":[],"product_cat":[97],"product_tag":[],"class_list":{"0":"post-4359","1":"product","2":"type-product","3":"status-publish","4":"has-post-thumbnail","6":"pwb-brand-sungrow","7":"gamintojas-sungrow","8":"product_cat-sroves-keitikliai-inverters","9":"product_shipping_class-b-pristatymo-klase","10":"pa_galia-33-kw","11":"pa_tipas-tinklo-inverteriai","13":"first","14":"instock","15":"sale","16":"taxable","17":"shipping-taxable","18":"purchasable","19":"product-type-simple"},"acf":[],"aioseo_notices":[],"brands":[{"id":182,"name":"Sungrow","slug":"sungrow"}],"_links":{"self":[{"href":"https:\/\/solaroutlet.lt\/en\/wp-json\/wp\/v2\/product\/4359","targetHints":{"allow":["GET"]}}],"collection":[{"href":"https:\/\/solaroutlet.lt\/en\/wp-json\/wp\/v2\/product"}],"about":[{"href":"https:\/\/solaroutlet.lt\/en\/wp-json\/wp\/v2\/types\/product"}],"replies":[{"embeddable":true,"href":"https:\/\/solaroutlet.lt\/en\/wp-json\/wp\/v2\/comments?post=4359"}],"wp:featuredmedia":[{"embeddable":true,"href":"https:\/\/solaroutlet.lt\/en\/wp-json\/wp\/v2\/media\/4180"}],"wp:attachment":[{"href":"https:\/\/solaroutlet.lt\/en\/wp-json\/wp\/v2\/media?parent=4359"}],"wp:term":[{"taxonomy":"pwb-brand","embeddable":true,"href":"https:\/\/solaroutlet.lt\/en\/wp-json\/wp\/v2\/pwb-brand?post=4359"},{"taxonomy":"gamintojas","embeddable":true,"href":"https:\/\/solaroutlet.lt\/en\/wp-json\/wp\/v2\/gamintojas?post=4359"},{"taxonomy":"product_brand","embeddable":true,"href":"https:\/\/solaroutlet.lt\/en\/wp-json\/wp\/v2\/product_brand?post=4359"},{"taxonomy":"product_cat","embeddable":true,"href":"https:\/\/solaroutlet.lt\/en\/wp-json\/wp\/v2\/product_cat?post=4359"},{"taxonomy":"product_tag","embeddable":true,"href":"https:\/\/solaroutlet.lt\/en\/wp-json\/wp\/v2\/product_tag?post=4359"}],"curies":[{"name":"wp","href":"https:\/\/api.w.org\/{rel}","templated":true}]}}