{"id":4410,"date":"2024-03-14T10:30:36","date_gmt":"2024-03-14T10:30:36","guid":{"rendered":"https:\/\/solaroutlet.lt\/produktas\/huawei-ddsu666-h-1-phase-smart-power-sensor\/"},"modified":"2025-12-10T11:00:49","modified_gmt":"2025-12-10T08:00:49","slug":"huawei-ddsu666-h-1-phase-smart-power-sensor","status":"publish","type":"product","link":"https:\/\/solaroutlet.lt\/en\/produktas\/huawei-ddsu666-h-1-phase-smart-power-sensor\/","title":{"rendered":"Huawei DDSU666-H (1 phase) Smart Power Sensor"},"content":{"rendered":"<p>Huawei DDSU666-H (1 phase) Smart Power Sensor<\/p>\n<p><strong>TECHNINIAI DUOMENYS ATSISIUNTIMUI:<\/strong><\/p>\n<p><strong>\u27a1\ufe0f<a href=\"http:\/\/solaroutlet.lt\/wp-content\/uploads\/2024\/03\/original-1.pdf\" target=\"_blank\" rel=\"noopener\">Techniniai duomenys \u010dia<\/a><\/strong><\/p>\n","protected":false},"excerpt":{"rendered":"<p>\u201eHuawei Smart Power Sensor\u201c atid\u017eiai stebi kiekvien\u0105 vat\u0105, leisdamas keitiklio sistemai reguliuoti PV energijos tiekim\u0105 pagal poreik\u012f. Kai j\u016bs\u0173 namuose \u012frengta energijos kaupimo sistema, i\u0161manusis energijos jutiklis optimizuoja \u012fkrovim\u0105 ir i\u0161krovim\u0105, kad b\u016bt\u0173 kontroliuojamos tiek j\u016bs\u0173 elektros energijos s\u0105skaitos, tiek \u017ealiosios energijos pajamos, taip padidinant energijos vartojimo efektyvum\u0105.<\/p>\n<p>Su LCD ekranu i\u0161manusis energijos jutiklis ai\u0161kiau rodo informacij\u0105. Galite lengvai patikrinti PV modulio gali\u0105 ir valdyti nustatymus.<\/p>\n<p>Nesvarbu, ar tiekiate energij\u0105 namams, ar \u012fmonei, i\u0161manusis energijos jutiklis gali lengvai steb\u0117ti saul\u0117s energij\u0105 ir sunaudoti itin ma\u017eai energijos. Bet kuriuo metu be joki\u0173 nesklandum\u0173 galite steb\u0117ti energijos gamyb\u0105 ir naudojim\u0105.<\/p>\n","protected":false},"featured_media":4411,"comment_status":"closed","ping_status":"closed","template":"","meta":{"_acf_changed":false,"om_disable_all_campaigns":false,"_uf_show_specific_survey":0,"_uf_disable_surveys":false},"pwb-brand":[201],"gamintojas":[96],"product_brand":[],"product_cat":[122],"product_tag":[],"class_list":{"0":"post-4410","1":"product","2":"type-product","3":"status-publish","4":"has-post-thumbnail","6":"pwb-brand-huawei","7":"gamintojas-huawei","8":"product_cat-saules-elektriniu-priedai","10":"first","11":"outofstock","12":"taxable","13":"shipping-taxable","14":"purchasable","15":"product-type-simple"},"acf":[],"aioseo_notices":[],"brands":[{"id":201,"name":"Huawei","slug":"huawei"}],"_links":{"self":[{"href":"https:\/\/solaroutlet.lt\/en\/wp-json\/wp\/v2\/product\/4410","targetHints":{"allow":["GET"]}}],"collection":[{"href":"https:\/\/solaroutlet.lt\/en\/wp-json\/wp\/v2\/product"}],"about":[{"href":"https:\/\/solaroutlet.lt\/en\/wp-json\/wp\/v2\/types\/product"}],"replies":[{"embeddable":true,"href":"https:\/\/solaroutlet.lt\/en\/wp-json\/wp\/v2\/comments?post=4410"}],"wp:featuredmedia":[{"embeddable":true,"href":"https:\/\/solaroutlet.lt\/en\/wp-json\/wp\/v2\/media\/4411"}],"wp:attachment":[{"href":"https:\/\/solaroutlet.lt\/en\/wp-json\/wp\/v2\/media?parent=4410"}],"wp:term":[{"taxonomy":"pwb-brand","embeddable":true,"href":"https:\/\/solaroutlet.lt\/en\/wp-json\/wp\/v2\/pwb-brand?post=4410"},{"taxonomy":"gamintojas","embeddable":true,"href":"https:\/\/solaroutlet.lt\/en\/wp-json\/wp\/v2\/gamintojas?post=4410"},{"taxonomy":"product_brand","embeddable":true,"href":"https:\/\/solaroutlet.lt\/en\/wp-json\/wp\/v2\/product_brand?post=4410"},{"taxonomy":"product_cat","embeddable":true,"href":"https:\/\/solaroutlet.lt\/en\/wp-json\/wp\/v2\/product_cat?post=4410"},{"taxonomy":"product_tag","embeddable":true,"href":"https:\/\/solaroutlet.lt\/en\/wp-json\/wp\/v2\/product_tag?post=4410"}],"curies":[{"name":"wp","href":"https:\/\/api.w.org\/{rel}","templated":true}]}}