{"id":4420,"date":"2024-03-14T10:32:05","date_gmt":"2024-03-14T10:32:05","guid":{"rendered":"https:\/\/solaroutlet.lt\/produktas\/huawei-smart-logger-3000a-huawei\/"},"modified":"2025-08-26T10:55:55","modified_gmt":"2025-08-26T07:55:55","slug":"huawei-smart-logger-3000a-huawei","status":"publish","type":"product","link":"https:\/\/solaroutlet.lt\/en\/produktas\/huawei-smart-logger-3000a-huawei\/","title":{"rendered":"Huawei Smart Logger 3000A Huawei"},"content":{"rendered":"<p>Huawei Smart Logger 3000A<\/p>\n<p>Didelis duomen\u0173 saugojimo talpumas leid\u017eia i\u0161saugoti didel\u012f kiek\u012f duomen\u0173 be j\u0173 praradimo. Intuityvus ir lengvai naudojamas s\u0105sajos dizainas padeda greitai ir patogiai valdyti prietais\u0105. Galingas procesorius ir didelis operatyviosios atminties kiekis u\u017etikrina skland\u0173 ir efektyv\u0173 prietaiso veikim\u0105.<\/p>\n<p><strong>TECHNINIAI DUOMENYS ATSISIUNTIMUI:<\/strong><\/p>\n<ul>\n<li><strong><a href=\"http:\/\/solaroutlet.lt\/wp-content\/uploads\/2025\/04\/SmartLogger3000A.pdf\">Techniniai duomenys \u010dia<\/a><\/strong><\/li>\n<\/ul>\n","protected":false},"excerpt":{"rendered":"<p>\u201eHuawei SmartLogger 3000A\u201c yra duomen\u0173 kaupiklis, skirtas didel\u0117s galios \u201eHuawei\u201c KTL \u0161eimos keitikliams. \u0160i keitikli\u0173 serija nuo 30 kW modeli\u0173 neturi vidinio \u017einiatinklio serverio, tod\u0117l \u0161is priedas yra b\u016btinas, kad b\u016bt\u0173 galima perduoti keitiklio \u012fra\u0161ytus duomenis gamintojo portalui, taip pat atlikti \u012fvairias konfig\u016bracijas, pvz., lygiagret\u0173 jungim\u0105 ir i\u0161krovim\u0105. \u201eHuawei SmartLogger 3000A\u201c turi \u017einiatinklio server\u012f, prie kurio galime prisijungti, kad atliktume konfig\u016bracij\u0105, ir prie jo turi b\u016bti prijungtas su keitikliu suderinamas vatmetras, kad jis gal\u0117t\u0173 registruoti srov\u0117s suvartojimo rodmenis elektros instaliacijoje, kurioje jis sumontuotas. \u201eHuawei\u201c keitikliams nuo 30 kW modeli\u0173 reikalingas \u0161is duomen\u0173 kaupiklio modelis, nes keitiklyje n\u0117ra \u0161ios funkcijos. D\u0117l \u201eHuawei SmartLogger 3000A\u201c taip pat galime suprojektuoti \u012frengin\u012f su lygiagre\u010diais keitikliais, nes \u201eSmartLogger\u201c palaiko iki 80 \u012frengini\u0173 steb\u0117jim\u0105. \u0160io \u201eHuawei SmartLogger 3000A\u201c paskirtis \u2013 si\u0173sti keitiklio u\u017efiksuot\u0105 informacij\u0105 \u012f gamintojo portal\u0105, kad b\u016bt\u0173 galima steb\u0117ti saul\u0117s energijos sistem\u0105.<\/p>\n","protected":false},"featured_media":4421,"comment_status":"closed","ping_status":"closed","template":"","meta":{"_acf_changed":false,"om_disable_all_campaigns":false,"_uf_show_specific_survey":0,"_uf_disable_surveys":false},"pwb-brand":[201],"gamintojas":[96],"product_brand":[],"product_cat":[122],"product_tag":[],"class_list":{"0":"post-4420","1":"product","2":"type-product","3":"status-publish","4":"has-post-thumbnail","6":"pwb-brand-huawei","7":"gamintojas-huawei","8":"product_cat-saules-elektriniu-priedai","9":"product_shipping_class-a-pristatymo-klase","11":"first","12":"outofstock","13":"taxable","14":"shipping-taxable","15":"purchasable","16":"product-type-simple"},"acf":[],"aioseo_notices":[],"brands":[{"id":201,"name":"Huawei","slug":"huawei"}],"_links":{"self":[{"href":"https:\/\/solaroutlet.lt\/en\/wp-json\/wp\/v2\/product\/4420","targetHints":{"allow":["GET"]}}],"collection":[{"href":"https:\/\/solaroutlet.lt\/en\/wp-json\/wp\/v2\/product"}],"about":[{"href":"https:\/\/solaroutlet.lt\/en\/wp-json\/wp\/v2\/types\/product"}],"replies":[{"embeddable":true,"href":"https:\/\/solaroutlet.lt\/en\/wp-json\/wp\/v2\/comments?post=4420"}],"wp:featuredmedia":[{"embeddable":true,"href":"https:\/\/solaroutlet.lt\/en\/wp-json\/wp\/v2\/media\/4421"}],"wp:attachment":[{"href":"https:\/\/solaroutlet.lt\/en\/wp-json\/wp\/v2\/media?parent=4420"}],"wp:term":[{"taxonomy":"pwb-brand","embeddable":true,"href":"https:\/\/solaroutlet.lt\/en\/wp-json\/wp\/v2\/pwb-brand?post=4420"},{"taxonomy":"gamintojas","embeddable":true,"href":"https:\/\/solaroutlet.lt\/en\/wp-json\/wp\/v2\/gamintojas?post=4420"},{"taxonomy":"product_brand","embeddable":true,"href":"https:\/\/solaroutlet.lt\/en\/wp-json\/wp\/v2\/product_brand?post=4420"},{"taxonomy":"product_cat","embeddable":true,"href":"https:\/\/solaroutlet.lt\/en\/wp-json\/wp\/v2\/product_cat?post=4420"},{"taxonomy":"product_tag","embeddable":true,"href":"https:\/\/solaroutlet.lt\/en\/wp-json\/wp\/v2\/product_tag?post=4420"}],"curies":[{"name":"wp","href":"https:\/\/api.w.org\/{rel}","templated":true}]}}